{"id":5416,"date":"2024-06-24T18:25:45","date_gmt":"2024-06-24T16:25:45","guid":{"rendered":"http:\/\/upominkiok.pl\/?page_id=5416"},"modified":"2024-11-29T10:49:44","modified_gmt":"2024-11-29T09:49:44","slug":"koszty-dostawy","status":"publish","type":"page","link":"http:\/\/upominkiok.pl\/?page_id=5416","title":{"rendered":"Koszty dostawy"},"content":{"rendered":"\n<p>W zale\u017cno\u015bci od ilo\u015bci i wagi zamawianych przez Ciebie produkt\u00f3w, wybranej formy p\u0142atno\u015bci i w\u0142asnych preferencji, mo\u017cesz wybra\u0107 jedn\u0105 z form dostawy:<\/p>\n\n\n\n<ul class=\"wp-block-list\">\n<li><strong>Najszybciej i najbezpieczniej:<br><\/strong>Firma kurierska\u00a0&#8211; dostawa jest realizowana przez profesjonaln\u0105 firm\u0119 kuriersk\u0105 DPD. Wybranie kuriera oznacza wygod\u0119 i pewno\u015b\u0107, \u017ce Twoje zam\u00f3wienie dotrze na czas za niewyg\u00f3rowan\u0105 cen\u0119. Dodatkowo, na Tw\u00f3j adres email otrzymasz link do strony, na kt\u00f3rej na bie\u017c\u0105co b\u0119dziesz m\u00f3g\u0142 sprawdza\u0107, gdzie znajduje si\u0119 Twoja przesy\u0142ka.<\/li>\n\n\n\n<li><strong>Naj\u0142atwiej:<br><\/strong>Paczkomaty InPost to szybka i wygodna opcja dostawy. Twoje zam\u00f3wienie dostarczane jest bezpo\u015brednio do wybranego paczkomatu, sk\u0105d mo\u017cesz je odebra\u0107 o dowolnej porze dnia i nocy.<\/li>\n\n\n\n<li><strong>Najtaniej:<br><\/strong>Odbi\u00f3r osobisty \u00adto najta\u0144szy spos\u00f3b odbioru zam\u00f3wionych towar\u00f3w &#8211; zapraszamy do siedziby firmy pod adres:&nbsp;<strong>ul. Junikowska 36\/1,&nbsp; 60-163 Pozna\u0144<\/strong>.&nbsp;Godziny pracy punktu znajdziesz w zak\u0142adce Kontakt.&nbsp;Przy odbiorze osobistym nie ponosisz dodatkowych koszt\u00f3w.<\/li>\n<\/ul>\n\n\n\n<h3 class=\"wp-block-heading\">Koszt dostawy<\/h3>\n\n\n\n<p>Ca\u0142kowity koszt dostawy zam\u00f3wienia poznasz po dodaniu produkt\u00f3w do koszyka i wybraniu interesuj\u0105cej Ciebie formy dostawy i metody p\u0142atno\u015bci &#8211; w podsumowaniu zobaczysz dok\u0142adn\u0105 warto\u015b\u0107 do zap\u0142aty.&nbsp;Poni\u017cej znajdziesz list\u0119 standardowych koszt\u00f3w dostawy, wraz z szacunkowym czasem dostarczenia zam\u00f3wienia:<\/p>\n\n\n\n<figure class=\"wp-block-table\"><table><thead><tr><th>Spos\u00f3b dostawy<\/th><th>Przedp\u0142ata<br>(przelew lub&nbsp;p\u0142atno\u015b\u0107 online)<\/th><th>Czas dostarczenia<\/th><\/tr><\/thead><tbody><tr><td><strong>Firma kurierska<\/strong><\/td><td>&nbsp;20 z\u0142<\/td><td>1-2 dni robocze<\/td><\/tr><tr><td><strong>Paczkomat Inpost<\/strong><\/td><td>&nbsp;12 z\u0142<\/td><td>1-2 dni robocze<\/td><\/tr><tr><td><strong>Odbi\u00f3r osobisty<\/strong><\/td><td>bezp\u0142atnie<\/td><td>&#8211;<\/td><\/tr><\/tbody><\/table><\/figure>\n\n\n\n<p><strong>Uwaga:&nbsp;<\/strong>koszt dostawy mo\u017ce ulec zwi\u0119kszeniu w przypadku produkt\u00f3w o niestandardowych gabarytach i\/lub wi\u0119kszej wadze.<\/p>\n","protected":false},"excerpt":{"rendered":"<p>W zale\u017cno\u015bci od ilo\u015bci i wagi zamawianych przez Ciebie produkt\u00f3w, wybranej formy&#8230;<\/p>\n","protected":false},"author":1,"featured_media":0,"parent":0,"menu_order":0,"comment_status":"closed","ping_status":"closed","template":"","meta":{"footnotes":""},"class_list":["post-5416","page","type-page","status-publish","hentry"],"_links":{"self":[{"href":"http:\/\/upominkiok.pl\/index.php?rest_route=\/wp\/v2\/pages\/5416","targetHints":{"allow":["GET"]}}],"collection":[{"href":"http:\/\/upominkiok.pl\/index.php?rest_route=\/wp\/v2\/pages"}],"about":[{"href":"http:\/\/upominkiok.pl\/index.php?rest_route=\/wp\/v2\/types\/page"}],"author":[{"embeddable":true,"href":"http:\/\/upominkiok.pl\/index.php?rest_route=\/wp\/v2\/users\/1"}],"replies":[{"embeddable":true,"href":"http:\/\/upominkiok.pl\/index.php?rest_route=%2Fwp%2Fv2%2Fcomments&post=5416"}],"version-history":[{"count":3,"href":"http:\/\/upominkiok.pl\/index.php?rest_route=\/wp\/v2\/pages\/5416\/revisions"}],"predecessor-version":[{"id":7193,"href":"http:\/\/upominkiok.pl\/index.php?rest_route=\/wp\/v2\/pages\/5416\/revisions\/7193"}],"wp:attachment":[{"href":"http:\/\/upominkiok.pl\/index.php?rest_route=%2Fwp%2Fv2%2Fmedia&parent=5416"}],"curies":[{"name":"wp","href":"https:\/\/api.w.org\/{rel}","templated":true}]}}