{"id":5421,"date":"2024-06-24T18:27:20","date_gmt":"2024-06-24T16:27:20","guid":{"rendered":"http:\/\/upominkiok.pl\/?page_id=5421"},"modified":"2024-06-24T18:27:21","modified_gmt":"2024-06-24T16:27:21","slug":"formy-platnosci","status":"publish","type":"page","link":"http:\/\/upominkiok.pl\/?page_id=5421","title":{"rendered":"Formy p\u0142atno\u015bci"},"content":{"rendered":"\n<p>W zale\u017cno\u015bci od warto\u015bci zam\u00f3wienia, wybranej formy dostawy i w\u0142asnych preferencji, mo\u017cesz wybra\u0107 jeden z nast\u0119puj\u0105cych sposob\u00f3w p\u0142atno\u015bci:<\/p>\n\n\n\n<ul class=\"wp-block-list\">\n<li><strong>Przelew<\/strong>\u00a0&#8211; wp\u0142aty nale\u017cy dokona\u0107 na wskazany numer rachunku bankowego, kt\u00f3ry przeka\u017cemy Ci w wiadomo\u015bci email potwierdzaj\u0105cej przyj\u0119cie zam\u00f3wienia. Przelew mo\u017cesz zrealizowa\u0107 przez Internet, na poczcie lub w banku. Po zaksi\u0119gowaniu wp\u0142aty na naszym koncie, rozpoczniemy realizacj\u0119 zam\u00f3wienia.<\/li>\n\n\n\n<li><strong>Wkr\u00f3tce dodamy mo\u017cliwo\u015b\u0107 p\u0142atno\u015bci elektronicznych<\/strong>.<\/li>\n\n\n\n<li><strong>P\u0142atno\u015b\u0107 elektroniczna<\/strong>\u00a0&#8211; najbardziej wygodny i bezpieczny spos\u00f3b dokonania wp\u0142aty za po\u015brednictwem Internetu. W naszym sklepie wykorzystujemy system p\u0142atno\u015bci eCard, do kt\u00f3rego zostaniesz przekierowany w celu dokonania p\u0142atno\u015bci. Ca\u0142y proces odbywa si\u0119 szybko i bezpiecznie \u2013 wybierasz sw\u00f3j bank i dokonujesz op\u0142aty.<\/li>\n<\/ul>\n\n\n\n<p>System eCard obs\u0142uguje bezpieczne transakcje:<\/p>\n\n\n\n<ul class=\"wp-block-list\">\n<li><strong>karta p\u0142atnicza<\/strong>\u00a0&#8211; Visa, Visa Electron, MasterCard, MasterCard Electronic, Maestro,<\/li>\n\n\n\n<li><strong>ePrzelewy<\/strong>\u00a0&#8211; lista obs\u0142ugiwanych obecnie bank\u00f3w dost\u0119pna po wyborze tej formy p\u0142atno\u015bci na etapie zam\u00f3wienia,<\/li>\n\n\n\n<li><strong>inne<\/strong>\u00a0&#8211; P\u0142ac\u0119 got\u00f3wk\u0105 z Unikas\u0105, Wydrukuj i Zap\u0142a\u0107.<\/li>\n<\/ul>\n","protected":false},"excerpt":{"rendered":"<p>W zale\u017cno\u015bci od warto\u015bci zam\u00f3wienia, wybranej formy dostawy i w\u0142asnych preferencji, mo\u017cesz&#8230;<\/p>\n","protected":false},"author":1,"featured_media":0,"parent":0,"menu_order":0,"comment_status":"closed","ping_status":"closed","template":"","meta":{"footnotes":""},"class_list":["post-5421","page","type-page","status-publish","hentry"],"_links":{"self":[{"href":"http:\/\/upominkiok.pl\/index.php?rest_route=\/wp\/v2\/pages\/5421","targetHints":{"allow":["GET"]}}],"collection":[{"href":"http:\/\/upominkiok.pl\/index.php?rest_route=\/wp\/v2\/pages"}],"about":[{"href":"http:\/\/upominkiok.pl\/index.php?rest_route=\/wp\/v2\/types\/page"}],"author":[{"embeddable":true,"href":"http:\/\/upominkiok.pl\/index.php?rest_route=\/wp\/v2\/users\/1"}],"replies":[{"embeddable":true,"href":"http:\/\/upominkiok.pl\/index.php?rest_route=%2Fwp%2Fv2%2Fcomments&post=5421"}],"version-history":[{"count":1,"href":"http:\/\/upominkiok.pl\/index.php?rest_route=\/wp\/v2\/pages\/5421\/revisions"}],"predecessor-version":[{"id":5422,"href":"http:\/\/upominkiok.pl\/index.php?rest_route=\/wp\/v2\/pages\/5421\/revisions\/5422"}],"wp:attachment":[{"href":"http:\/\/upominkiok.pl\/index.php?rest_route=%2Fwp%2Fv2%2Fmedia&parent=5421"}],"curies":[{"name":"wp","href":"https:\/\/api.w.org\/{rel}","templated":true}]}}