{"id":5426,"date":"2024-06-24T18:29:14","date_gmt":"2024-06-24T16:29:14","guid":{"rendered":"http:\/\/upominkiok.pl\/?page_id=5426"},"modified":"2024-11-29T10:45:07","modified_gmt":"2024-11-29T09:45:07","slug":"czas-realizacji-zamowienia","status":"publish","type":"page","link":"http:\/\/upominkiok.pl\/?page_id=5426","title":{"rendered":"Czas realizacji zam\u00f3wienia"},"content":{"rendered":"\n<p>Natychmiast po z\u0142o\u017ceniu przez Ciebie zam\u00f3wienia otrzymasz e-mail z potwierdzeniem z\u0142o\u017conego zam\u00f3wienia i linkiem, w kt\u00f3ry nale\u017cy klikn\u0105\u0107. Po otrzymaniu potwierdzenia zam\u00f3wienia przyjmujemy je do realizacji, a Ty b\u0119dziesz na bie\u017c\u0105co informowany o post\u0119pie naszych prac. Po przyj\u0119ciu zam\u00f3wienia do realizacji wysy\u0142amy plik z wizualizacj\u0105 graweru lub znakowania. Po otrzymaniu akceptacji przes\u0142anego pliku, przechodzimy do wykonania graweru lub zam\u00f3wionych detali i wys\u0142ania&nbsp; zam\u00f3wienia.<\/p>\n\n\n\n<h3 class=\"wp-block-heading\"><strong>Termin otrzymania paczki = termin wysy\u0142ki + czas dostawy<\/strong><\/h3>\n\n\n\n<p>Termin wysy\u0142ki wynika z&nbsp;<strong>dost\u0119pno\u015bci produkt\u00f3w<\/strong>&nbsp;i wybranej&nbsp;<strong>formy p\u0142atno\u015bci<\/strong>, podczas gdy czas dostawy zale\u017cy od wybranej przez Ciebie&nbsp;<strong>formy dostawy<\/strong>.<\/p>\n\n\n\n<h3 class=\"wp-block-heading\">Dost\u0119pno\u015b\u0107 produkt\u00f3w<\/h3>\n\n\n\n<p>Przy ka\u017cdym produkcie jest podany termin, kt\u00f3ry opisuje, kiedy produkty mog\u0105 zosta\u0107 przez nas wys\u0142ane &#8211; od 24 godzin do kilku, czasami nawet kilkunastu dni (w przypadku produkt\u00f3w trudno dost\u0119pnych).&nbsp;Dok\u0142adamy wszelkich stara\u0144, aby oferta prezentowana na stronie odpowiada\u0142a realnym stanom magazynowym, mo\u017ce si\u0119 jednak zdarzy\u0107, \u017ce faktyczny czas dostawy si\u0119 przed\u0142u\u017cy &#8211; poinformujemy o tym niezw\u0142ocznie.<\/p>\n\n\n\n<p>Je\u017celi zamawiasz wi\u0119ksz\u0105 liczb\u0119 produkt\u00f3w, czas wysy\u0142ki ca\u0142ego zam\u00f3wienia jest dopasowany do produktu o najd\u0142u\u017cszym czasie wysy\u0142ki.&nbsp;Mo\u017cna zrealizowa\u0107 zam\u00f3wienie etapami &#8211; w tym celu skontaktuj si\u0119 z nami lub wpisz odpowiedni\u0105 adnotacj\u0119 w uwagach do zam\u00f3wienia.<\/p>\n\n\n\n<h3 class=\"wp-block-heading\">Forma p\u0142atno\u015bci<\/h3>\n\n\n\n<p>P\u0142atno\u015b\u0107 elektroniczna &#8211; najbardziej wygodny i bardzo szybki spos\u00f3b realizacji zam\u00f3wienia. W godzinach roboczych \u015brodki na nasze konto&nbsp;zostan\u0105 przelane zazwyczaj natychmiastowo. P\u0142atno\u015b\u0107 elektroniczn\u0105 uruchomimy w nied\u0142ugim czasie.<\/p>\n\n\n\n<p>P\u0142atno\u015b\u0107 przelewem &#8211; czas realizacji zam\u00f3wienia jest uzale\u017cniony od momentu zaksi\u0119gowania wp\u0142aty. W zale\u017cno\u015bci od banku standardowo trwa to do dw\u00f3ch dni roboczych.<\/p>\n\n\n\n<p>P\u0142atno\u015b\u0107 przy odbiorze &#8211; ze wzgl\u0119du na ka\u017cdorazowe wykonanie produkt\u00f3w na specjalne zam\u00f3wienie nie wysy\u0142amy towaru za pobraniem.<\/p>\n\n\n\n<p><strong>\u00bb&nbsp;<a href=\"http:\/\/upominkiok.pl\/?page_id=5421\">formy p\u0142atno\u015bci<\/a>&nbsp;<\/strong><\/p>\n\n\n\n<h3 class=\"wp-block-heading\">Forma dostawy<\/h3>\n\n\n\n<p>Firma kurierska umo\u017cliwia dostarczenie zam\u00f3wienia zazwyczaj w 1-2 dni robocze od nadania.<\/p>\n\n\n\n<p>Paczkomaty InPost zazwyczaj dostarczaj\u0105 przesy\u0142ki w ci\u0105gu deklarowanych 1-2 dni roboczych.<\/p>\n\n\n\n<p><strong>\u00bb&nbsp;<a href=\"http:\/\/upominkiok.pl\/?page_id=5416\">koszt dostawy<\/a><\/strong><\/p>\n","protected":false},"excerpt":{"rendered":"<p>Natychmiast po z\u0142o\u017ceniu przez Ciebie zam\u00f3wienia otrzymasz e-mail z potwierdzeniem z\u0142o\u017conego zam\u00f3wienia&#8230;<\/p>\n","protected":false},"author":1,"featured_media":0,"parent":0,"menu_order":0,"comment_status":"closed","ping_status":"closed","template":"","meta":{"footnotes":""},"class_list":["post-5426","page","type-page","status-publish","hentry"],"_links":{"self":[{"href":"http:\/\/upominkiok.pl\/index.php?rest_route=\/wp\/v2\/pages\/5426","targetHints":{"allow":["GET"]}}],"collection":[{"href":"http:\/\/upominkiok.pl\/index.php?rest_route=\/wp\/v2\/pages"}],"about":[{"href":"http:\/\/upominkiok.pl\/index.php?rest_route=\/wp\/v2\/types\/page"}],"author":[{"embeddable":true,"href":"http:\/\/upominkiok.pl\/index.php?rest_route=\/wp\/v2\/users\/1"}],"replies":[{"embeddable":true,"href":"http:\/\/upominkiok.pl\/index.php?rest_route=%2Fwp%2Fv2%2Fcomments&post=5426"}],"version-history":[{"count":3,"href":"http:\/\/upominkiok.pl\/index.php?rest_route=\/wp\/v2\/pages\/5426\/revisions"}],"predecessor-version":[{"id":7188,"href":"http:\/\/upominkiok.pl\/index.php?rest_route=\/wp\/v2\/pages\/5426\/revisions\/7188"}],"wp:attachment":[{"href":"http:\/\/upominkiok.pl\/index.php?rest_route=%2Fwp%2Fv2%2Fmedia&parent=5426"}],"curies":[{"name":"wp","href":"https:\/\/api.w.org\/{rel}","templated":true}]}}