{"id":7149,"date":"2024-10-18T14:41:26","date_gmt":"2024-10-18T12:41:26","guid":{"rendered":"http:\/\/upominkiok.pl\/?page_id=7149"},"modified":"2024-11-29T10:48:36","modified_gmt":"2024-11-29T09:48:36","slug":"polityka-prywatnosci-sklepu","status":"publish","type":"page","link":"http:\/\/upominkiok.pl\/?page_id=7149","title":{"rendered":"Polityka prywatno\u015bci sklepu"},"content":{"rendered":"\n<p>Administratorem danych osobowych (w rozumieniu ROZPORZ\u0104DZENIA PARLAMENTU EUROPEJSKIEGO I RADY (UE) 2016\/679 z dnia 27 kwietnia 2016 r. w sprawie ochrony os\u00f3b fizycznych w zwi\u0105zku z przetwarzaniem danych osobowych i w sprawie swobodnego przep\u0142ywu takich danych oraz uchylenia dyrektywy 95\/46\/WE (og\u00f3lne rozporz\u0105dzenie o ochronie danych) \u2013 zwane dalej RODO ) w odniesieniu do danych osobowych&nbsp;Klient\u00f3w jest:<\/p>\n\n\n\n<p>AKF Studio Agnieszka Filipiak<\/p>\n\n\n\n<p>Adres: ul.\u00a0Junikowska 36\/2,\u00a0 60-163 Pozna\u0144<\/p>\n\n\n\n<p>e-mail:&nbsp;sklep@upominkiok.pl<\/p>\n\n\n\n<p>NIP: 7791169258<\/p>\n\n\n\n<p>Podanie danych osobowych, a tak\u017ce zgoda na ich przetwarzanie s\u0105 ca\u0142kowicie dobrowolne. Wszelkie przekazane nam dane osobowe s\u0105 przetwarzane wy\u0142\u0105cznie w zakresie i celu, na jaki Klient wyrazi\u0142 zgod\u0119. W przypadku, gdy Klient nie poda niezb\u0119dnych do realizacji zam\u00f3wienia danych i nie wyrazi zgody na ich przetwarzanie, zrealizowanie zam\u00f3wienia mo\u017ce by\u0107 niemo\u017cliwe.<\/p>\n\n\n\n<p>Administrator zapewnia bezpiecze\u0144stwo przekazanych danych oraz realizacj\u0119 uprawnie\u0144 U\u017cytkownik\u00f3w, wynikaj\u0105cych z rozporz\u0105dzenia RODO. U\u017cytkownik ma prawo dost\u0119pu do tre\u015bci swoich danych osobowych oraz ich sprostowania lub \u017c\u0105dania ich ca\u0142kowitego usuni\u0119cia (o ile nie jest to sprzeczne z przepisami prawa) lub ograniczenia prawa przetwarzania swoich danych osobowych. Administrator mo\u017ce odm\u00f3wi\u0107 usuni\u0119cia danych U\u017cytkownika wy\u0142\u0105cznie w przypadkach wskazanych przez obowi\u0105zuj\u0105ce przepisy, w szczeg\u00f3lno\u015bci je\u017celi U\u017cytkownik nie uregulowa\u0142 wszystkich nale\u017cno\u015bci wobec Administratora.<\/p>\n\n\n\n<p>Dane osobowe U\u017cytkownik\u00f3w, przetwarzane s\u0105 w celu zawarcia, zmiany lub rozwi\u0105zania umowy kupna-sprzeda\u017cy pomi\u0119dzy Us\u0142ugodawc\u0105 (administratorem sklepu solidnygrawer) i Klientem oraz zrealizowania Umowy sprzeda\u017cy.<\/p>\n\n\n\n<p>U\u017cytkownik mo\u017ce otrzymywa\u0107 informacje marketingowe i handlowe (w formie &#8222;newsletter&#8221;), je\u015bli wyrazi na to zgod\u0119. U\u017cytkownik mo\u017ce w ka\u017cdej chwili zrezygnowa\u0107 z otrzymywania informacji handlowych.<\/p>\n\n\n\n<p>Zapewniamy, \u017ce nasza firma przestrzega polityki bezpiecze\u0144stwa danych osobowych. Dane osobowe s\u0105 u nas bezpieczne i dok\u0142adamy wszelkich stara\u0144, aby poziom ten systematycznie by\u0142 coraz wy\u017cszy.<\/p>\n\n\n\n<p>Dane osobowe U\u017cytkownik\u00f3w mog\u0105 by\u0107 przekazywane podmiotom trzecim tylko za zgod\u0105 U\u017cytkownika w przypadkach opisanych w REGULAMINIE.<\/p>\n\n\n\n<p>W celu realizacji umowy i dostarczenia zam\u00f3wionych produkt\u00f3w oraz przes\u0142ania korespondencji do klienta dane mog\u0105 by\u0107 przekazane wybranej firmie kurierskiej.<\/p>\n\n\n\n<p>Dla zrealizowania umowy, wystawienia dokumentu sprzeda\u017cy i dostarczenia produkt\u00f3w konieczne jest podanie nast\u0119puj\u0105cych danych osobowych Klienta: nazwisko i imi\u0119; adres do wysy\u0142ki produkt\u00f3w; adres e-mail; numer telefonu, a w przypadku firmy dodatkowo NIP.<\/p>\n\n\n\n<p>Dane osobowe s\u0105 przetwarzane wy\u0142\u0105cznie przez okres niezb\u0119dny do realizacji umowy:<\/p>\n\n\n\n<p>&#8211; dokumenty sprzeda\u017cy &#8211; przez okres wymagany przepisami o ksi\u0119gowo\u015bci,<\/p>\n\n\n\n<p>&#8211; dane adresowe oraz adres e-mail (wykorzystywany do rozsy\u0142ania biuletynu informacyjnego) &#8211; przez okres wa\u017cno\u015bci zgody u\u017cytkownika; zgoda mo\u017ce by\u0107 cofni\u0119ta w ka\u017cdej chwili.<\/p>\n\n\n\n<p>&#8211; po tym okresie podane dane s\u0105 usuwane<\/p>\n\n\n\n<p>Klientowi przys\u0142uguje prawo wniesienia skargi do organu nadzorczego \u2013 Urz\u0119du Ochrony Danych Osobowych (UODO) je\u017celi ma zastrze\u017cenia do przetwarzania jego danych osobowych przez Administratora.<\/p>\n\n\n\n<p>Sklep nie przekazuje, nie sprzedaje ani nie u\u017cycza zgromadzonych danych osobowych Klient\u00f3w osobom trzecim, chyba \u017ce dzieje si\u0119 to za wyra\u017an\u0105 zgod\u0105 lub na \u017cyczenie Klienta albo na \u017c\u0105danie uprawnionych na podstawie prawa organ\u00f3w pa\u0144stwa w zwi\u0105zku z tocz\u0105cymi si\u0119 post\u0119powaniami.<\/p>\n\n\n\n<p>Nasz Sklep pos\u0142uguje si\u0119 r\u00f3wnie\u017c tzw. plikami cookies (ciasteczka). Pliki te s\u0105 zapisywane na komputerze Klienta przez nasz serwer i dostarczaj\u0105 danych statystycznych o aktywno\u015bci Klienta, w celu dobrania naszej oferty do jego indywidualnych potrzeb i gust\u00f3w. Klient w ka\u017cdej chwili mo\u017ce wy\u0142\u0105czy\u0107 w swojej przegl\u0105darce internetowej opcj\u0119 przyjmowania cookies, cho\u0107 musi mie\u0107 \u015bwiadomo\u015b\u0107, \u017ce w niekt\u00f3rych przypadkach od\u0142\u0105czenie tych plik\u00f3w mo\u017ce wp\u0142yn\u0105\u0107 na utrudnienia w korzystaniu z oferty naszego Sklepu. Pliki cookies zapisywane na komputerze Klienta przechowuj\u0105 informacje na temat:<\/p>\n\n\n\n<ul class=\"wp-block-list\">\n<li>sesji U\u017cytkownika,<\/li>\n\n\n\n<li>ostatnio ogl\u0105danych produkt\u00f3w<\/li>\n<\/ul>\n\n\n\n<p>Materia\u0142y reklamowo &#8211; promocyjne wysy\u0142amy Klientom jedynie w\u00f3wczas, gdy wyrazili na to zgod\u0119. Dotyczy to w szczeg\u00f3lno\u015bci newslettera wysy\u0142anego Klientowi, je\u017celi potwierdzi wyra\u017anie wskazanego przez nas linka zawieraj\u0105cego akceptacj\u0119 na otrzymywanie newslettera o aktualnych promocjach,&nbsp; rabatach i nowo\u015bciach w naszym Sklepie. Materia\u0142y te dotycz\u0105&nbsp; wy\u0142\u0105cznie oferty naszego Sklepu.<\/p>\n\n\n\n<p>Wszelkie pytania, wnioski i sugestie odnosz\u0105ce si\u0119 do ochrony Pa\u0144stwa prywatno\u015bci, w szczeg\u00f3lno\u015bci danych osobowych prosimy zg\u0142asza\u0107 na adres&nbsp;mailowy: sklep@upominkiok.pl<\/p>\n","protected":false},"excerpt":{"rendered":"<p>Administratorem danych osobowych (w rozumieniu ROZPORZ\u0104DZENIA PARLAMENTU EUROPEJSKIEGO I RADY (UE) 2016\/679&#8230;<\/p>\n","protected":false},"author":1,"featured_media":0,"parent":0,"menu_order":0,"comment_status":"closed","ping_status":"closed","template":"","meta":{"footnotes":""},"class_list":["post-7149","page","type-page","status-publish","hentry"],"_links":{"self":[{"href":"http:\/\/upominkiok.pl\/index.php?rest_route=\/wp\/v2\/pages\/7149","targetHints":{"allow":["GET"]}}],"collection":[{"href":"http:\/\/upominkiok.pl\/index.php?rest_route=\/wp\/v2\/pages"}],"about":[{"href":"http:\/\/upominkiok.pl\/index.php?rest_route=\/wp\/v2\/types\/page"}],"author":[{"embeddable":true,"href":"http:\/\/upominkiok.pl\/index.php?rest_route=\/wp\/v2\/users\/1"}],"replies":[{"embeddable":true,"href":"http:\/\/upominkiok.pl\/index.php?rest_route=%2Fwp%2Fv2%2Fcomments&post=7149"}],"version-history":[{"count":2,"href":"http:\/\/upominkiok.pl\/index.php?rest_route=\/wp\/v2\/pages\/7149\/revisions"}],"predecessor-version":[{"id":7192,"href":"http:\/\/upominkiok.pl\/index.php?rest_route=\/wp\/v2\/pages\/7149\/revisions\/7192"}],"wp:attachment":[{"href":"http:\/\/upominkiok.pl\/index.php?rest_route=%2Fwp%2Fv2%2Fmedia&parent=7149"}],"curies":[{"name":"wp","href":"https:\/\/api.w.org\/{rel}","templated":true}]}}