{"id":5151,"date":"2023-05-19T06:24:27","date_gmt":"2023-05-19T06:24:27","guid":{"rendered":"https:\/\/xstore.8theme.com\/elementor2\/spices\/cart\/"},"modified":"2024-06-25T19:11:52","modified_gmt":"2024-06-25T17:11:52","slug":"cart-2","status":"publish","type":"page","link":"https:\/\/upominkiok.pl\/?page_id=5151","title":{"rendered":"Koszyk"},"content":{"rendered":"<div class=\"woocommerce\">\n<div class=\"woocommerce-notices-wrapper\"><\/div><div class=\"wc-empty-cart-message\">\n\t<div class=\"cart-empty woocommerce-info\" role=\"status\">\n\t\tTw\u00f3j koszyk aktualnie jest pusty.\t<\/div>\n<\/div>\n<div class=\"cart-empty empty-cart-block wc-empty-cart-message\">\n\t\t\t<h1 style=\"text-align: center\">TW\u00d3J KOSZYK JEST PUSTY<\/h1>\n<p style=\"text-align: center\">Zapraszamy do zapoznania si\u0119 z asortymentem naszego sklepu. Z pewno\u015bci\u0105 znajdziesz co\u015b dla siebie!<\/p>\t\t\t\t<p><a class=\"btn black\" href=\"https:\/\/upominkiok.pl\/?page_id=5150\"><span>Wr\u00f3\u0107 do sklepu<\/span><\/a><\/p>\n\t<\/div><\/div>\n","protected":false},"excerpt":{"rendered":"Tw\u00f3j koszyk aktualnie jest pusty. TW\u00d3J KOSZYK JEST PUSTY Zapraszamy do zapoznania...","protected":false},"author":1,"featured_media":0,"parent":0,"menu_order":0,"comment_status":"closed","ping_status":"closed","template":"","meta":{"footnotes":""},"class_list":["post-5151","page","type-page","status-publish","hentry"],"_links":{"self":[{"href":"https:\/\/upominkiok.pl\/index.php?rest_route=\/wp\/v2\/pages\/5151","targetHints":{"allow":["GET"]}}],"collection":[{"href":"https:\/\/upominkiok.pl\/index.php?rest_route=\/wp\/v2\/pages"}],"about":[{"href":"https:\/\/upominkiok.pl\/index.php?rest_route=\/wp\/v2\/types\/page"}],"author":[{"embeddable":true,"href":"https:\/\/upominkiok.pl\/index.php?rest_route=\/wp\/v2\/users\/1"}],"replies":[{"embeddable":true,"href":"https:\/\/upominkiok.pl\/index.php?rest_route=%2Fwp%2Fv2%2Fcomments&post=5151"}],"version-history":[{"count":2,"href":"https:\/\/upominkiok.pl\/index.php?rest_route=\/wp\/v2\/pages\/5151\/revisions"}],"predecessor-version":[{"id":5619,"href":"https:\/\/upominkiok.pl\/index.php?rest_route=\/wp\/v2\/pages\/5151\/revisions\/5619"}],"wp:attachment":[{"href":"https:\/\/upominkiok.pl\/index.php?rest_route=%2Fwp%2Fv2%2Fmedia&parent=5151"}],"curies":[{"name":"wp","href":"https:\/\/api.w.org\/{rel}","templated":true}]}}