{"id":5648,"date":"2024-09-06T06:23:12","date_gmt":"2024-09-06T04:23:12","guid":{"rendered":"http:\/\/upominkiok.pl\/?post_type=product&#038;p=5648"},"modified":"2024-09-06T07:04:54","modified_gmt":"2024-09-06T05:04:54","slug":"ladowarka-indukcyjna","status":"publish","type":"product","link":"https:\/\/upominkiok.pl\/?product=ladowarka-indukcyjna","title":{"rendered":"\u0141adowarka Indukcyjna Ko\u0142owa"},"content":{"rendered":"\t\t<div data-elementor-type=\"wp-post\" data-elementor-id=\"5648\" class=\"elementor elementor-5648\" data-elementor-post-type=\"product\">\n\t\t\t\t\t\t<section class=\"elementor-section elementor-top-section elementor-element elementor-element-77c9109 elementor-section-content-top elementor-section-boxed elementor-section-height-default elementor-section-height-default\" data-id=\"77c9109\" data-element_type=\"section\">\n\t\t\t\t\t\t<div class=\"elementor-container elementor-column-gap-custom\">\n\t\t\t\t\t<div class=\"elementor-column elementor-col-50 elementor-top-column elementor-element elementor-element-4e6c717\" data-id=\"4e6c717\" data-element_type=\"column\">\n\t\t\t<div class=\"elementor-widget-wrap elementor-element-populated\">\n\t\t\t\t\t\t<div class=\"elementor-element elementor-element-677f358 elementor-widget elementor-widget-heading\" data-id=\"677f358\" data-element_type=\"widget\" data-widget_type=\"heading.default\">\n\t\t\t\t<div class=\"elementor-widget-container\">\n\t\t\t\t\t<h2 class=\"elementor-heading-title elementor-size-default\">\u0141adowarka indukcyjna ko\u0142owa<\/h2>\t\t\t\t<\/div>\n\t\t\t\t<\/div>\n\t\t\t\t<div class=\"elementor-element elementor-element-79687b6 elementor-widget__width-initial elementor-widget elementor-widget-text-editor\" data-id=\"79687b6\" data-element_type=\"widget\" data-widget_type=\"text-editor.default\">\n\t\t\t\t<div class=\"elementor-widget-container\">\n\t\t\t\t\t\t\t\t\t<p>\u0141adowarka indukcyjna to po\u0142\u0105czenie nowoczesnej technologii i naturalnego designu, wykonana w ca\u0142o\u015bci z ekologicznego bambusa. Dzi\u0119ki bezprzewodowej technologii \u0142adowania eliminuje potrzeb\u0119 u\u017cywania kabli, umo\u017cliwiaj\u0105c wygodne \u0142adowanie kompatybilnych urz\u0105dze\u0144 mobilnych.<\/p><p>Jej minimalistyczny i stylowy wygl\u0105d doskonale komponuje si\u0119 w ka\u017cdym wn\u0119trzu, a naturalny materia\u0142 sprawia, \u017ce to idealny wyb\u00f3r dla os\u00f3b dbaj\u0105cych o \u015brodowisko.<\/p><p>Dodatkowo \u0142adowarka mo\u017ce by\u0107 personalizowana za pomoc\u0105 grawerowania, co czyni j\u0105 wyj\u0105tkowym upominkiem na ka\u017cd\u0105 okazj\u0119. Dane techniczne: wej\u015bcie 5V\/2A, wyj\u015bcie 5V\/1A.<\/p>\t\t\t\t\t\t\t\t<\/div>\n\t\t\t\t<\/div>\n\t\t\t\t\t<\/div>\n\t\t<\/div>\n\t\t\t\t<div class=\"elementor-column elementor-col-50 elementor-top-column elementor-element elementor-element-67ea4a5\" data-id=\"67ea4a5\" data-element_type=\"column\">\n\t\t\t<div class=\"elementor-widget-wrap elementor-element-populated\">\n\t\t\t\t\t\t<div class=\"elementor-element elementor-element-ab1e6aa elementor-widget elementor-widget-image\" data-id=\"ab1e6aa\" data-element_type=\"widget\" data-widget_type=\"image.default\">\n\t\t\t\t<div class=\"elementor-widget-container\">\n\t\t\t\t\t\t\t\t\t\t\t\t\t\t\t<img loading=\"lazy\" loading=\"lazy\" decoding=\"async\" width=\"1024\" height=\"1024\" src=\"https:\/\/upominkiok.pl\/wp-content\/uploads\/2024\/09\/ladowarka-indukcyjna-okragla-bambus-z-grawerem-logo-upominkiok-5-1024x1024.jpg\" class=\"attachment-large size-large wp-image-5655\" alt=\"\" srcset=\"https:\/\/upominkiok.pl\/wp-content\/uploads\/2024\/09\/ladowarka-indukcyjna-okragla-bambus-z-grawerem-logo-upominkiok-5-1024x1024.jpg 1024w, https:\/\/upominkiok.pl\/wp-content\/uploads\/2024\/09\/ladowarka-indukcyjna-okragla-bambus-z-grawerem-logo-upominkiok-5-366x366.jpg 366w, https:\/\/upominkiok.pl\/wp-content\/uploads\/2024\/09\/ladowarka-indukcyjna-okragla-bambus-z-grawerem-logo-upominkiok-5-100x100.jpg 100w, https:\/\/upominkiok.pl\/wp-content\/uploads\/2024\/09\/ladowarka-indukcyjna-okragla-bambus-z-grawerem-logo-upominkiok-5-600x600.jpg 600w, https:\/\/upominkiok.pl\/wp-content\/uploads\/2024\/09\/ladowarka-indukcyjna-okragla-bambus-z-grawerem-logo-upominkiok-5-300x300.jpg 300w, https:\/\/upominkiok.pl\/wp-content\/uploads\/2024\/09\/ladowarka-indukcyjna-okragla-bambus-z-grawerem-logo-upominkiok-5-150x150.jpg 150w, https:\/\/upominkiok.pl\/wp-content\/uploads\/2024\/09\/ladowarka-indukcyjna-okragla-bambus-z-grawerem-logo-upominkiok-5-768x768.jpg 768w, https:\/\/upominkiok.pl\/wp-content\/uploads\/2024\/09\/ladowarka-indukcyjna-okragla-bambus-z-grawerem-logo-upominkiok-5-1x1.jpg 1w, https:\/\/upominkiok.pl\/wp-content\/uploads\/2024\/09\/ladowarka-indukcyjna-okragla-bambus-z-grawerem-logo-upominkiok-5-10x10.jpg 10w, https:\/\/upominkiok.pl\/wp-content\/uploads\/2024\/09\/ladowarka-indukcyjna-okragla-bambus-z-grawerem-logo-upominkiok-5.jpg 1181w\" sizes=\"auto, (max-width: 1024px) 100vw, 1024px\" \/>\t\t\t\t\t\t\t\t\t\t\t\t\t\t\t<\/div>\n\t\t\t\t<\/div>\n\t\t\t\t\t<\/div>\n\t\t<\/div>\n\t\t\t\t\t<\/div>\n\t\t<\/section>\n\t\t\t\t<\/div>\n\t\t","protected":false},"excerpt":{"rendered":"<p>\u0141adowarka indukcyjna wykonana z naturalnego bambusa to ekologiczne rozwi\u0105zanie, kt\u00f3re eliminuje potrzeb\u0119 u\u017cywania kabli. Dzi\u0119ki technologii \u0142adowania bezprzewodowego, jest kompatybilna z nowoczesnymi urz\u0105dzeniami mobilnymi.<\/p>\n","protected":false},"featured_media":5651,"comment_status":"closed","ping_status":"closed","template":"","meta":[],"etheme_brands":[],"product_brand":[],"product_cat":[57,40],"product_tag":[],"class_list":{"0":"post-5648","1":"product","2":"type-product","3":"status-publish","4":"has-post-thumbnail","6":"product_cat-ladowarki","7":"product_cat-upominki-firmowe","9":"first","10":"instock","11":"taxable","12":"shipping-taxable","13":"purchasable","14":"product-type-simple"},"_links":{"self":[{"href":"https:\/\/upominkiok.pl\/index.php?rest_route=\/wp\/v2\/product\/5648","targetHints":{"allow":["GET"]}}],"collection":[{"href":"https:\/\/upominkiok.pl\/index.php?rest_route=\/wp\/v2\/product"}],"about":[{"href":"https:\/\/upominkiok.pl\/index.php?rest_route=\/wp\/v2\/types\/product"}],"replies":[{"embeddable":true,"href":"https:\/\/upominkiok.pl\/index.php?rest_route=%2Fwp%2Fv2%2Fcomments&post=5648"}],"version-history":[{"count":9,"href":"https:\/\/upominkiok.pl\/index.php?rest_route=\/wp\/v2\/product\/5648\/revisions"}],"predecessor-version":[{"id":5694,"href":"https:\/\/upominkiok.pl\/index.php?rest_route=\/wp\/v2\/product\/5648\/revisions\/5694"}],"wp:featuredmedia":[{"embeddable":true,"href":"https:\/\/upominkiok.pl\/index.php?rest_route=\/wp\/v2\/media\/5651"}],"wp:attachment":[{"href":"https:\/\/upominkiok.pl\/index.php?rest_route=%2Fwp%2Fv2%2Fmedia&parent=5648"}],"wp:term":[{"taxonomy":"brand","embeddable":true,"href":"https:\/\/upominkiok.pl\/index.php?rest_route=%2Fwp%2Fv2%2Fetheme_brands&post=5648"},{"taxonomy":"product_brand","embeddable":true,"href":"https:\/\/upominkiok.pl\/index.php?rest_route=%2Fwp%2Fv2%2Fproduct_brand&post=5648"},{"taxonomy":"product_cat","embeddable":true,"href":"https:\/\/upominkiok.pl\/index.php?rest_route=%2Fwp%2Fv2%2Fproduct_cat&post=5648"},{"taxonomy":"product_tag","embeddable":true,"href":"https:\/\/upominkiok.pl\/index.php?rest_route=%2Fwp%2Fv2%2Fproduct_tag&post=5648"}],"curies":[{"name":"wp","href":"https:\/\/api.w.org\/{rel}","templated":true}]}}