{"id":5661,"date":"2024-09-06T06:36:29","date_gmt":"2024-09-06T04:36:29","guid":{"rendered":"http:\/\/upominkiok.pl\/?post_type=product&#038;p=5661"},"modified":"2024-09-06T07:04:31","modified_gmt":"2024-09-06T05:04:31","slug":"grawerowany-kubek-termiczny-niebieski","status":"publish","type":"product","link":"https:\/\/upominkiok.pl\/?product=grawerowany-kubek-termiczny-niebieski","title":{"rendered":"Grawerowany Kubek Termiczny Niebieski"},"content":{"rendered":"\t\t<div data-elementor-type=\"wp-post\" data-elementor-id=\"5661\" class=\"elementor elementor-5661\" data-elementor-post-type=\"product\">\n\t\t\t\t\t\t<section class=\"elementor-section elementor-top-section elementor-element elementor-element-77c9109 elementor-section-content-top elementor-section-boxed elementor-section-height-default elementor-section-height-default\" data-id=\"77c9109\" data-element_type=\"section\">\n\t\t\t\t\t\t<div class=\"elementor-container elementor-column-gap-custom\">\n\t\t\t\t\t<div class=\"elementor-column elementor-col-50 elementor-top-column elementor-element elementor-element-4e6c717\" data-id=\"4e6c717\" data-element_type=\"column\">\n\t\t\t<div class=\"elementor-widget-wrap elementor-element-populated\">\n\t\t\t\t\t\t<div class=\"elementor-element elementor-element-677f358 elementor-widget elementor-widget-heading\" data-id=\"677f358\" data-element_type=\"widget\" data-widget_type=\"heading.default\">\n\t\t\t\t<div class=\"elementor-widget-container\">\n\t\t\t\t\t<h2 class=\"elementor-heading-title elementor-size-default\">Grawerowany kubek termiczny Niebieski<\/h2>\t\t\t\t<\/div>\n\t\t\t\t<\/div>\n\t\t\t\t<div class=\"elementor-element elementor-element-79687b6 elementor-widget__width-initial elementor-widget elementor-widget-text-editor\" data-id=\"79687b6\" data-element_type=\"widget\" data-widget_type=\"text-editor.default\">\n\t\t\t\t<div class=\"elementor-widget-container\">\n\t\t\t\t\t\t\t\t\t<p>Kubek termiczny o pojemno\u015bci 300 ml, idealny na codzienn\u0105 kaw\u0119 lub herbat\u0119, sprawdzi si\u0119 r\u00f3wnie\u017c przy ognisku. Dzi\u0119ki wygodnemu uchwytowi i antypo\u015blizgowemu dnu jest wyj\u0105tkowo stabilny.<\/p><p>Zewn\u0119trzna warstwa wykonana z trwa\u0142ego tworzywa, a wewn\u0119trzna ze stali nierdzewnej o podwy\u017cszonym standardzie. Podw\u00f3jne \u015bcianki utrzymuj\u0105 ciep\u0142o napoju nawet do 3 godzin, a przykrywka z odpowietrzeniem zapobiega rozlaniu i utrzymuje odpowiedni\u0105 temperatur\u0119.<\/p><p>Wymiary kubka to \u2300 88 x 105 mm, kolor niebieski. Ca\u0142o\u015b\u0107 zapakowana w elegancki, bia\u0142y kartonik. Produkt zalecamy my\u0107 r\u0119cznie, a dodatkowo mo\u017cna go spersonalizowa\u0107 poprzez grawerowanie, co czyni go doskona\u0142ym na prezent lub do u\u017cytku codziennego.<\/p>\t\t\t\t\t\t\t\t<\/div>\n\t\t\t\t<\/div>\n\t\t\t\t\t<\/div>\n\t\t<\/div>\n\t\t\t\t<div class=\"elementor-column elementor-col-50 elementor-top-column elementor-element elementor-element-67ea4a5\" data-id=\"67ea4a5\" data-element_type=\"column\">\n\t\t\t<div class=\"elementor-widget-wrap elementor-element-populated\">\n\t\t\t\t\t\t<div class=\"elementor-element elementor-element-ab1e6aa elementor-widget elementor-widget-image\" data-id=\"ab1e6aa\" data-element_type=\"widget\" data-widget_type=\"image.default\">\n\t\t\t\t<div class=\"elementor-widget-container\">\n\t\t\t\t\t\t\t\t\t\t\t\t\t\t\t<img loading=\"lazy\" loading=\"lazy\" decoding=\"async\" width=\"1024\" height=\"1024\" src=\"https:\/\/upominkiok.pl\/wp-content\/uploads\/2024\/09\/kubek-termiczny-niebieski-300ml-stal-nierdzewna-z-grawerem-logo-na-kawe-na-wycieczke-1-1024x1024.jpg\" class=\"attachment-large size-large wp-image-5662\" alt=\"\" srcset=\"https:\/\/upominkiok.pl\/wp-content\/uploads\/2024\/09\/kubek-termiczny-niebieski-300ml-stal-nierdzewna-z-grawerem-logo-na-kawe-na-wycieczke-1-1024x1024.jpg 1024w, https:\/\/upominkiok.pl\/wp-content\/uploads\/2024\/09\/kubek-termiczny-niebieski-300ml-stal-nierdzewna-z-grawerem-logo-na-kawe-na-wycieczke-1-366x366.jpg 366w, https:\/\/upominkiok.pl\/wp-content\/uploads\/2024\/09\/kubek-termiczny-niebieski-300ml-stal-nierdzewna-z-grawerem-logo-na-kawe-na-wycieczke-1-100x100.jpg 100w, https:\/\/upominkiok.pl\/wp-content\/uploads\/2024\/09\/kubek-termiczny-niebieski-300ml-stal-nierdzewna-z-grawerem-logo-na-kawe-na-wycieczke-1-600x600.jpg 600w, https:\/\/upominkiok.pl\/wp-content\/uploads\/2024\/09\/kubek-termiczny-niebieski-300ml-stal-nierdzewna-z-grawerem-logo-na-kawe-na-wycieczke-1-300x300.jpg 300w, https:\/\/upominkiok.pl\/wp-content\/uploads\/2024\/09\/kubek-termiczny-niebieski-300ml-stal-nierdzewna-z-grawerem-logo-na-kawe-na-wycieczke-1-150x150.jpg 150w, https:\/\/upominkiok.pl\/wp-content\/uploads\/2024\/09\/kubek-termiczny-niebieski-300ml-stal-nierdzewna-z-grawerem-logo-na-kawe-na-wycieczke-1-768x768.jpg 768w, https:\/\/upominkiok.pl\/wp-content\/uploads\/2024\/09\/kubek-termiczny-niebieski-300ml-stal-nierdzewna-z-grawerem-logo-na-kawe-na-wycieczke-1-1x1.jpg 1w, https:\/\/upominkiok.pl\/wp-content\/uploads\/2024\/09\/kubek-termiczny-niebieski-300ml-stal-nierdzewna-z-grawerem-logo-na-kawe-na-wycieczke-1-10x10.jpg 10w, https:\/\/upominkiok.pl\/wp-content\/uploads\/2024\/09\/kubek-termiczny-niebieski-300ml-stal-nierdzewna-z-grawerem-logo-na-kawe-na-wycieczke-1.jpg 1181w\" sizes=\"auto, (max-width: 1024px) 100vw, 1024px\" \/>\t\t\t\t\t\t\t\t\t\t\t\t\t\t\t<\/div>\n\t\t\t\t<\/div>\n\t\t\t\t\t<\/div>\n\t\t<\/div>\n\t\t\t\t\t<\/div>\n\t\t<\/section>\n\t\t\t\t<\/div>\n\t\t","protected":false},"excerpt":{"rendered":"<p>Kubek na kaw\u0119 i herbat\u0119, z wygodnym uchwytem, zewn\u0119trznie z tworzywa, wewn\u0119trznie ze stali nierdzewnej. Podw\u00f3jne \u015bcianki utrzymuj\u0105 ciep\u0142o do 3 godzin. Posiada przykrywk\u0119 z odpowietrzeniem, chroni\u0105c\u0105 przed rozlaniem.<\/p>\n","protected":false},"featured_media":5665,"comment_status":"closed","ping_status":"closed","template":"","meta":[],"etheme_brands":[],"product_brand":[],"product_cat":[56,40],"product_tag":[],"class_list":{"0":"post-5661","1":"product","2":"type-product","3":"status-publish","4":"has-post-thumbnail","6":"product_cat-kubki","7":"product_cat-upominki-firmowe","9":"first","10":"instock","11":"taxable","12":"shipping-taxable","13":"purchasable","14":"product-type-simple"},"_links":{"self":[{"href":"https:\/\/upominkiok.pl\/index.php?rest_route=\/wp\/v2\/product\/5661","targetHints":{"allow":["GET"]}}],"collection":[{"href":"https:\/\/upominkiok.pl\/index.php?rest_route=\/wp\/v2\/product"}],"about":[{"href":"https:\/\/upominkiok.pl\/index.php?rest_route=\/wp\/v2\/types\/product"}],"replies":[{"embeddable":true,"href":"https:\/\/upominkiok.pl\/index.php?rest_route=%2Fwp%2Fv2%2Fcomments&post=5661"}],"version-history":[{"count":8,"href":"https:\/\/upominkiok.pl\/index.php?rest_route=\/wp\/v2\/product\/5661\/revisions"}],"predecessor-version":[{"id":5693,"href":"https:\/\/upominkiok.pl\/index.php?rest_route=\/wp\/v2\/product\/5661\/revisions\/5693"}],"wp:featuredmedia":[{"embeddable":true,"href":"https:\/\/upominkiok.pl\/index.php?rest_route=\/wp\/v2\/media\/5665"}],"wp:attachment":[{"href":"https:\/\/upominkiok.pl\/index.php?rest_route=%2Fwp%2Fv2%2Fmedia&parent=5661"}],"wp:term":[{"taxonomy":"brand","embeddable":true,"href":"https:\/\/upominkiok.pl\/index.php?rest_route=%2Fwp%2Fv2%2Fetheme_brands&post=5661"},{"taxonomy":"product_brand","embeddable":true,"href":"https:\/\/upominkiok.pl\/index.php?rest_route=%2Fwp%2Fv2%2Fproduct_brand&post=5661"},{"taxonomy":"product_cat","embeddable":true,"href":"https:\/\/upominkiok.pl\/index.php?rest_route=%2Fwp%2Fv2%2Fproduct_cat&post=5661"},{"taxonomy":"product_tag","embeddable":true,"href":"https:\/\/upominkiok.pl\/index.php?rest_route=%2Fwp%2Fv2%2Fproduct_tag&post=5661"}],"curies":[{"name":"wp","href":"https:\/\/api.w.org\/{rel}","templated":true}]}}