{"id":5770,"date":"2024-09-06T08:00:24","date_gmt":"2024-09-06T06:00:24","guid":{"rendered":"http:\/\/upominkiok.pl\/?post_type=product&#038;p=5770"},"modified":"2024-09-06T08:05:17","modified_gmt":"2024-09-06T06:05:17","slug":"przybornik-na-biurko-z-zegarem","status":"publish","type":"product","link":"https:\/\/upominkiok.pl\/?product=przybornik-na-biurko-z-zegarem","title":{"rendered":"Przybornik na Biurko z Zegarem"},"content":{"rendered":"\t\t<div data-elementor-type=\"wp-post\" data-elementor-id=\"5770\" class=\"elementor elementor-5770\" data-elementor-post-type=\"product\">\n\t\t\t\t\t\t<section class=\"elementor-section elementor-top-section elementor-element elementor-element-77c9109 elementor-section-content-top elementor-section-boxed elementor-section-height-default elementor-section-height-default\" data-id=\"77c9109\" data-element_type=\"section\">\n\t\t\t\t\t\t<div class=\"elementor-container elementor-column-gap-custom\">\n\t\t\t\t\t<div class=\"elementor-column elementor-col-50 elementor-top-column elementor-element elementor-element-4e6c717\" data-id=\"4e6c717\" data-element_type=\"column\">\n\t\t\t<div class=\"elementor-widget-wrap elementor-element-populated\">\n\t\t\t\t\t\t<div class=\"elementor-element elementor-element-677f358 elementor-widget elementor-widget-heading\" data-id=\"677f358\" data-element_type=\"widget\" data-widget_type=\"heading.default\">\n\t\t\t\t<div class=\"elementor-widget-container\">\n\t\t\t\t\t<h2 class=\"elementor-heading-title elementor-size-default\">Przybornik na Biurko z Zegarem<\/h2>\t\t\t\t<\/div>\n\t\t\t\t<\/div>\n\t\t\t\t<div class=\"elementor-element elementor-element-79687b6 elementor-widget__width-initial elementor-widget elementor-widget-text-editor\" data-id=\"79687b6\" data-element_type=\"widget\" data-widget_type=\"text-editor.default\">\n\t\t\t\t<div class=\"elementor-widget-container\">\n\t\t\t\t\t\t\t\t\t<p>Odkryj elegancj\u0119 i funkcjonalno\u015b\u0107 w jednym z metalowym zegarem z budzikiem, umieszczonym na drewnianej podstawce z litego drewna. Zegar z du\u017c\u0105 bia\u0142\u0105 tarcz\u0105 jest nie tylko estetycznym dodatkiem do ka\u017cdego biurka, ale tak\u017ce praktycznym narz\u0119dziem, kt\u00f3re mo\u017cna obraca\u0107 w g\u00f3r\u0119 i w d\u00f3\u0142, zapewniaj\u0105c optymalne ustawienie w ka\u017cdym miejscu.<\/p><p>Drewniana podstawka wyposa\u017cona jest w pojemnik na artyku\u0142y biurowe, co zwi\u0119ksza jego funkcjonalno\u015b\u0107 i porz\u0105dkuje przestrze\u0144 robocz\u0105. Wymiary zegara wynosz\u0105 172 x 87 x 75 mm, co sprawia, \u017ce jest on idealnie dopasowany do biurka bez zajmowania zbyt du\u017co miejsca.<\/p><p>Dodatkowo, mo\u017cliwo\u015b\u0107 personalizacji przez grawerowanie na drewnianej cz\u0119\u015bci pojemnika sprawia, \u017ce jest to doskona\u0142y wyb\u00f3r na elegancki prezent lub wyj\u0105tkowy akcent do w\u0142asnego biura. Po\u0142\u0105cz estetyk\u0119 z praktyczno\u015bci\u0105 i wybierz zegar, kt\u00f3ry b\u0119dzie zar\u00f3wno ozdob\u0105, jak i funkcjonalnym elementem Twojej przestrzeni.<\/p>\t\t\t\t\t\t\t\t<\/div>\n\t\t\t\t<\/div>\n\t\t\t\t\t<\/div>\n\t\t<\/div>\n\t\t\t\t<div class=\"elementor-column elementor-col-50 elementor-top-column elementor-element elementor-element-67ea4a5\" data-id=\"67ea4a5\" data-element_type=\"column\">\n\t\t\t<div class=\"elementor-widget-wrap elementor-element-populated\">\n\t\t\t\t\t\t<div class=\"elementor-element elementor-element-ab1e6aa elementor-widget elementor-widget-image\" data-id=\"ab1e6aa\" data-element_type=\"widget\" data-widget_type=\"image.default\">\n\t\t\t\t<div class=\"elementor-widget-container\">\n\t\t\t\t\t\t\t\t\t\t\t\t\t\t\t<img loading=\"lazy\" loading=\"lazy\" decoding=\"async\" width=\"1024\" height=\"1024\" src=\"https:\/\/upominkiok.pl\/wp-content\/uploads\/2024\/09\/Przybornik-na-biurko-z-zegarem-na-dlugopisy-z-logo-firmowym-upominkiok-5-1024x1024.jpg\" class=\"attachment-large size-large wp-image-5772\" alt=\"\" srcset=\"https:\/\/upominkiok.pl\/wp-content\/uploads\/2024\/09\/Przybornik-na-biurko-z-zegarem-na-dlugopisy-z-logo-firmowym-upominkiok-5-1024x1024.jpg 1024w, https:\/\/upominkiok.pl\/wp-content\/uploads\/2024\/09\/Przybornik-na-biurko-z-zegarem-na-dlugopisy-z-logo-firmowym-upominkiok-5-366x366.jpg 366w, https:\/\/upominkiok.pl\/wp-content\/uploads\/2024\/09\/Przybornik-na-biurko-z-zegarem-na-dlugopisy-z-logo-firmowym-upominkiok-5-100x100.jpg 100w, https:\/\/upominkiok.pl\/wp-content\/uploads\/2024\/09\/Przybornik-na-biurko-z-zegarem-na-dlugopisy-z-logo-firmowym-upominkiok-5-600x600.jpg 600w, https:\/\/upominkiok.pl\/wp-content\/uploads\/2024\/09\/Przybornik-na-biurko-z-zegarem-na-dlugopisy-z-logo-firmowym-upominkiok-5-300x300.jpg 300w, https:\/\/upominkiok.pl\/wp-content\/uploads\/2024\/09\/Przybornik-na-biurko-z-zegarem-na-dlugopisy-z-logo-firmowym-upominkiok-5-150x150.jpg 150w, https:\/\/upominkiok.pl\/wp-content\/uploads\/2024\/09\/Przybornik-na-biurko-z-zegarem-na-dlugopisy-z-logo-firmowym-upominkiok-5-768x768.jpg 768w, https:\/\/upominkiok.pl\/wp-content\/uploads\/2024\/09\/Przybornik-na-biurko-z-zegarem-na-dlugopisy-z-logo-firmowym-upominkiok-5-1x1.jpg 1w, https:\/\/upominkiok.pl\/wp-content\/uploads\/2024\/09\/Przybornik-na-biurko-z-zegarem-na-dlugopisy-z-logo-firmowym-upominkiok-5-10x10.jpg 10w, https:\/\/upominkiok.pl\/wp-content\/uploads\/2024\/09\/Przybornik-na-biurko-z-zegarem-na-dlugopisy-z-logo-firmowym-upominkiok-5.jpg 1181w\" sizes=\"auto, (max-width: 1024px) 100vw, 1024px\" \/>\t\t\t\t\t\t\t\t\t\t\t\t\t\t\t<\/div>\n\t\t\t\t<\/div>\n\t\t\t\t\t<\/div>\n\t\t<\/div>\n\t\t\t\t\t<\/div>\n\t\t<\/section>\n\t\t\t\t<\/div>\n\t\t","protected":false},"excerpt":{"rendered":"<div class=\"flex-shrink-0 flex flex-col relative items-end\">\n<div class=\"pt-0\">\n<div class=\"gizmo-bot-avatar flex h-8 w-8 items-center justify-center overflow-hidden rounded-full\">\n<div class=\"relative p-1 rounded-sm flex items-center justify-center bg-token-main-surface-primary text-token-text-primary h-8 w-8\">\n<div class=\"flex-shrink-0 flex flex-col relative items-end\">\n<div class=\"pt-0\">\n<div class=\"gizmo-bot-avatar flex h-8 w-8 items-center justify-center overflow-hidden rounded-full\">\n<div class=\"relative p-1 rounded-sm flex items-center justify-center bg-token-main-surface-primary text-token-text-primary h-8 w-8\">\n<div class=\"flex-shrink-0 flex flex-col relative items-end\">\n<div class=\"pt-0\">\n<div class=\"gizmo-bot-avatar flex h-8 w-8 items-center justify-center overflow-hidden rounded-full\">\n<div class=\"relative p-1 rounded-sm flex items-center justify-center bg-token-main-surface-primary text-token-text-primary h-8 w-8\">Metalowy zegar z budzikiem na eleganckiej drewnianej podstawce z pojemnikiem na artyku\u0142y biurowe \u0142\u0105czy estetyk\u0119 z funkcjonalno\u015bci\u0105, a jego drewniana cz\u0119\u015b\u0107 mo\u017ce by\u0107 personalizowana przez grawerowanie.<\/div>\n<\/div>\n<\/div>\n<\/div>\n<\/div>\n<\/div>\n<\/div>\n<\/div>\n<\/div>\n<\/div>\n<\/div>\n<\/div>\n","protected":false},"featured_media":5775,"comment_status":"closed","ping_status":"closed","template":"","meta":[],"etheme_brands":[],"product_brand":[],"product_cat":[62],"product_tag":[],"class_list":{"0":"post-5770","1":"product","2":"type-product","3":"status-publish","4":"has-post-thumbnail","6":"product_cat-przyborniki","8":"first","9":"instock","10":"taxable","11":"shipping-taxable","12":"purchasable","13":"product-type-simple"},"_links":{"self":[{"href":"https:\/\/upominkiok.pl\/index.php?rest_route=\/wp\/v2\/product\/5770","targetHints":{"allow":["GET"]}}],"collection":[{"href":"https:\/\/upominkiok.pl\/index.php?rest_route=\/wp\/v2\/product"}],"about":[{"href":"https:\/\/upominkiok.pl\/index.php?rest_route=\/wp\/v2\/types\/product"}],"replies":[{"embeddable":true,"href":"https:\/\/upominkiok.pl\/index.php?rest_route=%2Fwp%2Fv2%2Fcomments&post=5770"}],"version-history":[{"count":4,"href":"https:\/\/upominkiok.pl\/index.php?rest_route=\/wp\/v2\/product\/5770\/revisions"}],"predecessor-version":[{"id":5781,"href":"https:\/\/upominkiok.pl\/index.php?rest_route=\/wp\/v2\/product\/5770\/revisions\/5781"}],"wp:featuredmedia":[{"embeddable":true,"href":"https:\/\/upominkiok.pl\/index.php?rest_route=\/wp\/v2\/media\/5775"}],"wp:attachment":[{"href":"https:\/\/upominkiok.pl\/index.php?rest_route=%2Fwp%2Fv2%2Fmedia&parent=5770"}],"wp:term":[{"taxonomy":"brand","embeddable":true,"href":"https:\/\/upominkiok.pl\/index.php?rest_route=%2Fwp%2Fv2%2Fetheme_brands&post=5770"},{"taxonomy":"product_brand","embeddable":true,"href":"https:\/\/upominkiok.pl\/index.php?rest_route=%2Fwp%2Fv2%2Fproduct_brand&post=5770"},{"taxonomy":"product_cat","embeddable":true,"href":"https:\/\/upominkiok.pl\/index.php?rest_route=%2Fwp%2Fv2%2Fproduct_cat&post=5770"},{"taxonomy":"product_tag","embeddable":true,"href":"https:\/\/upominkiok.pl\/index.php?rest_route=%2Fwp%2Fv2%2Fproduct_tag&post=5770"}],"curies":[{"name":"wp","href":"https:\/\/api.w.org\/{rel}","templated":true}]}}