{"id":5782,"date":"2024-09-07T06:22:02","date_gmt":"2024-09-07T04:22:02","guid":{"rendered":"http:\/\/upominkiok.pl\/?post_type=product&#038;p=5782"},"modified":"2024-09-07T06:26:47","modified_gmt":"2024-09-07T04:26:47","slug":"bambusowy-przybornik-z-zegarem-elektronicznym","status":"publish","type":"product","link":"https:\/\/upominkiok.pl\/?product=bambusowy-przybornik-z-zegarem-elektronicznym","title":{"rendered":"Bambusowy Przybornik z Zegarem Elektronicznym"},"content":{"rendered":"\t\t<div data-elementor-type=\"wp-post\" data-elementor-id=\"5782\" class=\"elementor elementor-5782\" data-elementor-post-type=\"product\">\n\t\t\t\t\t\t<section class=\"elementor-section elementor-top-section elementor-element elementor-element-77c9109 elementor-section-content-top elementor-section-boxed elementor-section-height-default elementor-section-height-default\" data-id=\"77c9109\" data-element_type=\"section\">\n\t\t\t\t\t\t<div class=\"elementor-container elementor-column-gap-custom\">\n\t\t\t\t\t<div class=\"elementor-column elementor-col-50 elementor-top-column elementor-element elementor-element-4e6c717\" data-id=\"4e6c717\" data-element_type=\"column\">\n\t\t\t<div class=\"elementor-widget-wrap elementor-element-populated\">\n\t\t\t\t\t\t<div class=\"elementor-element elementor-element-677f358 elementor-widget elementor-widget-heading\" data-id=\"677f358\" data-element_type=\"widget\" data-widget_type=\"heading.default\">\n\t\t\t\t<div class=\"elementor-widget-container\">\n\t\t\t\t\t<h2 class=\"elementor-heading-title elementor-size-default\">Bambusowy Przybornik z Zegarem Elektronicznym<\/h2>\t\t\t\t<\/div>\n\t\t\t\t<\/div>\n\t\t\t\t<div class=\"elementor-element elementor-element-79687b6 elementor-widget__width-initial elementor-widget elementor-widget-text-editor\" data-id=\"79687b6\" data-element_type=\"widget\" data-widget_type=\"text-editor.default\">\n\t\t\t\t<div class=\"elementor-widget-container\">\n\t\t\t\t\t\t\t\t\t<p>Zegar z przybornikiem to wyj\u0105tkowy produkt \u0142\u0105cz\u0105cy nowoczesny design z ekologicznym podej\u015bciem. Wykonany z naturalnego bambusa, idealnie wpasowuje si\u0119 w trendy modnych, przyjaznych \u015brodowisku dekoracji. Jego bambusowa obudowa doskonale kontrastuje z czarnym zegarem, a bia\u0142e \u015bwiat\u0142o LED na wy\u015bwietlaczu nadaje mu nowoczesny i elegancki wygl\u0105d.<\/p><p>Zegar to nie tylko dekoracja, ale tak\u017ce funkcjonalny przybornik na biurko. Posiada pojemnik na d\u0142ugopisy oraz zegar z dodatkowymi funkcjami: kalendarzem, alarmem i termometrem, co czyni go idealnym rozwi\u0105zaniem zar\u00f3wno do biura, jak i do domu. Jego kompaktowe wymiary (12,3 x 6,1 x 6,3 cm) sprawiaj\u0105, \u017ce \u0142atwo znajdzie swoje miejsce na ka\u017cdym biurku, dodaj\u0105c mu jednocze\u015bnie stylu i porz\u0105dku.<\/p><p>Dzi\u0119ki mo\u017cliwo\u015bci personalizacji przez grawerowanie, zegar z przybornikiem staje si\u0119 r\u00f3wnie\u017c doskona\u0142ym pomys\u0142em na elegancki, spersonalizowany prezent. Wybierz produkt, kt\u00f3ry \u0142\u0105czy funkcjonalno\u015b\u0107, nowoczesno\u015b\u0107 i dba\u0142o\u015b\u0107 o \u015brodowisko!<\/p>\t\t\t\t\t\t\t\t<\/div>\n\t\t\t\t<\/div>\n\t\t\t\t\t<\/div>\n\t\t<\/div>\n\t\t\t\t<div class=\"elementor-column elementor-col-50 elementor-top-column elementor-element elementor-element-67ea4a5\" data-id=\"67ea4a5\" data-element_type=\"column\">\n\t\t\t<div class=\"elementor-widget-wrap elementor-element-populated\">\n\t\t\t\t\t\t<div class=\"elementor-element elementor-element-ab1e6aa elementor-widget elementor-widget-image\" data-id=\"ab1e6aa\" data-element_type=\"widget\" data-widget_type=\"image.default\">\n\t\t\t\t<div class=\"elementor-widget-container\">\n\t\t\t\t\t\t\t\t\t\t\t\t\t\t\t<img loading=\"lazy\" loading=\"lazy\" decoding=\"async\" width=\"1024\" height=\"1024\" src=\"http:\/\/upominkiok.pl\/wp-content\/uploads\/2024\/09\/Zegar-z-przybornikiem-na-biurko-bambus-eko-z-grawerem-logo-upoinkiok-4-1024x1024.jpg\" class=\"attachment-large size-large wp-image-5784\" alt=\"\" srcset=\"http:\/\/upominkiok.pl\/wp-content\/uploads\/2024\/09\/Zegar-z-przybornikiem-na-biurko-bambus-eko-z-grawerem-logo-upoinkiok-4-1024x1024.jpg 1024w, http:\/\/upominkiok.pl\/wp-content\/uploads\/2024\/09\/Zegar-z-przybornikiem-na-biurko-bambus-eko-z-grawerem-logo-upoinkiok-4-366x366.jpg 366w, http:\/\/upominkiok.pl\/wp-content\/uploads\/2024\/09\/Zegar-z-przybornikiem-na-biurko-bambus-eko-z-grawerem-logo-upoinkiok-4-100x100.jpg 100w, http:\/\/upominkiok.pl\/wp-content\/uploads\/2024\/09\/Zegar-z-przybornikiem-na-biurko-bambus-eko-z-grawerem-logo-upoinkiok-4-600x600.jpg 600w, http:\/\/upominkiok.pl\/wp-content\/uploads\/2024\/09\/Zegar-z-przybornikiem-na-biurko-bambus-eko-z-grawerem-logo-upoinkiok-4-300x300.jpg 300w, http:\/\/upominkiok.pl\/wp-content\/uploads\/2024\/09\/Zegar-z-przybornikiem-na-biurko-bambus-eko-z-grawerem-logo-upoinkiok-4-150x150.jpg 150w, http:\/\/upominkiok.pl\/wp-content\/uploads\/2024\/09\/Zegar-z-przybornikiem-na-biurko-bambus-eko-z-grawerem-logo-upoinkiok-4-768x768.jpg 768w, http:\/\/upominkiok.pl\/wp-content\/uploads\/2024\/09\/Zegar-z-przybornikiem-na-biurko-bambus-eko-z-grawerem-logo-upoinkiok-4-1x1.jpg 1w, http:\/\/upominkiok.pl\/wp-content\/uploads\/2024\/09\/Zegar-z-przybornikiem-na-biurko-bambus-eko-z-grawerem-logo-upoinkiok-4-10x10.jpg 10w, http:\/\/upominkiok.pl\/wp-content\/uploads\/2024\/09\/Zegar-z-przybornikiem-na-biurko-bambus-eko-z-grawerem-logo-upoinkiok-4.jpg 1181w\" sizes=\"auto, (max-width: 1024px) 100vw, 1024px\" \/>\t\t\t\t\t\t\t\t\t\t\t\t\t\t\t<\/div>\n\t\t\t\t<\/div>\n\t\t\t\t\t<\/div>\n\t\t<\/div>\n\t\t\t\t\t<\/div>\n\t\t<\/section>\n\t\t\t\t<\/div>\n\t\t","protected":false},"excerpt":{"rendered":"<div class=\"flex-shrink-0 flex flex-col relative items-end\">\n<div class=\"pt-0\">\n<div class=\"gizmo-bot-avatar flex h-8 w-8 items-center justify-center overflow-hidden rounded-full\">\n<div class=\"relative p-1 rounded-sm flex items-center justify-center bg-token-main-surface-primary text-token-text-primary h-8 w-8\">\n<div class=\"flex-shrink-0 flex flex-col relative items-end\">\n<div class=\"pt-0\">\n<div class=\"gizmo-bot-avatar flex h-8 w-8 items-center justify-center overflow-hidden rounded-full\">\n<div class=\"relative p-1 rounded-sm flex items-center justify-center bg-token-main-surface-primary text-token-text-primary h-8 w-8\">\n<div class=\"flex-shrink-0 flex flex-col relative items-end\">\n<div class=\"pt-0\">\n<div class=\"gizmo-bot-avatar flex h-8 w-8 items-center justify-center overflow-hidden rounded-full\">\n<div class=\"relative p-1 rounded-sm flex items-center justify-center bg-token-main-surface-primary text-token-text-primary h-8 w-8\">Zegar elektroniczny z przybornikiem, wykonany z bambusa, \u0142\u0105czy styl z funkcjonalno\u015bci\u0105, oferuj\u0105c pojemnik na d\u0142ugopisy oraz zegar z LED-owym wy\u015bwietlaczem, kalendarzem, alarmem i termometrem, idealny dla os\u00f3b dbaj\u0105cych o \u015brodowisko.<\/div>\n<\/div>\n<\/div>\n<\/div>\n<\/div>\n<\/div>\n<\/div>\n<\/div>\n<\/div>\n<\/div>\n<\/div>\n<\/div>\n","protected":false},"featured_media":5787,"comment_status":"closed","ping_status":"closed","template":"","meta":[],"etheme_brands":[],"product_brand":[],"product_cat":[62],"product_tag":[],"class_list":{"0":"post-5782","1":"product","2":"type-product","3":"status-publish","4":"has-post-thumbnail","6":"product_cat-przyborniki","8":"first","9":"instock","10":"taxable","11":"shipping-taxable","12":"purchasable","13":"product-type-simple"},"_links":{"self":[{"href":"https:\/\/upominkiok.pl\/index.php?rest_route=\/wp\/v2\/product\/5782","targetHints":{"allow":["GET"]}}],"collection":[{"href":"https:\/\/upominkiok.pl\/index.php?rest_route=\/wp\/v2\/product"}],"about":[{"href":"https:\/\/upominkiok.pl\/index.php?rest_route=\/wp\/v2\/types\/product"}],"replies":[{"embeddable":true,"href":"https:\/\/upominkiok.pl\/index.php?rest_route=%2Fwp%2Fv2%2Fcomments&post=5782"}],"version-history":[{"count":4,"href":"https:\/\/upominkiok.pl\/index.php?rest_route=\/wp\/v2\/product\/5782\/revisions"}],"predecessor-version":[{"id":5791,"href":"https:\/\/upominkiok.pl\/index.php?rest_route=\/wp\/v2\/product\/5782\/revisions\/5791"}],"wp:featuredmedia":[{"embeddable":true,"href":"https:\/\/upominkiok.pl\/index.php?rest_route=\/wp\/v2\/media\/5787"}],"wp:attachment":[{"href":"https:\/\/upominkiok.pl\/index.php?rest_route=%2Fwp%2Fv2%2Fmedia&parent=5782"}],"wp:term":[{"taxonomy":"brand","embeddable":true,"href":"https:\/\/upominkiok.pl\/index.php?rest_route=%2Fwp%2Fv2%2Fetheme_brands&post=5782"},{"taxonomy":"product_brand","embeddable":true,"href":"https:\/\/upominkiok.pl\/index.php?rest_route=%2Fwp%2Fv2%2Fproduct_brand&post=5782"},{"taxonomy":"product_cat","embeddable":true,"href":"https:\/\/upominkiok.pl\/index.php?rest_route=%2Fwp%2Fv2%2Fproduct_cat&post=5782"},{"taxonomy":"product_tag","embeddable":true,"href":"https:\/\/upominkiok.pl\/index.php?rest_route=%2Fwp%2Fv2%2Fproduct_tag&post=5782"}],"curies":[{"name":"wp","href":"https:\/\/api.w.org\/{rel}","templated":true}]}}