{"id":5807,"date":"2024-09-07T06:40:14","date_gmt":"2024-09-07T04:40:14","guid":{"rendered":"http:\/\/upominkiok.pl\/?post_type=product&#038;p=5807"},"modified":"2024-09-07T06:45:09","modified_gmt":"2024-09-07T04:45:09","slug":"piersiowka-z-jasnym-drewnem","status":"publish","type":"product","link":"https:\/\/upominkiok.pl\/?product=piersiowka-z-jasnym-drewnem","title":{"rendered":"Piersi\u00f3wka z Jasnym Drewnem"},"content":{"rendered":"\t\t<div data-elementor-type=\"wp-post\" data-elementor-id=\"5807\" class=\"elementor elementor-5807\" data-elementor-post-type=\"product\">\n\t\t\t\t\t\t<section class=\"elementor-section elementor-top-section elementor-element elementor-element-77c9109 elementor-section-content-top elementor-section-boxed elementor-section-height-default elementor-section-height-default\" data-id=\"77c9109\" data-element_type=\"section\">\n\t\t\t\t\t\t<div class=\"elementor-container elementor-column-gap-custom\">\n\t\t\t\t\t<div class=\"elementor-column elementor-col-50 elementor-top-column elementor-element elementor-element-4e6c717\" data-id=\"4e6c717\" data-element_type=\"column\">\n\t\t\t<div class=\"elementor-widget-wrap elementor-element-populated\">\n\t\t\t\t\t\t<div class=\"elementor-element elementor-element-677f358 elementor-widget elementor-widget-heading\" data-id=\"677f358\" data-element_type=\"widget\" data-widget_type=\"heading.default\">\n\t\t\t\t<div class=\"elementor-widget-container\">\n\t\t\t\t\t<h2 class=\"elementor-heading-title elementor-size-default\">Piersi\u00f3wka z Jasnym Drewnem<\/h2>\t\t\t\t<\/div>\n\t\t\t\t<\/div>\n\t\t\t\t<div class=\"elementor-element elementor-element-79687b6 elementor-widget__width-initial elementor-widget elementor-widget-text-editor\" data-id=\"79687b6\" data-element_type=\"widget\" data-widget_type=\"text-editor.default\">\n\t\t\t\t<div class=\"elementor-widget-container\">\n\t\t\t\t\t\t\t\t\t<p>Piersi\u00f3wka o pojemno\u015bci 200 ml to elegancki dodatek, wykonany z wysokiej jako\u015bci stali nierdzewnej, kt\u00f3ry \u0142\u0105czy trwa\u0142o\u015b\u0107 z estetyk\u0105. Wyko\u0144czona delikatn\u0105 warstw\u0105 naturalnego drewna, prezentuje si\u0119 wyj\u0105tkowo stylowo, a jej powierzchnia jest idealna do personalizacji przez grawerowanie, co czyni j\u0105 doskona\u0142ym pomys\u0142em na spersonalizowany prezent.<\/p><p>Dzi\u0119ki bezpiecznemu zamkni\u0119ciu, piersi\u00f3wka jest praktyczna i idealna do przechowywania ulubionych napoj\u00f3w. Jej kompaktowe wymiary 9,4 x 11 x 2,3 cm sprawiaj\u0105, \u017ce \u0142atwo mie\u015bci si\u0119 w kieszeni czy torbie, co czyni j\u0105 wygodnym towarzyszem na r\u00f3\u017cne okazje. Subtelne po\u0142\u0105czenie stali nierdzewnej i naturalnego drewna podkre\u015bla jej elegancki charakter, idealny zar\u00f3wno na co dzie\u0144, jak i na wyj\u0105tkowe wydarzenia.<\/p><p>Produkt ten mo\u017cna personalizowa\u0107 grawerowaniem, dodaj\u0105c mu unikalny, osobisty akcent.<\/p>\t\t\t\t\t\t\t\t<\/div>\n\t\t\t\t<\/div>\n\t\t\t\t\t<\/div>\n\t\t<\/div>\n\t\t\t\t<div class=\"elementor-column elementor-col-50 elementor-top-column elementor-element elementor-element-67ea4a5\" data-id=\"67ea4a5\" data-element_type=\"column\">\n\t\t\t<div class=\"elementor-widget-wrap elementor-element-populated\">\n\t\t\t\t\t\t<div class=\"elementor-element elementor-element-ab1e6aa elementor-widget elementor-widget-image\" data-id=\"ab1e6aa\" data-element_type=\"widget\" data-widget_type=\"image.default\">\n\t\t\t\t<div class=\"elementor-widget-container\">\n\t\t\t\t\t\t\t\t\t\t\t\t\t\t\t<img loading=\"lazy\" loading=\"lazy\" decoding=\"async\" width=\"1024\" height=\"1024\" src=\"http:\/\/upominkiok.pl\/wp-content\/uploads\/2024\/09\/piersiowka-200ml-jasne-drewno-specjalnie-do-graweru-laserem-logo-upominkiok-4-1024x1024.jpg\" class=\"attachment-large size-large wp-image-5808\" alt=\"\" srcset=\"http:\/\/upominkiok.pl\/wp-content\/uploads\/2024\/09\/piersiowka-200ml-jasne-drewno-specjalnie-do-graweru-laserem-logo-upominkiok-4-1024x1024.jpg 1024w, http:\/\/upominkiok.pl\/wp-content\/uploads\/2024\/09\/piersiowka-200ml-jasne-drewno-specjalnie-do-graweru-laserem-logo-upominkiok-4-366x366.jpg 366w, http:\/\/upominkiok.pl\/wp-content\/uploads\/2024\/09\/piersiowka-200ml-jasne-drewno-specjalnie-do-graweru-laserem-logo-upominkiok-4-100x100.jpg 100w, http:\/\/upominkiok.pl\/wp-content\/uploads\/2024\/09\/piersiowka-200ml-jasne-drewno-specjalnie-do-graweru-laserem-logo-upominkiok-4-600x600.jpg 600w, http:\/\/upominkiok.pl\/wp-content\/uploads\/2024\/09\/piersiowka-200ml-jasne-drewno-specjalnie-do-graweru-laserem-logo-upominkiok-4-300x300.jpg 300w, http:\/\/upominkiok.pl\/wp-content\/uploads\/2024\/09\/piersiowka-200ml-jasne-drewno-specjalnie-do-graweru-laserem-logo-upominkiok-4-150x150.jpg 150w, http:\/\/upominkiok.pl\/wp-content\/uploads\/2024\/09\/piersiowka-200ml-jasne-drewno-specjalnie-do-graweru-laserem-logo-upominkiok-4-768x768.jpg 768w, http:\/\/upominkiok.pl\/wp-content\/uploads\/2024\/09\/piersiowka-200ml-jasne-drewno-specjalnie-do-graweru-laserem-logo-upominkiok-4-1x1.jpg 1w, http:\/\/upominkiok.pl\/wp-content\/uploads\/2024\/09\/piersiowka-200ml-jasne-drewno-specjalnie-do-graweru-laserem-logo-upominkiok-4-10x10.jpg 10w, http:\/\/upominkiok.pl\/wp-content\/uploads\/2024\/09\/piersiowka-200ml-jasne-drewno-specjalnie-do-graweru-laserem-logo-upominkiok-4.jpg 1181w\" sizes=\"auto, (max-width: 1024px) 100vw, 1024px\" \/>\t\t\t\t\t\t\t\t\t\t\t\t\t\t\t<\/div>\n\t\t\t\t<\/div>\n\t\t\t\t\t<\/div>\n\t\t<\/div>\n\t\t\t\t\t<\/div>\n\t\t<\/section>\n\t\t\t\t<\/div>\n\t\t","protected":false},"excerpt":{"rendered":"<div class=\"flex-shrink-0 flex flex-col relative items-end\">\n<div class=\"pt-0\">\n<div class=\"gizmo-bot-avatar flex h-8 w-8 items-center justify-center overflow-hidden rounded-full\">\n<div class=\"relative p-1 rounded-sm flex items-center justify-center bg-token-main-surface-primary text-token-text-primary h-8 w-8\">\n<div class=\"flex-shrink-0 flex flex-col relative items-end\">\n<div class=\"pt-0\">\n<div class=\"gizmo-bot-avatar flex h-8 w-8 items-center justify-center overflow-hidden rounded-full\">\n<div class=\"relative p-1 rounded-sm flex items-center justify-center bg-token-main-surface-primary text-token-text-primary h-8 w-8\">\n<div class=\"flex-shrink-0 flex flex-col relative items-end\">\n<div class=\"pt-0\">\n<div class=\"gizmo-bot-avatar flex h-8 w-8 items-center justify-center overflow-hidden rounded-full\">\n<div class=\"relative p-1 rounded-sm flex items-center justify-center bg-token-main-surface-primary text-token-text-primary h-8 w-8\">Piersi\u00f3wka o pojemno\u015bci 200 ml ze stali nierdzewnej z bezpiecznym zamkni\u0119ciem, wyko\u0144czona cienk\u0105 warstw\u0105 naturalnego drewna dla eleganckiego wygl\u0105du.<\/div>\n<\/div>\n<\/div>\n<\/div>\n<\/div>\n<\/div>\n<\/div>\n<\/div>\n<\/div>\n<\/div>\n<\/div>\n<\/div>\n","protected":false},"featured_media":5811,"comment_status":"closed","ping_status":"closed","template":"","meta":[],"etheme_brands":[],"product_brand":[],"product_cat":[64,40],"product_tag":[],"class_list":{"0":"post-5807","1":"product","2":"type-product","3":"status-publish","4":"has-post-thumbnail","6":"product_cat-piersiowki","7":"product_cat-upominki-firmowe","9":"first","10":"instock","11":"taxable","12":"shipping-taxable","13":"purchasable","14":"product-type-simple"},"_links":{"self":[{"href":"https:\/\/upominkiok.pl\/index.php?rest_route=\/wp\/v2\/product\/5807","targetHints":{"allow":["GET"]}}],"collection":[{"href":"https:\/\/upominkiok.pl\/index.php?rest_route=\/wp\/v2\/product"}],"about":[{"href":"https:\/\/upominkiok.pl\/index.php?rest_route=\/wp\/v2\/types\/product"}],"replies":[{"embeddable":true,"href":"https:\/\/upominkiok.pl\/index.php?rest_route=%2Fwp%2Fv2%2Fcomments&post=5807"}],"version-history":[{"count":4,"href":"https:\/\/upominkiok.pl\/index.php?rest_route=\/wp\/v2\/product\/5807\/revisions"}],"predecessor-version":[{"id":5816,"href":"https:\/\/upominkiok.pl\/index.php?rest_route=\/wp\/v2\/product\/5807\/revisions\/5816"}],"wp:featuredmedia":[{"embeddable":true,"href":"https:\/\/upominkiok.pl\/index.php?rest_route=\/wp\/v2\/media\/5811"}],"wp:attachment":[{"href":"https:\/\/upominkiok.pl\/index.php?rest_route=%2Fwp%2Fv2%2Fmedia&parent=5807"}],"wp:term":[{"taxonomy":"brand","embeddable":true,"href":"https:\/\/upominkiok.pl\/index.php?rest_route=%2Fwp%2Fv2%2Fetheme_brands&post=5807"},{"taxonomy":"product_brand","embeddable":true,"href":"https:\/\/upominkiok.pl\/index.php?rest_route=%2Fwp%2Fv2%2Fproduct_brand&post=5807"},{"taxonomy":"product_cat","embeddable":true,"href":"https:\/\/upominkiok.pl\/index.php?rest_route=%2Fwp%2Fv2%2Fproduct_cat&post=5807"},{"taxonomy":"product_tag","embeddable":true,"href":"https:\/\/upominkiok.pl\/index.php?rest_route=%2Fwp%2Fv2%2Fproduct_tag&post=5807"}],"curies":[{"name":"wp","href":"https:\/\/api.w.org\/{rel}","templated":true}]}}