{"id":5827,"date":"2024-09-07T06:52:50","date_gmt":"2024-09-07T04:52:50","guid":{"rendered":"http:\/\/upominkiok.pl\/?post_type=product&#038;p=5827"},"modified":"2024-09-07T06:58:59","modified_gmt":"2024-09-07T04:58:59","slug":"bambusowy-stojak-na-telefon","status":"publish","type":"product","link":"https:\/\/upominkiok.pl\/?product=bambusowy-stojak-na-telefon","title":{"rendered":"Bambusowy Stojak na Telefon"},"content":{"rendered":"\t\t<div data-elementor-type=\"wp-post\" data-elementor-id=\"5827\" class=\"elementor elementor-5827\" data-elementor-post-type=\"product\">\n\t\t\t\t\t\t<section class=\"elementor-section elementor-top-section elementor-element elementor-element-77c9109 elementor-section-content-top elementor-section-boxed elementor-section-height-default elementor-section-height-default\" data-id=\"77c9109\" data-element_type=\"section\">\n\t\t\t\t\t\t<div class=\"elementor-container elementor-column-gap-custom\">\n\t\t\t\t\t<div class=\"elementor-column elementor-col-50 elementor-top-column elementor-element elementor-element-4e6c717\" data-id=\"4e6c717\" data-element_type=\"column\">\n\t\t\t<div class=\"elementor-widget-wrap elementor-element-populated\">\n\t\t\t\t\t\t<div class=\"elementor-element elementor-element-677f358 elementor-widget elementor-widget-heading\" data-id=\"677f358\" data-element_type=\"widget\" data-widget_type=\"heading.default\">\n\t\t\t\t<div class=\"elementor-widget-container\">\n\t\t\t\t\t<h2 class=\"elementor-heading-title elementor-size-default\">Bambusowy Stojak na Telefon<\/h2>\t\t\t\t<\/div>\n\t\t\t\t<\/div>\n\t\t\t\t<div class=\"elementor-element elementor-element-79687b6 elementor-widget__width-initial elementor-widget elementor-widget-text-editor\" data-id=\"79687b6\" data-element_type=\"widget\" data-widget_type=\"text-editor.default\">\n\t\t\t\t<div class=\"elementor-widget-container\">\n\t\t\t\t\t\t\t\t\t<p>Bambusowy stojak na telefon to doskona\u0142e po\u0142\u0105czenie ekologii i funkcjonalno\u015bci, kt\u00f3re wzbogaci ka\u017cde biurko czy stolik. Wykonany w ca\u0142o\u015bci z naturalnego bambusa, stojak zapewnia stabiln\u0105 podstaw\u0119 dla telefon\u00f3w oraz innych urz\u0105dze\u0144 mobilnych, a tak\u017ce umo\u017cliwia wygodne \u0142adowanie urz\u0105dzenia dzi\u0119ki otworowi na kabel.<\/p><p>Stojak jest \u0142atwy w monta\u017cu, sk\u0142adaj\u0105cy si\u0119 z dw\u00f3ch bambusowych p\u0142ytek, co sprawia, \u017ce jest idealnym rozwi\u0105zaniem do samodzielnego z\u0142o\u017cenia. Zapakowany jest w eleganck\u0105 br\u0105zow\u0105 kopert\u0119, co czyni go gotowym do wr\u0119czenia jako prezent. Jego wymiary to 80 x 140 x 85 mm, co zapewnia odpowiedni\u0105 stabilno\u015b\u0107 i wygod\u0119 u\u017cytkowania.<\/p><p>Dzi\u0119ki mo\u017cliwo\u015bci personalizacji poprzez grawerowanie, stojak mo\u017ce sta\u0107 si\u0119 unikalnym, spersonalizowanym dodatkiem, kt\u00f3ry idealnie wpasuje si\u0119 w ka\u017cdy styl wn\u0119trza. Wybierz bambusowy stojak na telefon, kt\u00f3ry \u0142\u0105czy w sobie estetyk\u0119, funkcjonalno\u015b\u0107 i dba\u0142o\u015b\u0107 o \u015brodowisko!<\/p>\t\t\t\t\t\t\t\t<\/div>\n\t\t\t\t<\/div>\n\t\t\t\t\t<\/div>\n\t\t<\/div>\n\t\t\t\t<div class=\"elementor-column elementor-col-50 elementor-top-column elementor-element elementor-element-67ea4a5\" data-id=\"67ea4a5\" data-element_type=\"column\">\n\t\t\t<div class=\"elementor-widget-wrap elementor-element-populated\">\n\t\t\t\t\t\t<div class=\"elementor-element elementor-element-ab1e6aa elementor-widget elementor-widget-image\" data-id=\"ab1e6aa\" data-element_type=\"widget\" data-widget_type=\"image.default\">\n\t\t\t\t<div class=\"elementor-widget-container\">\n\t\t\t\t\t\t\t\t\t\t\t\t\t\t\t<img loading=\"lazy\" loading=\"lazy\" decoding=\"async\" width=\"1008\" height=\"1024\" src=\"https:\/\/upominkiok.pl\/wp-content\/uploads\/2024\/09\/praktyczny-stojak-do-telefonu-wykonany-z-bambusa-laserowy-grawer-upominkiok-2-1008x1024.jpg\" class=\"attachment-large size-large wp-image-5830\" alt=\"\" srcset=\"https:\/\/upominkiok.pl\/wp-content\/uploads\/2024\/09\/praktyczny-stojak-do-telefonu-wykonany-z-bambusa-laserowy-grawer-upominkiok-2-1008x1024.jpg 1008w, https:\/\/upominkiok.pl\/wp-content\/uploads\/2024\/09\/praktyczny-stojak-do-telefonu-wykonany-z-bambusa-laserowy-grawer-upominkiok-2-600x610.jpg 600w, https:\/\/upominkiok.pl\/wp-content\/uploads\/2024\/09\/praktyczny-stojak-do-telefonu-wykonany-z-bambusa-laserowy-grawer-upominkiok-2-295x300.jpg 295w, https:\/\/upominkiok.pl\/wp-content\/uploads\/2024\/09\/praktyczny-stojak-do-telefonu-wykonany-z-bambusa-laserowy-grawer-upominkiok-2-768x780.jpg 768w, https:\/\/upominkiok.pl\/wp-content\/uploads\/2024\/09\/praktyczny-stojak-do-telefonu-wykonany-z-bambusa-laserowy-grawer-upominkiok-2-1x1.jpg 1w, https:\/\/upominkiok.pl\/wp-content\/uploads\/2024\/09\/praktyczny-stojak-do-telefonu-wykonany-z-bambusa-laserowy-grawer-upominkiok-2-10x10.jpg 10w, https:\/\/upominkiok.pl\/wp-content\/uploads\/2024\/09\/praktyczny-stojak-do-telefonu-wykonany-z-bambusa-laserowy-grawer-upominkiok-2.jpg 1181w\" sizes=\"auto, (max-width: 1008px) 100vw, 1008px\" \/>\t\t\t\t\t\t\t\t\t\t\t\t\t\t\t<\/div>\n\t\t\t\t<\/div>\n\t\t\t\t\t<\/div>\n\t\t<\/div>\n\t\t\t\t\t<\/div>\n\t\t<\/section>\n\t\t\t\t<\/div>\n\t\t","protected":false},"excerpt":{"rendered":"<div class=\"flex-shrink-0 flex flex-col relative items-end\">\n<div class=\"pt-0\">\n<div class=\"gizmo-bot-avatar flex h-8 w-8 items-center justify-center overflow-hidden rounded-full\">\n<div class=\"relative p-1 rounded-sm flex items-center justify-center bg-token-main-surface-primary text-token-text-primary h-8 w-8\">\n<div class=\"flex-shrink-0 flex flex-col relative items-end\">\n<div class=\"pt-0\">\n<div class=\"gizmo-bot-avatar flex h-8 w-8 items-center justify-center overflow-hidden rounded-full\">\n<div class=\"relative p-1 rounded-sm flex items-center justify-center bg-token-main-surface-primary text-token-text-primary h-8 w-8\">\n<div class=\"flex-shrink-0 flex flex-col relative items-end\">\n<div class=\"pt-0\">\n<div class=\"gizmo-bot-avatar flex h-8 w-8 items-center justify-center overflow-hidden rounded-full\">\n<div class=\"relative p-1 rounded-sm flex items-center justify-center bg-token-main-surface-primary text-token-text-primary h-8 w-8\">Bambusowy stojak na telefon to ekologiczny, stabilny dodatek z otworem na kabel, do samodzielnego z\u0142o\u017cenia z dw\u00f3ch p\u0142ytek, zapakowany w br\u0105zow\u0105 kopert\u0119.<\/div>\n<\/div>\n<\/div>\n<\/div>\n<\/div>\n<\/div>\n<\/div>\n<\/div>\n<\/div>\n<\/div>\n<\/div>\n<\/div>\n","protected":false},"featured_media":5829,"comment_status":"closed","ping_status":"closed","template":"","meta":[],"etheme_brands":[],"product_brand":[],"product_cat":[65,40],"product_tag":[],"class_list":{"0":"post-5827","1":"product","2":"type-product","3":"status-publish","4":"has-post-thumbnail","6":"product_cat-gadzety-biurowe","7":"product_cat-upominki-firmowe","9":"first","10":"instock","11":"taxable","12":"shipping-taxable","13":"purchasable","14":"product-type-simple"},"_links":{"self":[{"href":"https:\/\/upominkiok.pl\/index.php?rest_route=\/wp\/v2\/product\/5827","targetHints":{"allow":["GET"]}}],"collection":[{"href":"https:\/\/upominkiok.pl\/index.php?rest_route=\/wp\/v2\/product"}],"about":[{"href":"https:\/\/upominkiok.pl\/index.php?rest_route=\/wp\/v2\/types\/product"}],"replies":[{"embeddable":true,"href":"https:\/\/upominkiok.pl\/index.php?rest_route=%2Fwp%2Fv2%2Fcomments&post=5827"}],"version-history":[{"count":4,"href":"https:\/\/upominkiok.pl\/index.php?rest_route=\/wp\/v2\/product\/5827\/revisions"}],"predecessor-version":[{"id":5835,"href":"https:\/\/upominkiok.pl\/index.php?rest_route=\/wp\/v2\/product\/5827\/revisions\/5835"}],"wp:featuredmedia":[{"embeddable":true,"href":"https:\/\/upominkiok.pl\/index.php?rest_route=\/wp\/v2\/media\/5829"}],"wp:attachment":[{"href":"https:\/\/upominkiok.pl\/index.php?rest_route=%2Fwp%2Fv2%2Fmedia&parent=5827"}],"wp:term":[{"taxonomy":"brand","embeddable":true,"href":"https:\/\/upominkiok.pl\/index.php?rest_route=%2Fwp%2Fv2%2Fetheme_brands&post=5827"},{"taxonomy":"product_brand","embeddable":true,"href":"https:\/\/upominkiok.pl\/index.php?rest_route=%2Fwp%2Fv2%2Fproduct_brand&post=5827"},{"taxonomy":"product_cat","embeddable":true,"href":"https:\/\/upominkiok.pl\/index.php?rest_route=%2Fwp%2Fv2%2Fproduct_cat&post=5827"},{"taxonomy":"product_tag","embeddable":true,"href":"https:\/\/upominkiok.pl\/index.php?rest_route=%2Fwp%2Fv2%2Fproduct_tag&post=5827"}],"curies":[{"name":"wp","href":"https:\/\/api.w.org\/{rel}","templated":true}]}}