{"id":5836,"date":"2024-09-08T06:13:00","date_gmt":"2024-09-08T04:13:00","guid":{"rendered":"http:\/\/upominkiok.pl\/?post_type=product&#038;p=5836"},"modified":"2024-09-08T06:27:12","modified_gmt":"2024-09-08T04:27:12","slug":"zestaw-pismienniczy-premium","status":"publish","type":"product","link":"https:\/\/upominkiok.pl\/?product=zestaw-pismienniczy-premium","title":{"rendered":"Zestaw Pi\u015bmienniczy Premium"},"content":{"rendered":"\t\t<div data-elementor-type=\"wp-post\" data-elementor-id=\"5836\" class=\"elementor elementor-5836\" data-elementor-post-type=\"product\">\n\t\t\t\t\t\t<section class=\"elementor-section elementor-top-section elementor-element elementor-element-77c9109 elementor-section-content-top elementor-section-boxed elementor-section-height-default elementor-section-height-default\" data-id=\"77c9109\" data-element_type=\"section\">\n\t\t\t\t\t\t<div class=\"elementor-container elementor-column-gap-custom\">\n\t\t\t\t\t<div class=\"elementor-column elementor-col-50 elementor-top-column elementor-element elementor-element-4e6c717\" data-id=\"4e6c717\" data-element_type=\"column\">\n\t\t\t<div class=\"elementor-widget-wrap elementor-element-populated\">\n\t\t\t\t\t\t<div class=\"elementor-element elementor-element-677f358 elementor-widget elementor-widget-heading\" data-id=\"677f358\" data-element_type=\"widget\" data-widget_type=\"heading.default\">\n\t\t\t\t<div class=\"elementor-widget-container\">\n\t\t\t\t\t<h2 class=\"elementor-heading-title elementor-size-default\">Zestaw Pi\u015bmienniczy Premium<\/h2>\t\t\t\t<\/div>\n\t\t\t\t<\/div>\n\t\t\t\t<div class=\"elementor-element elementor-element-79687b6 elementor-widget__width-initial elementor-widget elementor-widget-text-editor\" data-id=\"79687b6\" data-element_type=\"widget\" data-widget_type=\"text-editor.default\">\n\t\t\t\t<div class=\"elementor-widget-container\">\n\t\t\t\t\t\t\t\t\t<p>Elegancki komplet pi\u015bmienniczy z wyrafinowanymi z\u0142otymi wyko\u0144czeniami to idealny wyb\u00f3r na presti\u017cowy prezent. Zestaw sk\u0142ada si\u0119 z d\u0142ugopisu oraz pi\u00f3ra kulkowego, kt\u00f3re zapakowane s\u0105 w eleganckie etui wykonane z czarnego weluru, podkre\u015blaj\u0105c jego luksusowy charakter. Zar\u00f3wno d\u0142ugopis, jak i pi\u00f3ro kulkowe maj\u0105 subtelnie zaokr\u0105glone kszta\u0142ty, zapewniaj\u0105c wygod\u0119 u\u017cytkowania i estetyczny wygl\u0105d.<\/p><p>Na \u017cyczenie istnieje mo\u017cliwo\u015b\u0107 wygrawerowania logo w kolorze z\u0142otym w g\u00f3rnej cz\u0119\u015bci obu przybor\u00f3w pi\u015bmienniczych, co dodaje zestawowi indywidualnego charakteru i sprawia, \u017ce jest doskona\u0142ym rozwi\u0105zaniem na spersonalizowany upominek.<\/p><p>Zestaw posiada wymiary: 168 x 75 x 32 mm (etui), 140 x \u2300 13 mm (d\u0142ugopis) oraz 140 x \u2300 13 mm (roller), dzi\u0119ki czemu idealnie nadaje si\u0119 zar\u00f3wno do codziennego u\u017cytku, jak i na wyj\u0105tkowe okazje. Postaw na luksus i elegancj\u0119 z tym wyj\u0105tkowym kompletem pi\u015bmienniczym!<\/p>\t\t\t\t\t\t\t\t<\/div>\n\t\t\t\t<\/div>\n\t\t\t\t\t<\/div>\n\t\t<\/div>\n\t\t\t\t<div class=\"elementor-column elementor-col-50 elementor-top-column elementor-element elementor-element-67ea4a5\" data-id=\"67ea4a5\" data-element_type=\"column\">\n\t\t\t<div class=\"elementor-widget-wrap elementor-element-populated\">\n\t\t\t\t\t\t<div class=\"elementor-element elementor-element-ab1e6aa elementor-widget elementor-widget-image\" data-id=\"ab1e6aa\" data-element_type=\"widget\" data-widget_type=\"image.default\">\n\t\t\t\t<div class=\"elementor-widget-container\">\n\t\t\t\t\t\t\t\t\t\t\t\t\t\t\t<img loading=\"lazy\" loading=\"lazy\" decoding=\"async\" width=\"1024\" height=\"1024\" src=\"https:\/\/upominkiok.pl\/wp-content\/uploads\/2024\/09\/zestaw-pismienniczy-z-grawerem-dlugopis-i-pioro-kulkowe-w-etui-upominkiok-4-1024x1024.jpg\" class=\"attachment-large size-large wp-image-5843\" alt=\"\" srcset=\"https:\/\/upominkiok.pl\/wp-content\/uploads\/2024\/09\/zestaw-pismienniczy-z-grawerem-dlugopis-i-pioro-kulkowe-w-etui-upominkiok-4-1024x1024.jpg 1024w, https:\/\/upominkiok.pl\/wp-content\/uploads\/2024\/09\/zestaw-pismienniczy-z-grawerem-dlugopis-i-pioro-kulkowe-w-etui-upominkiok-4-366x366.jpg 366w, https:\/\/upominkiok.pl\/wp-content\/uploads\/2024\/09\/zestaw-pismienniczy-z-grawerem-dlugopis-i-pioro-kulkowe-w-etui-upominkiok-4-100x100.jpg 100w, https:\/\/upominkiok.pl\/wp-content\/uploads\/2024\/09\/zestaw-pismienniczy-z-grawerem-dlugopis-i-pioro-kulkowe-w-etui-upominkiok-4-600x600.jpg 600w, https:\/\/upominkiok.pl\/wp-content\/uploads\/2024\/09\/zestaw-pismienniczy-z-grawerem-dlugopis-i-pioro-kulkowe-w-etui-upominkiok-4-300x300.jpg 300w, https:\/\/upominkiok.pl\/wp-content\/uploads\/2024\/09\/zestaw-pismienniczy-z-grawerem-dlugopis-i-pioro-kulkowe-w-etui-upominkiok-4-150x150.jpg 150w, https:\/\/upominkiok.pl\/wp-content\/uploads\/2024\/09\/zestaw-pismienniczy-z-grawerem-dlugopis-i-pioro-kulkowe-w-etui-upominkiok-4-768x768.jpg 768w, https:\/\/upominkiok.pl\/wp-content\/uploads\/2024\/09\/zestaw-pismienniczy-z-grawerem-dlugopis-i-pioro-kulkowe-w-etui-upominkiok-4-1x1.jpg 1w, https:\/\/upominkiok.pl\/wp-content\/uploads\/2024\/09\/zestaw-pismienniczy-z-grawerem-dlugopis-i-pioro-kulkowe-w-etui-upominkiok-4-10x10.jpg 10w, https:\/\/upominkiok.pl\/wp-content\/uploads\/2024\/09\/zestaw-pismienniczy-z-grawerem-dlugopis-i-pioro-kulkowe-w-etui-upominkiok-4.jpg 1181w\" sizes=\"auto, (max-width: 1024px) 100vw, 1024px\" \/>\t\t\t\t\t\t\t\t\t\t\t\t\t\t\t<\/div>\n\t\t\t\t<\/div>\n\t\t\t\t\t<\/div>\n\t\t<\/div>\n\t\t\t\t\t<\/div>\n\t\t<\/section>\n\t\t\t\t<\/div>\n\t\t","protected":false},"excerpt":{"rendered":"<div class=\"flex-shrink-0 flex flex-col relative items-end\">\n<div class=\"pt-0\">\n<div class=\"gizmo-bot-avatar flex h-8 w-8 items-center justify-center overflow-hidden rounded-full\">\n<div class=\"relative p-1 rounded-sm flex items-center justify-center bg-token-main-surface-primary text-token-text-primary h-8 w-8\">\n<div class=\"flex-shrink-0 flex flex-col relative items-end\">\n<div class=\"pt-0\">\n<div class=\"gizmo-bot-avatar flex h-8 w-8 items-center justify-center overflow-hidden rounded-full\">\n<div class=\"relative p-1 rounded-sm flex items-center justify-center bg-token-main-surface-primary text-token-text-primary h-8 w-8\">Elegancki komplet pi\u015bmienniczy ze z\u0142otymi wyko\u0144czeniami, sk\u0142adaj\u0105cy si\u0119 z d\u0142ugopisu i pi\u00f3ra kulkowego, zapakowany w czarne welurowe etui, z mo\u017cliwo\u015bci\u0105 grawerowania logo w kolorze z\u0142otym.<\/div>\n<\/div>\n<\/div>\n<\/div>\n<\/div>\n<\/div>\n<\/div>\n<\/div>\n","protected":false},"featured_media":5839,"comment_status":"closed","ping_status":"closed","template":"","meta":[],"etheme_brands":[],"product_brand":[],"product_cat":[60,40],"product_tag":[],"class_list":{"0":"post-5836","1":"product","2":"type-product","3":"status-publish","4":"has-post-thumbnail","6":"product_cat-zestawy-pismiennicze-upominki-firmowe","7":"product_cat-upominki-firmowe","9":"first","10":"instock","11":"taxable","12":"shipping-taxable","13":"purchasable","14":"product-type-simple"},"_links":{"self":[{"href":"https:\/\/upominkiok.pl\/index.php?rest_route=\/wp\/v2\/product\/5836","targetHints":{"allow":["GET"]}}],"collection":[{"href":"https:\/\/upominkiok.pl\/index.php?rest_route=\/wp\/v2\/product"}],"about":[{"href":"https:\/\/upominkiok.pl\/index.php?rest_route=\/wp\/v2\/types\/product"}],"replies":[{"embeddable":true,"href":"https:\/\/upominkiok.pl\/index.php?rest_route=%2Fwp%2Fv2%2Fcomments&post=5836"}],"version-history":[{"count":7,"href":"https:\/\/upominkiok.pl\/index.php?rest_route=\/wp\/v2\/product\/5836\/revisions"}],"predecessor-version":[{"id":5851,"href":"https:\/\/upominkiok.pl\/index.php?rest_route=\/wp\/v2\/product\/5836\/revisions\/5851"}],"wp:featuredmedia":[{"embeddable":true,"href":"https:\/\/upominkiok.pl\/index.php?rest_route=\/wp\/v2\/media\/5839"}],"wp:attachment":[{"href":"https:\/\/upominkiok.pl\/index.php?rest_route=%2Fwp%2Fv2%2Fmedia&parent=5836"}],"wp:term":[{"taxonomy":"brand","embeddable":true,"href":"https:\/\/upominkiok.pl\/index.php?rest_route=%2Fwp%2Fv2%2Fetheme_brands&post=5836"},{"taxonomy":"product_brand","embeddable":true,"href":"https:\/\/upominkiok.pl\/index.php?rest_route=%2Fwp%2Fv2%2Fproduct_brand&post=5836"},{"taxonomy":"product_cat","embeddable":true,"href":"https:\/\/upominkiok.pl\/index.php?rest_route=%2Fwp%2Fv2%2Fproduct_cat&post=5836"},{"taxonomy":"product_tag","embeddable":true,"href":"https:\/\/upominkiok.pl\/index.php?rest_route=%2Fwp%2Fv2%2Fproduct_tag&post=5836"}],"curies":[{"name":"wp","href":"https:\/\/api.w.org\/{rel}","templated":true}]}}