{"id":5848,"date":"2024-09-08T06:18:48","date_gmt":"2024-09-08T04:18:48","guid":{"rendered":"http:\/\/upominkiok.pl\/?post_type=product&#038;p=5848"},"modified":"2024-09-08T06:25:51","modified_gmt":"2024-09-08T04:25:51","slug":"elegancki-zestaw-pismienniczy","status":"publish","type":"product","link":"https:\/\/upominkiok.pl\/?product=elegancki-zestaw-pismienniczy","title":{"rendered":"Elegancki Zestaw Pi\u015bmienniczy"},"content":{"rendered":"\t\t<div data-elementor-type=\"wp-post\" data-elementor-id=\"5848\" class=\"elementor elementor-5848\" data-elementor-post-type=\"product\">\n\t\t\t\t\t\t<section class=\"elementor-section elementor-top-section elementor-element elementor-element-77c9109 elementor-section-content-top elementor-section-boxed elementor-section-height-default elementor-section-height-default\" data-id=\"77c9109\" data-element_type=\"section\">\n\t\t\t\t\t\t<div class=\"elementor-container elementor-column-gap-custom\">\n\t\t\t\t\t<div class=\"elementor-column elementor-col-50 elementor-top-column elementor-element elementor-element-4e6c717\" data-id=\"4e6c717\" data-element_type=\"column\">\n\t\t\t<div class=\"elementor-widget-wrap elementor-element-populated\">\n\t\t\t\t\t\t<div class=\"elementor-element elementor-element-677f358 elementor-widget elementor-widget-heading\" data-id=\"677f358\" data-element_type=\"widget\" data-widget_type=\"heading.default\">\n\t\t\t\t<div class=\"elementor-widget-container\">\n\t\t\t\t\t<h2 class=\"elementor-heading-title elementor-size-default\">Elegancki Zestaw Pi\u015bmienniczy<\/h2>\t\t\t\t<\/div>\n\t\t\t\t<\/div>\n\t\t\t\t<div class=\"elementor-element elementor-element-79687b6 elementor-widget__width-initial elementor-widget elementor-widget-text-editor\" data-id=\"79687b6\" data-element_type=\"widget\" data-widget_type=\"text-editor.default\">\n\t\t\t\t<div class=\"elementor-widget-container\">\n\t\t\t\t\t\t\t\t\t<p>Elegancki zestaw pi\u015bmienniczy to doskona\u0142y wyb\u00f3r dla os\u00f3b ceni\u0105cych styl i funkcjonalno\u015b\u0107. Zestaw sk\u0142ada si\u0119 z d\u0142ugopisu oraz pi\u00f3ra kulkowego, kt\u00f3re charakteryzuj\u0105 si\u0119 nowoczesnym designem i wygod\u0105 u\u017cytkowania. Oba przybory pi\u015bmiennicze s\u0105 starannie zapakowane w eleganckie etui o wymiarach 178 x 65 x 39 mm, co czyni ten zestaw idealnym pomys\u0142em na presti\u017cowy prezent.<\/p><p>Na \u017cyczenie klienta oferujemy mo\u017cliwo\u015b\u0107 personalizacji poprzez grawerowanie logo zar\u00f3wno na blaszce umieszczonej na etui, jak i bezpo\u015brednio na d\u0142ugopisie (142 x \u2300 12 mm) oraz pi\u00f3rze kulkowym (138 x \u2300 12 mm). Precyzyjne grawerowanie podkre\u015bli ekskluzywny charakter zestawu, nadaj\u0105c mu unikalny, personalizowany akcent.<\/p><p>Wybieraj\u0105c ten zestaw pi\u015bmienniczy, stawiasz na wysok\u0105 jako\u015b\u0107, elegancj\u0119 oraz indywidualne dopasowanie do swoich potrzeb, co czyni go idealnym zar\u00f3wno do codziennego u\u017cytku, jak i na wyj\u0105tkowe okazje.<\/p>\t\t\t\t\t\t\t\t<\/div>\n\t\t\t\t<\/div>\n\t\t\t\t\t<\/div>\n\t\t<\/div>\n\t\t\t\t<div class=\"elementor-column elementor-col-50 elementor-top-column elementor-element elementor-element-67ea4a5\" data-id=\"67ea4a5\" data-element_type=\"column\">\n\t\t\t<div class=\"elementor-widget-wrap elementor-element-populated\">\n\t\t\t\t\t\t<div class=\"elementor-element elementor-element-ab1e6aa elementor-widget elementor-widget-image\" data-id=\"ab1e6aa\" data-element_type=\"widget\" data-widget_type=\"image.default\">\n\t\t\t\t<div class=\"elementor-widget-container\">\n\t\t\t\t\t\t\t\t\t\t\t\t\t\t\t<img loading=\"lazy\" loading=\"lazy\" decoding=\"async\" width=\"1024\" height=\"1022\" src=\"https:\/\/upominkiok.pl\/wp-content\/uploads\/2024\/09\/elegancki-zestaw-pismienniczy-w-etui-z-grawerem-logo-upominkiok-1-1024x1022.jpg\" class=\"attachment-large size-large wp-image-5853\" alt=\"\" srcset=\"https:\/\/upominkiok.pl\/wp-content\/uploads\/2024\/09\/elegancki-zestaw-pismienniczy-w-etui-z-grawerem-logo-upominkiok-1-1024x1022.jpg 1024w, https:\/\/upominkiok.pl\/wp-content\/uploads\/2024\/09\/elegancki-zestaw-pismienniczy-w-etui-z-grawerem-logo-upominkiok-1-366x366.jpg 366w, https:\/\/upominkiok.pl\/wp-content\/uploads\/2024\/09\/elegancki-zestaw-pismienniczy-w-etui-z-grawerem-logo-upominkiok-1-100x100.jpg 100w, https:\/\/upominkiok.pl\/wp-content\/uploads\/2024\/09\/elegancki-zestaw-pismienniczy-w-etui-z-grawerem-logo-upominkiok-1-600x599.jpg 600w, https:\/\/upominkiok.pl\/wp-content\/uploads\/2024\/09\/elegancki-zestaw-pismienniczy-w-etui-z-grawerem-logo-upominkiok-1-300x300.jpg 300w, https:\/\/upominkiok.pl\/wp-content\/uploads\/2024\/09\/elegancki-zestaw-pismienniczy-w-etui-z-grawerem-logo-upominkiok-1-150x150.jpg 150w, https:\/\/upominkiok.pl\/wp-content\/uploads\/2024\/09\/elegancki-zestaw-pismienniczy-w-etui-z-grawerem-logo-upominkiok-1-768x767.jpg 768w, https:\/\/upominkiok.pl\/wp-content\/uploads\/2024\/09\/elegancki-zestaw-pismienniczy-w-etui-z-grawerem-logo-upominkiok-1-1x1.jpg 1w, https:\/\/upominkiok.pl\/wp-content\/uploads\/2024\/09\/elegancki-zestaw-pismienniczy-w-etui-z-grawerem-logo-upominkiok-1-10x10.jpg 10w, https:\/\/upominkiok.pl\/wp-content\/uploads\/2024\/09\/elegancki-zestaw-pismienniczy-w-etui-z-grawerem-logo-upominkiok-1.jpg 1181w\" sizes=\"auto, (max-width: 1024px) 100vw, 1024px\" \/>\t\t\t\t\t\t\t\t\t\t\t\t\t\t\t<\/div>\n\t\t\t\t<\/div>\n\t\t\t\t\t<\/div>\n\t\t<\/div>\n\t\t\t\t\t<\/div>\n\t\t<\/section>\n\t\t\t\t<\/div>\n\t\t","protected":false},"excerpt":{"rendered":"<div class=\"flex-shrink-0 flex flex-col relative items-end\">\n<div class=\"pt-0\">\n<div class=\"gizmo-bot-avatar flex h-8 w-8 items-center justify-center overflow-hidden rounded-full\">\n<div class=\"relative p-1 rounded-sm flex items-center justify-center bg-token-main-surface-primary text-token-text-primary h-8 w-8\">\n<div class=\"flex-shrink-0 flex flex-col relative items-end\">\n<div class=\"pt-0\">\n<div class=\"gizmo-bot-avatar flex h-8 w-8 items-center justify-center overflow-hidden rounded-full\">\n<div class=\"relative p-1 rounded-sm flex items-center justify-center bg-token-main-surface-primary text-token-text-primary h-8 w-8\">Elegancki zestaw pi\u015bmienniczy, zawieraj\u0105cy d\u0142ugopis i pi\u00f3ro kulkowe, zapakowany w etui z mo\u017cliwo\u015bci\u0105 grawerowania logo zar\u00f3wno na blaszce etui, jak i na przyborach pi\u015bmienniczych.<\/div>\n<\/div>\n<\/div>\n<\/div>\n<\/div>\n<\/div>\n<\/div>\n<\/div>\n","protected":false},"featured_media":5854,"comment_status":"closed","ping_status":"closed","template":"","meta":[],"etheme_brands":[],"product_brand":[],"product_cat":[60,40],"product_tag":[],"class_list":{"0":"post-5848","1":"product","2":"type-product","3":"status-publish","4":"has-post-thumbnail","6":"product_cat-zestawy-pismiennicze-upominki-firmowe","7":"product_cat-upominki-firmowe","9":"first","10":"instock","11":"taxable","12":"shipping-taxable","13":"purchasable","14":"product-type-simple"},"_links":{"self":[{"href":"https:\/\/upominkiok.pl\/index.php?rest_route=\/wp\/v2\/product\/5848","targetHints":{"allow":["GET"]}}],"collection":[{"href":"https:\/\/upominkiok.pl\/index.php?rest_route=\/wp\/v2\/product"}],"about":[{"href":"https:\/\/upominkiok.pl\/index.php?rest_route=\/wp\/v2\/types\/product"}],"replies":[{"embeddable":true,"href":"https:\/\/upominkiok.pl\/index.php?rest_route=%2Fwp%2Fv2%2Fcomments&post=5848"}],"version-history":[{"count":5,"href":"https:\/\/upominkiok.pl\/index.php?rest_route=\/wp\/v2\/product\/5848\/revisions"}],"predecessor-version":[{"id":5862,"href":"https:\/\/upominkiok.pl\/index.php?rest_route=\/wp\/v2\/product\/5848\/revisions\/5862"}],"wp:featuredmedia":[{"embeddable":true,"href":"https:\/\/upominkiok.pl\/index.php?rest_route=\/wp\/v2\/media\/5854"}],"wp:attachment":[{"href":"https:\/\/upominkiok.pl\/index.php?rest_route=%2Fwp%2Fv2%2Fmedia&parent=5848"}],"wp:term":[{"taxonomy":"brand","embeddable":true,"href":"https:\/\/upominkiok.pl\/index.php?rest_route=%2Fwp%2Fv2%2Fetheme_brands&post=5848"},{"taxonomy":"product_brand","embeddable":true,"href":"https:\/\/upominkiok.pl\/index.php?rest_route=%2Fwp%2Fv2%2Fproduct_brand&post=5848"},{"taxonomy":"product_cat","embeddable":true,"href":"https:\/\/upominkiok.pl\/index.php?rest_route=%2Fwp%2Fv2%2Fproduct_cat&post=5848"},{"taxonomy":"product_tag","embeddable":true,"href":"https:\/\/upominkiok.pl\/index.php?rest_route=%2Fwp%2Fv2%2Fproduct_tag&post=5848"}],"curies":[{"name":"wp","href":"https:\/\/api.w.org\/{rel}","templated":true}]}}