{"id":5863,"date":"2024-09-08T06:27:20","date_gmt":"2024-09-08T04:27:20","guid":{"rendered":"http:\/\/upominkiok.pl\/?post_type=product&#038;p=5863"},"modified":"2024-09-08T07:31:18","modified_gmt":"2024-09-08T05:31:18","slug":"zestaw-pismienniczy-z-korkiem","status":"publish","type":"product","link":"https:\/\/upominkiok.pl\/?product=zestaw-pismienniczy-z-korkiem","title":{"rendered":"Zestaw Pi\u015bmienniczy z Aluminium Srebrny"},"content":{"rendered":"\t\t<div data-elementor-type=\"wp-post\" data-elementor-id=\"5863\" class=\"elementor elementor-5863\" data-elementor-post-type=\"product\">\n\t\t\t\t\t\t<section class=\"elementor-section elementor-top-section elementor-element elementor-element-77c9109 elementor-section-content-top elementor-section-boxed elementor-section-height-default elementor-section-height-default\" data-id=\"77c9109\" data-element_type=\"section\">\n\t\t\t\t\t\t<div class=\"elementor-container elementor-column-gap-custom\">\n\t\t\t\t\t<div class=\"elementor-column elementor-col-50 elementor-top-column elementor-element elementor-element-4e6c717\" data-id=\"4e6c717\" data-element_type=\"column\">\n\t\t\t<div class=\"elementor-widget-wrap elementor-element-populated\">\n\t\t\t\t\t\t<div class=\"elementor-element elementor-element-677f358 elementor-widget elementor-widget-heading\" data-id=\"677f358\" data-element_type=\"widget\" data-widget_type=\"heading.default\">\n\t\t\t\t<div class=\"elementor-widget-container\">\n\t\t\t\t\t<h2 class=\"elementor-heading-title elementor-size-default\">Zestaw Pi\u015bmienniczy z Aluminium Srebrny<\/h2>\t\t\t\t<\/div>\n\t\t\t\t<\/div>\n\t\t\t\t<div class=\"elementor-element elementor-element-79687b6 elementor-widget__width-initial elementor-widget elementor-widget-text-editor\" data-id=\"79687b6\" data-element_type=\"widget\" data-widget_type=\"text-editor.default\">\n\t\t\t\t<div class=\"elementor-widget-container\">\n\t\t\t\t\t\t\t\t\t<p>Ten elegancki zestaw pi\u015bmienniczy, w sk\u0142ad kt\u00f3rego wchodzi d\u0142ugopis oraz pi\u00f3ro kulkowe, to doskona\u0142y wyb\u00f3r dla os\u00f3b ceni\u0105cych estetyk\u0119 i ekologi\u0119. Zar\u00f3wno d\u0142ugopis, jak i pi\u00f3ro kulkowe zosta\u0142y wykonane z recyklingowanego aluminium, co podkre\u015bla ich nowoczesny i ekologiczny charakter. Niebieski wk\u0142ad zapewnia p\u0142ynne i wygodne pisanie, a minimalistyczny design dodaje zestawowi klasy.<\/p><p>Ca\u0142o\u015b\u0107 jest zapakowana w eleganckie pude\u0142ko, co czyni ten zestaw idealnym na prezent biznesowy lub upominek dla bliskiej osoby. Produkt mo\u017cna personalizowa\u0107, graweruj\u0105c logo lub dedykacj\u0119 na d\u0142ugopisie, pi\u00f3rze kulkowym lub pude\u0142ku, co podnosi jego warto\u015b\u0107 jako wyj\u0105tkowy, spersonalizowany prezent.<\/p><p>Wymiary produktu: 140 x \u2300 10 mm (d\u0142ugopis); 143 x \u2300 10 mm (pi\u00f3ro kulkowe); 180 x 55 x 24 mm (pude\u0142ko).<\/p>\t\t\t\t\t\t\t\t<\/div>\n\t\t\t\t<\/div>\n\t\t\t\t\t<\/div>\n\t\t<\/div>\n\t\t\t\t<div class=\"elementor-column elementor-col-50 elementor-top-column elementor-element elementor-element-67ea4a5\" data-id=\"67ea4a5\" data-element_type=\"column\">\n\t\t\t<div class=\"elementor-widget-wrap elementor-element-populated\">\n\t\t\t\t\t\t<div class=\"elementor-element elementor-element-ab1e6aa elementor-widget elementor-widget-image\" data-id=\"ab1e6aa\" data-element_type=\"widget\" data-widget_type=\"image.default\">\n\t\t\t\t<div class=\"elementor-widget-container\">\n\t\t\t\t\t\t\t\t\t\t\t\t\t\t\t<img loading=\"lazy\" loading=\"lazy\" decoding=\"async\" width=\"1024\" height=\"1024\" src=\"https:\/\/upominkiok.pl\/wp-content\/uploads\/2024\/09\/ekonomiczny-zestaw-dlugopis-pioro-kulkowe-srenrny-z-grawerem-na-prezent-upominkiok-3-1024x1024.jpg\" class=\"attachment-large size-large wp-image-5877\" alt=\"\" srcset=\"https:\/\/upominkiok.pl\/wp-content\/uploads\/2024\/09\/ekonomiczny-zestaw-dlugopis-pioro-kulkowe-srenrny-z-grawerem-na-prezent-upominkiok-3-1024x1024.jpg 1024w, https:\/\/upominkiok.pl\/wp-content\/uploads\/2024\/09\/ekonomiczny-zestaw-dlugopis-pioro-kulkowe-srenrny-z-grawerem-na-prezent-upominkiok-3-366x366.jpg 366w, https:\/\/upominkiok.pl\/wp-content\/uploads\/2024\/09\/ekonomiczny-zestaw-dlugopis-pioro-kulkowe-srenrny-z-grawerem-na-prezent-upominkiok-3-100x100.jpg 100w, https:\/\/upominkiok.pl\/wp-content\/uploads\/2024\/09\/ekonomiczny-zestaw-dlugopis-pioro-kulkowe-srenrny-z-grawerem-na-prezent-upominkiok-3-600x600.jpg 600w, https:\/\/upominkiok.pl\/wp-content\/uploads\/2024\/09\/ekonomiczny-zestaw-dlugopis-pioro-kulkowe-srenrny-z-grawerem-na-prezent-upominkiok-3-300x300.jpg 300w, https:\/\/upominkiok.pl\/wp-content\/uploads\/2024\/09\/ekonomiczny-zestaw-dlugopis-pioro-kulkowe-srenrny-z-grawerem-na-prezent-upominkiok-3-150x150.jpg 150w, https:\/\/upominkiok.pl\/wp-content\/uploads\/2024\/09\/ekonomiczny-zestaw-dlugopis-pioro-kulkowe-srenrny-z-grawerem-na-prezent-upominkiok-3-768x768.jpg 768w, https:\/\/upominkiok.pl\/wp-content\/uploads\/2024\/09\/ekonomiczny-zestaw-dlugopis-pioro-kulkowe-srenrny-z-grawerem-na-prezent-upominkiok-3-1x1.jpg 1w, https:\/\/upominkiok.pl\/wp-content\/uploads\/2024\/09\/ekonomiczny-zestaw-dlugopis-pioro-kulkowe-srenrny-z-grawerem-na-prezent-upominkiok-3-10x10.jpg 10w, https:\/\/upominkiok.pl\/wp-content\/uploads\/2024\/09\/ekonomiczny-zestaw-dlugopis-pioro-kulkowe-srenrny-z-grawerem-na-prezent-upominkiok-3.jpg 1181w\" sizes=\"auto, (max-width: 1024px) 100vw, 1024px\" \/>\t\t\t\t\t\t\t\t\t\t\t\t\t\t\t<\/div>\n\t\t\t\t<\/div>\n\t\t\t\t\t<\/div>\n\t\t<\/div>\n\t\t\t\t\t<\/div>\n\t\t<\/section>\n\t\t\t\t<\/div>\n\t\t","protected":false},"excerpt":{"rendered":"<div class=\"flex-shrink-0 flex flex-col relative items-end\">\n<div class=\"pt-0\">\n<div class=\"gizmo-bot-avatar flex h-8 w-8 items-center justify-center overflow-hidden rounded-full\">\n<div class=\"relative p-1 rounded-sm flex items-center justify-center bg-token-main-surface-primary text-token-text-primary h-8 w-8\">\n<div class=\"flex-shrink-0 flex flex-col relative items-end\">\n<div class=\"pt-0\">\n<div class=\"gizmo-bot-avatar flex h-8 w-8 items-center justify-center overflow-hidden rounded-full\">\n<div class=\"relative p-1 rounded-sm flex items-center justify-center bg-token-main-surface-primary text-token-text-primary h-8 w-8\">Elegancki zestaw pi\u015bmienniczy z d\u0142ugopisem i pi\u00f3rem kulkowym, wykonany z recyklingowanego aluminium, z niebieskim wk\u0142adem, to estetyczny i ekologiczny wyb\u00f3r na prezent.<\/div>\n<\/div>\n<\/div>\n<\/div>\n<\/div>\n<\/div>\n<\/div>\n<\/div>\n","protected":false},"featured_media":5878,"comment_status":"closed","ping_status":"closed","template":"","meta":[],"etheme_brands":[],"product_brand":[],"product_cat":[60,40],"product_tag":[],"class_list":{"0":"post-5863","1":"product","2":"type-product","3":"status-publish","4":"has-post-thumbnail","6":"product_cat-zestawy-pismiennicze-upominki-firmowe","7":"product_cat-upominki-firmowe","9":"first","10":"instock","11":"taxable","12":"shipping-taxable","13":"purchasable","14":"product-type-simple"},"_links":{"self":[{"href":"https:\/\/upominkiok.pl\/index.php?rest_route=\/wp\/v2\/product\/5863","targetHints":{"allow":["GET"]}}],"collection":[{"href":"https:\/\/upominkiok.pl\/index.php?rest_route=\/wp\/v2\/product"}],"about":[{"href":"https:\/\/upominkiok.pl\/index.php?rest_route=\/wp\/v2\/types\/product"}],"replies":[{"embeddable":true,"href":"https:\/\/upominkiok.pl\/index.php?rest_route=%2Fwp%2Fv2%2Fcomments&post=5863"}],"version-history":[{"count":14,"href":"https:\/\/upominkiok.pl\/index.php?rest_route=\/wp\/v2\/product\/5863\/revisions"}],"predecessor-version":[{"id":5970,"href":"https:\/\/upominkiok.pl\/index.php?rest_route=\/wp\/v2\/product\/5863\/revisions\/5970"}],"wp:featuredmedia":[{"embeddable":true,"href":"https:\/\/upominkiok.pl\/index.php?rest_route=\/wp\/v2\/media\/5878"}],"wp:attachment":[{"href":"https:\/\/upominkiok.pl\/index.php?rest_route=%2Fwp%2Fv2%2Fmedia&parent=5863"}],"wp:term":[{"taxonomy":"brand","embeddable":true,"href":"https:\/\/upominkiok.pl\/index.php?rest_route=%2Fwp%2Fv2%2Fetheme_brands&post=5863"},{"taxonomy":"product_brand","embeddable":true,"href":"https:\/\/upominkiok.pl\/index.php?rest_route=%2Fwp%2Fv2%2Fproduct_brand&post=5863"},{"taxonomy":"product_cat","embeddable":true,"href":"https:\/\/upominkiok.pl\/index.php?rest_route=%2Fwp%2Fv2%2Fproduct_cat&post=5863"},{"taxonomy":"product_tag","embeddable":true,"href":"https:\/\/upominkiok.pl\/index.php?rest_route=%2Fwp%2Fv2%2Fproduct_tag&post=5863"}],"curies":[{"name":"wp","href":"https:\/\/api.w.org\/{rel}","templated":true}]}}