{"id":5894,"date":"2024-09-08T06:54:06","date_gmt":"2024-09-08T04:54:06","guid":{"rendered":"http:\/\/upominkiok.pl\/?post_type=product&#038;p=5894"},"modified":"2024-09-08T07:20:19","modified_gmt":"2024-09-08T05:20:19","slug":"zestaw-pismienniczy-z-bambusem","status":"publish","type":"product","link":"https:\/\/upominkiok.pl\/?product=zestaw-pismienniczy-z-bambusem","title":{"rendered":"Zestaw Pi\u015bmienniczy z Bambusem"},"content":{"rendered":"\t\t<div data-elementor-type=\"wp-post\" data-elementor-id=\"5894\" class=\"elementor elementor-5894\" data-elementor-post-type=\"product\">\n\t\t\t\t\t\t<section class=\"elementor-section elementor-top-section elementor-element elementor-element-77c9109 elementor-section-content-top elementor-section-boxed elementor-section-height-default elementor-section-height-default\" data-id=\"77c9109\" data-element_type=\"section\">\n\t\t\t\t\t\t<div class=\"elementor-container elementor-column-gap-custom\">\n\t\t\t\t\t<div class=\"elementor-column elementor-col-50 elementor-top-column elementor-element elementor-element-4e6c717\" data-id=\"4e6c717\" data-element_type=\"column\">\n\t\t\t<div class=\"elementor-widget-wrap elementor-element-populated\">\n\t\t\t\t\t\t<div class=\"elementor-element elementor-element-677f358 elementor-widget elementor-widget-heading\" data-id=\"677f358\" data-element_type=\"widget\" data-widget_type=\"heading.default\">\n\t\t\t\t<div class=\"elementor-widget-container\">\n\t\t\t\t\t<h2 class=\"elementor-heading-title elementor-size-default\">Zestaw Pi\u015bmienniczy z Bambusem<\/h2>\t\t\t\t<\/div>\n\t\t\t\t<\/div>\n\t\t\t\t<div class=\"elementor-element elementor-element-79687b6 elementor-widget__width-initial elementor-widget elementor-widget-text-editor\" data-id=\"79687b6\" data-element_type=\"widget\" data-widget_type=\"text-editor.default\">\n\t\t\t\t<div class=\"elementor-widget-container\">\n\t\t\t\t\t\t\t\t\t<p>Zestaw pi\u015bmienniczy z bambusa to idealne po\u0142\u0105czenie elegancji i ekologii, sk\u0142adaj\u0105cy si\u0119 z d\u0142ugopisu oraz o\u0142\u00f3wka automatycznego. Korpus obu przybor\u00f3w wykonany jest z naturalnego bambusa, co dodaje im unikalnego, przyjaznego dla \u015brodowiska charakteru. Chromowane wyko\u0144czenia podkre\u015blaj\u0105 ich elegancj\u0119 i nowoczesny wygl\u0105d. D\u0142ugopis wyposa\u017cony jest w niebieski wk\u0142ad, natomiast o\u0142\u00f3wek automatyczny ma grubo\u015b\u0107 0,7 mm, zapewniaj\u0105c precyzyjne pisanie i rysowanie.<\/p><p>Ca\u0142o\u015b\u0107 jest starannie zapakowana w br\u0105zowy, ekologiczny kartonik z tektury, kt\u00f3ry dodatkowo podkre\u015bla warto\u015bci ekologiczne zestawu. Produkt mo\u017cna personalizowa\u0107 poprzez grawerowanie na d\u0142ugopisie i o\u0142\u00f3wku, co czyni go doskona\u0142ym wyborem na elegancki, spersonalizowany prezent.<\/p><p>Wymiary: 170 x 42 x 26 mm (pude\u0142ko); 140 x \u230011 mm (d\u0142ugopis, o\u0142\u00f3wek).<\/p>\t\t\t\t\t\t\t\t<\/div>\n\t\t\t\t<\/div>\n\t\t\t\t\t<\/div>\n\t\t<\/div>\n\t\t\t\t<div class=\"elementor-column elementor-col-50 elementor-top-column elementor-element elementor-element-67ea4a5\" data-id=\"67ea4a5\" data-element_type=\"column\">\n\t\t\t<div class=\"elementor-widget-wrap elementor-element-populated\">\n\t\t\t\t\t\t<div class=\"elementor-element elementor-element-ab1e6aa elementor-widget elementor-widget-image\" data-id=\"ab1e6aa\" data-element_type=\"widget\" data-widget_type=\"image.default\">\n\t\t\t\t<div class=\"elementor-widget-container\">\n\t\t\t\t\t\t\t\t\t\t\t\t\t\t\t<img loading=\"lazy\" loading=\"lazy\" decoding=\"async\" width=\"1024\" height=\"1024\" src=\"https:\/\/upominkiok.pl\/wp-content\/uploads\/2024\/09\/zestaw-dlugopis-olowek-w-bambusowej-oprawce-grawer-laserowy-logo-upominkiok-4-1024x1024.jpg\" class=\"attachment-large size-large wp-image-5898\" alt=\"\" srcset=\"https:\/\/upominkiok.pl\/wp-content\/uploads\/2024\/09\/zestaw-dlugopis-olowek-w-bambusowej-oprawce-grawer-laserowy-logo-upominkiok-4-1024x1024.jpg 1024w, https:\/\/upominkiok.pl\/wp-content\/uploads\/2024\/09\/zestaw-dlugopis-olowek-w-bambusowej-oprawce-grawer-laserowy-logo-upominkiok-4-366x366.jpg 366w, https:\/\/upominkiok.pl\/wp-content\/uploads\/2024\/09\/zestaw-dlugopis-olowek-w-bambusowej-oprawce-grawer-laserowy-logo-upominkiok-4-100x100.jpg 100w, https:\/\/upominkiok.pl\/wp-content\/uploads\/2024\/09\/zestaw-dlugopis-olowek-w-bambusowej-oprawce-grawer-laserowy-logo-upominkiok-4-600x600.jpg 600w, https:\/\/upominkiok.pl\/wp-content\/uploads\/2024\/09\/zestaw-dlugopis-olowek-w-bambusowej-oprawce-grawer-laserowy-logo-upominkiok-4-300x300.jpg 300w, https:\/\/upominkiok.pl\/wp-content\/uploads\/2024\/09\/zestaw-dlugopis-olowek-w-bambusowej-oprawce-grawer-laserowy-logo-upominkiok-4-150x150.jpg 150w, https:\/\/upominkiok.pl\/wp-content\/uploads\/2024\/09\/zestaw-dlugopis-olowek-w-bambusowej-oprawce-grawer-laserowy-logo-upominkiok-4-768x768.jpg 768w, https:\/\/upominkiok.pl\/wp-content\/uploads\/2024\/09\/zestaw-dlugopis-olowek-w-bambusowej-oprawce-grawer-laserowy-logo-upominkiok-4-1x1.jpg 1w, https:\/\/upominkiok.pl\/wp-content\/uploads\/2024\/09\/zestaw-dlugopis-olowek-w-bambusowej-oprawce-grawer-laserowy-logo-upominkiok-4-10x10.jpg 10w, https:\/\/upominkiok.pl\/wp-content\/uploads\/2024\/09\/zestaw-dlugopis-olowek-w-bambusowej-oprawce-grawer-laserowy-logo-upominkiok-4.jpg 1181w\" sizes=\"auto, (max-width: 1024px) 100vw, 1024px\" \/>\t\t\t\t\t\t\t\t\t\t\t\t\t\t\t<\/div>\n\t\t\t\t<\/div>\n\t\t\t\t\t<\/div>\n\t\t<\/div>\n\t\t\t\t\t<\/div>\n\t\t<\/section>\n\t\t\t\t<\/div>\n\t\t","protected":false},"excerpt":{"rendered":"<div class=\"flex-shrink-0 flex flex-col relative items-end\">\n<div class=\"pt-0\">\n<div class=\"gizmo-bot-avatar flex h-8 w-8 items-center justify-center overflow-hidden rounded-full\">\n<div class=\"relative p-1 rounded-sm flex items-center justify-center bg-token-main-surface-primary text-token-text-primary h-8 w-8\">\n<div class=\"flex-shrink-0 flex flex-col relative items-end\">\n<div class=\"pt-0\">\n<div class=\"gizmo-bot-avatar flex h-8 w-8 items-center justify-center overflow-hidden rounded-full\">\n<div class=\"relative p-1 rounded-sm flex items-center justify-center bg-token-main-surface-primary text-token-text-primary h-8 w-8\">\n<div class=\"flex-shrink-0 flex flex-col relative items-end\">\n<div>\n<div class=\"pt-0\">\n<div class=\"gizmo-bot-avatar flex h-8 w-8 items-center justify-center overflow-hidden rounded-full\">\n<div class=\"relative p-1 rounded-sm flex items-center justify-center bg-token-main-surface-primary text-token-text-primary h-8 w-8\">Zestaw pi\u015bmienniczy z bambusa, zawieraj\u0105cy d\u0142ugopis z niebieskim wk\u0142adem oraz o\u0142\u00f3wek automatyczny 0,7 mm, zapakowany w ekologiczne kartonowe opakowanie, to po\u0142\u0105czenie naturalnego designu i elegancji dzi\u0119ki chromowanym wyko\u0144czeniom.<\/div>\n<\/div>\n<\/div>\n<\/div>\n<\/div>\n<\/div>\n<\/div>\n<\/div>\n<\/div>\n<\/div>\n<\/div>\n<\/div>\n<\/div>\n","protected":false},"featured_media":5896,"comment_status":"closed","ping_status":"closed","template":"","meta":[],"etheme_brands":[],"product_brand":[],"product_cat":[60,40],"product_tag":[],"class_list":{"0":"post-5894","1":"product","2":"type-product","3":"status-publish","4":"has-post-thumbnail","6":"product_cat-zestawy-pismiennicze-upominki-firmowe","7":"product_cat-upominki-firmowe","9":"first","10":"instock","11":"taxable","12":"shipping-taxable","13":"purchasable","14":"product-type-simple"},"_links":{"self":[{"href":"https:\/\/upominkiok.pl\/index.php?rest_route=\/wp\/v2\/product\/5894","targetHints":{"allow":["GET"]}}],"collection":[{"href":"https:\/\/upominkiok.pl\/index.php?rest_route=\/wp\/v2\/product"}],"about":[{"href":"https:\/\/upominkiok.pl\/index.php?rest_route=\/wp\/v2\/types\/product"}],"replies":[{"embeddable":true,"href":"https:\/\/upominkiok.pl\/index.php?rest_route=%2Fwp%2Fv2%2Fcomments&post=5894"}],"version-history":[{"count":7,"href":"https:\/\/upominkiok.pl\/index.php?rest_route=\/wp\/v2\/product\/5894\/revisions"}],"predecessor-version":[{"id":5955,"href":"https:\/\/upominkiok.pl\/index.php?rest_route=\/wp\/v2\/product\/5894\/revisions\/5955"}],"wp:featuredmedia":[{"embeddable":true,"href":"https:\/\/upominkiok.pl\/index.php?rest_route=\/wp\/v2\/media\/5896"}],"wp:attachment":[{"href":"https:\/\/upominkiok.pl\/index.php?rest_route=%2Fwp%2Fv2%2Fmedia&parent=5894"}],"wp:term":[{"taxonomy":"brand","embeddable":true,"href":"https:\/\/upominkiok.pl\/index.php?rest_route=%2Fwp%2Fv2%2Fetheme_brands&post=5894"},{"taxonomy":"product_brand","embeddable":true,"href":"https:\/\/upominkiok.pl\/index.php?rest_route=%2Fwp%2Fv2%2Fproduct_brand&post=5894"},{"taxonomy":"product_cat","embeddable":true,"href":"https:\/\/upominkiok.pl\/index.php?rest_route=%2Fwp%2Fv2%2Fproduct_cat&post=5894"},{"taxonomy":"product_tag","embeddable":true,"href":"https:\/\/upominkiok.pl\/index.php?rest_route=%2Fwp%2Fv2%2Fproduct_tag&post=5894"}],"curies":[{"name":"wp","href":"https:\/\/api.w.org\/{rel}","templated":true}]}}