{"id":5933,"date":"2024-09-08T07:12:09","date_gmt":"2024-09-08T05:12:09","guid":{"rendered":"http:\/\/upominkiok.pl\/?post_type=product&#038;p=5933"},"modified":"2024-09-08T07:14:35","modified_gmt":"2024-09-08T05:14:35","slug":"codzienny-zestaw-pismienniczy-rozowy","status":"publish","type":"product","link":"https:\/\/upominkiok.pl\/?product=codzienny-zestaw-pismienniczy-rozowy","title":{"rendered":"Codzienny Zestaw Pi\u015bmienniczy R\u00f3\u017cowy"},"content":{"rendered":"\t\t<div data-elementor-type=\"wp-post\" data-elementor-id=\"5933\" class=\"elementor elementor-5933\" data-elementor-post-type=\"product\">\n\t\t\t\t\t\t<section class=\"elementor-section elementor-top-section elementor-element elementor-element-77c9109 elementor-section-content-top elementor-section-boxed elementor-section-height-default elementor-section-height-default\" data-id=\"77c9109\" data-element_type=\"section\">\n\t\t\t\t\t\t<div class=\"elementor-container elementor-column-gap-custom\">\n\t\t\t\t\t<div class=\"elementor-column elementor-col-50 elementor-top-column elementor-element elementor-element-4e6c717\" data-id=\"4e6c717\" data-element_type=\"column\">\n\t\t\t<div class=\"elementor-widget-wrap elementor-element-populated\">\n\t\t\t\t\t\t<div class=\"elementor-element elementor-element-677f358 elementor-widget elementor-widget-heading\" data-id=\"677f358\" data-element_type=\"widget\" data-widget_type=\"heading.default\">\n\t\t\t\t<div class=\"elementor-widget-container\">\n\t\t\t\t\t<h2 class=\"elementor-heading-title elementor-size-default\">Codzienny Zestaw Pi\u015bmienniczy R\u00f3\u017cowy<\/h2>\t\t\t\t<\/div>\n\t\t\t\t<\/div>\n\t\t\t\t<div class=\"elementor-element elementor-element-79687b6 elementor-widget__width-initial elementor-widget elementor-widget-text-editor\" data-id=\"79687b6\" data-element_type=\"widget\" data-widget_type=\"text-editor.default\">\n\t\t\t\t<div class=\"elementor-widget-container\">\n\t\t\t\t\t\t\t\t\t<p>Codzienny zestaw pi\u015bmienniczy to elegancki i funkcjonalny wyb\u00f3r, sk\u0142adaj\u0105cy si\u0119 z d\u0142ugopisu oraz pi\u00f3ra kulkowego, kt\u00f3re zosta\u0142y starannie wykonane z metalu. Przybory pi\u015bmiennicze s\u0105 zapakowane w kartonik o dopasowanym kolorze, wyko\u0144czony kolorowym papierem, kt\u00f3ry dodaje im nowoczesnego charakteru. D\u0142ugopis wyposa\u017cony jest w mechanizm typu twist, zapewniaj\u0105c p\u0142ynne pisanie, a wk\u0142ady zar\u00f3wno w d\u0142ugopisie, jak i pi\u00f3rze kulkowym s\u0105 w kolorze niebieskim.<\/p><p>Etui, wykonane z mocnej tektury, charakteryzuje si\u0119 soczystymi, modnymi kolorami, co sprawia, \u017ce zestaw jest nie tylko praktyczny, ale i stylowy. Dodatkowo, produkt mo\u017cna personalizowa\u0107 poprzez grawerowanie na d\u0142ugopisie i pi\u00f3rze kulkowym, co czyni go idealnym prezentem dla ka\u017cdego, kto ceni elegancj\u0119 i funkcjonalno\u015b\u0107.<\/p><p>Wymiary: 185 x 60 x 27 mm (pude\u0142ko); 140 x \u2300 11 mm (d\u0142ugopis, pi\u00f3ro kulkowe).<\/p>\t\t\t\t\t\t\t\t<\/div>\n\t\t\t\t<\/div>\n\t\t\t\t\t<\/div>\n\t\t<\/div>\n\t\t\t\t<div class=\"elementor-column elementor-col-50 elementor-top-column elementor-element elementor-element-67ea4a5\" data-id=\"67ea4a5\" data-element_type=\"column\">\n\t\t\t<div class=\"elementor-widget-wrap elementor-element-populated\">\n\t\t\t\t\t\t<div class=\"elementor-element elementor-element-ab1e6aa elementor-widget elementor-widget-image\" data-id=\"ab1e6aa\" data-element_type=\"widget\" data-widget_type=\"image.default\">\n\t\t\t\t<div class=\"elementor-widget-container\">\n\t\t\t\t\t\t\t\t\t\t\t\t\t\t\t<img loading=\"lazy\" loading=\"lazy\" decoding=\"async\" width=\"1024\" height=\"1024\" src=\"https:\/\/upominkiok.pl\/wp-content\/uploads\/2024\/09\/kolorowy-zestaw-dlugopis-i-pioro-kulkowe-aluminium-rozowy-grawer-laserem-logo-upominkiok-5-1024x1024.jpg\" class=\"attachment-large size-large wp-image-5937\" alt=\"\" srcset=\"https:\/\/upominkiok.pl\/wp-content\/uploads\/2024\/09\/kolorowy-zestaw-dlugopis-i-pioro-kulkowe-aluminium-rozowy-grawer-laserem-logo-upominkiok-5-1024x1024.jpg 1024w, https:\/\/upominkiok.pl\/wp-content\/uploads\/2024\/09\/kolorowy-zestaw-dlugopis-i-pioro-kulkowe-aluminium-rozowy-grawer-laserem-logo-upominkiok-5-366x366.jpg 366w, https:\/\/upominkiok.pl\/wp-content\/uploads\/2024\/09\/kolorowy-zestaw-dlugopis-i-pioro-kulkowe-aluminium-rozowy-grawer-laserem-logo-upominkiok-5-100x100.jpg 100w, https:\/\/upominkiok.pl\/wp-content\/uploads\/2024\/09\/kolorowy-zestaw-dlugopis-i-pioro-kulkowe-aluminium-rozowy-grawer-laserem-logo-upominkiok-5-600x600.jpg 600w, https:\/\/upominkiok.pl\/wp-content\/uploads\/2024\/09\/kolorowy-zestaw-dlugopis-i-pioro-kulkowe-aluminium-rozowy-grawer-laserem-logo-upominkiok-5-300x300.jpg 300w, https:\/\/upominkiok.pl\/wp-content\/uploads\/2024\/09\/kolorowy-zestaw-dlugopis-i-pioro-kulkowe-aluminium-rozowy-grawer-laserem-logo-upominkiok-5-150x150.jpg 150w, https:\/\/upominkiok.pl\/wp-content\/uploads\/2024\/09\/kolorowy-zestaw-dlugopis-i-pioro-kulkowe-aluminium-rozowy-grawer-laserem-logo-upominkiok-5-768x768.jpg 768w, https:\/\/upominkiok.pl\/wp-content\/uploads\/2024\/09\/kolorowy-zestaw-dlugopis-i-pioro-kulkowe-aluminium-rozowy-grawer-laserem-logo-upominkiok-5-1x1.jpg 1w, https:\/\/upominkiok.pl\/wp-content\/uploads\/2024\/09\/kolorowy-zestaw-dlugopis-i-pioro-kulkowe-aluminium-rozowy-grawer-laserem-logo-upominkiok-5-10x10.jpg 10w, https:\/\/upominkiok.pl\/wp-content\/uploads\/2024\/09\/kolorowy-zestaw-dlugopis-i-pioro-kulkowe-aluminium-rozowy-grawer-laserem-logo-upominkiok-5.jpg 1181w\" sizes=\"auto, (max-width: 1024px) 100vw, 1024px\" \/>\t\t\t\t\t\t\t\t\t\t\t\t\t\t\t<\/div>\n\t\t\t\t<\/div>\n\t\t\t\t\t<\/div>\n\t\t<\/div>\n\t\t\t\t\t<\/div>\n\t\t<\/section>\n\t\t\t\t<\/div>\n\t\t","protected":false},"excerpt":{"rendered":"<div class=\"flex-shrink-0 flex flex-col relative items-end\">\n<div class=\"pt-0\">\n<div class=\"gizmo-bot-avatar flex h-8 w-8 items-center justify-center overflow-hidden rounded-full\">\n<div class=\"relative p-1 rounded-sm flex items-center justify-center bg-token-main-surface-primary text-token-text-primary h-8 w-8\">\n<div class=\"flex-shrink-0 flex flex-col relative items-end\">\n<div class=\"pt-0\">\n<div class=\"gizmo-bot-avatar flex h-8 w-8 items-center justify-center overflow-hidden rounded-full\">\n<div class=\"relative p-1 rounded-sm flex items-center justify-center bg-token-main-surface-primary text-token-text-primary h-8 w-8\">\n<div class=\"flex-shrink-0 flex flex-col relative items-end\">\n<div class=\"pt-0\">\n<div class=\"gizmo-bot-avatar flex h-8 w-8 items-center justify-center overflow-hidden rounded-full\">\n<div class=\"relative p-1 rounded-sm flex items-center justify-center bg-token-main-surface-primary text-token-text-primary h-8 w-8\">Codzienny zestaw pi\u015bmienniczy, zawieraj\u0105cy d\u0142ugopis z mechanizmem typu twist i pi\u00f3ro kulkowe, wykonane z metalu i zapakowane w kolorowe etui z mocnej tektury, \u0142\u0105czy elegancj\u0119 z modnymi, soczystymi kolorami oraz niebieskimi wk\u0142adami.<\/div>\n<\/div>\n<\/div>\n<\/div>\n<\/div>\n<\/div>\n<\/div>\n<\/div>\n<\/div>\n<\/div>\n<\/div>\n<\/div>\n","protected":false},"featured_media":5934,"comment_status":"closed","ping_status":"closed","template":"","meta":[],"etheme_brands":[],"product_brand":[],"product_cat":[60,40],"product_tag":[],"class_list":{"0":"post-5933","1":"product","2":"type-product","3":"status-publish","4":"has-post-thumbnail","6":"product_cat-zestawy-pismiennicze-upominki-firmowe","7":"product_cat-upominki-firmowe","9":"first","10":"instock","11":"taxable","12":"shipping-taxable","13":"purchasable","14":"product-type-simple"},"_links":{"self":[{"href":"https:\/\/upominkiok.pl\/index.php?rest_route=\/wp\/v2\/product\/5933","targetHints":{"allow":["GET"]}}],"collection":[{"href":"https:\/\/upominkiok.pl\/index.php?rest_route=\/wp\/v2\/product"}],"about":[{"href":"https:\/\/upominkiok.pl\/index.php?rest_route=\/wp\/v2\/types\/product"}],"replies":[{"embeddable":true,"href":"https:\/\/upominkiok.pl\/index.php?rest_route=%2Fwp%2Fv2%2Fcomments&post=5933"}],"version-history":[{"count":7,"href":"https:\/\/upominkiok.pl\/index.php?rest_route=\/wp\/v2\/product\/5933\/revisions"}],"predecessor-version":[{"id":5945,"href":"https:\/\/upominkiok.pl\/index.php?rest_route=\/wp\/v2\/product\/5933\/revisions\/5945"}],"wp:featuredmedia":[{"embeddable":true,"href":"https:\/\/upominkiok.pl\/index.php?rest_route=\/wp\/v2\/media\/5934"}],"wp:attachment":[{"href":"https:\/\/upominkiok.pl\/index.php?rest_route=%2Fwp%2Fv2%2Fmedia&parent=5933"}],"wp:term":[{"taxonomy":"brand","embeddable":true,"href":"https:\/\/upominkiok.pl\/index.php?rest_route=%2Fwp%2Fv2%2Fetheme_brands&post=5933"},{"taxonomy":"product_brand","embeddable":true,"href":"https:\/\/upominkiok.pl\/index.php?rest_route=%2Fwp%2Fv2%2Fproduct_brand&post=5933"},{"taxonomy":"product_cat","embeddable":true,"href":"https:\/\/upominkiok.pl\/index.php?rest_route=%2Fwp%2Fv2%2Fproduct_cat&post=5933"},{"taxonomy":"product_tag","embeddable":true,"href":"https:\/\/upominkiok.pl\/index.php?rest_route=%2Fwp%2Fv2%2Fproduct_tag&post=5933"}],"curies":[{"name":"wp","href":"https:\/\/api.w.org\/{rel}","templated":true}]}}