{"id":6005,"date":"2024-09-08T07:54:41","date_gmt":"2024-09-08T05:54:41","guid":{"rendered":"http:\/\/upominkiok.pl\/?post_type=product&#038;p=6005"},"modified":"2024-09-08T07:59:09","modified_gmt":"2024-09-08T05:59:09","slug":"kubek-termiczny-z-korkiem-350ml","status":"publish","type":"product","link":"https:\/\/upominkiok.pl\/?product=kubek-termiczny-z-korkiem-350ml","title":{"rendered":"Kubek Termiczny z Korkiem 350ml"},"content":{"rendered":"\t\t<div data-elementor-type=\"wp-post\" data-elementor-id=\"6005\" class=\"elementor elementor-6005\" data-elementor-post-type=\"product\">\n\t\t\t\t\t\t<section class=\"elementor-section elementor-top-section elementor-element elementor-element-77c9109 elementor-section-content-top elementor-section-boxed elementor-section-height-default elementor-section-height-default\" data-id=\"77c9109\" data-element_type=\"section\">\n\t\t\t\t\t\t<div class=\"elementor-container elementor-column-gap-custom\">\n\t\t\t\t\t<div class=\"elementor-column elementor-col-50 elementor-top-column elementor-element elementor-element-4e6c717\" data-id=\"4e6c717\" data-element_type=\"column\">\n\t\t\t<div class=\"elementor-widget-wrap elementor-element-populated\">\n\t\t\t\t\t\t<div class=\"elementor-element elementor-element-677f358 elementor-widget elementor-widget-heading\" data-id=\"677f358\" data-element_type=\"widget\" data-widget_type=\"heading.default\">\n\t\t\t\t<div class=\"elementor-widget-container\">\n\t\t\t\t\t<h2 class=\"elementor-heading-title elementor-size-default\">Kubek Termiczny z Korkiem 350ml<\/h2>\t\t\t\t<\/div>\n\t\t\t\t<\/div>\n\t\t\t\t<div class=\"elementor-element elementor-element-79687b6 elementor-widget__width-initial elementor-widget elementor-widget-text-editor\" data-id=\"79687b6\" data-element_type=\"widget\" data-widget_type=\"text-editor.default\">\n\t\t\t\t<div class=\"elementor-widget-container\">\n\t\t\t\t\t\t\t\t\t<p>Kubek termoizolacyjny \u0142\u0105czy elegancj\u0119 klasycznego designu z nowoczesn\u0105 funkcjonalno\u015bci\u0105, oferuj\u0105c wyj\u0105tkow\u0105 termoizolacj\u0119, kt\u00f3ra utrzymuje temperatur\u0119 napoju przez d\u0142u\u017cszy czas. Wykonany z wysokiej jako\u015bci stali nierdzewnej, kubek wyr\u00f3\u017cnia si\u0119 oryginalnym po\u0142\u0105czeniem czerni z korkowym elementem, kt\u00f3ry dodaje mu nowoczesnego charakteru.<\/p><p>Bezpieczne zamkni\u0119cie z tworzywa skutecznie zapobiega przypadkowemu wylaniu si\u0119 p\u0142yn\u00f3w, zapewniaj\u0105c wygod\u0119 u\u017cytkowania.<\/p><p>Idealny do codziennego u\u017cytku oraz jako elegancki prezent, kubek mo\u017cna spersonalizowa\u0107 poprzez grawerowanie, co czyni go jeszcze bardziej unikalnym.<\/p><p>Wymiary: \u2300 88 x 117 mm.<\/p>\t\t\t\t\t\t\t\t<\/div>\n\t\t\t\t<\/div>\n\t\t\t\t\t<\/div>\n\t\t<\/div>\n\t\t\t\t<div class=\"elementor-column elementor-col-50 elementor-top-column elementor-element elementor-element-67ea4a5\" data-id=\"67ea4a5\" data-element_type=\"column\">\n\t\t\t<div class=\"elementor-widget-wrap elementor-element-populated\">\n\t\t\t\t\t\t<div class=\"elementor-element elementor-element-ab1e6aa elementor-widget elementor-widget-image\" data-id=\"ab1e6aa\" data-element_type=\"widget\" data-widget_type=\"image.default\">\n\t\t\t\t<div class=\"elementor-widget-container\">\n\t\t\t\t\t\t\t\t\t\t\t\t\t\t\t<img loading=\"lazy\" loading=\"lazy\" decoding=\"async\" width=\"1024\" height=\"1024\" src=\"https:\/\/upominkiok.pl\/wp-content\/uploads\/2024\/09\/kubek-termiczny-podstawa-bambusowa-przykrywka-piekny-grawer-na-prezent-upominkiok-6-1024x1024.jpg\" class=\"attachment-large size-large wp-image-6013\" alt=\"\" srcset=\"https:\/\/upominkiok.pl\/wp-content\/uploads\/2024\/09\/kubek-termiczny-podstawa-bambusowa-przykrywka-piekny-grawer-na-prezent-upominkiok-6-1024x1024.jpg 1024w, https:\/\/upominkiok.pl\/wp-content\/uploads\/2024\/09\/kubek-termiczny-podstawa-bambusowa-przykrywka-piekny-grawer-na-prezent-upominkiok-6-366x366.jpg 366w, https:\/\/upominkiok.pl\/wp-content\/uploads\/2024\/09\/kubek-termiczny-podstawa-bambusowa-przykrywka-piekny-grawer-na-prezent-upominkiok-6-100x100.jpg 100w, https:\/\/upominkiok.pl\/wp-content\/uploads\/2024\/09\/kubek-termiczny-podstawa-bambusowa-przykrywka-piekny-grawer-na-prezent-upominkiok-6-600x600.jpg 600w, https:\/\/upominkiok.pl\/wp-content\/uploads\/2024\/09\/kubek-termiczny-podstawa-bambusowa-przykrywka-piekny-grawer-na-prezent-upominkiok-6-300x300.jpg 300w, https:\/\/upominkiok.pl\/wp-content\/uploads\/2024\/09\/kubek-termiczny-podstawa-bambusowa-przykrywka-piekny-grawer-na-prezent-upominkiok-6-150x150.jpg 150w, https:\/\/upominkiok.pl\/wp-content\/uploads\/2024\/09\/kubek-termiczny-podstawa-bambusowa-przykrywka-piekny-grawer-na-prezent-upominkiok-6-768x768.jpg 768w, https:\/\/upominkiok.pl\/wp-content\/uploads\/2024\/09\/kubek-termiczny-podstawa-bambusowa-przykrywka-piekny-grawer-na-prezent-upominkiok-6-1x1.jpg 1w, https:\/\/upominkiok.pl\/wp-content\/uploads\/2024\/09\/kubek-termiczny-podstawa-bambusowa-przykrywka-piekny-grawer-na-prezent-upominkiok-6-10x10.jpg 10w, https:\/\/upominkiok.pl\/wp-content\/uploads\/2024\/09\/kubek-termiczny-podstawa-bambusowa-przykrywka-piekny-grawer-na-prezent-upominkiok-6.jpg 1181w\" sizes=\"auto, (max-width: 1024px) 100vw, 1024px\" \/>\t\t\t\t\t\t\t\t\t\t\t\t\t\t\t<\/div>\n\t\t\t\t<\/div>\n\t\t\t\t\t<\/div>\n\t\t<\/div>\n\t\t\t\t\t<\/div>\n\t\t<\/section>\n\t\t\t\t<\/div>\n\t\t","protected":false},"excerpt":{"rendered":"<p>Kubek \u0142\u0105czy klasyczny design z nowoczesn\u0105 termoizolacj\u0105, oferuj\u0105c oryginalne po\u0142\u0105czenie czerni z korkowym elementem oraz bezpieczne zamkni\u0119cie z tworzywa, wykonany z wysokiej jako\u015bci stali nierdzewnej.<\/p>\n","protected":false},"featured_media":6009,"comment_status":"closed","ping_status":"closed","template":"","meta":[],"etheme_brands":[],"product_brand":[],"product_cat":[56,40],"product_tag":[],"class_list":{"0":"post-6005","1":"product","2":"type-product","3":"status-publish","4":"has-post-thumbnail","6":"product_cat-kubki","7":"product_cat-upominki-firmowe","9":"first","10":"instock","11":"taxable","12":"shipping-taxable","13":"purchasable","14":"product-type-simple"},"_links":{"self":[{"href":"https:\/\/upominkiok.pl\/index.php?rest_route=\/wp\/v2\/product\/6005","targetHints":{"allow":["GET"]}}],"collection":[{"href":"https:\/\/upominkiok.pl\/index.php?rest_route=\/wp\/v2\/product"}],"about":[{"href":"https:\/\/upominkiok.pl\/index.php?rest_route=\/wp\/v2\/types\/product"}],"replies":[{"embeddable":true,"href":"https:\/\/upominkiok.pl\/index.php?rest_route=%2Fwp%2Fv2%2Fcomments&post=6005"}],"version-history":[{"count":4,"href":"https:\/\/upominkiok.pl\/index.php?rest_route=\/wp\/v2\/product\/6005\/revisions"}],"predecessor-version":[{"id":6018,"href":"https:\/\/upominkiok.pl\/index.php?rest_route=\/wp\/v2\/product\/6005\/revisions\/6018"}],"wp:featuredmedia":[{"embeddable":true,"href":"https:\/\/upominkiok.pl\/index.php?rest_route=\/wp\/v2\/media\/6009"}],"wp:attachment":[{"href":"https:\/\/upominkiok.pl\/index.php?rest_route=%2Fwp%2Fv2%2Fmedia&parent=6005"}],"wp:term":[{"taxonomy":"brand","embeddable":true,"href":"https:\/\/upominkiok.pl\/index.php?rest_route=%2Fwp%2Fv2%2Fetheme_brands&post=6005"},{"taxonomy":"product_brand","embeddable":true,"href":"https:\/\/upominkiok.pl\/index.php?rest_route=%2Fwp%2Fv2%2Fproduct_brand&post=6005"},{"taxonomy":"product_cat","embeddable":true,"href":"https:\/\/upominkiok.pl\/index.php?rest_route=%2Fwp%2Fv2%2Fproduct_cat&post=6005"},{"taxonomy":"product_tag","embeddable":true,"href":"https:\/\/upominkiok.pl\/index.php?rest_route=%2Fwp%2Fv2%2Fproduct_tag&post=6005"}],"curies":[{"name":"wp","href":"https:\/\/api.w.org\/{rel}","templated":true}]}}