{"id":6019,"date":"2024-09-09T06:18:18","date_gmt":"2024-09-09T04:18:18","guid":{"rendered":"http:\/\/upominkiok.pl\/?post_type=product&#038;p=6019"},"modified":"2024-09-09T06:24:28","modified_gmt":"2024-09-09T04:24:28","slug":"podrozny-kubek-termiczny-czarny","status":"publish","type":"product","link":"https:\/\/upominkiok.pl\/?product=podrozny-kubek-termiczny-czarny","title":{"rendered":"Podr\u00f3\u017cny Kubek Termiczny Czarny"},"content":{"rendered":"\t\t<div data-elementor-type=\"wp-post\" data-elementor-id=\"6019\" class=\"elementor elementor-6019\" data-elementor-post-type=\"product\">\n\t\t\t\t\t\t<section class=\"elementor-section elementor-top-section elementor-element elementor-element-77c9109 elementor-section-content-top elementor-section-boxed elementor-section-height-default elementor-section-height-default\" data-id=\"77c9109\" data-element_type=\"section\">\n\t\t\t\t\t\t<div class=\"elementor-container elementor-column-gap-custom\">\n\t\t\t\t\t<div class=\"elementor-column elementor-col-50 elementor-top-column elementor-element elementor-element-4e6c717\" data-id=\"4e6c717\" data-element_type=\"column\">\n\t\t\t<div class=\"elementor-widget-wrap elementor-element-populated\">\n\t\t\t\t\t\t<div class=\"elementor-element elementor-element-677f358 elementor-widget elementor-widget-heading\" data-id=\"677f358\" data-element_type=\"widget\" data-widget_type=\"heading.default\">\n\t\t\t\t<div class=\"elementor-widget-container\">\n\t\t\t\t\t<h2 class=\"elementor-heading-title elementor-size-default\">Podr\u00f3\u017cny Kubek Termiczny Czarny<\/h2>\t\t\t\t<\/div>\n\t\t\t\t<\/div>\n\t\t\t\t<div class=\"elementor-element elementor-element-79687b6 elementor-widget__width-initial elementor-widget elementor-widget-text-editor\" data-id=\"79687b6\" data-element_type=\"widget\" data-widget_type=\"text-editor.default\">\n\t\t\t\t<div class=\"elementor-widget-container\">\n\t\t\t\t\t\t\t\t\t<p>Podr\u00f3\u017cny kubek termiczny o pojemno\u015bci 350 ml to idealny wyb\u00f3r dla os\u00f3b ceni\u0105cych zar\u00f3wno funkcjonalno\u015b\u0107, jak i elegancki design. Wyposa\u017cony w blokad\u0119 zamkni\u0119cia, kt\u00f3ra zapobiega przypadkowemu otwarciu ustnika, zapewnia wygod\u0119 u\u017cytkowania w ka\u017cdej sytuacji.<\/p><p>Dodatkowe sitko na li\u015bcie herbaty sprawia, \u017ce kubek doskonale sprawdzi si\u0119 r\u00f3wnie\u017c u mi\u0142o\u015bnik\u00f3w herbaty. Dzi\u0119ki izolacji pr\u00f3\u017cniowej utrzymuje temperatur\u0119 napoju przez ponad 13 godzin, a wn\u0119trze wykonane z wysokiej jako\u015bci stali nierdzewnej gwarantuje trwa\u0142o\u015b\u0107 i bezpiecze\u0144stwo.<\/p><p>Wymiary kubka to \u2300 78 x 180 mm. Mo\u017cliwo\u015b\u0107 grawerowania czyni go idealnym produktem na prezent lub gad\u017cet reklamowy.<\/p>\t\t\t\t\t\t\t\t<\/div>\n\t\t\t\t<\/div>\n\t\t\t\t\t<\/div>\n\t\t<\/div>\n\t\t\t\t<div class=\"elementor-column elementor-col-50 elementor-top-column elementor-element elementor-element-67ea4a5\" data-id=\"67ea4a5\" data-element_type=\"column\">\n\t\t\t<div class=\"elementor-widget-wrap elementor-element-populated\">\n\t\t\t\t\t\t<div class=\"elementor-element elementor-element-ab1e6aa elementor-widget elementor-widget-image\" data-id=\"ab1e6aa\" data-element_type=\"widget\" data-widget_type=\"image.default\">\n\t\t\t\t<div class=\"elementor-widget-container\">\n\t\t\t\t\t\t\t\t\t\t\t\t\t\t\t<img loading=\"lazy\" loading=\"lazy\" decoding=\"async\" width=\"1024\" height=\"1024\" src=\"https:\/\/upominkiok.pl\/wp-content\/uploads\/2024\/09\/kubek-termiczny-w-kolorze-CZARNYM-poreczny-350ml-z-Twoim-grawerem-upominkiok-4-1024x1024.jpg\" class=\"attachment-large size-large wp-image-6023\" alt=\"\" srcset=\"https:\/\/upominkiok.pl\/wp-content\/uploads\/2024\/09\/kubek-termiczny-w-kolorze-CZARNYM-poreczny-350ml-z-Twoim-grawerem-upominkiok-4-1024x1024.jpg 1024w, https:\/\/upominkiok.pl\/wp-content\/uploads\/2024\/09\/kubek-termiczny-w-kolorze-CZARNYM-poreczny-350ml-z-Twoim-grawerem-upominkiok-4-366x366.jpg 366w, https:\/\/upominkiok.pl\/wp-content\/uploads\/2024\/09\/kubek-termiczny-w-kolorze-CZARNYM-poreczny-350ml-z-Twoim-grawerem-upominkiok-4-100x100.jpg 100w, https:\/\/upominkiok.pl\/wp-content\/uploads\/2024\/09\/kubek-termiczny-w-kolorze-CZARNYM-poreczny-350ml-z-Twoim-grawerem-upominkiok-4-600x600.jpg 600w, https:\/\/upominkiok.pl\/wp-content\/uploads\/2024\/09\/kubek-termiczny-w-kolorze-CZARNYM-poreczny-350ml-z-Twoim-grawerem-upominkiok-4-300x300.jpg 300w, https:\/\/upominkiok.pl\/wp-content\/uploads\/2024\/09\/kubek-termiczny-w-kolorze-CZARNYM-poreczny-350ml-z-Twoim-grawerem-upominkiok-4-150x150.jpg 150w, https:\/\/upominkiok.pl\/wp-content\/uploads\/2024\/09\/kubek-termiczny-w-kolorze-CZARNYM-poreczny-350ml-z-Twoim-grawerem-upominkiok-4-768x768.jpg 768w, https:\/\/upominkiok.pl\/wp-content\/uploads\/2024\/09\/kubek-termiczny-w-kolorze-CZARNYM-poreczny-350ml-z-Twoim-grawerem-upominkiok-4-1x1.jpg 1w, https:\/\/upominkiok.pl\/wp-content\/uploads\/2024\/09\/kubek-termiczny-w-kolorze-CZARNYM-poreczny-350ml-z-Twoim-grawerem-upominkiok-4-10x10.jpg 10w, https:\/\/upominkiok.pl\/wp-content\/uploads\/2024\/09\/kubek-termiczny-w-kolorze-CZARNYM-poreczny-350ml-z-Twoim-grawerem-upominkiok-4.jpg 1181w\" sizes=\"auto, (max-width: 1024px) 100vw, 1024px\" \/>\t\t\t\t\t\t\t\t\t\t\t\t\t\t\t<\/div>\n\t\t\t\t<\/div>\n\t\t\t\t\t<\/div>\n\t\t<\/div>\n\t\t\t\t\t<\/div>\n\t\t<\/section>\n\t\t\t\t<\/div>\n\t\t","protected":false},"excerpt":{"rendered":"<p>Podr\u00f3\u017cny kubek termiczny 350 ml z blokad\u0105 zamkni\u0119cia i sitkiem do herbaty, utrzymuj\u0105cy temperatur\u0119 napoju przez ponad 13 godzin.<\/p>\n","protected":false},"featured_media":6020,"comment_status":"closed","ping_status":"closed","template":"","meta":[],"etheme_brands":[],"product_brand":[],"product_cat":[56,40],"product_tag":[],"class_list":{"0":"post-6019","1":"product","2":"type-product","3":"status-publish","4":"has-post-thumbnail","6":"product_cat-kubki","7":"product_cat-upominki-firmowe","9":"first","10":"instock","11":"taxable","12":"shipping-taxable","13":"purchasable","14":"product-type-simple"},"_links":{"self":[{"href":"https:\/\/upominkiok.pl\/index.php?rest_route=\/wp\/v2\/product\/6019","targetHints":{"allow":["GET"]}}],"collection":[{"href":"https:\/\/upominkiok.pl\/index.php?rest_route=\/wp\/v2\/product"}],"about":[{"href":"https:\/\/upominkiok.pl\/index.php?rest_route=\/wp\/v2\/types\/product"}],"replies":[{"embeddable":true,"href":"https:\/\/upominkiok.pl\/index.php?rest_route=%2Fwp%2Fv2%2Fcomments&post=6019"}],"version-history":[{"count":4,"href":"https:\/\/upominkiok.pl\/index.php?rest_route=\/wp\/v2\/product\/6019\/revisions"}],"predecessor-version":[{"id":6030,"href":"https:\/\/upominkiok.pl\/index.php?rest_route=\/wp\/v2\/product\/6019\/revisions\/6030"}],"wp:featuredmedia":[{"embeddable":true,"href":"https:\/\/upominkiok.pl\/index.php?rest_route=\/wp\/v2\/media\/6020"}],"wp:attachment":[{"href":"https:\/\/upominkiok.pl\/index.php?rest_route=%2Fwp%2Fv2%2Fmedia&parent=6019"}],"wp:term":[{"taxonomy":"brand","embeddable":true,"href":"https:\/\/upominkiok.pl\/index.php?rest_route=%2Fwp%2Fv2%2Fetheme_brands&post=6019"},{"taxonomy":"product_brand","embeddable":true,"href":"https:\/\/upominkiok.pl\/index.php?rest_route=%2Fwp%2Fv2%2Fproduct_brand&post=6019"},{"taxonomy":"product_cat","embeddable":true,"href":"https:\/\/upominkiok.pl\/index.php?rest_route=%2Fwp%2Fv2%2Fproduct_cat&post=6019"},{"taxonomy":"product_tag","embeddable":true,"href":"https:\/\/upominkiok.pl\/index.php?rest_route=%2Fwp%2Fv2%2Fproduct_tag&post=6019"}],"curies":[{"name":"wp","href":"https:\/\/api.w.org\/{rel}","templated":true}]}}