{"id":6055,"date":"2024-09-09T06:35:07","date_gmt":"2024-09-09T04:35:07","guid":{"rendered":"http:\/\/upominkiok.pl\/?post_type=product&#038;p=6055"},"modified":"2024-09-09T06:40:13","modified_gmt":"2024-09-09T04:40:13","slug":"narzedzie-wielofunkcyjne","status":"publish","type":"product","link":"https:\/\/upominkiok.pl\/?product=narzedzie-wielofunkcyjne","title":{"rendered":"Narz\u0119dzie Wielofunkcyjne"},"content":{"rendered":"\t\t<div data-elementor-type=\"wp-post\" data-elementor-id=\"6055\" class=\"elementor elementor-6055\" data-elementor-post-type=\"product\">\n\t\t\t\t\t\t<section class=\"elementor-section elementor-top-section elementor-element elementor-element-77c9109 elementor-section-content-top elementor-section-boxed elementor-section-height-default elementor-section-height-default\" data-id=\"77c9109\" data-element_type=\"section\">\n\t\t\t\t\t\t<div class=\"elementor-container elementor-column-gap-custom\">\n\t\t\t\t\t<div class=\"elementor-column elementor-col-50 elementor-top-column elementor-element elementor-element-4e6c717\" data-id=\"4e6c717\" data-element_type=\"column\">\n\t\t\t<div class=\"elementor-widget-wrap elementor-element-populated\">\n\t\t\t\t\t\t<div class=\"elementor-element elementor-element-677f358 elementor-widget elementor-widget-heading\" data-id=\"677f358\" data-element_type=\"widget\" data-widget_type=\"heading.default\">\n\t\t\t\t<div class=\"elementor-widget-container\">\n\t\t\t\t\t<h2 class=\"elementor-heading-title elementor-size-default\">Narz\u0119dzie Wielofunkcyjne<\/h2>\t\t\t\t<\/div>\n\t\t\t\t<\/div>\n\t\t\t\t<div class=\"elementor-element elementor-element-79687b6 elementor-widget__width-initial elementor-widget elementor-widget-text-editor\" data-id=\"79687b6\" data-element_type=\"widget\" data-widget_type=\"text-editor.default\">\n\t\t\t\t<div class=\"elementor-widget-container\">\n\t\t\t\t\t\t\t\t\t<p>Narz\u0119dzie wielofunkcyjne to wszechstronny gad\u017cet, kt\u00f3ry sprawdzi si\u0119 zar\u00f3wno podczas rowerowych wycieczek, jak i w codziennych sytuacjach.<\/p><p>Wyposa\u017cone w no\u017cyk, \u015brubokr\u0119ty oraz klucze sze\u015bciok\u0105tne o r\u00f3\u017cnych rozmiarach, b\u0119dzie niezast\u0105pione w wielu sytuacjach wymagaj\u0105cych szybkiej naprawy lub regulacji.<\/p><p>Kompaktowe wymiary 107 x 62 x 2 mm sprawiaj\u0105, \u017ce \u0142atwo zmie\u015bci si\u0119 w kieszeni lub plecaku. Produkt pakowany jest w eleganck\u0105 kopert\u0119, co czyni go r\u00f3wnie\u017c doskona\u0142ym prezentem. Mo\u017cliwo\u015b\u0107 grawerowania logo sprawia, \u017ce narz\u0119dzie jest idealne na firmowe upominki.<\/p>\t\t\t\t\t\t\t\t<\/div>\n\t\t\t\t<\/div>\n\t\t\t\t\t<\/div>\n\t\t<\/div>\n\t\t\t\t<div class=\"elementor-column elementor-col-50 elementor-top-column elementor-element elementor-element-67ea4a5\" data-id=\"67ea4a5\" data-element_type=\"column\">\n\t\t\t<div class=\"elementor-widget-wrap elementor-element-populated\">\n\t\t\t\t\t\t<div class=\"elementor-element elementor-element-ab1e6aa elementor-widget elementor-widget-image\" data-id=\"ab1e6aa\" data-element_type=\"widget\" data-widget_type=\"image.default\">\n\t\t\t\t<div class=\"elementor-widget-container\">\n\t\t\t\t\t\t\t\t\t\t\t\t\t\t\t<img loading=\"lazy\" loading=\"lazy\" decoding=\"async\" width=\"1024\" height=\"1024\" src=\"https:\/\/upominkiok.pl\/wp-content\/uploads\/2024\/09\/narzedzie-wielofunkcyjne-naprawa-roweru-opakowanie-kartonik-1-1024x1024.jpg\" class=\"attachment-large size-large wp-image-6056\" alt=\"\" srcset=\"https:\/\/upominkiok.pl\/wp-content\/uploads\/2024\/09\/narzedzie-wielofunkcyjne-naprawa-roweru-opakowanie-kartonik-1-1024x1024.jpg 1024w, https:\/\/upominkiok.pl\/wp-content\/uploads\/2024\/09\/narzedzie-wielofunkcyjne-naprawa-roweru-opakowanie-kartonik-1-366x366.jpg 366w, https:\/\/upominkiok.pl\/wp-content\/uploads\/2024\/09\/narzedzie-wielofunkcyjne-naprawa-roweru-opakowanie-kartonik-1-100x100.jpg 100w, https:\/\/upominkiok.pl\/wp-content\/uploads\/2024\/09\/narzedzie-wielofunkcyjne-naprawa-roweru-opakowanie-kartonik-1-600x600.jpg 600w, https:\/\/upominkiok.pl\/wp-content\/uploads\/2024\/09\/narzedzie-wielofunkcyjne-naprawa-roweru-opakowanie-kartonik-1-300x300.jpg 300w, https:\/\/upominkiok.pl\/wp-content\/uploads\/2024\/09\/narzedzie-wielofunkcyjne-naprawa-roweru-opakowanie-kartonik-1-150x150.jpg 150w, https:\/\/upominkiok.pl\/wp-content\/uploads\/2024\/09\/narzedzie-wielofunkcyjne-naprawa-roweru-opakowanie-kartonik-1-768x768.jpg 768w, https:\/\/upominkiok.pl\/wp-content\/uploads\/2024\/09\/narzedzie-wielofunkcyjne-naprawa-roweru-opakowanie-kartonik-1-1x1.jpg 1w, https:\/\/upominkiok.pl\/wp-content\/uploads\/2024\/09\/narzedzie-wielofunkcyjne-naprawa-roweru-opakowanie-kartonik-1-10x10.jpg 10w, https:\/\/upominkiok.pl\/wp-content\/uploads\/2024\/09\/narzedzie-wielofunkcyjne-naprawa-roweru-opakowanie-kartonik-1.jpg 1181w\" sizes=\"auto, (max-width: 1024px) 100vw, 1024px\" \/>\t\t\t\t\t\t\t\t\t\t\t\t\t\t\t<\/div>\n\t\t\t\t<\/div>\n\t\t\t\t\t<\/div>\n\t\t<\/div>\n\t\t\t\t\t<\/div>\n\t\t<\/section>\n\t\t\t\t<\/div>\n\t\t","protected":false},"excerpt":{"rendered":"<p>Narz\u0119dzie wielofunkcyjne to praktyczny gad\u017cet z no\u017cykiem, \u015brubokr\u0119tami i kluczami sze\u015bciok\u0105tnymi, idealny zar\u00f3wno na rowerowe wycieczki, jak i do codziennego u\u017cytku.<\/p>\n","protected":false},"featured_media":6060,"comment_status":"closed","ping_status":"closed","template":"","meta":[],"etheme_brands":[],"product_brand":[],"product_cat":[68,40],"product_tag":[],"class_list":{"0":"post-6055","1":"product","2":"type-product","3":"status-publish","4":"has-post-thumbnail","6":"product_cat-narzedzia","7":"product_cat-upominki-firmowe","9":"first","10":"instock","11":"taxable","12":"shipping-taxable","13":"purchasable","14":"product-type-simple"},"_links":{"self":[{"href":"https:\/\/upominkiok.pl\/index.php?rest_route=\/wp\/v2\/product\/6055","targetHints":{"allow":["GET"]}}],"collection":[{"href":"https:\/\/upominkiok.pl\/index.php?rest_route=\/wp\/v2\/product"}],"about":[{"href":"https:\/\/upominkiok.pl\/index.php?rest_route=\/wp\/v2\/types\/product"}],"replies":[{"embeddable":true,"href":"https:\/\/upominkiok.pl\/index.php?rest_route=%2Fwp%2Fv2%2Fcomments&post=6055"}],"version-history":[{"count":4,"href":"https:\/\/upominkiok.pl\/index.php?rest_route=\/wp\/v2\/product\/6055\/revisions"}],"predecessor-version":[{"id":6064,"href":"https:\/\/upominkiok.pl\/index.php?rest_route=\/wp\/v2\/product\/6055\/revisions\/6064"}],"wp:featuredmedia":[{"embeddable":true,"href":"https:\/\/upominkiok.pl\/index.php?rest_route=\/wp\/v2\/media\/6060"}],"wp:attachment":[{"href":"https:\/\/upominkiok.pl\/index.php?rest_route=%2Fwp%2Fv2%2Fmedia&parent=6055"}],"wp:term":[{"taxonomy":"brand","embeddable":true,"href":"https:\/\/upominkiok.pl\/index.php?rest_route=%2Fwp%2Fv2%2Fetheme_brands&post=6055"},{"taxonomy":"product_brand","embeddable":true,"href":"https:\/\/upominkiok.pl\/index.php?rest_route=%2Fwp%2Fv2%2Fproduct_brand&post=6055"},{"taxonomy":"product_cat","embeddable":true,"href":"https:\/\/upominkiok.pl\/index.php?rest_route=%2Fwp%2Fv2%2Fproduct_cat&post=6055"},{"taxonomy":"product_tag","embeddable":true,"href":"https:\/\/upominkiok.pl\/index.php?rest_route=%2Fwp%2Fv2%2Fproduct_tag&post=6055"}],"curies":[{"name":"wp","href":"https:\/\/api.w.org\/{rel}","templated":true}]}}