{"id":6065,"date":"2024-09-09T06:41:44","date_gmt":"2024-09-09T04:41:44","guid":{"rendered":"http:\/\/upominkiok.pl\/?post_type=product&#038;p=6065"},"modified":"2024-09-09T06:57:37","modified_gmt":"2024-09-09T04:57:37","slug":"bidon-termiczny-zielony","status":"publish","type":"product","link":"https:\/\/upominkiok.pl\/?product=bidon-termiczny-zielony","title":{"rendered":"Bidon Termiczny 500ml Zielony"},"content":{"rendered":"\t\t<div data-elementor-type=\"wp-post\" data-elementor-id=\"6065\" class=\"elementor elementor-6065\" data-elementor-post-type=\"product\">\n\t\t\t\t\t\t<section class=\"elementor-section elementor-top-section elementor-element elementor-element-77c9109 elementor-section-content-top elementor-section-boxed elementor-section-height-default elementor-section-height-default\" data-id=\"77c9109\" data-element_type=\"section\">\n\t\t\t\t\t\t<div class=\"elementor-container elementor-column-gap-custom\">\n\t\t\t\t\t<div class=\"elementor-column elementor-col-50 elementor-top-column elementor-element elementor-element-4e6c717\" data-id=\"4e6c717\" data-element_type=\"column\">\n\t\t\t<div class=\"elementor-widget-wrap elementor-element-populated\">\n\t\t\t\t\t\t<div class=\"elementor-element elementor-element-677f358 elementor-widget elementor-widget-heading\" data-id=\"677f358\" data-element_type=\"widget\" data-widget_type=\"heading.default\">\n\t\t\t\t<div class=\"elementor-widget-container\">\n\t\t\t\t\t<h2 class=\"elementor-heading-title elementor-size-default\">Bidon Termiczny 500ml Zielony<\/h2>\t\t\t\t<\/div>\n\t\t\t\t<\/div>\n\t\t\t\t<div class=\"elementor-element elementor-element-79687b6 elementor-widget__width-initial elementor-widget elementor-widget-text-editor\" data-id=\"79687b6\" data-element_type=\"widget\" data-widget_type=\"text-editor.default\">\n\t\t\t\t<div class=\"elementor-widget-container\">\n\t\t\t\t\t\t\t\t\t<p>Sportowy bidon z izolacj\u0105 pr\u00f3\u017cniow\u0105 to idealny wyb\u00f3r na letnie wycieczki rowerowe i treningi na \u015bwie\u017cym powietrzu. Dzi\u0119ki zastosowanej technologii pr\u00f3\u017cni, bidon skutecznie utrzymuje temperatur\u0119 napoju, zar\u00f3wno ciep\u0142ego, jak i zimnego, przez d\u0142u\u017cszy czas. Wykonany z wysokiej jako\u015bci stali nierdzewnej o podwy\u017cszonym standardzie, zapewnia trwa\u0142o\u015b\u0107 i solidno\u015b\u0107.<\/p><p>Wyposa\u017cony w praktyczne zamkni\u0119cie umocowane na pasku, jest wygodny w u\u017cytkowaniu, szczeg\u00f3lnie podczas aktywno\u015bci sportowych.<\/p><p>Produkt dost\u0119pny w wymiarach 27,5 x 6,3 cm, z mo\u017cliwo\u015bci\u0105 personalizacji poprzez grawerowanie.<\/p>\t\t\t\t\t\t\t\t<\/div>\n\t\t\t\t<\/div>\n\t\t\t\t\t<\/div>\n\t\t<\/div>\n\t\t\t\t<div class=\"elementor-column elementor-col-50 elementor-top-column elementor-element elementor-element-67ea4a5\" data-id=\"67ea4a5\" data-element_type=\"column\">\n\t\t\t<div class=\"elementor-widget-wrap elementor-element-populated\">\n\t\t\t\t\t\t<div class=\"elementor-element elementor-element-ab1e6aa elementor-widget elementor-widget-image\" data-id=\"ab1e6aa\" data-element_type=\"widget\" data-widget_type=\"image.default\">\n\t\t\t\t<div class=\"elementor-widget-container\">\n\t\t\t\t\t\t\t\t\t\t\t\t\t\t\t<img loading=\"lazy\" loading=\"lazy\" decoding=\"async\" width=\"1024\" height=\"1024\" src=\"http:\/\/upominkiok.pl\/wp-content\/uploads\/2024\/09\/bidon-termiczny-wygodny-z-personalizacja-logo-zielony-upominkiok-1-1024x1024.jpg\" class=\"attachment-large size-large wp-image-6071\" alt=\"\" srcset=\"http:\/\/upominkiok.pl\/wp-content\/uploads\/2024\/09\/bidon-termiczny-wygodny-z-personalizacja-logo-zielony-upominkiok-1-1024x1024.jpg 1024w, http:\/\/upominkiok.pl\/wp-content\/uploads\/2024\/09\/bidon-termiczny-wygodny-z-personalizacja-logo-zielony-upominkiok-1-366x366.jpg 366w, http:\/\/upominkiok.pl\/wp-content\/uploads\/2024\/09\/bidon-termiczny-wygodny-z-personalizacja-logo-zielony-upominkiok-1-100x100.jpg 100w, http:\/\/upominkiok.pl\/wp-content\/uploads\/2024\/09\/bidon-termiczny-wygodny-z-personalizacja-logo-zielony-upominkiok-1-600x600.jpg 600w, http:\/\/upominkiok.pl\/wp-content\/uploads\/2024\/09\/bidon-termiczny-wygodny-z-personalizacja-logo-zielony-upominkiok-1-300x300.jpg 300w, http:\/\/upominkiok.pl\/wp-content\/uploads\/2024\/09\/bidon-termiczny-wygodny-z-personalizacja-logo-zielony-upominkiok-1-150x150.jpg 150w, http:\/\/upominkiok.pl\/wp-content\/uploads\/2024\/09\/bidon-termiczny-wygodny-z-personalizacja-logo-zielony-upominkiok-1-768x768.jpg 768w, http:\/\/upominkiok.pl\/wp-content\/uploads\/2024\/09\/bidon-termiczny-wygodny-z-personalizacja-logo-zielony-upominkiok-1-1x1.jpg 1w, http:\/\/upominkiok.pl\/wp-content\/uploads\/2024\/09\/bidon-termiczny-wygodny-z-personalizacja-logo-zielony-upominkiok-1-10x10.jpg 10w, http:\/\/upominkiok.pl\/wp-content\/uploads\/2024\/09\/bidon-termiczny-wygodny-z-personalizacja-logo-zielony-upominkiok-1.jpg 1181w\" sizes=\"auto, (max-width: 1024px) 100vw, 1024px\" \/>\t\t\t\t\t\t\t\t\t\t\t\t\t\t\t<\/div>\n\t\t\t\t<\/div>\n\t\t\t\t\t<\/div>\n\t\t<\/div>\n\t\t\t\t\t<\/div>\n\t\t<\/section>\n\t\t\t\t<\/div>\n\t\t","protected":false},"excerpt":{"rendered":"<p>Sportowy bidon z izolacj\u0105 pr\u00f3\u017cniow\u0105, wykonany ze stali nierdzewnej, idealny na wycieczki i treningi, utrzymuje temperatur\u0119 napoju oraz posiada wygodne zamkni\u0119cie na pasku.<\/p>\n","protected":false},"featured_media":6068,"comment_status":"closed","ping_status":"closed","template":"","meta":[],"etheme_brands":[],"product_brand":[],"product_cat":[69,40],"product_tag":[],"class_list":{"0":"post-6065","1":"product","2":"type-product","3":"status-publish","4":"has-post-thumbnail","6":"product_cat-bidony","7":"product_cat-upominki-firmowe","9":"first","10":"instock","11":"taxable","12":"shipping-taxable","13":"purchasable","14":"product-type-simple"},"_links":{"self":[{"href":"https:\/\/upominkiok.pl\/index.php?rest_route=\/wp\/v2\/product\/6065","targetHints":{"allow":["GET"]}}],"collection":[{"href":"https:\/\/upominkiok.pl\/index.php?rest_route=\/wp\/v2\/product"}],"about":[{"href":"https:\/\/upominkiok.pl\/index.php?rest_route=\/wp\/v2\/types\/product"}],"replies":[{"embeddable":true,"href":"https:\/\/upominkiok.pl\/index.php?rest_route=%2Fwp%2Fv2%2Fcomments&post=6065"}],"version-history":[{"count":9,"href":"https:\/\/upominkiok.pl\/index.php?rest_route=\/wp\/v2\/product\/6065\/revisions"}],"predecessor-version":[{"id":6103,"href":"https:\/\/upominkiok.pl\/index.php?rest_route=\/wp\/v2\/product\/6065\/revisions\/6103"}],"wp:featuredmedia":[{"embeddable":true,"href":"https:\/\/upominkiok.pl\/index.php?rest_route=\/wp\/v2\/media\/6068"}],"wp:attachment":[{"href":"https:\/\/upominkiok.pl\/index.php?rest_route=%2Fwp%2Fv2%2Fmedia&parent=6065"}],"wp:term":[{"taxonomy":"brand","embeddable":true,"href":"https:\/\/upominkiok.pl\/index.php?rest_route=%2Fwp%2Fv2%2Fetheme_brands&post=6065"},{"taxonomy":"product_brand","embeddable":true,"href":"https:\/\/upominkiok.pl\/index.php?rest_route=%2Fwp%2Fv2%2Fproduct_brand&post=6065"},{"taxonomy":"product_cat","embeddable":true,"href":"https:\/\/upominkiok.pl\/index.php?rest_route=%2Fwp%2Fv2%2Fproduct_cat&post=6065"},{"taxonomy":"product_tag","embeddable":true,"href":"https:\/\/upominkiok.pl\/index.php?rest_route=%2Fwp%2Fv2%2Fproduct_tag&post=6065"}],"curies":[{"name":"wp","href":"https:\/\/api.w.org\/{rel}","templated":true}]}}