{"id":6104,"date":"2024-09-09T07:00:34","date_gmt":"2024-09-09T05:00:34","guid":{"rendered":"http:\/\/upominkiok.pl\/?post_type=product&#038;p=6104"},"modified":"2024-09-09T07:07:07","modified_gmt":"2024-09-09T05:07:07","slug":"butelka-z-gumowym-uchwytem-480ml-rozowa","status":"publish","type":"product","link":"https:\/\/upominkiok.pl\/?product=butelka-z-gumowym-uchwytem-480ml-rozowa","title":{"rendered":"Butelka z Gumowym Uchwytem 480ml R\u00f3\u017cowa"},"content":{"rendered":"\t\t<div data-elementor-type=\"wp-post\" data-elementor-id=\"6104\" class=\"elementor elementor-6104\" data-elementor-post-type=\"product\">\n\t\t\t\t\t\t<section class=\"elementor-section elementor-top-section elementor-element elementor-element-77c9109 elementor-section-content-top elementor-section-boxed elementor-section-height-default elementor-section-height-default\" data-id=\"77c9109\" data-element_type=\"section\">\n\t\t\t\t\t\t<div class=\"elementor-container elementor-column-gap-custom\">\n\t\t\t\t\t<div class=\"elementor-column elementor-col-50 elementor-top-column elementor-element elementor-element-4e6c717\" data-id=\"4e6c717\" data-element_type=\"column\">\n\t\t\t<div class=\"elementor-widget-wrap elementor-element-populated\">\n\t\t\t\t\t\t<div class=\"elementor-element elementor-element-677f358 elementor-widget elementor-widget-heading\" data-id=\"677f358\" data-element_type=\"widget\" data-widget_type=\"heading.default\">\n\t\t\t\t<div class=\"elementor-widget-container\">\n\t\t\t\t\t<h2 class=\"elementor-heading-title elementor-size-default\">Butelka z Gumowym Uchwytem 480ml R\u00f3\u017cowa<\/h2>\t\t\t\t<\/div>\n\t\t\t\t<\/div>\n\t\t\t\t<div class=\"elementor-element elementor-element-79687b6 elementor-widget__width-initial elementor-widget elementor-widget-text-editor\" data-id=\"79687b6\" data-element_type=\"widget\" data-widget_type=\"text-editor.default\">\n\t\t\t\t<div class=\"elementor-widget-container\">\n\t\t\t\t\t\t\t\t\t<p>Butelka z gumowym uchwytem o pojemno\u015bci 480 ml to elegancki i funkcjonalny produkt, idealny dla os\u00f3b ceni\u0105cych wygod\u0119 i ekologi\u0119. Wykonana z wysokiej jako\u015bci stali nierdzewnej, utrzymuje temperatur\u0119 napoj\u00f3w przez d\u0142u\u017cszy czas, a smuk\u0142y kszta\u0142t sprawia, \u017ce wygodnie le\u017cy w d\u0142oni.<\/p><p>Butelka jest doskona\u0142\u0105 alternatyw\u0105 dla jednorazowych plastikowych butelek, pomagaj\u0105c w dbaniu o \u015brodowisko. Pakowana w estetyczny kartonik, stanowi \u015bwietny pomys\u0142 na prezent. Istnieje mo\u017cliwo\u015b\u0107 personalizacji poprzez grawerowanie.<\/p><p>Wymiary: 26,5 x 6,5 cm.<\/p>\t\t\t\t\t\t\t\t<\/div>\n\t\t\t\t<\/div>\n\t\t\t\t\t<\/div>\n\t\t<\/div>\n\t\t\t\t<div class=\"elementor-column elementor-col-50 elementor-top-column elementor-element elementor-element-67ea4a5\" data-id=\"67ea4a5\" data-element_type=\"column\">\n\t\t\t<div class=\"elementor-widget-wrap elementor-element-populated\">\n\t\t\t\t\t\t<div class=\"elementor-element elementor-element-ab1e6aa elementor-widget elementor-widget-image\" data-id=\"ab1e6aa\" data-element_type=\"widget\" data-widget_type=\"image.default\">\n\t\t\t\t<div class=\"elementor-widget-container\">\n\t\t\t\t\t\t\t\t\t\t\t\t\t\t\t<img loading=\"lazy\" loading=\"lazy\" decoding=\"async\" width=\"1024\" height=\"1024\" src=\"https:\/\/upominkiok.pl\/wp-content\/uploads\/2024\/09\/butelka-turystyczna-z-uchwytem-silikonowym-480ml-rozowa-grawerowana-zgrabna-upominkiok-4-1024x1024.jpg\" class=\"attachment-large size-large wp-image-6106\" alt=\"\" srcset=\"https:\/\/upominkiok.pl\/wp-content\/uploads\/2024\/09\/butelka-turystyczna-z-uchwytem-silikonowym-480ml-rozowa-grawerowana-zgrabna-upominkiok-4-1024x1024.jpg 1024w, https:\/\/upominkiok.pl\/wp-content\/uploads\/2024\/09\/butelka-turystyczna-z-uchwytem-silikonowym-480ml-rozowa-grawerowana-zgrabna-upominkiok-4-366x366.jpg 366w, https:\/\/upominkiok.pl\/wp-content\/uploads\/2024\/09\/butelka-turystyczna-z-uchwytem-silikonowym-480ml-rozowa-grawerowana-zgrabna-upominkiok-4-100x100.jpg 100w, https:\/\/upominkiok.pl\/wp-content\/uploads\/2024\/09\/butelka-turystyczna-z-uchwytem-silikonowym-480ml-rozowa-grawerowana-zgrabna-upominkiok-4-600x600.jpg 600w, https:\/\/upominkiok.pl\/wp-content\/uploads\/2024\/09\/butelka-turystyczna-z-uchwytem-silikonowym-480ml-rozowa-grawerowana-zgrabna-upominkiok-4-300x300.jpg 300w, https:\/\/upominkiok.pl\/wp-content\/uploads\/2024\/09\/butelka-turystyczna-z-uchwytem-silikonowym-480ml-rozowa-grawerowana-zgrabna-upominkiok-4-150x150.jpg 150w, https:\/\/upominkiok.pl\/wp-content\/uploads\/2024\/09\/butelka-turystyczna-z-uchwytem-silikonowym-480ml-rozowa-grawerowana-zgrabna-upominkiok-4-768x768.jpg 768w, https:\/\/upominkiok.pl\/wp-content\/uploads\/2024\/09\/butelka-turystyczna-z-uchwytem-silikonowym-480ml-rozowa-grawerowana-zgrabna-upominkiok-4-1x1.jpg 1w, https:\/\/upominkiok.pl\/wp-content\/uploads\/2024\/09\/butelka-turystyczna-z-uchwytem-silikonowym-480ml-rozowa-grawerowana-zgrabna-upominkiok-4-10x10.jpg 10w, https:\/\/upominkiok.pl\/wp-content\/uploads\/2024\/09\/butelka-turystyczna-z-uchwytem-silikonowym-480ml-rozowa-grawerowana-zgrabna-upominkiok-4.jpg 1181w\" sizes=\"auto, (max-width: 1024px) 100vw, 1024px\" \/>\t\t\t\t\t\t\t\t\t\t\t\t\t\t\t<\/div>\n\t\t\t\t<\/div>\n\t\t\t\t\t<\/div>\n\t\t<\/div>\n\t\t\t\t\t<\/div>\n\t\t<\/section>\n\t\t\t\t<\/div>\n\t\t","protected":false},"excerpt":{"rendered":"<p>Elegancka i wytrzyma\u0142a butelka o pojemno\u015bci 480 ml, wykonana ze stali nierdzewnej, z gumowym uchwytem, zapewnia d\u0142ugotrwa\u0142e utrzymanie temperatury napoju i jest ekologiczn\u0105 alternatyw\u0105 dla jednorazowych plastikowych butelek.<\/p>\n","protected":false},"featured_media":6109,"comment_status":"closed","ping_status":"closed","template":"","meta":[],"etheme_brands":[],"product_brand":[],"product_cat":[52,40],"product_tag":[],"class_list":{"0":"post-6104","1":"product","2":"type-product","3":"status-publish","4":"has-post-thumbnail","6":"product_cat-butelki","7":"product_cat-upominki-firmowe","9":"first","10":"instock","11":"taxable","12":"shipping-taxable","13":"purchasable","14":"product-type-simple"},"_links":{"self":[{"href":"https:\/\/upominkiok.pl\/index.php?rest_route=\/wp\/v2\/product\/6104","targetHints":{"allow":["GET"]}}],"collection":[{"href":"https:\/\/upominkiok.pl\/index.php?rest_route=\/wp\/v2\/product"}],"about":[{"href":"https:\/\/upominkiok.pl\/index.php?rest_route=\/wp\/v2\/types\/product"}],"replies":[{"embeddable":true,"href":"https:\/\/upominkiok.pl\/index.php?rest_route=%2Fwp%2Fv2%2Fcomments&post=6104"}],"version-history":[{"count":4,"href":"https:\/\/upominkiok.pl\/index.php?rest_route=\/wp\/v2\/product\/6104\/revisions"}],"predecessor-version":[{"id":6113,"href":"https:\/\/upominkiok.pl\/index.php?rest_route=\/wp\/v2\/product\/6104\/revisions\/6113"}],"wp:featuredmedia":[{"embeddable":true,"href":"https:\/\/upominkiok.pl\/index.php?rest_route=\/wp\/v2\/media\/6109"}],"wp:attachment":[{"href":"https:\/\/upominkiok.pl\/index.php?rest_route=%2Fwp%2Fv2%2Fmedia&parent=6104"}],"wp:term":[{"taxonomy":"brand","embeddable":true,"href":"https:\/\/upominkiok.pl\/index.php?rest_route=%2Fwp%2Fv2%2Fetheme_brands&post=6104"},{"taxonomy":"product_brand","embeddable":true,"href":"https:\/\/upominkiok.pl\/index.php?rest_route=%2Fwp%2Fv2%2Fproduct_brand&post=6104"},{"taxonomy":"product_cat","embeddable":true,"href":"https:\/\/upominkiok.pl\/index.php?rest_route=%2Fwp%2Fv2%2Fproduct_cat&post=6104"},{"taxonomy":"product_tag","embeddable":true,"href":"https:\/\/upominkiok.pl\/index.php?rest_route=%2Fwp%2Fv2%2Fproduct_tag&post=6104"}],"curies":[{"name":"wp","href":"https:\/\/api.w.org\/{rel}","templated":true}]}}