{"id":6134,"date":"2024-09-09T07:14:19","date_gmt":"2024-09-09T05:14:19","guid":{"rendered":"http:\/\/upominkiok.pl\/?post_type=product&#038;p=6134"},"modified":"2024-09-09T07:21:07","modified_gmt":"2024-09-09T05:21:07","slug":"smukla-butelka-termiczna-ze-stali-nierdzewnej-500ml","status":"publish","type":"product","link":"https:\/\/upominkiok.pl\/?product=smukla-butelka-termiczna-ze-stali-nierdzewnej-500ml","title":{"rendered":"Smuk\u0142a Butelka Termiczna ze Stali Nierdzewnej 500ml"},"content":{"rendered":"\t\t<div data-elementor-type=\"wp-post\" data-elementor-id=\"6134\" class=\"elementor elementor-6134\" data-elementor-post-type=\"product\">\n\t\t\t\t\t\t<section class=\"elementor-section elementor-top-section elementor-element elementor-element-77c9109 elementor-section-content-top elementor-section-boxed elementor-section-height-default elementor-section-height-default\" data-id=\"77c9109\" data-element_type=\"section\">\n\t\t\t\t\t\t<div class=\"elementor-container elementor-column-gap-custom\">\n\t\t\t\t\t<div class=\"elementor-column elementor-col-50 elementor-top-column elementor-element elementor-element-4e6c717\" data-id=\"4e6c717\" data-element_type=\"column\">\n\t\t\t<div class=\"elementor-widget-wrap elementor-element-populated\">\n\t\t\t\t\t\t<div class=\"elementor-element elementor-element-677f358 elementor-widget elementor-widget-heading\" data-id=\"677f358\" data-element_type=\"widget\" data-widget_type=\"heading.default\">\n\t\t\t\t<div class=\"elementor-widget-container\">\n\t\t\t\t\t<h2 class=\"elementor-heading-title elementor-size-default\">Smuk\u0142a Butelka Termiczna ze Stali Nierdzewnej 500ml<\/h2>\t\t\t\t<\/div>\n\t\t\t\t<\/div>\n\t\t\t\t<div class=\"elementor-element elementor-element-79687b6 elementor-widget__width-initial elementor-widget elementor-widget-text-editor\" data-id=\"79687b6\" data-element_type=\"widget\" data-widget_type=\"text-editor.default\">\n\t\t\t\t<div class=\"elementor-widget-container\">\n\t\t\t\t\t\t\t\t\t<p>Butelka termiczna o smuk\u0142ym kszta\u0142cie, wykonana ze stali nierdzewnej klasy 304, jest doskona\u0142ym rozwi\u0105zaniem dla tych, kt\u00f3rzy ceni\u0105 sobie zar\u00f3wno funkcjonalno\u015b\u0107, jak i elegancj\u0119. Dzi\u0119ki pr\u00f3\u017cni mi\u0119dzy \u015bciankami, utrzymuje temperatur\u0119 napoju do oko\u0142o 10 godzin, co sprawia, \u017ce nap\u00f3j pozostaje gor\u0105cy lub zimny przez d\u0142ugi czas.<\/p><p>Butelka wyposa\u017cona jest w uszczelk\u0119 zapewniaj\u0105c\u0105 szczelno\u015b\u0107, a zakr\u0119tka z tworzywa z metalowym uchwytem dodaje wygody u\u017cytkowania. Jej smuk\u0142y design sprawia, \u017ce idealnie mie\u015bci si\u0119 w d\u0142oni oraz w uchwytach samochodowych.<\/p><p>Doskona\u0142a do codziennego u\u017cytku oraz na podr\u00f3\u017ce. Produkt mo\u017cna grawerowa\u0107, co umo\u017cliwia personalizacj\u0119 butelki.<\/p><p>Wymiary: 260 x \u2300 70 mm.<\/p>\t\t\t\t\t\t\t\t<\/div>\n\t\t\t\t<\/div>\n\t\t\t\t\t<\/div>\n\t\t<\/div>\n\t\t\t\t<div class=\"elementor-column elementor-col-50 elementor-top-column elementor-element elementor-element-67ea4a5\" data-id=\"67ea4a5\" data-element_type=\"column\">\n\t\t\t<div class=\"elementor-widget-wrap elementor-element-populated\">\n\t\t\t\t\t\t<div class=\"elementor-element elementor-element-ab1e6aa elementor-widget elementor-widget-image\" data-id=\"ab1e6aa\" data-element_type=\"widget\" data-widget_type=\"image.default\">\n\t\t\t\t<div class=\"elementor-widget-container\">\n\t\t\t\t\t\t\t\t\t\t\t\t\t\t\t<img loading=\"lazy\" loading=\"lazy\" decoding=\"async\" width=\"1024\" height=\"1024\" src=\"https:\/\/upominkiok.pl\/wp-content\/uploads\/2024\/09\/butelka-termiczna-500ml-z-uchwytem-grawer-twoje-logo-upominkiok-3-1024x1024.jpg\" class=\"attachment-large size-large wp-image-6139\" alt=\"\" srcset=\"https:\/\/upominkiok.pl\/wp-content\/uploads\/2024\/09\/butelka-termiczna-500ml-z-uchwytem-grawer-twoje-logo-upominkiok-3-1024x1024.jpg 1024w, https:\/\/upominkiok.pl\/wp-content\/uploads\/2024\/09\/butelka-termiczna-500ml-z-uchwytem-grawer-twoje-logo-upominkiok-3-366x366.jpg 366w, https:\/\/upominkiok.pl\/wp-content\/uploads\/2024\/09\/butelka-termiczna-500ml-z-uchwytem-grawer-twoje-logo-upominkiok-3-100x100.jpg 100w, https:\/\/upominkiok.pl\/wp-content\/uploads\/2024\/09\/butelka-termiczna-500ml-z-uchwytem-grawer-twoje-logo-upominkiok-3-600x600.jpg 600w, https:\/\/upominkiok.pl\/wp-content\/uploads\/2024\/09\/butelka-termiczna-500ml-z-uchwytem-grawer-twoje-logo-upominkiok-3-300x300.jpg 300w, https:\/\/upominkiok.pl\/wp-content\/uploads\/2024\/09\/butelka-termiczna-500ml-z-uchwytem-grawer-twoje-logo-upominkiok-3-150x150.jpg 150w, https:\/\/upominkiok.pl\/wp-content\/uploads\/2024\/09\/butelka-termiczna-500ml-z-uchwytem-grawer-twoje-logo-upominkiok-3-768x768.jpg 768w, https:\/\/upominkiok.pl\/wp-content\/uploads\/2024\/09\/butelka-termiczna-500ml-z-uchwytem-grawer-twoje-logo-upominkiok-3-1x1.jpg 1w, https:\/\/upominkiok.pl\/wp-content\/uploads\/2024\/09\/butelka-termiczna-500ml-z-uchwytem-grawer-twoje-logo-upominkiok-3-10x10.jpg 10w, https:\/\/upominkiok.pl\/wp-content\/uploads\/2024\/09\/butelka-termiczna-500ml-z-uchwytem-grawer-twoje-logo-upominkiok-3.jpg 1181w\" sizes=\"auto, (max-width: 1024px) 100vw, 1024px\" \/>\t\t\t\t\t\t\t\t\t\t\t\t\t\t\t<\/div>\n\t\t\t\t<\/div>\n\t\t\t\t\t<\/div>\n\t\t<\/div>\n\t\t\t\t\t<\/div>\n\t\t<\/section>\n\t\t\t\t<\/div>\n\t\t","protected":false},"excerpt":{"rendered":"<p>Smuk\u0142a butelka termiczna ze stali nierdzewnej o podwy\u017cszonym standardzie 304 utrzymuje temperatur\u0119 napoju do oko\u0142o 10 godzin, dzi\u0119ki pr\u00f3\u017cni mi\u0119dzy \u015bciankami i uszczelce zapewniaj\u0105cej szczelno\u015b\u0107, a jej zakr\u0119tka z tworzywa z stalowym uchwytem dodaje funkcjonalno\u015bci.<\/p>\n","protected":false},"featured_media":6141,"comment_status":"closed","ping_status":"closed","template":"","meta":[],"etheme_brands":[],"product_brand":[],"product_cat":[52,40],"product_tag":[],"class_list":{"0":"post-6134","1":"product","2":"type-product","3":"status-publish","4":"has-post-thumbnail","6":"product_cat-butelki","7":"product_cat-upominki-firmowe","9":"first","10":"instock","11":"taxable","12":"shipping-taxable","13":"purchasable","14":"product-type-simple"},"_links":{"self":[{"href":"https:\/\/upominkiok.pl\/index.php?rest_route=\/wp\/v2\/product\/6134","targetHints":{"allow":["GET"]}}],"collection":[{"href":"https:\/\/upominkiok.pl\/index.php?rest_route=\/wp\/v2\/product"}],"about":[{"href":"https:\/\/upominkiok.pl\/index.php?rest_route=\/wp\/v2\/types\/product"}],"replies":[{"embeddable":true,"href":"https:\/\/upominkiok.pl\/index.php?rest_route=%2Fwp%2Fv2%2Fcomments&post=6134"}],"version-history":[{"count":5,"href":"https:\/\/upominkiok.pl\/index.php?rest_route=\/wp\/v2\/product\/6134\/revisions"}],"predecessor-version":[{"id":6145,"href":"https:\/\/upominkiok.pl\/index.php?rest_route=\/wp\/v2\/product\/6134\/revisions\/6145"}],"wp:featuredmedia":[{"embeddable":true,"href":"https:\/\/upominkiok.pl\/index.php?rest_route=\/wp\/v2\/media\/6141"}],"wp:attachment":[{"href":"https:\/\/upominkiok.pl\/index.php?rest_route=%2Fwp%2Fv2%2Fmedia&parent=6134"}],"wp:term":[{"taxonomy":"brand","embeddable":true,"href":"https:\/\/upominkiok.pl\/index.php?rest_route=%2Fwp%2Fv2%2Fetheme_brands&post=6134"},{"taxonomy":"product_brand","embeddable":true,"href":"https:\/\/upominkiok.pl\/index.php?rest_route=%2Fwp%2Fv2%2Fproduct_brand&post=6134"},{"taxonomy":"product_cat","embeddable":true,"href":"https:\/\/upominkiok.pl\/index.php?rest_route=%2Fwp%2Fv2%2Fproduct_cat&post=6134"},{"taxonomy":"product_tag","embeddable":true,"href":"https:\/\/upominkiok.pl\/index.php?rest_route=%2Fwp%2Fv2%2Fproduct_tag&post=6134"}],"curies":[{"name":"wp","href":"https:\/\/api.w.org\/{rel}","templated":true}]}}