{"id":6146,"date":"2024-09-09T07:22:17","date_gmt":"2024-09-09T05:22:17","guid":{"rendered":"http:\/\/upominkiok.pl\/?post_type=product&#038;p=6146"},"modified":"2024-09-09T07:31:21","modified_gmt":"2024-09-09T05:31:21","slug":"mala-butelka-termiczna-ze-sznurkiem-350ml","status":"publish","type":"product","link":"https:\/\/upominkiok.pl\/?product=mala-butelka-termiczna-ze-sznurkiem-350ml","title":{"rendered":"Ma\u0142a Butelka Termiczna ze Sznurkiem 350ml"},"content":{"rendered":"\t\t<div data-elementor-type=\"wp-post\" data-elementor-id=\"6146\" class=\"elementor elementor-6146\" data-elementor-post-type=\"product\">\n\t\t\t\t\t\t<section class=\"elementor-section elementor-top-section elementor-element elementor-element-77c9109 elementor-section-content-top elementor-section-boxed elementor-section-height-default elementor-section-height-default\" data-id=\"77c9109\" data-element_type=\"section\">\n\t\t\t\t\t\t<div class=\"elementor-container elementor-column-gap-custom\">\n\t\t\t\t\t<div class=\"elementor-column elementor-col-50 elementor-top-column elementor-element elementor-element-4e6c717\" data-id=\"4e6c717\" data-element_type=\"column\">\n\t\t\t<div class=\"elementor-widget-wrap elementor-element-populated\">\n\t\t\t\t\t\t<div class=\"elementor-element elementor-element-677f358 elementor-widget elementor-widget-heading\" data-id=\"677f358\" data-element_type=\"widget\" data-widget_type=\"heading.default\">\n\t\t\t\t<div class=\"elementor-widget-container\">\n\t\t\t\t\t<h2 class=\"elementor-heading-title elementor-size-default\">Ma\u0142a Butelka Termiczna ze Sznurkiem 350ml<\/h2>\t\t\t\t<\/div>\n\t\t\t\t<\/div>\n\t\t\t\t<div class=\"elementor-element elementor-element-79687b6 elementor-widget__width-initial elementor-widget elementor-widget-text-editor\" data-id=\"79687b6\" data-element_type=\"widget\" data-widget_type=\"text-editor.default\">\n\t\t\t\t<div class=\"elementor-widget-container\">\n\t\t\t\t\t\t\t\t\t<p>Ma\u0142a Butelka Termiczna o pojemno\u015bci 350 ml \u0142\u0105czy elegancj\u0119 z funkcjonalno\u015bci\u0105, wykonana z wysokiej jako\u015bci stali nierdzewnej 304. Dzi\u0119ki innowacyjnej pr\u00f3\u017cni mi\u0119dzy \u015bciankami, nap\u00f3j utrzymuje odpowiedni\u0105 temperatur\u0119 przez oko\u0142o 12 godzin. Jej stylowy design wzbogacony jest estetycznie zamocowanym sznurkiem na przykrywce, co nie tylko podkre\u015bla jej elegancj\u0119, ale r\u00f3wnie\u017c zapewnia wygod\u0119 u\u017cytkowania.<\/p><p>Butelka jest idealnym rozwi\u0105zaniem dla os\u00f3b ceni\u0105cych zar\u00f3wno styl, jak i praktyczno\u015b\u0107. Pakowana jest w elegancki kartonik, a mo\u017cliwo\u015b\u0107 grawerowania pozwala na personalizacj\u0119 produktu, co czyni go doskona\u0142ym pomys\u0142em na prezent.<\/p><p>Wymiary butelki to 2,6 x 7 cm.<\/p>\t\t\t\t\t\t\t\t<\/div>\n\t\t\t\t<\/div>\n\t\t\t\t\t<\/div>\n\t\t<\/div>\n\t\t\t\t<div class=\"elementor-column elementor-col-50 elementor-top-column elementor-element elementor-element-67ea4a5\" data-id=\"67ea4a5\" data-element_type=\"column\">\n\t\t\t<div class=\"elementor-widget-wrap elementor-element-populated\">\n\t\t\t\t\t\t<div class=\"elementor-element elementor-element-ab1e6aa elementor-widget elementor-widget-image\" data-id=\"ab1e6aa\" data-element_type=\"widget\" data-widget_type=\"image.default\">\n\t\t\t\t<div class=\"elementor-widget-container\">\n\t\t\t\t\t\t\t\t\t\t\t\t\t\t\t<img loading=\"lazy\" loading=\"lazy\" decoding=\"async\" width=\"1024\" height=\"1024\" src=\"https:\/\/upominkiok.pl\/wp-content\/uploads\/2024\/09\/poreczna-butelka-termiczna-350ml-z-laserowym-grawerem-personalizacja-upominkiok-5-1024x1024.jpg\" class=\"attachment-large size-large wp-image-6150\" alt=\"\" srcset=\"https:\/\/upominkiok.pl\/wp-content\/uploads\/2024\/09\/poreczna-butelka-termiczna-350ml-z-laserowym-grawerem-personalizacja-upominkiok-5-1024x1024.jpg 1024w, https:\/\/upominkiok.pl\/wp-content\/uploads\/2024\/09\/poreczna-butelka-termiczna-350ml-z-laserowym-grawerem-personalizacja-upominkiok-5-366x366.jpg 366w, https:\/\/upominkiok.pl\/wp-content\/uploads\/2024\/09\/poreczna-butelka-termiczna-350ml-z-laserowym-grawerem-personalizacja-upominkiok-5-100x100.jpg 100w, https:\/\/upominkiok.pl\/wp-content\/uploads\/2024\/09\/poreczna-butelka-termiczna-350ml-z-laserowym-grawerem-personalizacja-upominkiok-5-600x600.jpg 600w, https:\/\/upominkiok.pl\/wp-content\/uploads\/2024\/09\/poreczna-butelka-termiczna-350ml-z-laserowym-grawerem-personalizacja-upominkiok-5-300x300.jpg 300w, https:\/\/upominkiok.pl\/wp-content\/uploads\/2024\/09\/poreczna-butelka-termiczna-350ml-z-laserowym-grawerem-personalizacja-upominkiok-5-150x150.jpg 150w, https:\/\/upominkiok.pl\/wp-content\/uploads\/2024\/09\/poreczna-butelka-termiczna-350ml-z-laserowym-grawerem-personalizacja-upominkiok-5-768x768.jpg 768w, https:\/\/upominkiok.pl\/wp-content\/uploads\/2024\/09\/poreczna-butelka-termiczna-350ml-z-laserowym-grawerem-personalizacja-upominkiok-5-1x1.jpg 1w, https:\/\/upominkiok.pl\/wp-content\/uploads\/2024\/09\/poreczna-butelka-termiczna-350ml-z-laserowym-grawerem-personalizacja-upominkiok-5-10x10.jpg 10w, https:\/\/upominkiok.pl\/wp-content\/uploads\/2024\/09\/poreczna-butelka-termiczna-350ml-z-laserowym-grawerem-personalizacja-upominkiok-5.jpg 1181w\" sizes=\"auto, (max-width: 1024px) 100vw, 1024px\" \/>\t\t\t\t\t\t\t\t\t\t\t\t\t\t\t<\/div>\n\t\t\t\t<\/div>\n\t\t\t\t\t<\/div>\n\t\t<\/div>\n\t\t\t\t\t<\/div>\n\t\t<\/section>\n\t\t\t\t<\/div>\n\t\t","protected":false},"excerpt":{"rendered":"<p>Ma\u0142a butelka termiczna o pojemno\u015bci 350 ml, wykonana ze stali nierdzewnej 304, utrzymuje temperatur\u0119 napoju do 12 godzin, \u0142\u0105cz\u0105c elegancki wygl\u0105d z funkcjonalno\u015bci\u0105 dzi\u0119ki pr\u00f3\u017cni mi\u0119dzy \u015bciankami i estetycznie zamocowanemu sznurkowi w przykrywce.<\/p>\n","protected":false},"featured_media":6148,"comment_status":"closed","ping_status":"closed","template":"","meta":[],"etheme_brands":[],"product_brand":[],"product_cat":[52,40],"product_tag":[],"class_list":{"0":"post-6146","1":"product","2":"type-product","3":"status-publish","4":"has-post-thumbnail","6":"product_cat-butelki","7":"product_cat-upominki-firmowe","9":"first","10":"instock","11":"taxable","12":"shipping-taxable","13":"purchasable","14":"product-type-simple"},"_links":{"self":[{"href":"https:\/\/upominkiok.pl\/index.php?rest_route=\/wp\/v2\/product\/6146","targetHints":{"allow":["GET"]}}],"collection":[{"href":"https:\/\/upominkiok.pl\/index.php?rest_route=\/wp\/v2\/product"}],"about":[{"href":"https:\/\/upominkiok.pl\/index.php?rest_route=\/wp\/v2\/types\/product"}],"replies":[{"embeddable":true,"href":"https:\/\/upominkiok.pl\/index.php?rest_route=%2Fwp%2Fv2%2Fcomments&post=6146"}],"version-history":[{"count":7,"href":"https:\/\/upominkiok.pl\/index.php?rest_route=\/wp\/v2\/product\/6146\/revisions"}],"predecessor-version":[{"id":6159,"href":"https:\/\/upominkiok.pl\/index.php?rest_route=\/wp\/v2\/product\/6146\/revisions\/6159"}],"wp:featuredmedia":[{"embeddable":true,"href":"https:\/\/upominkiok.pl\/index.php?rest_route=\/wp\/v2\/media\/6148"}],"wp:attachment":[{"href":"https:\/\/upominkiok.pl\/index.php?rest_route=%2Fwp%2Fv2%2Fmedia&parent=6146"}],"wp:term":[{"taxonomy":"brand","embeddable":true,"href":"https:\/\/upominkiok.pl\/index.php?rest_route=%2Fwp%2Fv2%2Fetheme_brands&post=6146"},{"taxonomy":"product_brand","embeddable":true,"href":"https:\/\/upominkiok.pl\/index.php?rest_route=%2Fwp%2Fv2%2Fproduct_brand&post=6146"},{"taxonomy":"product_cat","embeddable":true,"href":"https:\/\/upominkiok.pl\/index.php?rest_route=%2Fwp%2Fv2%2Fproduct_cat&post=6146"},{"taxonomy":"product_tag","embeddable":true,"href":"https:\/\/upominkiok.pl\/index.php?rest_route=%2Fwp%2Fv2%2Fproduct_tag&post=6146"}],"curies":[{"name":"wp","href":"https:\/\/api.w.org\/{rel}","templated":true}]}}