{"id":6203,"date":"2024-09-10T07:16:31","date_gmt":"2024-09-10T05:16:31","guid":{"rendered":"http:\/\/upominkiok.pl\/?post_type=product&#038;p=6203"},"modified":"2024-09-10T07:18:48","modified_gmt":"2024-09-10T05:18:48","slug":"codzienna-butelka-termiczna-500ml-niebieska","status":"publish","type":"product","link":"https:\/\/upominkiok.pl\/?product=codzienna-butelka-termiczna-500ml-niebieska","title":{"rendered":"Codzienna Butelka Termiczna 500ml Niebieska"},"content":{"rendered":"\t\t<div data-elementor-type=\"wp-post\" data-elementor-id=\"6203\" class=\"elementor elementor-6203\" data-elementor-post-type=\"product\">\n\t\t\t\t\t\t<section class=\"elementor-section elementor-top-section elementor-element elementor-element-77c9109 elementor-section-content-top elementor-section-boxed elementor-section-height-default elementor-section-height-default\" data-id=\"77c9109\" data-element_type=\"section\">\n\t\t\t\t\t\t<div class=\"elementor-container elementor-column-gap-custom\">\n\t\t\t\t\t<div class=\"elementor-column elementor-col-50 elementor-top-column elementor-element elementor-element-4e6c717\" data-id=\"4e6c717\" data-element_type=\"column\">\n\t\t\t<div class=\"elementor-widget-wrap elementor-element-populated\">\n\t\t\t\t\t\t<div class=\"elementor-element elementor-element-677f358 elementor-widget elementor-widget-heading\" data-id=\"677f358\" data-element_type=\"widget\" data-widget_type=\"heading.default\">\n\t\t\t\t<div class=\"elementor-widget-container\">\n\t\t\t\t\t<h2 class=\"elementor-heading-title elementor-size-default\">Codzienna Butelka Termiczna 500ml Niebieska<\/h2>\t\t\t\t<\/div>\n\t\t\t\t<\/div>\n\t\t\t\t<div class=\"elementor-element elementor-element-79687b6 elementor-widget__width-initial elementor-widget elementor-widget-text-editor\" data-id=\"79687b6\" data-element_type=\"widget\" data-widget_type=\"text-editor.default\">\n\t\t\t\t<div class=\"elementor-widget-container\">\n\t\t\t\t\t\t\t\t\t<p>Codzienna Butelka Termiczna o pojemno\u015bci 500 ml to po\u0142\u0105czenie elegancji i funkcjonalno\u015bci. Wykonana z wysokiej jako\u015bci stali nierdzewnej, wyr\u00f3\u017cnia si\u0119 matowym wyko\u0144czeniem oraz stalowymi elementami, kt\u00f3re nadaj\u0105 jej nowoczesny wygl\u0105d.<\/p><p>Zakr\u0119cana konstrukcja gwarantuje szczelno\u015b\u0107, co sprawia, \u017ce butelka doskonale sprawdzi si\u0119 zar\u00f3wno na co dzie\u0144, jak i w podr\u00f3\u017cy. Dzi\u0119ki izolacji termicznej, nap\u00f3j utrzymuje swoj\u0105 temperatur\u0119 przez d\u0142u\u017cszy czas. Produkt pakowany w estetyczny kartonik, idealny na prezent.<\/p><p>Mo\u017cliwo\u015b\u0107 personalizacji poprzez grawerowanie.<\/p><p>Wymiary: \u2300 70 x 265 mm.<\/p>\t\t\t\t\t\t\t\t<\/div>\n\t\t\t\t<\/div>\n\t\t\t\t\t<\/div>\n\t\t<\/div>\n\t\t\t\t<div class=\"elementor-column elementor-col-50 elementor-top-column elementor-element elementor-element-67ea4a5\" data-id=\"67ea4a5\" data-element_type=\"column\">\n\t\t\t<div class=\"elementor-widget-wrap elementor-element-populated\">\n\t\t\t\t\t\t<div class=\"elementor-element elementor-element-ab1e6aa elementor-widget elementor-widget-image\" data-id=\"ab1e6aa\" data-element_type=\"widget\" data-widget_type=\"image.default\">\n\t\t\t\t<div class=\"elementor-widget-container\">\n\t\t\t\t\t\t\t\t\t\t\t\t\t\t\t<img loading=\"lazy\" loading=\"lazy\" decoding=\"async\" width=\"1024\" height=\"1024\" src=\"https:\/\/upominkiok.pl\/wp-content\/uploads\/2024\/09\/zakrecana-butelka-termiczna-matowe-wykonczenie-500ml-z-grawerem-upominkiok-niebieska-3-1024x1024.jpg\" class=\"attachment-large size-large wp-image-6206\" alt=\"\" srcset=\"https:\/\/upominkiok.pl\/wp-content\/uploads\/2024\/09\/zakrecana-butelka-termiczna-matowe-wykonczenie-500ml-z-grawerem-upominkiok-niebieska-3-1024x1024.jpg 1024w, https:\/\/upominkiok.pl\/wp-content\/uploads\/2024\/09\/zakrecana-butelka-termiczna-matowe-wykonczenie-500ml-z-grawerem-upominkiok-niebieska-3-366x366.jpg 366w, https:\/\/upominkiok.pl\/wp-content\/uploads\/2024\/09\/zakrecana-butelka-termiczna-matowe-wykonczenie-500ml-z-grawerem-upominkiok-niebieska-3-100x100.jpg 100w, https:\/\/upominkiok.pl\/wp-content\/uploads\/2024\/09\/zakrecana-butelka-termiczna-matowe-wykonczenie-500ml-z-grawerem-upominkiok-niebieska-3-600x600.jpg 600w, https:\/\/upominkiok.pl\/wp-content\/uploads\/2024\/09\/zakrecana-butelka-termiczna-matowe-wykonczenie-500ml-z-grawerem-upominkiok-niebieska-3-300x300.jpg 300w, https:\/\/upominkiok.pl\/wp-content\/uploads\/2024\/09\/zakrecana-butelka-termiczna-matowe-wykonczenie-500ml-z-grawerem-upominkiok-niebieska-3-150x150.jpg 150w, https:\/\/upominkiok.pl\/wp-content\/uploads\/2024\/09\/zakrecana-butelka-termiczna-matowe-wykonczenie-500ml-z-grawerem-upominkiok-niebieska-3-768x768.jpg 768w, https:\/\/upominkiok.pl\/wp-content\/uploads\/2024\/09\/zakrecana-butelka-termiczna-matowe-wykonczenie-500ml-z-grawerem-upominkiok-niebieska-3-1x1.jpg 1w, https:\/\/upominkiok.pl\/wp-content\/uploads\/2024\/09\/zakrecana-butelka-termiczna-matowe-wykonczenie-500ml-z-grawerem-upominkiok-niebieska-3-10x10.jpg 10w, https:\/\/upominkiok.pl\/wp-content\/uploads\/2024\/09\/zakrecana-butelka-termiczna-matowe-wykonczenie-500ml-z-grawerem-upominkiok-niebieska-3.jpg 1181w\" sizes=\"auto, (max-width: 1024px) 100vw, 1024px\" \/>\t\t\t\t\t\t\t\t\t\t\t\t\t\t\t<\/div>\n\t\t\t\t<\/div>\n\t\t\t\t\t<\/div>\n\t\t<\/div>\n\t\t\t\t\t<\/div>\n\t\t<\/section>\n\t\t\t\t<\/div>\n\t\t","protected":false},"excerpt":{"rendered":"<p>Codzienna butelka termiczna 500 ml w matowym wyko\u0144czeniu, wykonana ze stali nierdzewnej, \u0142\u0105czy elegancj\u0119 z funkcjonalno\u015bci\u0105.<\/p>\n","protected":false},"featured_media":6204,"comment_status":"closed","ping_status":"closed","template":"","meta":[],"etheme_brands":[],"product_brand":[],"product_cat":[52,40],"product_tag":[],"class_list":{"0":"post-6203","1":"product","2":"type-product","3":"status-publish","4":"has-post-thumbnail","6":"product_cat-butelki","7":"product_cat-upominki-firmowe","9":"first","10":"instock","11":"taxable","12":"shipping-taxable","13":"purchasable","14":"product-type-simple"},"_links":{"self":[{"href":"https:\/\/upominkiok.pl\/index.php?rest_route=\/wp\/v2\/product\/6203","targetHints":{"allow":["GET"]}}],"collection":[{"href":"https:\/\/upominkiok.pl\/index.php?rest_route=\/wp\/v2\/product"}],"about":[{"href":"https:\/\/upominkiok.pl\/index.php?rest_route=\/wp\/v2\/types\/product"}],"replies":[{"embeddable":true,"href":"https:\/\/upominkiok.pl\/index.php?rest_route=%2Fwp%2Fv2%2Fcomments&post=6203"}],"version-history":[{"count":4,"href":"https:\/\/upominkiok.pl\/index.php?rest_route=\/wp\/v2\/product\/6203\/revisions"}],"predecessor-version":[{"id":6211,"href":"https:\/\/upominkiok.pl\/index.php?rest_route=\/wp\/v2\/product\/6203\/revisions\/6211"}],"wp:featuredmedia":[{"embeddable":true,"href":"https:\/\/upominkiok.pl\/index.php?rest_route=\/wp\/v2\/media\/6204"}],"wp:attachment":[{"href":"https:\/\/upominkiok.pl\/index.php?rest_route=%2Fwp%2Fv2%2Fmedia&parent=6203"}],"wp:term":[{"taxonomy":"brand","embeddable":true,"href":"https:\/\/upominkiok.pl\/index.php?rest_route=%2Fwp%2Fv2%2Fetheme_brands&post=6203"},{"taxonomy":"product_brand","embeddable":true,"href":"https:\/\/upominkiok.pl\/index.php?rest_route=%2Fwp%2Fv2%2Fproduct_brand&post=6203"},{"taxonomy":"product_cat","embeddable":true,"href":"https:\/\/upominkiok.pl\/index.php?rest_route=%2Fwp%2Fv2%2Fproduct_cat&post=6203"},{"taxonomy":"product_tag","embeddable":true,"href":"https:\/\/upominkiok.pl\/index.php?rest_route=%2Fwp%2Fv2%2Fproduct_tag&post=6203"}],"curies":[{"name":"wp","href":"https:\/\/api.w.org\/{rel}","templated":true}]}}