{"id":6212,"date":"2024-09-10T07:21:00","date_gmt":"2024-09-10T05:21:00","guid":{"rendered":"http:\/\/upominkiok.pl\/?post_type=product&#038;p=6212"},"modified":"2024-09-10T07:24:51","modified_gmt":"2024-09-10T05:24:51","slug":"otwieracz-do-butelek","status":"publish","type":"product","link":"https:\/\/upominkiok.pl\/?product=otwieracz-do-butelek","title":{"rendered":"Otwieracz do Butelek"},"content":{"rendered":"\t\t<div data-elementor-type=\"wp-post\" data-elementor-id=\"6212\" class=\"elementor elementor-6212\" data-elementor-post-type=\"product\">\n\t\t\t\t\t\t<section class=\"elementor-section elementor-top-section elementor-element elementor-element-77c9109 elementor-section-content-top elementor-section-boxed elementor-section-height-default elementor-section-height-default\" data-id=\"77c9109\" data-element_type=\"section\">\n\t\t\t\t\t\t<div class=\"elementor-container elementor-column-gap-custom\">\n\t\t\t\t\t<div class=\"elementor-column elementor-col-50 elementor-top-column elementor-element elementor-element-4e6c717\" data-id=\"4e6c717\" data-element_type=\"column\">\n\t\t\t<div class=\"elementor-widget-wrap elementor-element-populated\">\n\t\t\t\t\t\t<div class=\"elementor-element elementor-element-677f358 elementor-widget elementor-widget-heading\" data-id=\"677f358\" data-element_type=\"widget\" data-widget_type=\"heading.default\">\n\t\t\t\t<div class=\"elementor-widget-container\">\n\t\t\t\t\t<h2 class=\"elementor-heading-title elementor-size-default\">Otwieracz do Butelek<\/h2>\t\t\t\t<\/div>\n\t\t\t\t<\/div>\n\t\t\t\t<div class=\"elementor-element elementor-element-79687b6 elementor-widget__width-initial elementor-widget elementor-widget-text-editor\" data-id=\"79687b6\" data-element_type=\"widget\" data-widget_type=\"text-editor.default\">\n\t\t\t\t<div class=\"elementor-widget-container\">\n\t\t\t\t\t\t\t\t\t<p>Otwieracz do butelek wykonany z po\u0142\u0105czenia stali nierdzewnej i naturalnego bambusa to praktyczny, estetyczny i ekologiczny dodatek do ka\u017cdej kuchni. Dzi\u0119ki otworowi w uchwycie, mo\u017cna go wygodnie zawiesi\u0107 w dowolnym miejscu, co zwi\u0119ksza jego funkcjonalno\u015b\u0107. Staranno\u015b\u0107 wykonania i solidno\u015b\u0107 materia\u0142\u00f3w gwarantuj\u0105 d\u0142ug\u0105 trwa\u0142o\u015b\u0107 produktu.<\/p><p>Otwieracz doskonale nadaje si\u0119 do personalizacji poprzez grawerowanie, co czyni go r\u00f3wnie\u017c \u015bwietnym pomys\u0142em na prezent.<\/p><p>Wymiary: 40 x 179 x 6 mm.<\/p>\t\t\t\t\t\t\t\t<\/div>\n\t\t\t\t<\/div>\n\t\t\t\t\t<\/div>\n\t\t<\/div>\n\t\t\t\t<div class=\"elementor-column elementor-col-50 elementor-top-column elementor-element elementor-element-67ea4a5\" data-id=\"67ea4a5\" data-element_type=\"column\">\n\t\t\t<div class=\"elementor-widget-wrap elementor-element-populated\">\n\t\t\t\t\t\t<div class=\"elementor-element elementor-element-ab1e6aa elementor-widget elementor-widget-image\" data-id=\"ab1e6aa\" data-element_type=\"widget\" data-widget_type=\"image.default\">\n\t\t\t\t<div class=\"elementor-widget-container\">\n\t\t\t\t\t\t\t\t\t\t\t\t\t\t\t<img loading=\"lazy\" loading=\"lazy\" decoding=\"async\" width=\"1024\" height=\"1024\" src=\"https:\/\/upominkiok.pl\/wp-content\/uploads\/2024\/09\/podluzny-bambusowy-otwieracz-do-butelek-z-mozliwoscia-personalizacji-grawerem-upominek-firmowy-upominkiok-1-1024x1024.jpg\" class=\"attachment-large size-large wp-image-6214\" alt=\"\" srcset=\"https:\/\/upominkiok.pl\/wp-content\/uploads\/2024\/09\/podluzny-bambusowy-otwieracz-do-butelek-z-mozliwoscia-personalizacji-grawerem-upominek-firmowy-upominkiok-1-1024x1024.jpg 1024w, https:\/\/upominkiok.pl\/wp-content\/uploads\/2024\/09\/podluzny-bambusowy-otwieracz-do-butelek-z-mozliwoscia-personalizacji-grawerem-upominek-firmowy-upominkiok-1-366x366.jpg 366w, https:\/\/upominkiok.pl\/wp-content\/uploads\/2024\/09\/podluzny-bambusowy-otwieracz-do-butelek-z-mozliwoscia-personalizacji-grawerem-upominek-firmowy-upominkiok-1-100x100.jpg 100w, https:\/\/upominkiok.pl\/wp-content\/uploads\/2024\/09\/podluzny-bambusowy-otwieracz-do-butelek-z-mozliwoscia-personalizacji-grawerem-upominek-firmowy-upominkiok-1-600x600.jpg 600w, https:\/\/upominkiok.pl\/wp-content\/uploads\/2024\/09\/podluzny-bambusowy-otwieracz-do-butelek-z-mozliwoscia-personalizacji-grawerem-upominek-firmowy-upominkiok-1-300x300.jpg 300w, https:\/\/upominkiok.pl\/wp-content\/uploads\/2024\/09\/podluzny-bambusowy-otwieracz-do-butelek-z-mozliwoscia-personalizacji-grawerem-upominek-firmowy-upominkiok-1-150x150.jpg 150w, https:\/\/upominkiok.pl\/wp-content\/uploads\/2024\/09\/podluzny-bambusowy-otwieracz-do-butelek-z-mozliwoscia-personalizacji-grawerem-upominek-firmowy-upominkiok-1-768x768.jpg 768w, https:\/\/upominkiok.pl\/wp-content\/uploads\/2024\/09\/podluzny-bambusowy-otwieracz-do-butelek-z-mozliwoscia-personalizacji-grawerem-upominek-firmowy-upominkiok-1-1x1.jpg 1w, https:\/\/upominkiok.pl\/wp-content\/uploads\/2024\/09\/podluzny-bambusowy-otwieracz-do-butelek-z-mozliwoscia-personalizacji-grawerem-upominek-firmowy-upominkiok-1-10x10.jpg 10w, https:\/\/upominkiok.pl\/wp-content\/uploads\/2024\/09\/podluzny-bambusowy-otwieracz-do-butelek-z-mozliwoscia-personalizacji-grawerem-upominek-firmowy-upominkiok-1.jpg 1181w\" sizes=\"auto, (max-width: 1024px) 100vw, 1024px\" \/>\t\t\t\t\t\t\t\t\t\t\t\t\t\t\t<\/div>\n\t\t\t\t<\/div>\n\t\t\t\t\t<\/div>\n\t\t<\/div>\n\t\t\t\t\t<\/div>\n\t\t<\/section>\n\t\t\t\t<\/div>\n\t\t","protected":false},"excerpt":{"rendered":"<p>Otwieracz do butelek ze stali nierdzewnej i bambusa, praktyczny i wygodny, z otworem do zawieszenia w dogodnym miejscu.<\/p>\n","protected":false},"featured_media":6215,"comment_status":"closed","ping_status":"closed","template":"","meta":[],"etheme_brands":[],"product_brand":[],"product_cat":[50,40],"product_tag":[],"class_list":{"0":"post-6212","1":"product","2":"type-product","3":"status-publish","4":"has-post-thumbnail","6":"product_cat-otwieracze-do-butelek","7":"product_cat-upominki-firmowe","9":"first","10":"instock","11":"taxable","12":"shipping-taxable","13":"purchasable","14":"product-type-simple"},"_links":{"self":[{"href":"https:\/\/upominkiok.pl\/index.php?rest_route=\/wp\/v2\/product\/6212","targetHints":{"allow":["GET"]}}],"collection":[{"href":"https:\/\/upominkiok.pl\/index.php?rest_route=\/wp\/v2\/product"}],"about":[{"href":"https:\/\/upominkiok.pl\/index.php?rest_route=\/wp\/v2\/types\/product"}],"replies":[{"embeddable":true,"href":"https:\/\/upominkiok.pl\/index.php?rest_route=%2Fwp%2Fv2%2Fcomments&post=6212"}],"version-history":[{"count":4,"href":"https:\/\/upominkiok.pl\/index.php?rest_route=\/wp\/v2\/product\/6212\/revisions"}],"predecessor-version":[{"id":6220,"href":"https:\/\/upominkiok.pl\/index.php?rest_route=\/wp\/v2\/product\/6212\/revisions\/6220"}],"wp:featuredmedia":[{"embeddable":true,"href":"https:\/\/upominkiok.pl\/index.php?rest_route=\/wp\/v2\/media\/6215"}],"wp:attachment":[{"href":"https:\/\/upominkiok.pl\/index.php?rest_route=%2Fwp%2Fv2%2Fmedia&parent=6212"}],"wp:term":[{"taxonomy":"brand","embeddable":true,"href":"https:\/\/upominkiok.pl\/index.php?rest_route=%2Fwp%2Fv2%2Fetheme_brands&post=6212"},{"taxonomy":"product_brand","embeddable":true,"href":"https:\/\/upominkiok.pl\/index.php?rest_route=%2Fwp%2Fv2%2Fproduct_brand&post=6212"},{"taxonomy":"product_cat","embeddable":true,"href":"https:\/\/upominkiok.pl\/index.php?rest_route=%2Fwp%2Fv2%2Fproduct_cat&post=6212"},{"taxonomy":"product_tag","embeddable":true,"href":"https:\/\/upominkiok.pl\/index.php?rest_route=%2Fwp%2Fv2%2Fproduct_tag&post=6212"}],"curies":[{"name":"wp","href":"https:\/\/api.w.org\/{rel}","templated":true}]}}