{"id":6229,"date":"2024-09-10T07:33:15","date_gmt":"2024-09-10T05:33:15","guid":{"rendered":"http:\/\/upominkiok.pl\/?post_type=product&#038;p=6229"},"modified":"2024-09-10T07:38:12","modified_gmt":"2024-09-10T05:38:12","slug":"zestaw-slomek-ze-stali-nierdzewnej","status":"publish","type":"product","link":"https:\/\/upominkiok.pl\/?product=zestaw-slomek-ze-stali-nierdzewnej","title":{"rendered":"Zestaw S\u0142omek ze Stali Nierdzewnej"},"content":{"rendered":"\t\t<div data-elementor-type=\"wp-post\" data-elementor-id=\"6229\" class=\"elementor elementor-6229\" data-elementor-post-type=\"product\">\n\t\t\t\t\t\t<section class=\"elementor-section elementor-top-section elementor-element elementor-element-77c9109 elementor-section-content-top elementor-section-boxed elementor-section-height-default elementor-section-height-default\" data-id=\"77c9109\" data-element_type=\"section\">\n\t\t\t\t\t\t<div class=\"elementor-container elementor-column-gap-custom\">\n\t\t\t\t\t<div class=\"elementor-column elementor-col-50 elementor-top-column elementor-element elementor-element-4e6c717\" data-id=\"4e6c717\" data-element_type=\"column\">\n\t\t\t<div class=\"elementor-widget-wrap elementor-element-populated\">\n\t\t\t\t\t\t<div class=\"elementor-element elementor-element-677f358 elementor-widget elementor-widget-heading\" data-id=\"677f358\" data-element_type=\"widget\" data-widget_type=\"heading.default\">\n\t\t\t\t<div class=\"elementor-widget-container\">\n\t\t\t\t\t<h2 class=\"elementor-heading-title elementor-size-default\">Zestaw S\u0142omek ze Stali Nierdzewnej<\/h2>\t\t\t\t<\/div>\n\t\t\t\t<\/div>\n\t\t\t\t<div class=\"elementor-element elementor-element-79687b6 elementor-widget__width-initial elementor-widget elementor-widget-text-editor\" data-id=\"79687b6\" data-element_type=\"widget\" data-widget_type=\"text-editor.default\">\n\t\t\t\t<div class=\"elementor-widget-container\">\n\t\t\t\t\t\t\t\t\t<p>Zestaw s\u0142omek ze stali nierdzewnej to elegancki i praktyczny wyb\u00f3r dla os\u00f3b dbaj\u0105cych o \u015brodowisko. W sk\u0142ad zestawu wchodz\u0105 cztery proste s\u0142omki w srebrnym kolorze, kt\u00f3re dzi\u0119ki swojemu nowoczesnemu wygl\u0105dowi doskonale komponuj\u0105 si\u0119 z ka\u017cdym napojem, dodaj\u0105c mu wyj\u0105tkowego charakteru.<\/p><p>S\u0142omki s\u0105 zapakowane w praktyczny, bawe\u0142niany woreczek, co czyni je idealnym rozwi\u0105zaniem na prezent. Do zestawu do\u0142\u0105czony jest czy\u015bcik, co zapewnia \u0142atwe utrzymanie ich w czysto\u015bci i gotowo\u015bci do wielokrotnego u\u017cytku.<\/p><p>Dzi\u0119ki swojej trwa\u0142o\u015bci i estetyce, s\u0142omki te stanowi\u0105 doskona\u0142\u0105 alternatyw\u0119 dla jednorazowych rozwi\u0105za\u0144, przyczyniaj\u0105c si\u0119 do ochrony \u015brodowiska. Produkt mo\u017cna personalizowa\u0107 poprzez grawerowanie.<\/p><p>Wymiary: s\u0142omki 230 x 6 mm, woreczek 40 x 250 mm.<\/p>\t\t\t\t\t\t\t\t<\/div>\n\t\t\t\t<\/div>\n\t\t\t\t\t<\/div>\n\t\t<\/div>\n\t\t\t\t<div class=\"elementor-column elementor-col-50 elementor-top-column elementor-element elementor-element-67ea4a5\" data-id=\"67ea4a5\" data-element_type=\"column\">\n\t\t\t<div class=\"elementor-widget-wrap elementor-element-populated\">\n\t\t\t\t\t\t<div class=\"elementor-element elementor-element-ab1e6aa elementor-widget elementor-widget-image\" data-id=\"ab1e6aa\" data-element_type=\"widget\" data-widget_type=\"image.default\">\n\t\t\t\t<div class=\"elementor-widget-container\">\n\t\t\t\t\t\t\t\t\t\t\t\t\t\t\t<img loading=\"lazy\" loading=\"lazy\" decoding=\"async\" width=\"1024\" height=\"1024\" src=\"https:\/\/upominkiok.pl\/wp-content\/uploads\/2024\/09\/zestaw-slomek-ze-stali-nierdzewnej-na-prezent-z-grawerem-upominkiok-4-1024x1024.jpg\" class=\"attachment-large size-large wp-image-6233\" alt=\"\" srcset=\"https:\/\/upominkiok.pl\/wp-content\/uploads\/2024\/09\/zestaw-slomek-ze-stali-nierdzewnej-na-prezent-z-grawerem-upominkiok-4-1024x1024.jpg 1024w, https:\/\/upominkiok.pl\/wp-content\/uploads\/2024\/09\/zestaw-slomek-ze-stali-nierdzewnej-na-prezent-z-grawerem-upominkiok-4-366x366.jpg 366w, https:\/\/upominkiok.pl\/wp-content\/uploads\/2024\/09\/zestaw-slomek-ze-stali-nierdzewnej-na-prezent-z-grawerem-upominkiok-4-100x100.jpg 100w, https:\/\/upominkiok.pl\/wp-content\/uploads\/2024\/09\/zestaw-slomek-ze-stali-nierdzewnej-na-prezent-z-grawerem-upominkiok-4-600x600.jpg 600w, https:\/\/upominkiok.pl\/wp-content\/uploads\/2024\/09\/zestaw-slomek-ze-stali-nierdzewnej-na-prezent-z-grawerem-upominkiok-4-300x300.jpg 300w, https:\/\/upominkiok.pl\/wp-content\/uploads\/2024\/09\/zestaw-slomek-ze-stali-nierdzewnej-na-prezent-z-grawerem-upominkiok-4-150x150.jpg 150w, https:\/\/upominkiok.pl\/wp-content\/uploads\/2024\/09\/zestaw-slomek-ze-stali-nierdzewnej-na-prezent-z-grawerem-upominkiok-4-768x768.jpg 768w, https:\/\/upominkiok.pl\/wp-content\/uploads\/2024\/09\/zestaw-slomek-ze-stali-nierdzewnej-na-prezent-z-grawerem-upominkiok-4-1x1.jpg 1w, https:\/\/upominkiok.pl\/wp-content\/uploads\/2024\/09\/zestaw-slomek-ze-stali-nierdzewnej-na-prezent-z-grawerem-upominkiok-4-10x10.jpg 10w, https:\/\/upominkiok.pl\/wp-content\/uploads\/2024\/09\/zestaw-slomek-ze-stali-nierdzewnej-na-prezent-z-grawerem-upominkiok-4.jpg 1181w\" sizes=\"auto, (max-width: 1024px) 100vw, 1024px\" \/>\t\t\t\t\t\t\t\t\t\t\t\t\t\t\t<\/div>\n\t\t\t\t<\/div>\n\t\t\t\t\t<\/div>\n\t\t<\/div>\n\t\t\t\t\t<\/div>\n\t\t<\/section>\n\t\t\t\t<\/div>\n\t\t","protected":false},"excerpt":{"rendered":"<div class=\"flex-shrink-0 flex flex-col relative items-end\">\n<div>\n<div class=\"pt-0\">\n<div class=\"gizmo-bot-avatar flex h-8 w-8 items-center justify-center overflow-hidden rounded-full\">\n<div class=\"relative p-1 rounded-sm flex items-center justify-center bg-token-main-surface-primary text-token-text-primary h-8 w-8\">Zestaw czterech stalowych s\u0142omek w srebrnym kolorze, zapakowany w bawe\u0142niany woreczek z czy\u015bcikiem, to elegancki i ekologiczny dodatek do ka\u017cdego napoju.<\/div>\n<\/div>\n<\/div>\n<\/div>\n<\/div>\n","protected":false},"featured_media":6231,"comment_status":"closed","ping_status":"closed","template":"","meta":[],"etheme_brands":[],"product_brand":[],"product_cat":[70,40],"product_tag":[],"class_list":{"0":"post-6229","1":"product","2":"type-product","3":"status-publish","4":"has-post-thumbnail","6":"product_cat-akcesoria-do-zywnosci","7":"product_cat-upominki-firmowe","9":"first","10":"instock","11":"taxable","12":"shipping-taxable","13":"purchasable","14":"product-type-simple"},"_links":{"self":[{"href":"https:\/\/upominkiok.pl\/index.php?rest_route=\/wp\/v2\/product\/6229","targetHints":{"allow":["GET"]}}],"collection":[{"href":"https:\/\/upominkiok.pl\/index.php?rest_route=\/wp\/v2\/product"}],"about":[{"href":"https:\/\/upominkiok.pl\/index.php?rest_route=\/wp\/v2\/types\/product"}],"replies":[{"embeddable":true,"href":"https:\/\/upominkiok.pl\/index.php?rest_route=%2Fwp%2Fv2%2Fcomments&post=6229"}],"version-history":[{"count":4,"href":"https:\/\/upominkiok.pl\/index.php?rest_route=\/wp\/v2\/product\/6229\/revisions"}],"predecessor-version":[{"id":6238,"href":"https:\/\/upominkiok.pl\/index.php?rest_route=\/wp\/v2\/product\/6229\/revisions\/6238"}],"wp:featuredmedia":[{"embeddable":true,"href":"https:\/\/upominkiok.pl\/index.php?rest_route=\/wp\/v2\/media\/6231"}],"wp:attachment":[{"href":"https:\/\/upominkiok.pl\/index.php?rest_route=%2Fwp%2Fv2%2Fmedia&parent=6229"}],"wp:term":[{"taxonomy":"brand","embeddable":true,"href":"https:\/\/upominkiok.pl\/index.php?rest_route=%2Fwp%2Fv2%2Fetheme_brands&post=6229"},{"taxonomy":"product_brand","embeddable":true,"href":"https:\/\/upominkiok.pl\/index.php?rest_route=%2Fwp%2Fv2%2Fproduct_brand&post=6229"},{"taxonomy":"product_cat","embeddable":true,"href":"https:\/\/upominkiok.pl\/index.php?rest_route=%2Fwp%2Fv2%2Fproduct_cat&post=6229"},{"taxonomy":"product_tag","embeddable":true,"href":"https:\/\/upominkiok.pl\/index.php?rest_route=%2Fwp%2Fv2%2Fproduct_tag&post=6229"}],"curies":[{"name":"wp","href":"https:\/\/api.w.org\/{rel}","templated":true}]}}