{"id":6239,"date":"2024-09-10T07:41:40","date_gmt":"2024-09-10T05:41:40","guid":{"rendered":"http:\/\/upominkiok.pl\/?post_type=product&#038;p=6239"},"modified":"2024-09-10T07:48:40","modified_gmt":"2024-09-10T05:48:40","slug":"pojemnik-na-zywnosc-650ml","status":"publish","type":"product","link":"https:\/\/upominkiok.pl\/?product=pojemnik-na-zywnosc-650ml","title":{"rendered":"Pojemnik na \u017bywno\u015b\u0107 650ml"},"content":{"rendered":"\t\t<div data-elementor-type=\"wp-post\" data-elementor-id=\"6239\" class=\"elementor elementor-6239\" data-elementor-post-type=\"product\">\n\t\t\t\t\t\t<section class=\"elementor-section elementor-top-section elementor-element elementor-element-77c9109 elementor-section-content-top elementor-section-boxed elementor-section-height-default elementor-section-height-default\" data-id=\"77c9109\" data-element_type=\"section\">\n\t\t\t\t\t\t<div class=\"elementor-container elementor-column-gap-custom\">\n\t\t\t\t\t<div class=\"elementor-column elementor-col-50 elementor-top-column elementor-element elementor-element-4e6c717\" data-id=\"4e6c717\" data-element_type=\"column\">\n\t\t\t<div class=\"elementor-widget-wrap elementor-element-populated\">\n\t\t\t\t\t\t<div class=\"elementor-element elementor-element-677f358 elementor-widget elementor-widget-heading\" data-id=\"677f358\" data-element_type=\"widget\" data-widget_type=\"heading.default\">\n\t\t\t\t<div class=\"elementor-widget-container\">\n\t\t\t\t\t<h2 class=\"elementor-heading-title elementor-size-default\">Pojemnik na \u017bywno\u015b\u0107 650ml<\/h2>\t\t\t\t<\/div>\n\t\t\t\t<\/div>\n\t\t\t\t<div class=\"elementor-element elementor-element-79687b6 elementor-widget__width-initial elementor-widget elementor-widget-text-editor\" data-id=\"79687b6\" data-element_type=\"widget\" data-widget_type=\"text-editor.default\">\n\t\t\t\t<div class=\"elementor-widget-container\">\n\t\t\t\t\t\t\t\t\t<p>Pojemnik na \u017cywno\u015b\u0107 o pojemno\u015bci 650 ml \u0142\u0105czy estetyk\u0119 z funkcjonalno\u015bci\u0105, dzi\u0119ki wykonaniu z trwa\u0142ego tworzywa i eleganckiej bambusowej przykrywce.<\/p><p>Wyposa\u017cony w gumk\u0119 uszczelniaj\u0105c\u0105, zapewnia szczelne przechowywanie jedzenia, a jego uniwersalne w\u0142a\u015bciwo\u015bci pozwalaj\u0105 na bezpieczne u\u017cywanie w zmywarce, kuchence mikrofalowej i zamra\u017carce.<\/p><p>Jego nowoczesny design i praktyczno\u015b\u0107 sprawiaj\u0105, \u017ce jest idealnym rozwi\u0105zaniem do codziennego u\u017cytku oraz doskona\u0142ym prezentem. Mo\u017cliwo\u015b\u0107 grawerowania sprawia, \u017ce mo\u017ce by\u0107 personalizowany zgodnie z Twoimi potrzebami.<\/p><p>Wymiary: 189 x 104 x 64 mm.<\/p>\t\t\t\t\t\t\t\t<\/div>\n\t\t\t\t<\/div>\n\t\t\t\t\t<\/div>\n\t\t<\/div>\n\t\t\t\t<div class=\"elementor-column elementor-col-50 elementor-top-column elementor-element elementor-element-67ea4a5\" data-id=\"67ea4a5\" data-element_type=\"column\">\n\t\t\t<div class=\"elementor-widget-wrap elementor-element-populated\">\n\t\t\t\t\t\t<div class=\"elementor-element elementor-element-ab1e6aa elementor-widget elementor-widget-image\" data-id=\"ab1e6aa\" data-element_type=\"widget\" data-widget_type=\"image.default\">\n\t\t\t\t<div class=\"elementor-widget-container\">\n\t\t\t\t\t\t\t\t\t\t\t\t\t\t\t<img loading=\"lazy\" loading=\"lazy\" decoding=\"async\" width=\"1024\" height=\"1024\" src=\"https:\/\/upominkiok.pl\/wp-content\/uploads\/2024\/09\/grawerowany-praktyczny-pojemnik-na-kanapki-350ml-od-upominkiok-6-1024x1024.jpg\" class=\"attachment-large size-large wp-image-6247\" alt=\"\" srcset=\"https:\/\/upominkiok.pl\/wp-content\/uploads\/2024\/09\/grawerowany-praktyczny-pojemnik-na-kanapki-350ml-od-upominkiok-6-1024x1024.jpg 1024w, https:\/\/upominkiok.pl\/wp-content\/uploads\/2024\/09\/grawerowany-praktyczny-pojemnik-na-kanapki-350ml-od-upominkiok-6-366x366.jpg 366w, https:\/\/upominkiok.pl\/wp-content\/uploads\/2024\/09\/grawerowany-praktyczny-pojemnik-na-kanapki-350ml-od-upominkiok-6-100x100.jpg 100w, https:\/\/upominkiok.pl\/wp-content\/uploads\/2024\/09\/grawerowany-praktyczny-pojemnik-na-kanapki-350ml-od-upominkiok-6-600x600.jpg 600w, https:\/\/upominkiok.pl\/wp-content\/uploads\/2024\/09\/grawerowany-praktyczny-pojemnik-na-kanapki-350ml-od-upominkiok-6-300x300.jpg 300w, https:\/\/upominkiok.pl\/wp-content\/uploads\/2024\/09\/grawerowany-praktyczny-pojemnik-na-kanapki-350ml-od-upominkiok-6-150x150.jpg 150w, https:\/\/upominkiok.pl\/wp-content\/uploads\/2024\/09\/grawerowany-praktyczny-pojemnik-na-kanapki-350ml-od-upominkiok-6-768x768.jpg 768w, https:\/\/upominkiok.pl\/wp-content\/uploads\/2024\/09\/grawerowany-praktyczny-pojemnik-na-kanapki-350ml-od-upominkiok-6-1x1.jpg 1w, https:\/\/upominkiok.pl\/wp-content\/uploads\/2024\/09\/grawerowany-praktyczny-pojemnik-na-kanapki-350ml-od-upominkiok-6-10x10.jpg 10w, https:\/\/upominkiok.pl\/wp-content\/uploads\/2024\/09\/grawerowany-praktyczny-pojemnik-na-kanapki-350ml-od-upominkiok-6.jpg 1181w\" sizes=\"auto, (max-width: 1024px) 100vw, 1024px\" \/>\t\t\t\t\t\t\t\t\t\t\t\t\t\t\t<\/div>\n\t\t\t\t<\/div>\n\t\t\t\t\t<\/div>\n\t\t<\/div>\n\t\t\t\t\t<\/div>\n\t\t<\/section>\n\t\t\t\t<\/div>\n\t\t","protected":false},"excerpt":{"rendered":"<p>Pojemnik na \u017cywno\u015b\u0107 650 ml z bambusow\u0105 przykrywk\u0105 i uszczelk\u0105, przystosowany do zmywarki, mikrofal\u00f3wki i zamra\u017carki.<\/p>\n","protected":false},"featured_media":6243,"comment_status":"closed","ping_status":"closed","template":"","meta":[],"etheme_brands":[],"product_brand":[],"product_cat":[70,40],"product_tag":[],"class_list":{"0":"post-6239","1":"product","2":"type-product","3":"status-publish","4":"has-post-thumbnail","6":"product_cat-akcesoria-do-zywnosci","7":"product_cat-upominki-firmowe","9":"first","10":"instock","11":"taxable","12":"shipping-taxable","13":"purchasable","14":"product-type-simple"},"_links":{"self":[{"href":"https:\/\/upominkiok.pl\/index.php?rest_route=\/wp\/v2\/product\/6239","targetHints":{"allow":["GET"]}}],"collection":[{"href":"https:\/\/upominkiok.pl\/index.php?rest_route=\/wp\/v2\/product"}],"about":[{"href":"https:\/\/upominkiok.pl\/index.php?rest_route=\/wp\/v2\/types\/product"}],"replies":[{"embeddable":true,"href":"https:\/\/upominkiok.pl\/index.php?rest_route=%2Fwp%2Fv2%2Fcomments&post=6239"}],"version-history":[{"count":4,"href":"https:\/\/upominkiok.pl\/index.php?rest_route=\/wp\/v2\/product\/6239\/revisions"}],"predecessor-version":[{"id":6252,"href":"https:\/\/upominkiok.pl\/index.php?rest_route=\/wp\/v2\/product\/6239\/revisions\/6252"}],"wp:featuredmedia":[{"embeddable":true,"href":"https:\/\/upominkiok.pl\/index.php?rest_route=\/wp\/v2\/media\/6243"}],"wp:attachment":[{"href":"https:\/\/upominkiok.pl\/index.php?rest_route=%2Fwp%2Fv2%2Fmedia&parent=6239"}],"wp:term":[{"taxonomy":"brand","embeddable":true,"href":"https:\/\/upominkiok.pl\/index.php?rest_route=%2Fwp%2Fv2%2Fetheme_brands&post=6239"},{"taxonomy":"product_brand","embeddable":true,"href":"https:\/\/upominkiok.pl\/index.php?rest_route=%2Fwp%2Fv2%2Fproduct_brand&post=6239"},{"taxonomy":"product_cat","embeddable":true,"href":"https:\/\/upominkiok.pl\/index.php?rest_route=%2Fwp%2Fv2%2Fproduct_cat&post=6239"},{"taxonomy":"product_tag","embeddable":true,"href":"https:\/\/upominkiok.pl\/index.php?rest_route=%2Fwp%2Fv2%2Fproduct_tag&post=6239"}],"curies":[{"name":"wp","href":"https:\/\/api.w.org\/{rel}","templated":true}]}}