{"id":6253,"date":"2024-09-10T13:46:26","date_gmt":"2024-09-10T11:46:26","guid":{"rendered":"http:\/\/upominkiok.pl\/?post_type=product&#038;p=6253"},"modified":"2024-09-10T13:51:44","modified_gmt":"2024-09-10T11:51:44","slug":"bambusowe-pudelko-na-herbate","status":"publish","type":"product","link":"https:\/\/upominkiok.pl\/?product=bambusowe-pudelko-na-herbate","title":{"rendered":"Bambusowe Pude\u0142ko na Herbat\u0119"},"content":{"rendered":"\t\t<div data-elementor-type=\"wp-post\" data-elementor-id=\"6253\" class=\"elementor elementor-6253\" data-elementor-post-type=\"product\">\n\t\t\t\t\t\t<section class=\"elementor-section elementor-top-section elementor-element elementor-element-77c9109 elementor-section-content-top elementor-section-boxed elementor-section-height-default elementor-section-height-default\" data-id=\"77c9109\" data-element_type=\"section\">\n\t\t\t\t\t\t<div class=\"elementor-container elementor-column-gap-custom\">\n\t\t\t\t\t<div class=\"elementor-column elementor-col-50 elementor-top-column elementor-element elementor-element-4e6c717\" data-id=\"4e6c717\" data-element_type=\"column\">\n\t\t\t<div class=\"elementor-widget-wrap elementor-element-populated\">\n\t\t\t\t\t\t<div class=\"elementor-element elementor-element-677f358 elementor-widget elementor-widget-heading\" data-id=\"677f358\" data-element_type=\"widget\" data-widget_type=\"heading.default\">\n\t\t\t\t<div class=\"elementor-widget-container\">\n\t\t\t\t\t<h2 class=\"elementor-heading-title elementor-size-default\">Bambusowe Pude\u0142ko na Herbat\u0119<\/h2>\t\t\t\t<\/div>\n\t\t\t\t<\/div>\n\t\t\t\t<div class=\"elementor-element elementor-element-79687b6 elementor-widget__width-initial elementor-widget elementor-widget-text-editor\" data-id=\"79687b6\" data-element_type=\"widget\" data-widget_type=\"text-editor.default\">\n\t\t\t\t<div class=\"elementor-widget-container\">\n\t\t\t\t\t\t\t\t\t<p>Bambusowe pude\u0142ko na herbat\u0119 to elegancki i praktyczny dodatek do ka\u017cdej kuchni. Wykonane z naturalnego bambusa, zapewnia estetyczny wygl\u0105d i trwa\u0142o\u015b\u0107. Pude\u0142ko podzielone jest na cztery oddzielne przegr\u00f3dki, co pozwala na wygodne przechowywanie r\u00f3\u017cnych rodzaj\u00f3w herbaty w jednym miejscu.<\/p><p>Naturalny materia\u0142 oraz precyzyjne wykonanie sprawiaj\u0105, \u017ce produkt \u015bwietnie wpisuje si\u0119 w ekologiczne trendy, jednocze\u015bnie dodaj\u0105c stylu wn\u0119trzu.<\/p><p>Dzi\u0119ki mo\u017cliwo\u015bci grawerowania, pude\u0142ko mo\u017ce sta\u0107 si\u0119 wyj\u0105tkowym, spersonalizowanym prezentem.<\/p><p>Wymiary: 141 x 141 x 79 mm.<\/p>\t\t\t\t\t\t\t\t<\/div>\n\t\t\t\t<\/div>\n\t\t\t\t\t<\/div>\n\t\t<\/div>\n\t\t\t\t<div class=\"elementor-column elementor-col-50 elementor-top-column elementor-element elementor-element-67ea4a5\" data-id=\"67ea4a5\" data-element_type=\"column\">\n\t\t\t<div class=\"elementor-widget-wrap elementor-element-populated\">\n\t\t\t\t\t\t<div class=\"elementor-element elementor-element-ab1e6aa elementor-widget elementor-widget-image\" data-id=\"ab1e6aa\" data-element_type=\"widget\" data-widget_type=\"image.default\">\n\t\t\t\t<div class=\"elementor-widget-container\">\n\t\t\t\t\t\t\t\t\t\t\t\t\t\t\t<img loading=\"lazy\" loading=\"lazy\" decoding=\"async\" width=\"1024\" height=\"1024\" src=\"http:\/\/upominkiok.pl\/wp-content\/uploads\/2024\/09\/bambusowe-pudelko-na-herbate-praktyczny-prezent-od-upominkiok-2-1024x1024.jpg\" class=\"attachment-large size-large wp-image-6256\" alt=\"\" srcset=\"http:\/\/upominkiok.pl\/wp-content\/uploads\/2024\/09\/bambusowe-pudelko-na-herbate-praktyczny-prezent-od-upominkiok-2-1024x1024.jpg 1024w, http:\/\/upominkiok.pl\/wp-content\/uploads\/2024\/09\/bambusowe-pudelko-na-herbate-praktyczny-prezent-od-upominkiok-2-366x366.jpg 366w, http:\/\/upominkiok.pl\/wp-content\/uploads\/2024\/09\/bambusowe-pudelko-na-herbate-praktyczny-prezent-od-upominkiok-2-100x100.jpg 100w, http:\/\/upominkiok.pl\/wp-content\/uploads\/2024\/09\/bambusowe-pudelko-na-herbate-praktyczny-prezent-od-upominkiok-2-600x600.jpg 600w, http:\/\/upominkiok.pl\/wp-content\/uploads\/2024\/09\/bambusowe-pudelko-na-herbate-praktyczny-prezent-od-upominkiok-2-300x300.jpg 300w, http:\/\/upominkiok.pl\/wp-content\/uploads\/2024\/09\/bambusowe-pudelko-na-herbate-praktyczny-prezent-od-upominkiok-2-150x150.jpg 150w, http:\/\/upominkiok.pl\/wp-content\/uploads\/2024\/09\/bambusowe-pudelko-na-herbate-praktyczny-prezent-od-upominkiok-2-768x768.jpg 768w, http:\/\/upominkiok.pl\/wp-content\/uploads\/2024\/09\/bambusowe-pudelko-na-herbate-praktyczny-prezent-od-upominkiok-2-1x1.jpg 1w, http:\/\/upominkiok.pl\/wp-content\/uploads\/2024\/09\/bambusowe-pudelko-na-herbate-praktyczny-prezent-od-upominkiok-2-10x10.jpg 10w, http:\/\/upominkiok.pl\/wp-content\/uploads\/2024\/09\/bambusowe-pudelko-na-herbate-praktyczny-prezent-od-upominkiok-2.jpg 1181w\" sizes=\"auto, (max-width: 1024px) 100vw, 1024px\" \/>\t\t\t\t\t\t\t\t\t\t\t\t\t\t\t<\/div>\n\t\t\t\t<\/div>\n\t\t\t\t\t<\/div>\n\t\t<\/div>\n\t\t\t\t\t<\/div>\n\t\t<\/section>\n\t\t\t\t<\/div>\n\t\t","protected":false},"excerpt":{"rendered":"<p>Pude\u0142ko na herbat\u0119 wykonane z bambusa, podzielone na cztery cz\u0119\u015bci, idealnie nadaje si\u0119 do przechowywania r\u00f3\u017cnych rodzaj\u00f3w herbaty.<\/p>\n","protected":false},"featured_media":6257,"comment_status":"closed","ping_status":"closed","template":"","meta":[],"etheme_brands":[],"product_brand":[],"product_cat":[70,40],"product_tag":[],"class_list":{"0":"post-6253","1":"product","2":"type-product","3":"status-publish","4":"has-post-thumbnail","6":"product_cat-akcesoria-do-zywnosci","7":"product_cat-upominki-firmowe","9":"first","10":"instock","11":"taxable","12":"shipping-taxable","13":"purchasable","14":"product-type-simple"},"_links":{"self":[{"href":"https:\/\/upominkiok.pl\/index.php?rest_route=\/wp\/v2\/product\/6253","targetHints":{"allow":["GET"]}}],"collection":[{"href":"https:\/\/upominkiok.pl\/index.php?rest_route=\/wp\/v2\/product"}],"about":[{"href":"https:\/\/upominkiok.pl\/index.php?rest_route=\/wp\/v2\/types\/product"}],"replies":[{"embeddable":true,"href":"https:\/\/upominkiok.pl\/index.php?rest_route=%2Fwp%2Fv2%2Fcomments&post=6253"}],"version-history":[{"count":4,"href":"https:\/\/upominkiok.pl\/index.php?rest_route=\/wp\/v2\/product\/6253\/revisions"}],"predecessor-version":[{"id":6261,"href":"https:\/\/upominkiok.pl\/index.php?rest_route=\/wp\/v2\/product\/6253\/revisions\/6261"}],"wp:featuredmedia":[{"embeddable":true,"href":"https:\/\/upominkiok.pl\/index.php?rest_route=\/wp\/v2\/media\/6257"}],"wp:attachment":[{"href":"https:\/\/upominkiok.pl\/index.php?rest_route=%2Fwp%2Fv2%2Fmedia&parent=6253"}],"wp:term":[{"taxonomy":"brand","embeddable":true,"href":"https:\/\/upominkiok.pl\/index.php?rest_route=%2Fwp%2Fv2%2Fetheme_brands&post=6253"},{"taxonomy":"product_brand","embeddable":true,"href":"https:\/\/upominkiok.pl\/index.php?rest_route=%2Fwp%2Fv2%2Fproduct_brand&post=6253"},{"taxonomy":"product_cat","embeddable":true,"href":"https:\/\/upominkiok.pl\/index.php?rest_route=%2Fwp%2Fv2%2Fproduct_cat&post=6253"},{"taxonomy":"product_tag","embeddable":true,"href":"https:\/\/upominkiok.pl\/index.php?rest_route=%2Fwp%2Fv2%2Fproduct_tag&post=6253"}],"curies":[{"name":"wp","href":"https:\/\/api.w.org\/{rel}","templated":true}]}}