{"id":6288,"date":"2024-09-10T14:07:15","date_gmt":"2024-09-10T12:07:15","guid":{"rendered":"http:\/\/upominkiok.pl\/?post_type=product&#038;p=6288"},"modified":"2024-09-10T14:12:55","modified_gmt":"2024-09-10T12:12:55","slug":"korkowy-notes-a6","status":"publish","type":"product","link":"https:\/\/upominkiok.pl\/?product=korkowy-notes-a6","title":{"rendered":"Korkowy Notes A6"},"content":{"rendered":"\t\t<div data-elementor-type=\"wp-post\" data-elementor-id=\"6288\" class=\"elementor elementor-6288\" data-elementor-post-type=\"product\">\n\t\t\t\t\t\t<section class=\"elementor-section elementor-top-section elementor-element elementor-element-77c9109 elementor-section-content-top elementor-section-boxed elementor-section-height-default elementor-section-height-default\" data-id=\"77c9109\" data-element_type=\"section\">\n\t\t\t\t\t\t<div class=\"elementor-container elementor-column-gap-custom\">\n\t\t\t\t\t<div class=\"elementor-column elementor-col-50 elementor-top-column elementor-element elementor-element-4e6c717\" data-id=\"4e6c717\" data-element_type=\"column\">\n\t\t\t<div class=\"elementor-widget-wrap elementor-element-populated\">\n\t\t\t\t\t\t<div class=\"elementor-element elementor-element-677f358 elementor-widget elementor-widget-heading\" data-id=\"677f358\" data-element_type=\"widget\" data-widget_type=\"heading.default\">\n\t\t\t\t<div class=\"elementor-widget-container\">\n\t\t\t\t\t<h2 class=\"elementor-heading-title elementor-size-default\">Korkowy Notes A6<\/h2>\t\t\t\t<\/div>\n\t\t\t\t<\/div>\n\t\t\t\t<div class=\"elementor-element elementor-element-79687b6 elementor-widget__width-initial elementor-widget elementor-widget-text-editor\" data-id=\"79687b6\" data-element_type=\"widget\" data-widget_type=\"text-editor.default\">\n\t\t\t\t<div class=\"elementor-widget-container\">\n\t\t\t\t\t\t\t\t\t<p>Korkowy notes A6 to elegancki i funkcjonalny gad\u017cet, kt\u00f3ry idealnie sprawdzi si\u0119 do codziennych notatek.<\/p><p>Usztywniana ok\u0142adka wykonana z naturalnego korka nadaje mu unikalnego wygl\u0105du i wytrzyma\u0142o\u015bci, a 96 g\u0142adkich kartek w kolorze ecru zapewnia wygod\u0119 pisania. Notes zamykany jest na praktyczn\u0105 gumk\u0119, co chroni wn\u0119trze przed przypadkowym otwarciem.<\/p><p>Dzi\u0119ki kompaktowym wymiarom (90 x 140 x 13 mm) z \u0142atwo\u015bci\u0105 zmie\u015bci si\u0119 w torebce czy plecaku, co czyni go \u015bwietnym towarzyszem w pracy, szkole czy na spotkaniach.<\/p><p>Produkt mo\u017cna personalizowa\u0107, wykonuj\u0105c grawer.<\/p>\t\t\t\t\t\t\t\t<\/div>\n\t\t\t\t<\/div>\n\t\t\t\t\t<\/div>\n\t\t<\/div>\n\t\t\t\t<div class=\"elementor-column elementor-col-50 elementor-top-column elementor-element elementor-element-67ea4a5\" data-id=\"67ea4a5\" data-element_type=\"column\">\n\t\t\t<div class=\"elementor-widget-wrap elementor-element-populated\">\n\t\t\t\t\t\t<div class=\"elementor-element elementor-element-ab1e6aa elementor-widget elementor-widget-image\" data-id=\"ab1e6aa\" data-element_type=\"widget\" data-widget_type=\"image.default\">\n\t\t\t\t<div class=\"elementor-widget-container\">\n\t\t\t\t\t\t\t\t\t\t\t\t\t\t\t<img loading=\"lazy\" loading=\"lazy\" decoding=\"async\" width=\"1024\" height=\"1024\" src=\"https:\/\/upominkiok.pl\/wp-content\/uploads\/2024\/09\/notes-A6-okladka-korkowa-z-grawerem-laserowym-logo-od-upominkiok-5-1024x1024.jpg\" class=\"attachment-large size-large wp-image-6295\" alt=\"\" srcset=\"https:\/\/upominkiok.pl\/wp-content\/uploads\/2024\/09\/notes-A6-okladka-korkowa-z-grawerem-laserowym-logo-od-upominkiok-5-1024x1024.jpg 1024w, https:\/\/upominkiok.pl\/wp-content\/uploads\/2024\/09\/notes-A6-okladka-korkowa-z-grawerem-laserowym-logo-od-upominkiok-5-366x366.jpg 366w, https:\/\/upominkiok.pl\/wp-content\/uploads\/2024\/09\/notes-A6-okladka-korkowa-z-grawerem-laserowym-logo-od-upominkiok-5-100x100.jpg 100w, https:\/\/upominkiok.pl\/wp-content\/uploads\/2024\/09\/notes-A6-okladka-korkowa-z-grawerem-laserowym-logo-od-upominkiok-5-600x600.jpg 600w, https:\/\/upominkiok.pl\/wp-content\/uploads\/2024\/09\/notes-A6-okladka-korkowa-z-grawerem-laserowym-logo-od-upominkiok-5-300x300.jpg 300w, https:\/\/upominkiok.pl\/wp-content\/uploads\/2024\/09\/notes-A6-okladka-korkowa-z-grawerem-laserowym-logo-od-upominkiok-5-150x150.jpg 150w, https:\/\/upominkiok.pl\/wp-content\/uploads\/2024\/09\/notes-A6-okladka-korkowa-z-grawerem-laserowym-logo-od-upominkiok-5-768x768.jpg 768w, https:\/\/upominkiok.pl\/wp-content\/uploads\/2024\/09\/notes-A6-okladka-korkowa-z-grawerem-laserowym-logo-od-upominkiok-5-1x1.jpg 1w, https:\/\/upominkiok.pl\/wp-content\/uploads\/2024\/09\/notes-A6-okladka-korkowa-z-grawerem-laserowym-logo-od-upominkiok-5-10x10.jpg 10w, https:\/\/upominkiok.pl\/wp-content\/uploads\/2024\/09\/notes-A6-okladka-korkowa-z-grawerem-laserowym-logo-od-upominkiok-5.jpg 1181w\" sizes=\"auto, (max-width: 1024px) 100vw, 1024px\" \/>\t\t\t\t\t\t\t\t\t\t\t\t\t\t\t<\/div>\n\t\t\t\t<\/div>\n\t\t\t\t\t<\/div>\n\t\t<\/div>\n\t\t\t\t\t<\/div>\n\t\t<\/section>\n\t\t\t\t<\/div>\n\t\t","protected":false},"excerpt":{"rendered":"<p>Korkowy notes A6 z usztywnian\u0105 ok\u0142adk\u0105, 96 g\u0142adkimi kartkami w kolorze ecru i zamkni\u0119ciem na gumk\u0119 to stylowy i praktyczny wyb\u00f3r.<\/p>\n","protected":false},"featured_media":6291,"comment_status":"closed","ping_status":"closed","template":"","meta":[],"etheme_brands":[],"product_brand":[],"product_cat":[71,40],"product_tag":[],"class_list":{"0":"post-6288","1":"product","2":"type-product","3":"status-publish","4":"has-post-thumbnail","6":"product_cat-artykuly-papiernicze","7":"product_cat-upominki-firmowe","9":"first","10":"instock","11":"taxable","12":"shipping-taxable","13":"purchasable","14":"product-type-simple"},"_links":{"self":[{"href":"https:\/\/upominkiok.pl\/index.php?rest_route=\/wp\/v2\/product\/6288","targetHints":{"allow":["GET"]}}],"collection":[{"href":"https:\/\/upominkiok.pl\/index.php?rest_route=\/wp\/v2\/product"}],"about":[{"href":"https:\/\/upominkiok.pl\/index.php?rest_route=\/wp\/v2\/types\/product"}],"replies":[{"embeddable":true,"href":"https:\/\/upominkiok.pl\/index.php?rest_route=%2Fwp%2Fv2%2Fcomments&post=6288"}],"version-history":[{"count":4,"href":"https:\/\/upominkiok.pl\/index.php?rest_route=\/wp\/v2\/product\/6288\/revisions"}],"predecessor-version":[{"id":6300,"href":"https:\/\/upominkiok.pl\/index.php?rest_route=\/wp\/v2\/product\/6288\/revisions\/6300"}],"wp:featuredmedia":[{"embeddable":true,"href":"https:\/\/upominkiok.pl\/index.php?rest_route=\/wp\/v2\/media\/6291"}],"wp:attachment":[{"href":"https:\/\/upominkiok.pl\/index.php?rest_route=%2Fwp%2Fv2%2Fmedia&parent=6288"}],"wp:term":[{"taxonomy":"brand","embeddable":true,"href":"https:\/\/upominkiok.pl\/index.php?rest_route=%2Fwp%2Fv2%2Fetheme_brands&post=6288"},{"taxonomy":"product_brand","embeddable":true,"href":"https:\/\/upominkiok.pl\/index.php?rest_route=%2Fwp%2Fv2%2Fproduct_brand&post=6288"},{"taxonomy":"product_cat","embeddable":true,"href":"https:\/\/upominkiok.pl\/index.php?rest_route=%2Fwp%2Fv2%2Fproduct_cat&post=6288"},{"taxonomy":"product_tag","embeddable":true,"href":"https:\/\/upominkiok.pl\/index.php?rest_route=%2Fwp%2Fv2%2Fproduct_tag&post=6288"}],"curies":[{"name":"wp","href":"https:\/\/api.w.org\/{rel}","templated":true}]}}