{"id":6326,"date":"2024-09-11T06:42:35","date_gmt":"2024-09-11T04:42:35","guid":{"rendered":"http:\/\/upominkiok.pl\/?post_type=product&#038;p=6326"},"modified":"2024-09-11T06:45:07","modified_gmt":"2024-09-11T04:45:07","slug":"ekologiczny-notes-z-dlugopisem-zielony","status":"publish","type":"product","link":"https:\/\/upominkiok.pl\/?product=ekologiczny-notes-z-dlugopisem-zielony","title":{"rendered":"Ekologiczny Notes z D\u0142ugopisem Zielony"},"content":{"rendered":"\t\t<div data-elementor-type=\"wp-post\" data-elementor-id=\"6326\" class=\"elementor elementor-6326\" data-elementor-post-type=\"product\">\n\t\t\t\t\t\t<section class=\"elementor-section elementor-top-section elementor-element elementor-element-77c9109 elementor-section-content-top elementor-section-boxed elementor-section-height-default elementor-section-height-default\" data-id=\"77c9109\" data-element_type=\"section\">\n\t\t\t\t\t\t<div class=\"elementor-container elementor-column-gap-custom\">\n\t\t\t\t\t<div class=\"elementor-column elementor-col-50 elementor-top-column elementor-element elementor-element-4e6c717\" data-id=\"4e6c717\" data-element_type=\"column\">\n\t\t\t<div class=\"elementor-widget-wrap elementor-element-populated\">\n\t\t\t\t\t\t<div class=\"elementor-element elementor-element-677f358 elementor-widget elementor-widget-heading\" data-id=\"677f358\" data-element_type=\"widget\" data-widget_type=\"heading.default\">\n\t\t\t\t<div class=\"elementor-widget-container\">\n\t\t\t\t\t<h2 class=\"elementor-heading-title elementor-size-default\">Ekologiczny Notes z D\u0142ugopisem Zielony<\/h2>\t\t\t\t<\/div>\n\t\t\t\t<\/div>\n\t\t\t\t<div class=\"elementor-element elementor-element-79687b6 elementor-widget__width-initial elementor-widget elementor-widget-text-editor\" data-id=\"79687b6\" data-element_type=\"widget\" data-widget_type=\"text-editor.default\">\n\t\t\t\t<div class=\"elementor-widget-container\">\n\t\t\t\t\t\t\t\t\t<p>Ekologiczny notes na spirali z d\u0142ugopisem to praktyczny i przyjazny dla \u015brodowiska zestaw, kt\u00f3ry sprawdzi si\u0119 idealnie do codziennych notatek.<\/p><p>Notes posiada 70 kartek w linie, a jego klasyczna ok\u0142adka wykonana jest z papieru, co podkre\u015bla jego ekologiczny charakter. W wyprofilowanym miejscu umieszczony jest d\u0142ugopis z papierowym korpusem, kt\u00f3rego wyko\u0144czenia kolorystycznie dopasowane s\u0105 do przek\u0142adki notesu.<\/p><p>D\u0142ugopis posiada niebieski wk\u0142ad, a jego minimalistyczny wygl\u0105d harmonizuje z prostot\u0105 notesu.<\/p><p>Produkt idealny pod personalizacj\u0119 poprzez grawerowanie, co czyni go doskona\u0142ym prezentem lub gad\u017cetem promocyjnym.<\/p><p>Wymiary notesu: 130 x 180 x 8 mm, wymiary d\u0142ugopisu: 141 x \u2300 10 mm.<\/p>\t\t\t\t\t\t\t\t<\/div>\n\t\t\t\t<\/div>\n\t\t\t\t\t<\/div>\n\t\t<\/div>\n\t\t\t\t<div class=\"elementor-column elementor-col-50 elementor-top-column elementor-element elementor-element-67ea4a5\" data-id=\"67ea4a5\" data-element_type=\"column\">\n\t\t\t<div class=\"elementor-widget-wrap elementor-element-populated\">\n\t\t\t\t\t\t<div class=\"elementor-element elementor-element-ab1e6aa elementor-widget elementor-widget-image\" data-id=\"ab1e6aa\" data-element_type=\"widget\" data-widget_type=\"image.default\">\n\t\t\t\t<div class=\"elementor-widget-container\">\n\t\t\t\t\t\t\t\t\t\t\t\t\t\t\t<img loading=\"lazy\" loading=\"lazy\" decoding=\"async\" width=\"1024\" height=\"1024\" src=\"https:\/\/upominkiok.pl\/wp-content\/uploads\/2024\/09\/zielony-notes-130x180mm-z-dlugopisem-i-grawerem-firmowego-logo-upominkiok-5-1024x1024.jpg\" class=\"attachment-large size-large wp-image-6331\" alt=\"\" srcset=\"https:\/\/upominkiok.pl\/wp-content\/uploads\/2024\/09\/zielony-notes-130x180mm-z-dlugopisem-i-grawerem-firmowego-logo-upominkiok-5-1024x1024.jpg 1024w, https:\/\/upominkiok.pl\/wp-content\/uploads\/2024\/09\/zielony-notes-130x180mm-z-dlugopisem-i-grawerem-firmowego-logo-upominkiok-5-366x366.jpg 366w, https:\/\/upominkiok.pl\/wp-content\/uploads\/2024\/09\/zielony-notes-130x180mm-z-dlugopisem-i-grawerem-firmowego-logo-upominkiok-5-100x100.jpg 100w, https:\/\/upominkiok.pl\/wp-content\/uploads\/2024\/09\/zielony-notes-130x180mm-z-dlugopisem-i-grawerem-firmowego-logo-upominkiok-5-600x600.jpg 600w, https:\/\/upominkiok.pl\/wp-content\/uploads\/2024\/09\/zielony-notes-130x180mm-z-dlugopisem-i-grawerem-firmowego-logo-upominkiok-5-300x300.jpg 300w, https:\/\/upominkiok.pl\/wp-content\/uploads\/2024\/09\/zielony-notes-130x180mm-z-dlugopisem-i-grawerem-firmowego-logo-upominkiok-5-150x150.jpg 150w, https:\/\/upominkiok.pl\/wp-content\/uploads\/2024\/09\/zielony-notes-130x180mm-z-dlugopisem-i-grawerem-firmowego-logo-upominkiok-5-768x768.jpg 768w, https:\/\/upominkiok.pl\/wp-content\/uploads\/2024\/09\/zielony-notes-130x180mm-z-dlugopisem-i-grawerem-firmowego-logo-upominkiok-5-1x1.jpg 1w, https:\/\/upominkiok.pl\/wp-content\/uploads\/2024\/09\/zielony-notes-130x180mm-z-dlugopisem-i-grawerem-firmowego-logo-upominkiok-5-10x10.jpg 10w, https:\/\/upominkiok.pl\/wp-content\/uploads\/2024\/09\/zielony-notes-130x180mm-z-dlugopisem-i-grawerem-firmowego-logo-upominkiok-5.jpg 1181w\" sizes=\"auto, (max-width: 1024px) 100vw, 1024px\" \/>\t\t\t\t\t\t\t\t\t\t\t\t\t\t\t<\/div>\n\t\t\t\t<\/div>\n\t\t\t\t\t<\/div>\n\t\t<\/div>\n\t\t\t\t\t<\/div>\n\t\t<\/section>\n\t\t\t\t<\/div>\n\t\t","protected":false},"excerpt":{"rendered":"<p>Ekologiczny notes z d\u0142ugopisem na spirali, z papierow\u0105 ok\u0142adk\u0105 i 70 kartkami w linie, idealny do codziennych notatek.<\/p>\n","protected":false},"featured_media":6332,"comment_status":"closed","ping_status":"closed","template":"","meta":[],"etheme_brands":[],"product_brand":[],"product_cat":[71,40],"product_tag":[],"class_list":{"0":"post-6326","1":"product","2":"type-product","3":"status-publish","4":"has-post-thumbnail","6":"product_cat-artykuly-papiernicze","7":"product_cat-upominki-firmowe","9":"first","10":"instock","11":"taxable","12":"shipping-taxable","13":"purchasable","14":"product-type-simple"},"_links":{"self":[{"href":"https:\/\/upominkiok.pl\/index.php?rest_route=\/wp\/v2\/product\/6326","targetHints":{"allow":["GET"]}}],"collection":[{"href":"https:\/\/upominkiok.pl\/index.php?rest_route=\/wp\/v2\/product"}],"about":[{"href":"https:\/\/upominkiok.pl\/index.php?rest_route=\/wp\/v2\/types\/product"}],"replies":[{"embeddable":true,"href":"https:\/\/upominkiok.pl\/index.php?rest_route=%2Fwp%2Fv2%2Fcomments&post=6326"}],"version-history":[{"count":4,"href":"https:\/\/upominkiok.pl\/index.php?rest_route=\/wp\/v2\/product\/6326\/revisions"}],"predecessor-version":[{"id":6336,"href":"https:\/\/upominkiok.pl\/index.php?rest_route=\/wp\/v2\/product\/6326\/revisions\/6336"}],"wp:featuredmedia":[{"embeddable":true,"href":"https:\/\/upominkiok.pl\/index.php?rest_route=\/wp\/v2\/media\/6332"}],"wp:attachment":[{"href":"https:\/\/upominkiok.pl\/index.php?rest_route=%2Fwp%2Fv2%2Fmedia&parent=6326"}],"wp:term":[{"taxonomy":"brand","embeddable":true,"href":"https:\/\/upominkiok.pl\/index.php?rest_route=%2Fwp%2Fv2%2Fetheme_brands&post=6326"},{"taxonomy":"product_brand","embeddable":true,"href":"https:\/\/upominkiok.pl\/index.php?rest_route=%2Fwp%2Fv2%2Fproduct_brand&post=6326"},{"taxonomy":"product_cat","embeddable":true,"href":"https:\/\/upominkiok.pl\/index.php?rest_route=%2Fwp%2Fv2%2Fproduct_cat&post=6326"},{"taxonomy":"product_tag","embeddable":true,"href":"https:\/\/upominkiok.pl\/index.php?rest_route=%2Fwp%2Fv2%2Fproduct_tag&post=6326"}],"curies":[{"name":"wp","href":"https:\/\/api.w.org\/{rel}","templated":true}]}}