{"id":6348,"date":"2024-09-11T06:50:47","date_gmt":"2024-09-11T04:50:47","guid":{"rendered":"http:\/\/upominkiok.pl\/?post_type=product&#038;p=6348"},"modified":"2024-09-11T07:01:32","modified_gmt":"2024-09-11T05:01:32","slug":"ekologiczny-zegar-scienny","status":"publish","type":"product","link":"https:\/\/upominkiok.pl\/?product=ekologiczny-zegar-scienny","title":{"rendered":"Ekologiczny Zegar \u015acienny"},"content":{"rendered":"\t\t<div data-elementor-type=\"wp-post\" data-elementor-id=\"6348\" class=\"elementor elementor-6348\" data-elementor-post-type=\"product\">\n\t\t\t\t\t\t<section class=\"elementor-section elementor-top-section elementor-element elementor-element-77c9109 elementor-section-content-top elementor-section-boxed elementor-section-height-default elementor-section-height-default\" data-id=\"77c9109\" data-element_type=\"section\">\n\t\t\t\t\t\t<div class=\"elementor-container elementor-column-gap-custom\">\n\t\t\t\t\t<div class=\"elementor-column elementor-col-50 elementor-top-column elementor-element elementor-element-4e6c717\" data-id=\"4e6c717\" data-element_type=\"column\">\n\t\t\t<div class=\"elementor-widget-wrap elementor-element-populated\">\n\t\t\t\t\t\t<div class=\"elementor-element elementor-element-677f358 elementor-widget elementor-widget-heading\" data-id=\"677f358\" data-element_type=\"widget\" data-widget_type=\"heading.default\">\n\t\t\t\t<div class=\"elementor-widget-container\">\n\t\t\t\t\t<h2 class=\"elementor-heading-title elementor-size-default\">Ekologiczny Zegar \u015acienny<\/h2>\t\t\t\t<\/div>\n\t\t\t\t<\/div>\n\t\t\t\t<div class=\"elementor-element elementor-element-79687b6 elementor-widget__width-initial elementor-widget elementor-widget-text-editor\" data-id=\"79687b6\" data-element_type=\"widget\" data-widget_type=\"text-editor.default\">\n\t\t\t\t<div class=\"elementor-widget-container\">\n\t\t\t\t\t\t\t\t\t<p>Ekologiczny zegar \u015bcienny wykonany z p\u0142yty MDF to idealne po\u0142\u0105czenie nowoczesnego designu i naturalnych materia\u0142\u00f3w.<\/p><p>Jego neutralny kolor oraz minimalistyczny styl sprawiaj\u0105, \u017ce doskonale wkomponuje si\u0119 w ka\u017cde wn\u0119trze, dodaj\u0105c mu subtelnego, naturalnego charakteru.<\/p><p>Dzi\u0119ki mo\u017cliwo\u015bci personalizacji, zegar mo\u017ce by\u0107 ozdobiony grawerem, co czyni go r\u00f3wnie\u017c \u015bwietnym pomys\u0142em na prezent.<\/p><p>\u015arednica 300 mm i grubo\u015b\u0107 30 mm zapewniaj\u0105, \u017ce zegar jest zar\u00f3wno funkcjonalny, jak i estetyczny.<\/p>\t\t\t\t\t\t\t\t<\/div>\n\t\t\t\t<\/div>\n\t\t\t\t\t<\/div>\n\t\t<\/div>\n\t\t\t\t<div class=\"elementor-column elementor-col-50 elementor-top-column elementor-element elementor-element-67ea4a5\" data-id=\"67ea4a5\" data-element_type=\"column\">\n\t\t\t<div class=\"elementor-widget-wrap elementor-element-populated\">\n\t\t\t\t\t\t<div class=\"elementor-element elementor-element-ab1e6aa elementor-widget elementor-widget-image\" data-id=\"ab1e6aa\" data-element_type=\"widget\" data-widget_type=\"image.default\">\n\t\t\t\t<div class=\"elementor-widget-container\">\n\t\t\t\t\t\t\t\t\t\t\t\t\t\t\t<img loading=\"lazy\" loading=\"lazy\" decoding=\"async\" width=\"1024\" height=\"1024\" src=\"https:\/\/upominkiok.pl\/wp-content\/uploads\/2024\/09\/Zegar-scienny-eko-z-grawerem-logo-upominkiok-2-1024x1024.jpg\" class=\"attachment-large size-large wp-image-6353\" alt=\"\" srcset=\"https:\/\/upominkiok.pl\/wp-content\/uploads\/2024\/09\/Zegar-scienny-eko-z-grawerem-logo-upominkiok-2-1024x1024.jpg 1024w, https:\/\/upominkiok.pl\/wp-content\/uploads\/2024\/09\/Zegar-scienny-eko-z-grawerem-logo-upominkiok-2-366x366.jpg 366w, https:\/\/upominkiok.pl\/wp-content\/uploads\/2024\/09\/Zegar-scienny-eko-z-grawerem-logo-upominkiok-2-100x100.jpg 100w, https:\/\/upominkiok.pl\/wp-content\/uploads\/2024\/09\/Zegar-scienny-eko-z-grawerem-logo-upominkiok-2-600x600.jpg 600w, https:\/\/upominkiok.pl\/wp-content\/uploads\/2024\/09\/Zegar-scienny-eko-z-grawerem-logo-upominkiok-2-300x300.jpg 300w, https:\/\/upominkiok.pl\/wp-content\/uploads\/2024\/09\/Zegar-scienny-eko-z-grawerem-logo-upominkiok-2-150x150.jpg 150w, https:\/\/upominkiok.pl\/wp-content\/uploads\/2024\/09\/Zegar-scienny-eko-z-grawerem-logo-upominkiok-2-768x768.jpg 768w, https:\/\/upominkiok.pl\/wp-content\/uploads\/2024\/09\/Zegar-scienny-eko-z-grawerem-logo-upominkiok-2-1x1.jpg 1w, https:\/\/upominkiok.pl\/wp-content\/uploads\/2024\/09\/Zegar-scienny-eko-z-grawerem-logo-upominkiok-2-10x10.jpg 10w, https:\/\/upominkiok.pl\/wp-content\/uploads\/2024\/09\/Zegar-scienny-eko-z-grawerem-logo-upominkiok-2.jpg 1181w\" sizes=\"auto, (max-width: 1024px) 100vw, 1024px\" \/>\t\t\t\t\t\t\t\t\t\t\t\t\t\t\t<\/div>\n\t\t\t\t<\/div>\n\t\t\t\t\t<\/div>\n\t\t<\/div>\n\t\t\t\t\t<\/div>\n\t\t<\/section>\n\t\t\t\t<\/div>\n\t\t","protected":false},"excerpt":{"rendered":"<p>Ekologiczny zegar \u015bcienny wykonany z p\u0142yty MDF idealnie pasuje do nowoczesnych wn\u0119trz, dodaj\u0105c naturalnego akcentu.<\/p>\n","protected":false},"featured_media":6352,"comment_status":"closed","ping_status":"closed","template":"","meta":[],"etheme_brands":[],"product_brand":[],"product_cat":[72,40],"product_tag":[],"class_list":{"0":"post-6348","1":"product","2":"type-product","3":"status-publish","4":"has-post-thumbnail","6":"product_cat-zegary","7":"product_cat-upominki-firmowe","9":"first","10":"instock","11":"taxable","12":"shipping-taxable","13":"purchasable","14":"product-type-simple"},"_links":{"self":[{"href":"https:\/\/upominkiok.pl\/index.php?rest_route=\/wp\/v2\/product\/6348","targetHints":{"allow":["GET"]}}],"collection":[{"href":"https:\/\/upominkiok.pl\/index.php?rest_route=\/wp\/v2\/product"}],"about":[{"href":"https:\/\/upominkiok.pl\/index.php?rest_route=\/wp\/v2\/types\/product"}],"replies":[{"embeddable":true,"href":"https:\/\/upominkiok.pl\/index.php?rest_route=%2Fwp%2Fv2%2Fcomments&post=6348"}],"version-history":[{"count":8,"href":"https:\/\/upominkiok.pl\/index.php?rest_route=\/wp\/v2\/product\/6348\/revisions"}],"predecessor-version":[{"id":6370,"href":"https:\/\/upominkiok.pl\/index.php?rest_route=\/wp\/v2\/product\/6348\/revisions\/6370"}],"wp:featuredmedia":[{"embeddable":true,"href":"https:\/\/upominkiok.pl\/index.php?rest_route=\/wp\/v2\/media\/6352"}],"wp:attachment":[{"href":"https:\/\/upominkiok.pl\/index.php?rest_route=%2Fwp%2Fv2%2Fmedia&parent=6348"}],"wp:term":[{"taxonomy":"brand","embeddable":true,"href":"https:\/\/upominkiok.pl\/index.php?rest_route=%2Fwp%2Fv2%2Fetheme_brands&post=6348"},{"taxonomy":"product_brand","embeddable":true,"href":"https:\/\/upominkiok.pl\/index.php?rest_route=%2Fwp%2Fv2%2Fproduct_brand&post=6348"},{"taxonomy":"product_cat","embeddable":true,"href":"https:\/\/upominkiok.pl\/index.php?rest_route=%2Fwp%2Fv2%2Fproduct_cat&post=6348"},{"taxonomy":"product_tag","embeddable":true,"href":"https:\/\/upominkiok.pl\/index.php?rest_route=%2Fwp%2Fv2%2Fproduct_tag&post=6348"}],"curies":[{"name":"wp","href":"https:\/\/api.w.org\/{rel}","templated":true}]}}