{"id":6419,"date":"2024-09-11T07:29:05","date_gmt":"2024-09-11T05:29:05","guid":{"rendered":"http:\/\/upominkiok.pl\/?post_type=product&#038;p=6419"},"modified":"2024-09-11T07:34:43","modified_gmt":"2024-09-11T05:34:43","slug":"zestaw-do-grilla","status":"publish","type":"product","link":"https:\/\/upominkiok.pl\/?product=zestaw-do-grilla","title":{"rendered":"Zestaw do Grilla"},"content":{"rendered":"\t\t<div data-elementor-type=\"wp-post\" data-elementor-id=\"6419\" class=\"elementor elementor-6419\" data-elementor-post-type=\"product\">\n\t\t\t\t\t\t<section class=\"elementor-section elementor-top-section elementor-element elementor-element-77c9109 elementor-section-content-top elementor-section-boxed elementor-section-height-default elementor-section-height-default\" data-id=\"77c9109\" data-element_type=\"section\">\n\t\t\t\t\t\t<div class=\"elementor-container elementor-column-gap-custom\">\n\t\t\t\t\t<div class=\"elementor-column elementor-col-50 elementor-top-column elementor-element elementor-element-4e6c717\" data-id=\"4e6c717\" data-element_type=\"column\">\n\t\t\t<div class=\"elementor-widget-wrap elementor-element-populated\">\n\t\t\t\t\t\t<div class=\"elementor-element elementor-element-677f358 elementor-widget elementor-widget-heading\" data-id=\"677f358\" data-element_type=\"widget\" data-widget_type=\"heading.default\">\n\t\t\t\t<div class=\"elementor-widget-container\">\n\t\t\t\t\t<h2 class=\"elementor-heading-title elementor-size-default\">Zestaw do Grilla<\/h2>\t\t\t\t<\/div>\n\t\t\t\t<\/div>\n\t\t\t\t<div class=\"elementor-element elementor-element-79687b6 elementor-widget__width-initial elementor-widget elementor-widget-text-editor\" data-id=\"79687b6\" data-element_type=\"widget\" data-widget_type=\"text-editor.default\">\n\t\t\t\t<div class=\"elementor-widget-container\">\n\t\t\t\t\t\t\t\t\t<p>Zestaw do grilla w komplecie 9-elementowym to idealne rozwi\u0105zanie dla ka\u017cdego mi\u0142o\u015bnika grillowania. W zestawie znajduje si\u0119 \u0142opatka, widelec, szczypce, dwa szpikulce do szasz\u0142yk\u00f3w oraz cztery uchwyty do kukurydzy, a ka\u017cdy z narz\u0119dzi jest wyposa\u017cony w wygodne drewniane uchwyty, kt\u00f3re zapewniaj\u0105 komfort u\u017cytkowania.<\/p><p>Wszystkie akcesoria s\u0105 starannie spakowane w praktyczne etui zapinane na zamek, kt\u00f3re posiada regulowany pasek, u\u0142atwiaj\u0105cy przenoszenie i przechowywanie. Dzi\u0119ki temu zestawowi ka\u017cda sesja grillowa stanie si\u0119 jeszcze bardziej przyjemna.<\/p><p>Produkt mo\u017cna dodatkowo spersonalizowa\u0107 poprzez grawerowanie, co czyni go \u015bwietnym pomys\u0142em na prezent.<\/p>\t\t\t\t\t\t\t\t<\/div>\n\t\t\t\t<\/div>\n\t\t\t\t\t<\/div>\n\t\t<\/div>\n\t\t\t\t<div class=\"elementor-column elementor-col-50 elementor-top-column elementor-element elementor-element-67ea4a5\" data-id=\"67ea4a5\" data-element_type=\"column\">\n\t\t\t<div class=\"elementor-widget-wrap elementor-element-populated\">\n\t\t\t\t\t\t<div class=\"elementor-element elementor-element-ab1e6aa elementor-widget elementor-widget-image\" data-id=\"ab1e6aa\" data-element_type=\"widget\" data-widget_type=\"image.default\">\n\t\t\t\t<div class=\"elementor-widget-container\">\n\t\t\t\t\t\t\t\t\t\t\t\t\t\t\t<img loading=\"lazy\" loading=\"lazy\" decoding=\"async\" width=\"1024\" height=\"1024\" src=\"https:\/\/upominkiok.pl\/wp-content\/uploads\/2024\/09\/zestaw-narzedzi-do-grila-z-grawerowanym-logo-firmowym-w-praktycznym-etui-upominkiok-4-1024x1024.jpg\" class=\"attachment-large size-large wp-image-6421\" alt=\"\" srcset=\"https:\/\/upominkiok.pl\/wp-content\/uploads\/2024\/09\/zestaw-narzedzi-do-grila-z-grawerowanym-logo-firmowym-w-praktycznym-etui-upominkiok-4-1024x1024.jpg 1024w, https:\/\/upominkiok.pl\/wp-content\/uploads\/2024\/09\/zestaw-narzedzi-do-grila-z-grawerowanym-logo-firmowym-w-praktycznym-etui-upominkiok-4-366x366.jpg 366w, https:\/\/upominkiok.pl\/wp-content\/uploads\/2024\/09\/zestaw-narzedzi-do-grila-z-grawerowanym-logo-firmowym-w-praktycznym-etui-upominkiok-4-100x100.jpg 100w, https:\/\/upominkiok.pl\/wp-content\/uploads\/2024\/09\/zestaw-narzedzi-do-grila-z-grawerowanym-logo-firmowym-w-praktycznym-etui-upominkiok-4-600x600.jpg 600w, https:\/\/upominkiok.pl\/wp-content\/uploads\/2024\/09\/zestaw-narzedzi-do-grila-z-grawerowanym-logo-firmowym-w-praktycznym-etui-upominkiok-4-300x300.jpg 300w, https:\/\/upominkiok.pl\/wp-content\/uploads\/2024\/09\/zestaw-narzedzi-do-grila-z-grawerowanym-logo-firmowym-w-praktycznym-etui-upominkiok-4-150x150.jpg 150w, https:\/\/upominkiok.pl\/wp-content\/uploads\/2024\/09\/zestaw-narzedzi-do-grila-z-grawerowanym-logo-firmowym-w-praktycznym-etui-upominkiok-4-768x768.jpg 768w, https:\/\/upominkiok.pl\/wp-content\/uploads\/2024\/09\/zestaw-narzedzi-do-grila-z-grawerowanym-logo-firmowym-w-praktycznym-etui-upominkiok-4-1x1.jpg 1w, https:\/\/upominkiok.pl\/wp-content\/uploads\/2024\/09\/zestaw-narzedzi-do-grila-z-grawerowanym-logo-firmowym-w-praktycznym-etui-upominkiok-4-10x10.jpg 10w, https:\/\/upominkiok.pl\/wp-content\/uploads\/2024\/09\/zestaw-narzedzi-do-grila-z-grawerowanym-logo-firmowym-w-praktycznym-etui-upominkiok-4.jpg 1181w\" sizes=\"auto, (max-width: 1024px) 100vw, 1024px\" \/>\t\t\t\t\t\t\t\t\t\t\t\t\t\t\t<\/div>\n\t\t\t\t<\/div>\n\t\t\t\t\t<\/div>\n\t\t<\/div>\n\t\t\t\t\t<\/div>\n\t\t<\/section>\n\t\t\t\t<\/div>\n\t\t","protected":false},"excerpt":{"rendered":"<p>9-elementowy zestaw do grilla w praktycznym etui z regulowanym paskiem, zawieraj\u0105cy \u0142opatk\u0119, widelec, szczypce, szpikulce do szasz\u0142yk\u00f3w i uchwyty do kukurydzy, z drewnianymi uchwytami dla wygody i stylu.<\/p>\n","protected":false},"featured_media":6422,"comment_status":"closed","ping_status":"closed","template":"","meta":[],"etheme_brands":[],"product_brand":[],"product_cat":[73,40],"product_tag":[],"class_list":{"0":"post-6419","1":"product","2":"type-product","3":"status-publish","4":"has-post-thumbnail","6":"product_cat-zestawy-do-grilla","7":"product_cat-upominki-firmowe","9":"first","10":"instock","11":"taxable","12":"shipping-taxable","13":"purchasable","14":"product-type-simple"},"_links":{"self":[{"href":"https:\/\/upominkiok.pl\/index.php?rest_route=\/wp\/v2\/product\/6419","targetHints":{"allow":["GET"]}}],"collection":[{"href":"https:\/\/upominkiok.pl\/index.php?rest_route=\/wp\/v2\/product"}],"about":[{"href":"https:\/\/upominkiok.pl\/index.php?rest_route=\/wp\/v2\/types\/product"}],"replies":[{"embeddable":true,"href":"https:\/\/upominkiok.pl\/index.php?rest_route=%2Fwp%2Fv2%2Fcomments&post=6419"}],"version-history":[{"count":5,"href":"https:\/\/upominkiok.pl\/index.php?rest_route=\/wp\/v2\/product\/6419\/revisions"}],"predecessor-version":[{"id":6430,"href":"https:\/\/upominkiok.pl\/index.php?rest_route=\/wp\/v2\/product\/6419\/revisions\/6430"}],"wp:featuredmedia":[{"embeddable":true,"href":"https:\/\/upominkiok.pl\/index.php?rest_route=\/wp\/v2\/media\/6422"}],"wp:attachment":[{"href":"https:\/\/upominkiok.pl\/index.php?rest_route=%2Fwp%2Fv2%2Fmedia&parent=6419"}],"wp:term":[{"taxonomy":"brand","embeddable":true,"href":"https:\/\/upominkiok.pl\/index.php?rest_route=%2Fwp%2Fv2%2Fetheme_brands&post=6419"},{"taxonomy":"product_brand","embeddable":true,"href":"https:\/\/upominkiok.pl\/index.php?rest_route=%2Fwp%2Fv2%2Fproduct_brand&post=6419"},{"taxonomy":"product_cat","embeddable":true,"href":"https:\/\/upominkiok.pl\/index.php?rest_route=%2Fwp%2Fv2%2Fproduct_cat&post=6419"},{"taxonomy":"product_tag","embeddable":true,"href":"https:\/\/upominkiok.pl\/index.php?rest_route=%2Fwp%2Fv2%2Fproduct_tag&post=6419"}],"curies":[{"name":"wp","href":"https:\/\/api.w.org\/{rel}","templated":true}]}}