{"id":6443,"date":"2024-09-12T06:22:03","date_gmt":"2024-09-12T04:22:03","guid":{"rendered":"http:\/\/upominkiok.pl\/?post_type=product&#038;p=6443"},"modified":"2024-09-12T06:27:11","modified_gmt":"2024-09-12T04:27:11","slug":"zestaw-podkladek-korkowych","status":"publish","type":"product","link":"https:\/\/upominkiok.pl\/?product=zestaw-podkladek-korkowych","title":{"rendered":"Zestaw Podk\u0142adek Korkowych"},"content":{"rendered":"\t\t<div data-elementor-type=\"wp-post\" data-elementor-id=\"6443\" class=\"elementor elementor-6443\" data-elementor-post-type=\"product\">\n\t\t\t\t\t\t<section class=\"elementor-section elementor-top-section elementor-element elementor-element-77c9109 elementor-section-content-top elementor-section-boxed elementor-section-height-default elementor-section-height-default\" data-id=\"77c9109\" data-element_type=\"section\">\n\t\t\t\t\t\t<div class=\"elementor-container elementor-column-gap-custom\">\n\t\t\t\t\t<div class=\"elementor-column elementor-col-50 elementor-top-column elementor-element elementor-element-4e6c717\" data-id=\"4e6c717\" data-element_type=\"column\">\n\t\t\t<div class=\"elementor-widget-wrap elementor-element-populated\">\n\t\t\t\t\t\t<div class=\"elementor-element elementor-element-677f358 elementor-widget elementor-widget-heading\" data-id=\"677f358\" data-element_type=\"widget\" data-widget_type=\"heading.default\">\n\t\t\t\t<div class=\"elementor-widget-container\">\n\t\t\t\t\t<h2 class=\"elementor-heading-title elementor-size-default\">Zestaw Podk\u0142adek Korkowych<\/h2>\t\t\t\t<\/div>\n\t\t\t\t<\/div>\n\t\t\t\t<div class=\"elementor-element elementor-element-79687b6 elementor-widget__width-initial elementor-widget elementor-widget-text-editor\" data-id=\"79687b6\" data-element_type=\"widget\" data-widget_type=\"text-editor.default\">\n\t\t\t\t<div class=\"elementor-widget-container\">\n\t\t\t\t\t\t\t\t\t<p>Zestaw czterech podk\u0142adek korkowych to praktyczne i stylowe rozwi\u0105zanie, kt\u00f3re \u015bwietnie sprawdzi si\u0119 w ka\u017cdym wn\u0119trzu.<\/p><p>Podk\u0142adki o grubo\u015bci oko\u0142o 7 mm charakteryzuj\u0105 si\u0119 du\u017c\u0105 wytrzyma\u0142o\u015bci\u0105, skutecznie chroni\u0105c blaty przed zarysowaniami i wysok\u0105 temperatur\u0105. Wykonane z naturalnego korka, wpisuj\u0105 si\u0119 w ekologiczne trendy i nadaj\u0105 wn\u0119trzu ciep\u0142y, naturalny akcent.<\/p><p>Ca\u0142o\u015b\u0107 zapakowana jest w eleganckie kraftowe pude\u0142ko, co czyni ten zestaw idealnym na prezent. Produkt mo\u017cna spersonalizowa\u0107 poprzez grawerowanie, nadaj\u0105c mu indywidualny charakter.<\/p><p>Wymiary podk\u0142adek: \u2300 100 x 7 mm.<\/p>\t\t\t\t\t\t\t\t<\/div>\n\t\t\t\t<\/div>\n\t\t\t\t\t<\/div>\n\t\t<\/div>\n\t\t\t\t<div class=\"elementor-column elementor-col-50 elementor-top-column elementor-element elementor-element-67ea4a5\" data-id=\"67ea4a5\" data-element_type=\"column\">\n\t\t\t<div class=\"elementor-widget-wrap elementor-element-populated\">\n\t\t\t\t\t\t<div class=\"elementor-element elementor-element-ab1e6aa elementor-widget elementor-widget-image\" data-id=\"ab1e6aa\" data-element_type=\"widget\" data-widget_type=\"image.default\">\n\t\t\t\t<div class=\"elementor-widget-container\">\n\t\t\t\t\t\t\t\t\t\t\t\t\t\t\t<img loading=\"lazy\" loading=\"lazy\" decoding=\"async\" width=\"1024\" height=\"1024\" src=\"https:\/\/upominkiok.pl\/wp-content\/uploads\/2024\/09\/zestaw-podkladek-korkowych-pod-kubek-z-logo-grawer-upominkiok-5-1024x1024.jpg\" class=\"attachment-large size-large wp-image-6445\" alt=\"\" srcset=\"https:\/\/upominkiok.pl\/wp-content\/uploads\/2024\/09\/zestaw-podkladek-korkowych-pod-kubek-z-logo-grawer-upominkiok-5-1024x1024.jpg 1024w, https:\/\/upominkiok.pl\/wp-content\/uploads\/2024\/09\/zestaw-podkladek-korkowych-pod-kubek-z-logo-grawer-upominkiok-5-366x366.jpg 366w, https:\/\/upominkiok.pl\/wp-content\/uploads\/2024\/09\/zestaw-podkladek-korkowych-pod-kubek-z-logo-grawer-upominkiok-5-100x100.jpg 100w, https:\/\/upominkiok.pl\/wp-content\/uploads\/2024\/09\/zestaw-podkladek-korkowych-pod-kubek-z-logo-grawer-upominkiok-5-600x600.jpg 600w, https:\/\/upominkiok.pl\/wp-content\/uploads\/2024\/09\/zestaw-podkladek-korkowych-pod-kubek-z-logo-grawer-upominkiok-5-300x300.jpg 300w, https:\/\/upominkiok.pl\/wp-content\/uploads\/2024\/09\/zestaw-podkladek-korkowych-pod-kubek-z-logo-grawer-upominkiok-5-150x150.jpg 150w, https:\/\/upominkiok.pl\/wp-content\/uploads\/2024\/09\/zestaw-podkladek-korkowych-pod-kubek-z-logo-grawer-upominkiok-5-768x768.jpg 768w, https:\/\/upominkiok.pl\/wp-content\/uploads\/2024\/09\/zestaw-podkladek-korkowych-pod-kubek-z-logo-grawer-upominkiok-5-1x1.jpg 1w, https:\/\/upominkiok.pl\/wp-content\/uploads\/2024\/09\/zestaw-podkladek-korkowych-pod-kubek-z-logo-grawer-upominkiok-5-10x10.jpg 10w, https:\/\/upominkiok.pl\/wp-content\/uploads\/2024\/09\/zestaw-podkladek-korkowych-pod-kubek-z-logo-grawer-upominkiok-5.jpg 1181w\" sizes=\"auto, (max-width: 1024px) 100vw, 1024px\" \/>\t\t\t\t\t\t\t\t\t\t\t\t\t\t\t<\/div>\n\t\t\t\t<\/div>\n\t\t\t\t\t<\/div>\n\t\t<\/div>\n\t\t\t\t\t<\/div>\n\t\t<\/section>\n\t\t\t\t<\/div>\n\t\t","protected":false},"excerpt":{"rendered":"<p>Zestaw czterech wytrzyma\u0142ych podk\u0142adek korkowych o grubo\u015bci 7 mm, doskonale zabezpieczaj\u0105cych blaty, zapakowany w eleganckie kraftowe pude\u0142ko.<\/p>\n","protected":false},"featured_media":6447,"comment_status":"closed","ping_status":"closed","template":"","meta":[],"etheme_brands":[],"product_brand":[],"product_cat":[70,40],"product_tag":[],"class_list":{"0":"post-6443","1":"product","2":"type-product","3":"status-publish","4":"has-post-thumbnail","6":"product_cat-akcesoria-do-zywnosci","7":"product_cat-upominki-firmowe","9":"first","10":"instock","11":"taxable","12":"shipping-taxable","13":"purchasable","14":"product-type-simple"},"_links":{"self":[{"href":"https:\/\/upominkiok.pl\/index.php?rest_route=\/wp\/v2\/product\/6443","targetHints":{"allow":["GET"]}}],"collection":[{"href":"https:\/\/upominkiok.pl\/index.php?rest_route=\/wp\/v2\/product"}],"about":[{"href":"https:\/\/upominkiok.pl\/index.php?rest_route=\/wp\/v2\/types\/product"}],"replies":[{"embeddable":true,"href":"https:\/\/upominkiok.pl\/index.php?rest_route=%2Fwp%2Fv2%2Fcomments&post=6443"}],"version-history":[{"count":4,"href":"https:\/\/upominkiok.pl\/index.php?rest_route=\/wp\/v2\/product\/6443\/revisions"}],"predecessor-version":[{"id":6453,"href":"https:\/\/upominkiok.pl\/index.php?rest_route=\/wp\/v2\/product\/6443\/revisions\/6453"}],"wp:featuredmedia":[{"embeddable":true,"href":"https:\/\/upominkiok.pl\/index.php?rest_route=\/wp\/v2\/media\/6447"}],"wp:attachment":[{"href":"https:\/\/upominkiok.pl\/index.php?rest_route=%2Fwp%2Fv2%2Fmedia&parent=6443"}],"wp:term":[{"taxonomy":"brand","embeddable":true,"href":"https:\/\/upominkiok.pl\/index.php?rest_route=%2Fwp%2Fv2%2Fetheme_brands&post=6443"},{"taxonomy":"product_brand","embeddable":true,"href":"https:\/\/upominkiok.pl\/index.php?rest_route=%2Fwp%2Fv2%2Fproduct_brand&post=6443"},{"taxonomy":"product_cat","embeddable":true,"href":"https:\/\/upominkiok.pl\/index.php?rest_route=%2Fwp%2Fv2%2Fproduct_cat&post=6443"},{"taxonomy":"product_tag","embeddable":true,"href":"https:\/\/upominkiok.pl\/index.php?rest_route=%2Fwp%2Fv2%2Fproduct_tag&post=6443"}],"curies":[{"name":"wp","href":"https:\/\/api.w.org\/{rel}","templated":true}]}}