{"id":6454,"date":"2024-09-12T06:28:49","date_gmt":"2024-09-12T04:28:49","guid":{"rendered":"http:\/\/upominkiok.pl\/?post_type=product&#038;p=6454"},"modified":"2024-09-12T06:38:14","modified_gmt":"2024-09-12T04:38:14","slug":"duzy-zestaw-do-wina","status":"publish","type":"product","link":"https:\/\/upominkiok.pl\/?product=duzy-zestaw-do-wina","title":{"rendered":"Du\u017cy Zestaw do Wina"},"content":{"rendered":"\t\t<div data-elementor-type=\"wp-post\" data-elementor-id=\"6454\" class=\"elementor elementor-6454\" data-elementor-post-type=\"product\">\n\t\t\t\t\t\t<section class=\"elementor-section elementor-top-section elementor-element elementor-element-77c9109 elementor-section-content-top elementor-section-boxed elementor-section-height-default elementor-section-height-default\" data-id=\"77c9109\" data-element_type=\"section\">\n\t\t\t\t\t\t<div class=\"elementor-container elementor-column-gap-custom\">\n\t\t\t\t\t<div class=\"elementor-column elementor-col-50 elementor-top-column elementor-element elementor-element-4e6c717\" data-id=\"4e6c717\" data-element_type=\"column\">\n\t\t\t<div class=\"elementor-widget-wrap elementor-element-populated\">\n\t\t\t\t\t\t<div class=\"elementor-element elementor-element-677f358 elementor-widget elementor-widget-heading\" data-id=\"677f358\" data-element_type=\"widget\" data-widget_type=\"heading.default\">\n\t\t\t\t<div class=\"elementor-widget-container\">\n\t\t\t\t\t<h2 class=\"elementor-heading-title elementor-size-default\">Du\u017cy Zestaw do Wina<\/h2>\t\t\t\t<\/div>\n\t\t\t\t<\/div>\n\t\t\t\t<div class=\"elementor-element elementor-element-79687b6 elementor-widget__width-initial elementor-widget elementor-widget-text-editor\" data-id=\"79687b6\" data-element_type=\"widget\" data-widget_type=\"text-editor.default\">\n\t\t\t\t<div class=\"elementor-widget-container\">\n\t\t\t\t\t\t\t\t\t<p>Elegancki zestaw do wina to idealny wyb\u00f3r na prezent dla mi\u0142o\u015bnik\u00f3w wina. W sk\u0142ad zestawu wchodzi praktyczny korkoci\u0105g, dwie zatyczki (jedna z funkcj\u0105 nalewaka), oraz obr\u0105czka na szyjk\u0119 butelki, kt\u00f3ra zabezpiecza przed kapaniem.<\/p><p>Ca\u0142o\u015b\u0107 zapakowana jest w solidne, drewniane pude\u0142ko, kt\u00f3re nie tylko wygl\u0105da stylowo, ale r\u00f3wnie\u017c zapewnia ochron\u0119 akcesori\u00f3w.<\/p><p>Mo\u017cliwo\u015b\u0107 wygrawerowania logo na pude\u0142ku sprawia, \u017ce zestaw nabiera personalizowanego charakteru, co czyni go doskona\u0142ym wyborem na prezent firmowy lub okazjonalny.<\/p>\t\t\t\t\t\t\t\t<\/div>\n\t\t\t\t<\/div>\n\t\t\t\t\t<\/div>\n\t\t<\/div>\n\t\t\t\t<div class=\"elementor-column elementor-col-50 elementor-top-column elementor-element elementor-element-67ea4a5\" data-id=\"67ea4a5\" data-element_type=\"column\">\n\t\t\t<div class=\"elementor-widget-wrap elementor-element-populated\">\n\t\t\t\t\t\t<div class=\"elementor-element elementor-element-ab1e6aa elementor-widget elementor-widget-image\" data-id=\"ab1e6aa\" data-element_type=\"widget\" data-widget_type=\"image.default\">\n\t\t\t\t<div class=\"elementor-widget-container\">\n\t\t\t\t\t\t\t\t\t\t\t\t\t\t\t<img loading=\"lazy\" loading=\"lazy\" decoding=\"async\" width=\"1024\" height=\"1024\" src=\"https:\/\/upominkiok.pl\/wp-content\/uploads\/2024\/09\/zestaw-do-wina-praktyczny-bogaty-w-skrzynce-z-grawerem-na-prezent-upominek-firmowy-upominkiok-5-1024x1024.jpg\" class=\"attachment-large size-large wp-image-6455\" alt=\"\" srcset=\"https:\/\/upominkiok.pl\/wp-content\/uploads\/2024\/09\/zestaw-do-wina-praktyczny-bogaty-w-skrzynce-z-grawerem-na-prezent-upominek-firmowy-upominkiok-5-1024x1024.jpg 1024w, https:\/\/upominkiok.pl\/wp-content\/uploads\/2024\/09\/zestaw-do-wina-praktyczny-bogaty-w-skrzynce-z-grawerem-na-prezent-upominek-firmowy-upominkiok-5-366x366.jpg 366w, https:\/\/upominkiok.pl\/wp-content\/uploads\/2024\/09\/zestaw-do-wina-praktyczny-bogaty-w-skrzynce-z-grawerem-na-prezent-upominek-firmowy-upominkiok-5-100x100.jpg 100w, https:\/\/upominkiok.pl\/wp-content\/uploads\/2024\/09\/zestaw-do-wina-praktyczny-bogaty-w-skrzynce-z-grawerem-na-prezent-upominek-firmowy-upominkiok-5-600x600.jpg 600w, https:\/\/upominkiok.pl\/wp-content\/uploads\/2024\/09\/zestaw-do-wina-praktyczny-bogaty-w-skrzynce-z-grawerem-na-prezent-upominek-firmowy-upominkiok-5-300x300.jpg 300w, https:\/\/upominkiok.pl\/wp-content\/uploads\/2024\/09\/zestaw-do-wina-praktyczny-bogaty-w-skrzynce-z-grawerem-na-prezent-upominek-firmowy-upominkiok-5-150x150.jpg 150w, https:\/\/upominkiok.pl\/wp-content\/uploads\/2024\/09\/zestaw-do-wina-praktyczny-bogaty-w-skrzynce-z-grawerem-na-prezent-upominek-firmowy-upominkiok-5-768x768.jpg 768w, https:\/\/upominkiok.pl\/wp-content\/uploads\/2024\/09\/zestaw-do-wina-praktyczny-bogaty-w-skrzynce-z-grawerem-na-prezent-upominek-firmowy-upominkiok-5-1x1.jpg 1w, https:\/\/upominkiok.pl\/wp-content\/uploads\/2024\/09\/zestaw-do-wina-praktyczny-bogaty-w-skrzynce-z-grawerem-na-prezent-upominek-firmowy-upominkiok-5-10x10.jpg 10w, https:\/\/upominkiok.pl\/wp-content\/uploads\/2024\/09\/zestaw-do-wina-praktyczny-bogaty-w-skrzynce-z-grawerem-na-prezent-upominek-firmowy-upominkiok-5.jpg 1181w\" sizes=\"auto, (max-width: 1024px) 100vw, 1024px\" \/>\t\t\t\t\t\t\t\t\t\t\t\t\t\t\t<\/div>\n\t\t\t\t<\/div>\n\t\t\t\t\t<\/div>\n\t\t<\/div>\n\t\t\t\t\t<\/div>\n\t\t<\/section>\n\t\t\t\t<\/div>\n\t\t","protected":false},"excerpt":{"rendered":"<div class=\"flex-shrink-0 flex flex-col relative items-end\">\n<div>\n<div class=\"pt-0\">\n<div class=\"gizmo-bot-avatar flex h-8 w-8 items-center justify-center overflow-hidden rounded-full\">\n<div class=\"relative p-1 rounded-sm flex items-center justify-center bg-token-main-surface-primary text-token-text-primary h-8 w-8\">Elegancki zestaw do wina zawieraj\u0105cy korkoci\u0105g, 2 zatyczki, obr\u0105czk\u0119 zabezpieczaj\u0105c\u0105 przed kapaniem, zapakowany w drewniane pude\u0142ko z mo\u017cliwo\u015bci\u0105 grawerowania logo.<\/div>\n<\/div>\n<\/div>\n<\/div>\n<\/div>\n","protected":false},"featured_media":6456,"comment_status":"closed","ping_status":"closed","template":"","meta":[],"etheme_brands":[],"product_brand":[],"product_cat":[53,40],"product_tag":[],"class_list":{"0":"post-6454","1":"product","2":"type-product","3":"status-publish","4":"has-post-thumbnail","6":"product_cat-zestawy-do-wina","7":"product_cat-upominki-firmowe","9":"first","10":"instock","11":"taxable","12":"shipping-taxable","13":"purchasable","14":"product-type-simple"},"_links":{"self":[{"href":"https:\/\/upominkiok.pl\/index.php?rest_route=\/wp\/v2\/product\/6454","targetHints":{"allow":["GET"]}}],"collection":[{"href":"https:\/\/upominkiok.pl\/index.php?rest_route=\/wp\/v2\/product"}],"about":[{"href":"https:\/\/upominkiok.pl\/index.php?rest_route=\/wp\/v2\/types\/product"}],"replies":[{"embeddable":true,"href":"https:\/\/upominkiok.pl\/index.php?rest_route=%2Fwp%2Fv2%2Fcomments&post=6454"}],"version-history":[{"count":5,"href":"https:\/\/upominkiok.pl\/index.php?rest_route=\/wp\/v2\/product\/6454\/revisions"}],"predecessor-version":[{"id":6473,"href":"https:\/\/upominkiok.pl\/index.php?rest_route=\/wp\/v2\/product\/6454\/revisions\/6473"}],"wp:featuredmedia":[{"embeddable":true,"href":"https:\/\/upominkiok.pl\/index.php?rest_route=\/wp\/v2\/media\/6456"}],"wp:attachment":[{"href":"https:\/\/upominkiok.pl\/index.php?rest_route=%2Fwp%2Fv2%2Fmedia&parent=6454"}],"wp:term":[{"taxonomy":"brand","embeddable":true,"href":"https:\/\/upominkiok.pl\/index.php?rest_route=%2Fwp%2Fv2%2Fetheme_brands&post=6454"},{"taxonomy":"product_brand","embeddable":true,"href":"https:\/\/upominkiok.pl\/index.php?rest_route=%2Fwp%2Fv2%2Fproduct_brand&post=6454"},{"taxonomy":"product_cat","embeddable":true,"href":"https:\/\/upominkiok.pl\/index.php?rest_route=%2Fwp%2Fv2%2Fproduct_cat&post=6454"},{"taxonomy":"product_tag","embeddable":true,"href":"https:\/\/upominkiok.pl\/index.php?rest_route=%2Fwp%2Fv2%2Fproduct_tag&post=6454"}],"curies":[{"name":"wp","href":"https:\/\/api.w.org\/{rel}","templated":true}]}}