{"id":6465,"date":"2024-09-12T06:34:58","date_gmt":"2024-09-12T04:34:58","guid":{"rendered":"http:\/\/upominkiok.pl\/?post_type=product&#038;p=6465"},"modified":"2024-09-12T06:39:01","modified_gmt":"2024-09-12T04:39:01","slug":"maly-zestaw-do-wina","status":"publish","type":"product","link":"https:\/\/upominkiok.pl\/?product=maly-zestaw-do-wina","title":{"rendered":"Ma\u0142y Zestaw do Wina"},"content":{"rendered":"\t\t<div data-elementor-type=\"wp-post\" data-elementor-id=\"6465\" class=\"elementor elementor-6465\" data-elementor-post-type=\"product\">\n\t\t\t\t\t\t<section class=\"elementor-section elementor-top-section elementor-element elementor-element-77c9109 elementor-section-content-top elementor-section-boxed elementor-section-height-default elementor-section-height-default\" data-id=\"77c9109\" data-element_type=\"section\">\n\t\t\t\t\t\t<div class=\"elementor-container elementor-column-gap-custom\">\n\t\t\t\t\t<div class=\"elementor-column elementor-col-50 elementor-top-column elementor-element elementor-element-4e6c717\" data-id=\"4e6c717\" data-element_type=\"column\">\n\t\t\t<div class=\"elementor-widget-wrap elementor-element-populated\">\n\t\t\t\t\t\t<div class=\"elementor-element elementor-element-677f358 elementor-widget elementor-widget-heading\" data-id=\"677f358\" data-element_type=\"widget\" data-widget_type=\"heading.default\">\n\t\t\t\t<div class=\"elementor-widget-container\">\n\t\t\t\t\t<h2 class=\"elementor-heading-title elementor-size-default\">Du\u017cy Zestaw do Wina<\/h2>\t\t\t\t<\/div>\n\t\t\t\t<\/div>\n\t\t\t\t<div class=\"elementor-element elementor-element-79687b6 elementor-widget__width-initial elementor-widget elementor-widget-text-editor\" data-id=\"79687b6\" data-element_type=\"widget\" data-widget_type=\"text-editor.default\">\n\t\t\t\t<div class=\"elementor-widget-container\">\n\t\t\t\t\t\t\t\t\t<p>Praktyczny czteroelementowy komplet do wina zapakowany w eleganck\u0105, okr\u0105g\u0142\u0105 drewnian\u0105 skrzyneczk\u0119 to idealny dodatek na ka\u017cd\u0105 okazj\u0119.<\/p><p>W zestawie znajduje si\u0119 n\u00f3\u017c kelnerski, dwie stylowe zatyczki ozdobione korkiem oraz opaska na butelk\u0119, kt\u00f3ra zabezpiecza przed kapaniem.<\/p><p>Dzi\u0119ki mo\u017cliwo\u015bci grawerowania logo bezpo\u015brednio na pude\u0142ku, produkt ten staje si\u0119 wyj\u0105tkowym i spersonalizowanym upominkiem. Zestaw jest nie tylko estetyczny, ale r\u00f3wnie\u017c praktyczny, doskonale sprawdzaj\u0105c si\u0119 podczas degustacji wina czy spotka\u0144 towarzyskich.<\/p>\t\t\t\t\t\t\t\t<\/div>\n\t\t\t\t<\/div>\n\t\t\t\t\t<\/div>\n\t\t<\/div>\n\t\t\t\t<div class=\"elementor-column elementor-col-50 elementor-top-column elementor-element elementor-element-67ea4a5\" data-id=\"67ea4a5\" data-element_type=\"column\">\n\t\t\t<div class=\"elementor-widget-wrap elementor-element-populated\">\n\t\t\t\t\t\t<div class=\"elementor-element elementor-element-ab1e6aa elementor-widget elementor-widget-image\" data-id=\"ab1e6aa\" data-element_type=\"widget\" data-widget_type=\"image.default\">\n\t\t\t\t<div class=\"elementor-widget-container\">\n\t\t\t\t\t\t\t\t\t\t\t\t\t\t\t<img loading=\"lazy\" loading=\"lazy\" decoding=\"async\" width=\"1024\" height=\"1024\" src=\"https:\/\/upominkiok.pl\/wp-content\/uploads\/2024\/09\/Elegancki-zestaw-do-wina-grawer-logo-w-drewnianej-skrzyneczce-na-prezent-firmowy-upominkiok-2-1024x1024.jpg\" class=\"attachment-large size-large wp-image-6467\" alt=\"\" srcset=\"https:\/\/upominkiok.pl\/wp-content\/uploads\/2024\/09\/Elegancki-zestaw-do-wina-grawer-logo-w-drewnianej-skrzyneczce-na-prezent-firmowy-upominkiok-2-1024x1024.jpg 1024w, https:\/\/upominkiok.pl\/wp-content\/uploads\/2024\/09\/Elegancki-zestaw-do-wina-grawer-logo-w-drewnianej-skrzyneczce-na-prezent-firmowy-upominkiok-2-366x366.jpg 366w, https:\/\/upominkiok.pl\/wp-content\/uploads\/2024\/09\/Elegancki-zestaw-do-wina-grawer-logo-w-drewnianej-skrzyneczce-na-prezent-firmowy-upominkiok-2-100x100.jpg 100w, https:\/\/upominkiok.pl\/wp-content\/uploads\/2024\/09\/Elegancki-zestaw-do-wina-grawer-logo-w-drewnianej-skrzyneczce-na-prezent-firmowy-upominkiok-2-600x600.jpg 600w, https:\/\/upominkiok.pl\/wp-content\/uploads\/2024\/09\/Elegancki-zestaw-do-wina-grawer-logo-w-drewnianej-skrzyneczce-na-prezent-firmowy-upominkiok-2-300x300.jpg 300w, https:\/\/upominkiok.pl\/wp-content\/uploads\/2024\/09\/Elegancki-zestaw-do-wina-grawer-logo-w-drewnianej-skrzyneczce-na-prezent-firmowy-upominkiok-2-150x150.jpg 150w, https:\/\/upominkiok.pl\/wp-content\/uploads\/2024\/09\/Elegancki-zestaw-do-wina-grawer-logo-w-drewnianej-skrzyneczce-na-prezent-firmowy-upominkiok-2-768x768.jpg 768w, https:\/\/upominkiok.pl\/wp-content\/uploads\/2024\/09\/Elegancki-zestaw-do-wina-grawer-logo-w-drewnianej-skrzyneczce-na-prezent-firmowy-upominkiok-2-1x1.jpg 1w, https:\/\/upominkiok.pl\/wp-content\/uploads\/2024\/09\/Elegancki-zestaw-do-wina-grawer-logo-w-drewnianej-skrzyneczce-na-prezent-firmowy-upominkiok-2-10x10.jpg 10w, https:\/\/upominkiok.pl\/wp-content\/uploads\/2024\/09\/Elegancki-zestaw-do-wina-grawer-logo-w-drewnianej-skrzyneczce-na-prezent-firmowy-upominkiok-2.jpg 1181w\" sizes=\"auto, (max-width: 1024px) 100vw, 1024px\" \/>\t\t\t\t\t\t\t\t\t\t\t\t\t\t\t<\/div>\n\t\t\t\t<\/div>\n\t\t\t\t\t<\/div>\n\t\t<\/div>\n\t\t\t\t\t<\/div>\n\t\t<\/section>\n\t\t\t\t<\/div>\n\t\t","protected":false},"excerpt":{"rendered":"<p>Praktyczny czteroelementowy zestaw do wina w eleganckiej, okr\u0105g\u0142ej drewnianej skrzynce, z mo\u017cliwo\u015bci\u0105 grawerowania logo na pude\u0142ku.<\/p>\n","protected":false},"featured_media":6470,"comment_status":"closed","ping_status":"closed","template":"","meta":[],"etheme_brands":[],"product_brand":[],"product_cat":[53,40],"product_tag":[],"class_list":{"0":"post-6465","1":"product","2":"type-product","3":"status-publish","4":"has-post-thumbnail","6":"product_cat-zestawy-do-wina","7":"product_cat-upominki-firmowe","9":"first","10":"instock","11":"taxable","12":"shipping-taxable","13":"purchasable","14":"product-type-simple"},"_links":{"self":[{"href":"https:\/\/upominkiok.pl\/index.php?rest_route=\/wp\/v2\/product\/6465","targetHints":{"allow":["GET"]}}],"collection":[{"href":"https:\/\/upominkiok.pl\/index.php?rest_route=\/wp\/v2\/product"}],"about":[{"href":"https:\/\/upominkiok.pl\/index.php?rest_route=\/wp\/v2\/types\/product"}],"replies":[{"embeddable":true,"href":"https:\/\/upominkiok.pl\/index.php?rest_route=%2Fwp%2Fv2%2Fcomments&post=6465"}],"version-history":[{"count":8,"href":"https:\/\/upominkiok.pl\/index.php?rest_route=\/wp\/v2\/product\/6465\/revisions"}],"predecessor-version":[{"id":6479,"href":"https:\/\/upominkiok.pl\/index.php?rest_route=\/wp\/v2\/product\/6465\/revisions\/6479"}],"wp:featuredmedia":[{"embeddable":true,"href":"https:\/\/upominkiok.pl\/index.php?rest_route=\/wp\/v2\/media\/6470"}],"wp:attachment":[{"href":"https:\/\/upominkiok.pl\/index.php?rest_route=%2Fwp%2Fv2%2Fmedia&parent=6465"}],"wp:term":[{"taxonomy":"brand","embeddable":true,"href":"https:\/\/upominkiok.pl\/index.php?rest_route=%2Fwp%2Fv2%2Fetheme_brands&post=6465"},{"taxonomy":"product_brand","embeddable":true,"href":"https:\/\/upominkiok.pl\/index.php?rest_route=%2Fwp%2Fv2%2Fproduct_brand&post=6465"},{"taxonomy":"product_cat","embeddable":true,"href":"https:\/\/upominkiok.pl\/index.php?rest_route=%2Fwp%2Fv2%2Fproduct_cat&post=6465"},{"taxonomy":"product_tag","embeddable":true,"href":"https:\/\/upominkiok.pl\/index.php?rest_route=%2Fwp%2Fv2%2Fproduct_tag&post=6465"}],"curies":[{"name":"wp","href":"https:\/\/api.w.org\/{rel}","templated":true}]}}