{"id":6526,"date":"2024-09-12T07:08:37","date_gmt":"2024-09-12T05:08:37","guid":{"rendered":"http:\/\/upominkiok.pl\/?post_type=product&#038;p=6526"},"modified":"2024-09-12T07:13:23","modified_gmt":"2024-09-12T05:13:23","slug":"scyzoryk-ze-stalowa-raczka","status":"publish","type":"product","link":"https:\/\/upominkiok.pl\/?product=scyzoryk-ze-stalowa-raczka","title":{"rendered":"Scyzoryk ze Stalow\u0105 R\u0105czk\u0105"},"content":{"rendered":"\t\t<div data-elementor-type=\"wp-post\" data-elementor-id=\"6526\" class=\"elementor elementor-6526\" data-elementor-post-type=\"product\">\n\t\t\t\t\t\t<section class=\"elementor-section elementor-top-section elementor-element elementor-element-77c9109 elementor-section-content-top elementor-section-boxed elementor-section-height-default elementor-section-height-default\" data-id=\"77c9109\" data-element_type=\"section\">\n\t\t\t\t\t\t<div class=\"elementor-container elementor-column-gap-custom\">\n\t\t\t\t\t<div class=\"elementor-column elementor-col-50 elementor-top-column elementor-element elementor-element-4e6c717\" data-id=\"4e6c717\" data-element_type=\"column\">\n\t\t\t<div class=\"elementor-widget-wrap elementor-element-populated\">\n\t\t\t\t\t\t<div class=\"elementor-element elementor-element-677f358 elementor-widget elementor-widget-heading\" data-id=\"677f358\" data-element_type=\"widget\" data-widget_type=\"heading.default\">\n\t\t\t\t<div class=\"elementor-widget-container\">\n\t\t\t\t\t<h2 class=\"elementor-heading-title elementor-size-default\">Scyzoryk ze Stalow\u0105 R\u0105czk\u0105<\/h2>\t\t\t\t<\/div>\n\t\t\t\t<\/div>\n\t\t\t\t<div class=\"elementor-element elementor-element-79687b6 elementor-widget__width-initial elementor-widget elementor-widget-text-editor\" data-id=\"79687b6\" data-element_type=\"widget\" data-widget_type=\"text-editor.default\">\n\t\t\t\t<div class=\"elementor-widget-container\">\n\t\t\t\t\t\t\t\t\t<p>Ten elegancki scyzoryk to doskona\u0142y wyb\u00f3r dla ka\u017cdego, kto ceni sobie praktyczno\u015b\u0107 i styl. Kompaktowy i funkcjonalny, scyzoryk wyposa\u017cony jest w n\u00f3\u017c, otwieracz do puszek, otwieracz do butelek, korkoci\u0105g oraz \u015brubokr\u0119t krzy\u017cowy i p\u0142aski, co czyni go wszechstronnym narz\u0119dziem na ka\u017cd\u0105 okazj\u0119.<\/p><p>Wymiary 93 x 24 x 8 mm sprawiaj\u0105, \u017ce jest wygodny do noszenia w kieszeni lub torbie.<\/p><p>Dzi\u0119ki mo\u017cliwo\u015bci grawerowania, mo\u017cesz spersonalizowa\u0107 scyzoryk, czyni\u0105c go idealnym prezentem lub eleganckim dodatkiem do codziennego u\u017cytku.<\/p>\t\t\t\t\t\t\t\t<\/div>\n\t\t\t\t<\/div>\n\t\t\t\t\t<\/div>\n\t\t<\/div>\n\t\t\t\t<div class=\"elementor-column elementor-col-50 elementor-top-column elementor-element elementor-element-67ea4a5\" data-id=\"67ea4a5\" data-element_type=\"column\">\n\t\t\t<div class=\"elementor-widget-wrap elementor-element-populated\">\n\t\t\t\t\t\t<div class=\"elementor-element elementor-element-ab1e6aa elementor-widget elementor-widget-image\" data-id=\"ab1e6aa\" data-element_type=\"widget\" data-widget_type=\"image.default\">\n\t\t\t\t<div class=\"elementor-widget-container\">\n\t\t\t\t\t\t\t\t\t\t\t\t\t\t\t<img loading=\"lazy\" loading=\"lazy\" decoding=\"async\" width=\"1024\" height=\"1024\" src=\"https:\/\/upominkiok.pl\/wp-content\/uploads\/2024\/09\/elegancki-scyzoryk-ze-stali-nierdzewnej-z-precyzyjnym-grawerem-logo-idealny-na-prezent-firmowy-upominkiok-3-1024x1024.jpg\" class=\"attachment-large size-large wp-image-6528\" alt=\"\" srcset=\"https:\/\/upominkiok.pl\/wp-content\/uploads\/2024\/09\/elegancki-scyzoryk-ze-stali-nierdzewnej-z-precyzyjnym-grawerem-logo-idealny-na-prezent-firmowy-upominkiok-3-1024x1024.jpg 1024w, https:\/\/upominkiok.pl\/wp-content\/uploads\/2024\/09\/elegancki-scyzoryk-ze-stali-nierdzewnej-z-precyzyjnym-grawerem-logo-idealny-na-prezent-firmowy-upominkiok-3-366x366.jpg 366w, https:\/\/upominkiok.pl\/wp-content\/uploads\/2024\/09\/elegancki-scyzoryk-ze-stali-nierdzewnej-z-precyzyjnym-grawerem-logo-idealny-na-prezent-firmowy-upominkiok-3-100x100.jpg 100w, https:\/\/upominkiok.pl\/wp-content\/uploads\/2024\/09\/elegancki-scyzoryk-ze-stali-nierdzewnej-z-precyzyjnym-grawerem-logo-idealny-na-prezent-firmowy-upominkiok-3-600x600.jpg 600w, https:\/\/upominkiok.pl\/wp-content\/uploads\/2024\/09\/elegancki-scyzoryk-ze-stali-nierdzewnej-z-precyzyjnym-grawerem-logo-idealny-na-prezent-firmowy-upominkiok-3-300x300.jpg 300w, https:\/\/upominkiok.pl\/wp-content\/uploads\/2024\/09\/elegancki-scyzoryk-ze-stali-nierdzewnej-z-precyzyjnym-grawerem-logo-idealny-na-prezent-firmowy-upominkiok-3-150x150.jpg 150w, https:\/\/upominkiok.pl\/wp-content\/uploads\/2024\/09\/elegancki-scyzoryk-ze-stali-nierdzewnej-z-precyzyjnym-grawerem-logo-idealny-na-prezent-firmowy-upominkiok-3-768x768.jpg 768w, https:\/\/upominkiok.pl\/wp-content\/uploads\/2024\/09\/elegancki-scyzoryk-ze-stali-nierdzewnej-z-precyzyjnym-grawerem-logo-idealny-na-prezent-firmowy-upominkiok-3-1x1.jpg 1w, https:\/\/upominkiok.pl\/wp-content\/uploads\/2024\/09\/elegancki-scyzoryk-ze-stali-nierdzewnej-z-precyzyjnym-grawerem-logo-idealny-na-prezent-firmowy-upominkiok-3-10x10.jpg 10w, https:\/\/upominkiok.pl\/wp-content\/uploads\/2024\/09\/elegancki-scyzoryk-ze-stali-nierdzewnej-z-precyzyjnym-grawerem-logo-idealny-na-prezent-firmowy-upominkiok-3.jpg 1181w\" sizes=\"auto, (max-width: 1024px) 100vw, 1024px\" \/>\t\t\t\t\t\t\t\t\t\t\t\t\t\t\t<\/div>\n\t\t\t\t<\/div>\n\t\t\t\t\t<\/div>\n\t\t<\/div>\n\t\t\t\t\t<\/div>\n\t\t<\/section>\n\t\t\t\t<\/div>\n\t\t","protected":false},"excerpt":{"rendered":"<p>Scyzoryk ze stalow\u0105 r\u0105czk\u0105 to elegancki, wielofunkcyjny gad\u017cet, kt\u00f3ry \u0142\u0105czy n\u00f3\u017c, otwieracz do puszek, otwieracz do butelek, korkoci\u0105g oraz \u015brubokr\u0119t krzy\u017cowy i p\u0142aski, zapewniaj\u0105c wszechstronno\u015b\u0107 i praktyczno\u015b\u0107 w jednym.<\/p>\n","protected":false},"featured_media":6531,"comment_status":"closed","ping_status":"closed","template":"","meta":[],"etheme_brands":[],"product_brand":[],"product_cat":[51,40],"product_tag":[],"class_list":{"0":"post-6526","1":"product","2":"type-product","3":"status-publish","4":"has-post-thumbnail","6":"product_cat-scyzoryki","7":"product_cat-upominki-firmowe","9":"first","10":"instock","11":"taxable","12":"shipping-taxable","13":"purchasable","14":"product-type-simple"},"_links":{"self":[{"href":"https:\/\/upominkiok.pl\/index.php?rest_route=\/wp\/v2\/product\/6526","targetHints":{"allow":["GET"]}}],"collection":[{"href":"https:\/\/upominkiok.pl\/index.php?rest_route=\/wp\/v2\/product"}],"about":[{"href":"https:\/\/upominkiok.pl\/index.php?rest_route=\/wp\/v2\/types\/product"}],"replies":[{"embeddable":true,"href":"https:\/\/upominkiok.pl\/index.php?rest_route=%2Fwp%2Fv2%2Fcomments&post=6526"}],"version-history":[{"count":4,"href":"https:\/\/upominkiok.pl\/index.php?rest_route=\/wp\/v2\/product\/6526\/revisions"}],"predecessor-version":[{"id":6536,"href":"https:\/\/upominkiok.pl\/index.php?rest_route=\/wp\/v2\/product\/6526\/revisions\/6536"}],"wp:featuredmedia":[{"embeddable":true,"href":"https:\/\/upominkiok.pl\/index.php?rest_route=\/wp\/v2\/media\/6531"}],"wp:attachment":[{"href":"https:\/\/upominkiok.pl\/index.php?rest_route=%2Fwp%2Fv2%2Fmedia&parent=6526"}],"wp:term":[{"taxonomy":"brand","embeddable":true,"href":"https:\/\/upominkiok.pl\/index.php?rest_route=%2Fwp%2Fv2%2Fetheme_brands&post=6526"},{"taxonomy":"product_brand","embeddable":true,"href":"https:\/\/upominkiok.pl\/index.php?rest_route=%2Fwp%2Fv2%2Fproduct_brand&post=6526"},{"taxonomy":"product_cat","embeddable":true,"href":"https:\/\/upominkiok.pl\/index.php?rest_route=%2Fwp%2Fv2%2Fproduct_cat&post=6526"},{"taxonomy":"product_tag","embeddable":true,"href":"https:\/\/upominkiok.pl\/index.php?rest_route=%2Fwp%2Fv2%2Fproduct_tag&post=6526"}],"curies":[{"name":"wp","href":"https:\/\/api.w.org\/{rel}","templated":true}]}}