{"id":6562,"date":"2024-09-12T07:31:24","date_gmt":"2024-09-12T05:31:24","guid":{"rendered":"http:\/\/upominkiok.pl\/?post_type=product&#038;p=6562"},"modified":"2024-09-12T07:35:50","modified_gmt":"2024-09-12T05:35:50","slug":"stalowa-okragla-miara","status":"publish","type":"product","link":"https:\/\/upominkiok.pl\/?product=stalowa-okragla-miara","title":{"rendered":"Stalowa Okr\u0105g\u0142a Miara"},"content":{"rendered":"\t\t<div data-elementor-type=\"wp-post\" data-elementor-id=\"6562\" class=\"elementor elementor-6562\" data-elementor-post-type=\"product\">\n\t\t\t\t\t\t<section class=\"elementor-section elementor-top-section elementor-element elementor-element-77c9109 elementor-section-content-top elementor-section-boxed elementor-section-height-default elementor-section-height-default\" data-id=\"77c9109\" data-element_type=\"section\">\n\t\t\t\t\t\t<div class=\"elementor-container elementor-column-gap-custom\">\n\t\t\t\t\t<div class=\"elementor-column elementor-col-50 elementor-top-column elementor-element elementor-element-4e6c717\" data-id=\"4e6c717\" data-element_type=\"column\">\n\t\t\t<div class=\"elementor-widget-wrap elementor-element-populated\">\n\t\t\t\t\t\t<div class=\"elementor-element elementor-element-677f358 elementor-widget elementor-widget-heading\" data-id=\"677f358\" data-element_type=\"widget\" data-widget_type=\"heading.default\">\n\t\t\t\t<div class=\"elementor-widget-container\">\n\t\t\t\t\t<h2 class=\"elementor-heading-title elementor-size-default\">Stalowa Okr\u0105g\u0142a Miara<\/h2>\t\t\t\t<\/div>\n\t\t\t\t<\/div>\n\t\t\t\t<div class=\"elementor-element elementor-element-79687b6 elementor-widget__width-initial elementor-widget elementor-widget-text-editor\" data-id=\"79687b6\" data-element_type=\"widget\" data-widget_type=\"text-editor.default\">\n\t\t\t\t<div class=\"elementor-widget-container\">\n\t\t\t\t\t\t\t\t\t<p>Oto elegancka miara d\u0142ugo\u015bci 2 metr\u00f3w, kt\u00f3ra dzi\u0119ki swoim niewielkim rozmiarom (\u2300 48 x 17 mm) zmie\u015bci si\u0119 w ka\u017cdej kieszeni, a jej metalowa konstrukcja i p\u00f3\u0142przezroczyste tworzywo zapewniaj\u0105 trwa\u0142o\u015b\u0107 i wygod\u0119 u\u017cytkowania.<\/p><p>Wyposa\u017cona w automatyczn\u0105 blokad\u0119, jest nieocenionym narz\u0119dziem w ka\u017cdej sytuacji.<\/p><p>Mo\u017cliwo\u015b\u0107 grawerowania sprawia, \u017ce jest idealnym, spersonalizowanym upominkiem dla ka\u017cdego, kto ceni sobie funkcjonalno\u015b\u0107 i elegancj\u0119.<\/p>\t\t\t\t\t\t\t\t<\/div>\n\t\t\t\t<\/div>\n\t\t\t\t\t<\/div>\n\t\t<\/div>\n\t\t\t\t<div class=\"elementor-column elementor-col-50 elementor-top-column elementor-element elementor-element-67ea4a5\" data-id=\"67ea4a5\" data-element_type=\"column\">\n\t\t\t<div class=\"elementor-widget-wrap elementor-element-populated\">\n\t\t\t\t\t\t<div class=\"elementor-element elementor-element-ab1e6aa elementor-widget elementor-widget-image\" data-id=\"ab1e6aa\" data-element_type=\"widget\" data-widget_type=\"image.default\">\n\t\t\t\t<div class=\"elementor-widget-container\">\n\t\t\t\t\t\t\t\t\t\t\t\t\t\t\t<img loading=\"lazy\" loading=\"lazy\" decoding=\"async\" width=\"1024\" height=\"1024\" src=\"https:\/\/upominkiok.pl\/wp-content\/uploads\/2024\/09\/uzyteczny-prezent-miara-kieszonkowa-2-metry-z-grawerowanym-logo-firmowym-2-1024x1024.jpg\" class=\"attachment-large size-large wp-image-6568\" alt=\"\" srcset=\"https:\/\/upominkiok.pl\/wp-content\/uploads\/2024\/09\/uzyteczny-prezent-miara-kieszonkowa-2-metry-z-grawerowanym-logo-firmowym-2-1024x1024.jpg 1024w, https:\/\/upominkiok.pl\/wp-content\/uploads\/2024\/09\/uzyteczny-prezent-miara-kieszonkowa-2-metry-z-grawerowanym-logo-firmowym-2-366x366.jpg 366w, https:\/\/upominkiok.pl\/wp-content\/uploads\/2024\/09\/uzyteczny-prezent-miara-kieszonkowa-2-metry-z-grawerowanym-logo-firmowym-2-100x100.jpg 100w, https:\/\/upominkiok.pl\/wp-content\/uploads\/2024\/09\/uzyteczny-prezent-miara-kieszonkowa-2-metry-z-grawerowanym-logo-firmowym-2-600x600.jpg 600w, https:\/\/upominkiok.pl\/wp-content\/uploads\/2024\/09\/uzyteczny-prezent-miara-kieszonkowa-2-metry-z-grawerowanym-logo-firmowym-2-300x300.jpg 300w, https:\/\/upominkiok.pl\/wp-content\/uploads\/2024\/09\/uzyteczny-prezent-miara-kieszonkowa-2-metry-z-grawerowanym-logo-firmowym-2-150x150.jpg 150w, https:\/\/upominkiok.pl\/wp-content\/uploads\/2024\/09\/uzyteczny-prezent-miara-kieszonkowa-2-metry-z-grawerowanym-logo-firmowym-2-768x768.jpg 768w, https:\/\/upominkiok.pl\/wp-content\/uploads\/2024\/09\/uzyteczny-prezent-miara-kieszonkowa-2-metry-z-grawerowanym-logo-firmowym-2-1x1.jpg 1w, https:\/\/upominkiok.pl\/wp-content\/uploads\/2024\/09\/uzyteczny-prezent-miara-kieszonkowa-2-metry-z-grawerowanym-logo-firmowym-2-10x10.jpg 10w, https:\/\/upominkiok.pl\/wp-content\/uploads\/2024\/09\/uzyteczny-prezent-miara-kieszonkowa-2-metry-z-grawerowanym-logo-firmowym-2.jpg 1181w\" sizes=\"auto, (max-width: 1024px) 100vw, 1024px\" \/>\t\t\t\t\t\t\t\t\t\t\t\t\t\t\t<\/div>\n\t\t\t\t<\/div>\n\t\t\t\t\t<\/div>\n\t\t<\/div>\n\t\t\t\t\t<\/div>\n\t\t<\/section>\n\t\t\t\t<\/div>\n\t\t","protected":false},"excerpt":{"rendered":"<p>Praktyczna miara o d\u0142ugo\u015bci 2 metr\u00f3w, wykonana z metalu i p\u00f3\u0142przezroczystego tworzywa sztucznego, doskonale sprawdzi si\u0119 w ka\u017cdej kieszeni.<\/p>\n","protected":false},"featured_media":6567,"comment_status":"closed","ping_status":"closed","template":"","meta":[],"etheme_brands":[],"product_brand":[],"product_cat":[68,40],"product_tag":[],"class_list":{"0":"post-6562","1":"product","2":"type-product","3":"status-publish","4":"has-post-thumbnail","6":"product_cat-narzedzia","7":"product_cat-upominki-firmowe","9":"first","10":"instock","11":"taxable","12":"shipping-taxable","13":"purchasable","14":"product-type-simple"},"_links":{"self":[{"href":"https:\/\/upominkiok.pl\/index.php?rest_route=\/wp\/v2\/product\/6562","targetHints":{"allow":["GET"]}}],"collection":[{"href":"https:\/\/upominkiok.pl\/index.php?rest_route=\/wp\/v2\/product"}],"about":[{"href":"https:\/\/upominkiok.pl\/index.php?rest_route=\/wp\/v2\/types\/product"}],"replies":[{"embeddable":true,"href":"https:\/\/upominkiok.pl\/index.php?rest_route=%2Fwp%2Fv2%2Fcomments&post=6562"}],"version-history":[{"count":4,"href":"https:\/\/upominkiok.pl\/index.php?rest_route=\/wp\/v2\/product\/6562\/revisions"}],"predecessor-version":[{"id":6572,"href":"https:\/\/upominkiok.pl\/index.php?rest_route=\/wp\/v2\/product\/6562\/revisions\/6572"}],"wp:featuredmedia":[{"embeddable":true,"href":"https:\/\/upominkiok.pl\/index.php?rest_route=\/wp\/v2\/media\/6567"}],"wp:attachment":[{"href":"https:\/\/upominkiok.pl\/index.php?rest_route=%2Fwp%2Fv2%2Fmedia&parent=6562"}],"wp:term":[{"taxonomy":"brand","embeddable":true,"href":"https:\/\/upominkiok.pl\/index.php?rest_route=%2Fwp%2Fv2%2Fetheme_brands&post=6562"},{"taxonomy":"product_brand","embeddable":true,"href":"https:\/\/upominkiok.pl\/index.php?rest_route=%2Fwp%2Fv2%2Fproduct_brand&post=6562"},{"taxonomy":"product_cat","embeddable":true,"href":"https:\/\/upominkiok.pl\/index.php?rest_route=%2Fwp%2Fv2%2Fproduct_cat&post=6562"},{"taxonomy":"product_tag","embeddable":true,"href":"https:\/\/upominkiok.pl\/index.php?rest_route=%2Fwp%2Fv2%2Fproduct_tag&post=6562"}],"curies":[{"name":"wp","href":"https:\/\/api.w.org\/{rel}","templated":true}]}}