{"id":6573,"date":"2024-09-12T07:40:27","date_gmt":"2024-09-12T05:40:27","guid":{"rendered":"http:\/\/upominkiok.pl\/?post_type=product&#038;p=6573"},"modified":"2024-09-12T07:44:37","modified_gmt":"2024-09-12T05:44:37","slug":"okragly-drewniany-brelok","status":"publish","type":"product","link":"https:\/\/upominkiok.pl\/?product=okragly-drewniany-brelok","title":{"rendered":"Okr\u0105g\u0142y Drewniany Brelok"},"content":{"rendered":"\t\t<div data-elementor-type=\"wp-post\" data-elementor-id=\"6573\" class=\"elementor elementor-6573\" data-elementor-post-type=\"product\">\n\t\t\t\t\t\t<section class=\"elementor-section elementor-top-section elementor-element elementor-element-77c9109 elementor-section-content-top elementor-section-boxed elementor-section-height-default elementor-section-height-default\" data-id=\"77c9109\" data-element_type=\"section\">\n\t\t\t\t\t\t<div class=\"elementor-container elementor-column-gap-custom\">\n\t\t\t\t\t<div class=\"elementor-column elementor-col-50 elementor-top-column elementor-element elementor-element-4e6c717\" data-id=\"4e6c717\" data-element_type=\"column\">\n\t\t\t<div class=\"elementor-widget-wrap elementor-element-populated\">\n\t\t\t\t\t\t<div class=\"elementor-element elementor-element-677f358 elementor-widget elementor-widget-heading\" data-id=\"677f358\" data-element_type=\"widget\" data-widget_type=\"heading.default\">\n\t\t\t\t<div class=\"elementor-widget-container\">\n\t\t\t\t\t<h2 class=\"elementor-heading-title elementor-size-default\">Okr\u0105g\u0142y Drewniany Brelok<\/h2>\t\t\t\t<\/div>\n\t\t\t\t<\/div>\n\t\t\t\t<div class=\"elementor-element elementor-element-79687b6 elementor-widget__width-initial elementor-widget elementor-widget-text-editor\" data-id=\"79687b6\" data-element_type=\"widget\" data-widget_type=\"text-editor.default\">\n\t\t\t\t<div class=\"elementor-widget-container\">\n\t\t\t\t\t\t\t\t\t<p>Elegancki brelok wykonany z drewna i metalu o okr\u0105g\u0142ym kszta\u0142cie, \u0142\u0105czy naturalny design z funkcjonalno\u015bci\u0105, zapewniaj\u0105c wygod\u0119 u\u017cytkowania i estetyczny wygl\u0105d.<\/p><p>Jego precyzyjne wykonanie i mo\u017cliwo\u015b\u0107 grawerowania sprawiaj\u0105, \u017ce jest doskona\u0142ym wyborem na unikalny upominek lub praktyczny dodatek, kt\u00f3ry z \u0142atwo\u015bci\u0105 mo\u017cna dopasowa\u0107 do osobistych preferencji.<\/p><p>Idealny do kluczy, torby czy plecaka, ten brelok z pewno\u015bci\u0105 przyci\u0105gnie wzrok i b\u0119dzie s\u0142u\u017cy\u0142 przez d\u0142ugi czas.<\/p>\t\t\t\t\t\t\t\t<\/div>\n\t\t\t\t<\/div>\n\t\t\t\t\t<\/div>\n\t\t<\/div>\n\t\t\t\t<div class=\"elementor-column elementor-col-50 elementor-top-column elementor-element elementor-element-67ea4a5\" data-id=\"67ea4a5\" data-element_type=\"column\">\n\t\t\t<div class=\"elementor-widget-wrap elementor-element-populated\">\n\t\t\t\t\t\t<div class=\"elementor-element elementor-element-ab1e6aa elementor-widget elementor-widget-image\" data-id=\"ab1e6aa\" data-element_type=\"widget\" data-widget_type=\"image.default\">\n\t\t\t\t<div class=\"elementor-widget-container\">\n\t\t\t\t\t\t\t\t\t\t\t\t\t\t\t<img loading=\"lazy\" loading=\"lazy\" decoding=\"async\" width=\"1024\" height=\"1024\" src=\"https:\/\/upominkiok.pl\/wp-content\/uploads\/2024\/09\/drewniany-brelok-do-kluczy-z-grawerem-laserowym-na-prezent-firmowy-gadzet-logo-3-1024x1024.jpg\" class=\"attachment-large size-large wp-image-6577\" alt=\"\" srcset=\"https:\/\/upominkiok.pl\/wp-content\/uploads\/2024\/09\/drewniany-brelok-do-kluczy-z-grawerem-laserowym-na-prezent-firmowy-gadzet-logo-3-1024x1024.jpg 1024w, https:\/\/upominkiok.pl\/wp-content\/uploads\/2024\/09\/drewniany-brelok-do-kluczy-z-grawerem-laserowym-na-prezent-firmowy-gadzet-logo-3-366x366.jpg 366w, https:\/\/upominkiok.pl\/wp-content\/uploads\/2024\/09\/drewniany-brelok-do-kluczy-z-grawerem-laserowym-na-prezent-firmowy-gadzet-logo-3-100x100.jpg 100w, https:\/\/upominkiok.pl\/wp-content\/uploads\/2024\/09\/drewniany-brelok-do-kluczy-z-grawerem-laserowym-na-prezent-firmowy-gadzet-logo-3-600x600.jpg 600w, https:\/\/upominkiok.pl\/wp-content\/uploads\/2024\/09\/drewniany-brelok-do-kluczy-z-grawerem-laserowym-na-prezent-firmowy-gadzet-logo-3-300x300.jpg 300w, https:\/\/upominkiok.pl\/wp-content\/uploads\/2024\/09\/drewniany-brelok-do-kluczy-z-grawerem-laserowym-na-prezent-firmowy-gadzet-logo-3-150x150.jpg 150w, https:\/\/upominkiok.pl\/wp-content\/uploads\/2024\/09\/drewniany-brelok-do-kluczy-z-grawerem-laserowym-na-prezent-firmowy-gadzet-logo-3-768x768.jpg 768w, https:\/\/upominkiok.pl\/wp-content\/uploads\/2024\/09\/drewniany-brelok-do-kluczy-z-grawerem-laserowym-na-prezent-firmowy-gadzet-logo-3-1x1.jpg 1w, https:\/\/upominkiok.pl\/wp-content\/uploads\/2024\/09\/drewniany-brelok-do-kluczy-z-grawerem-laserowym-na-prezent-firmowy-gadzet-logo-3-10x10.jpg 10w, https:\/\/upominkiok.pl\/wp-content\/uploads\/2024\/09\/drewniany-brelok-do-kluczy-z-grawerem-laserowym-na-prezent-firmowy-gadzet-logo-3.jpg 1181w\" sizes=\"auto, (max-width: 1024px) 100vw, 1024px\" \/>\t\t\t\t\t\t\t\t\t\t\t\t\t\t\t<\/div>\n\t\t\t\t<\/div>\n\t\t\t\t\t<\/div>\n\t\t<\/div>\n\t\t\t\t\t<\/div>\n\t\t<\/section>\n\t\t\t\t<\/div>\n\t\t","protected":false},"excerpt":{"rendered":"<p>Elegancki brelok wykonany z drewna i metalu, o okr\u0105g\u0142ym kszta\u0142cie, \u0142\u0105czy prosty wygl\u0105d z naturalnym designem, zapewniaj\u0105c wygod\u0119 u\u017cytkowania.<\/p>\n","protected":false},"featured_media":6576,"comment_status":"closed","ping_status":"closed","template":"","meta":[],"etheme_brands":[],"product_brand":[],"product_cat":[76,40],"product_tag":[],"class_list":{"0":"post-6573","1":"product","2":"type-product","3":"status-publish","4":"has-post-thumbnail","6":"product_cat-breloki","7":"product_cat-upominki-firmowe","9":"first","10":"instock","11":"taxable","12":"shipping-taxable","13":"purchasable","14":"product-type-simple"},"_links":{"self":[{"href":"https:\/\/upominkiok.pl\/index.php?rest_route=\/wp\/v2\/product\/6573","targetHints":{"allow":["GET"]}}],"collection":[{"href":"https:\/\/upominkiok.pl\/index.php?rest_route=\/wp\/v2\/product"}],"about":[{"href":"https:\/\/upominkiok.pl\/index.php?rest_route=\/wp\/v2\/types\/product"}],"replies":[{"embeddable":true,"href":"https:\/\/upominkiok.pl\/index.php?rest_route=%2Fwp%2Fv2%2Fcomments&post=6573"}],"version-history":[{"count":4,"href":"https:\/\/upominkiok.pl\/index.php?rest_route=\/wp\/v2\/product\/6573\/revisions"}],"predecessor-version":[{"id":6582,"href":"https:\/\/upominkiok.pl\/index.php?rest_route=\/wp\/v2\/product\/6573\/revisions\/6582"}],"wp:featuredmedia":[{"embeddable":true,"href":"https:\/\/upominkiok.pl\/index.php?rest_route=\/wp\/v2\/media\/6576"}],"wp:attachment":[{"href":"https:\/\/upominkiok.pl\/index.php?rest_route=%2Fwp%2Fv2%2Fmedia&parent=6573"}],"wp:term":[{"taxonomy":"brand","embeddable":true,"href":"https:\/\/upominkiok.pl\/index.php?rest_route=%2Fwp%2Fv2%2Fetheme_brands&post=6573"},{"taxonomy":"product_brand","embeddable":true,"href":"https:\/\/upominkiok.pl\/index.php?rest_route=%2Fwp%2Fv2%2Fproduct_brand&post=6573"},{"taxonomy":"product_cat","embeddable":true,"href":"https:\/\/upominkiok.pl\/index.php?rest_route=%2Fwp%2Fv2%2Fproduct_cat&post=6573"},{"taxonomy":"product_tag","embeddable":true,"href":"https:\/\/upominkiok.pl\/index.php?rest_route=%2Fwp%2Fv2%2Fproduct_tag&post=6573"}],"curies":[{"name":"wp","href":"https:\/\/api.w.org\/{rel}","templated":true}]}}