{"id":6750,"date":"2024-09-15T07:57:31","date_gmt":"2024-09-15T05:57:31","guid":{"rendered":"http:\/\/upominkiok.pl\/?post_type=product&#038;p=6750"},"modified":"2024-09-15T07:59:11","modified_gmt":"2024-09-15T05:59:11","slug":"aluminiowa-pamiec-usb-8gb-niebieska","status":"publish","type":"product","link":"https:\/\/upominkiok.pl\/?product=aluminiowa-pamiec-usb-8gb-niebieska","title":{"rendered":"Aluminiowa Pami\u0119\u0107 USB 8GB Niebieska"},"content":{"rendered":"\t\t<div data-elementor-type=\"wp-post\" data-elementor-id=\"6750\" class=\"elementor elementor-6750\" data-elementor-post-type=\"product\">\n\t\t\t\t\t\t<section class=\"elementor-section elementor-top-section elementor-element elementor-element-77c9109 elementor-section-content-top elementor-section-boxed elementor-section-height-default elementor-section-height-default\" data-id=\"77c9109\" data-element_type=\"section\">\n\t\t\t\t\t\t<div class=\"elementor-container elementor-column-gap-custom\">\n\t\t\t\t\t<div class=\"elementor-column elementor-col-50 elementor-top-column elementor-element elementor-element-4e6c717\" data-id=\"4e6c717\" data-element_type=\"column\">\n\t\t\t<div class=\"elementor-widget-wrap elementor-element-populated\">\n\t\t\t\t\t\t<div class=\"elementor-element elementor-element-677f358 elementor-widget elementor-widget-heading\" data-id=\"677f358\" data-element_type=\"widget\" data-widget_type=\"heading.default\">\n\t\t\t\t<div class=\"elementor-widget-container\">\n\t\t\t\t\t<h2 class=\"elementor-heading-title elementor-size-default\">Aluminiowa Pami\u0119\u0107 USB 8GB Niebieska<\/h2>\t\t\t\t<\/div>\n\t\t\t\t<\/div>\n\t\t\t\t<div class=\"elementor-element elementor-element-79687b6 elementor-widget__width-initial elementor-widget elementor-widget-text-editor\" data-id=\"79687b6\" data-element_type=\"widget\" data-widget_type=\"text-editor.default\">\n\t\t\t\t<div class=\"elementor-widget-container\">\n\t\t\t\t\t\t\t\t\t<p>Przeno\u015bna pami\u0119\u0107 USB o pojemno\u015bci 8 GB wykonana z po\u0142\u0105czenia tworzywa i metalu to funkcjonalny i estetyczny gad\u017cet. Posiada standard USB 2.0, zapewniaj\u0105c szybko\u015b\u0107 zapisu do 7 MB\/s i odczytu do 17 MB\/s. Dzi\u0119ki trwa\u0142ej metalowej obudowie, mo\u017cliwe jest wykonanie graweru na obu stronach zamkni\u0119cia.<\/p><p>Produkt obj\u0119ty jest 5-letni\u0105 gwarancj\u0105 producenta oraz posiada certyfikat CE, co gwarantuje jego wysok\u0105 jako\u015b\u0107.<\/p><p>Kompaktowy rozmiar 56 x 17 x 9 mm sprawia, \u017ce pami\u0119\u0107 idealnie nadaje si\u0119 na praktyczny upominek reklamowy lub codzienne u\u017cytkowanie.<\/p>\t\t\t\t\t\t\t\t<\/div>\n\t\t\t\t<\/div>\n\t\t\t\t\t<\/div>\n\t\t<\/div>\n\t\t\t\t<div class=\"elementor-column elementor-col-50 elementor-top-column elementor-element elementor-element-67ea4a5\" data-id=\"67ea4a5\" data-element_type=\"column\">\n\t\t\t<div class=\"elementor-widget-wrap elementor-element-populated\">\n\t\t\t\t\t\t<div class=\"elementor-element elementor-element-ab1e6aa elementor-widget elementor-widget-image\" data-id=\"ab1e6aa\" data-element_type=\"widget\" data-widget_type=\"image.default\">\n\t\t\t\t<div class=\"elementor-widget-container\">\n\t\t\t\t\t\t\t\t\t\t\t\t\t\t\t<img loading=\"lazy\" loading=\"lazy\" decoding=\"async\" width=\"1024\" height=\"1024\" src=\"https:\/\/upominkiok.pl\/wp-content\/uploads\/2024\/09\/pendrive-aluminiowy-8GB-niebieski-z-grawerem-prezent-firmowy-upominkiok-4-1024x1024.jpg\" class=\"attachment-large size-large wp-image-6754\" alt=\"\" srcset=\"https:\/\/upominkiok.pl\/wp-content\/uploads\/2024\/09\/pendrive-aluminiowy-8GB-niebieski-z-grawerem-prezent-firmowy-upominkiok-4-1024x1024.jpg 1024w, https:\/\/upominkiok.pl\/wp-content\/uploads\/2024\/09\/pendrive-aluminiowy-8GB-niebieski-z-grawerem-prezent-firmowy-upominkiok-4-366x366.jpg 366w, https:\/\/upominkiok.pl\/wp-content\/uploads\/2024\/09\/pendrive-aluminiowy-8GB-niebieski-z-grawerem-prezent-firmowy-upominkiok-4-100x100.jpg 100w, https:\/\/upominkiok.pl\/wp-content\/uploads\/2024\/09\/pendrive-aluminiowy-8GB-niebieski-z-grawerem-prezent-firmowy-upominkiok-4-600x600.jpg 600w, https:\/\/upominkiok.pl\/wp-content\/uploads\/2024\/09\/pendrive-aluminiowy-8GB-niebieski-z-grawerem-prezent-firmowy-upominkiok-4-300x300.jpg 300w, https:\/\/upominkiok.pl\/wp-content\/uploads\/2024\/09\/pendrive-aluminiowy-8GB-niebieski-z-grawerem-prezent-firmowy-upominkiok-4-150x150.jpg 150w, https:\/\/upominkiok.pl\/wp-content\/uploads\/2024\/09\/pendrive-aluminiowy-8GB-niebieski-z-grawerem-prezent-firmowy-upominkiok-4-768x768.jpg 768w, https:\/\/upominkiok.pl\/wp-content\/uploads\/2024\/09\/pendrive-aluminiowy-8GB-niebieski-z-grawerem-prezent-firmowy-upominkiok-4-1x1.jpg 1w, https:\/\/upominkiok.pl\/wp-content\/uploads\/2024\/09\/pendrive-aluminiowy-8GB-niebieski-z-grawerem-prezent-firmowy-upominkiok-4-10x10.jpg 10w, https:\/\/upominkiok.pl\/wp-content\/uploads\/2024\/09\/pendrive-aluminiowy-8GB-niebieski-z-grawerem-prezent-firmowy-upominkiok-4.jpg 1181w\" sizes=\"auto, (max-width: 1024px) 100vw, 1024px\" \/>\t\t\t\t\t\t\t\t\t\t\t\t\t\t\t<\/div>\n\t\t\t\t<\/div>\n\t\t\t\t\t<\/div>\n\t\t<\/div>\n\t\t\t\t\t<\/div>\n\t\t<\/section>\n\t\t\t\t<\/div>\n\t\t","protected":false},"excerpt":{"rendered":"<p>Przeno\u015bna pami\u0119\u0107 USB 8 GB z tworzywa i metalu, z mo\u017cliwo\u015bci\u0105 znakowania na dw\u00f3ch stronach, oferuje standard USB 2.0 oraz pr\u0119dko\u015b\u0107 zapisu 7 MB\/s i odczytu 17 MB\/s.<\/p>\n","protected":false},"featured_media":6752,"comment_status":"closed","ping_status":"closed","template":"","meta":[],"etheme_brands":[],"product_brand":[],"product_cat":[77,40],"product_tag":[],"class_list":{"0":"post-6750","1":"product","2":"type-product","3":"status-publish","4":"has-post-thumbnail","6":"product_cat-pendrivey-i-pamiec-usb","7":"product_cat-upominki-firmowe","9":"first","10":"instock","11":"taxable","12":"shipping-taxable","13":"purchasable","14":"product-type-simple"},"_links":{"self":[{"href":"https:\/\/upominkiok.pl\/index.php?rest_route=\/wp\/v2\/product\/6750","targetHints":{"allow":["GET"]}}],"collection":[{"href":"https:\/\/upominkiok.pl\/index.php?rest_route=\/wp\/v2\/product"}],"about":[{"href":"https:\/\/upominkiok.pl\/index.php?rest_route=\/wp\/v2\/types\/product"}],"replies":[{"embeddable":true,"href":"https:\/\/upominkiok.pl\/index.php?rest_route=%2Fwp%2Fv2%2Fcomments&post=6750"}],"version-history":[{"count":4,"href":"https:\/\/upominkiok.pl\/index.php?rest_route=\/wp\/v2\/product\/6750\/revisions"}],"predecessor-version":[{"id":6758,"href":"https:\/\/upominkiok.pl\/index.php?rest_route=\/wp\/v2\/product\/6750\/revisions\/6758"}],"wp:featuredmedia":[{"embeddable":true,"href":"https:\/\/upominkiok.pl\/index.php?rest_route=\/wp\/v2\/media\/6752"}],"wp:attachment":[{"href":"https:\/\/upominkiok.pl\/index.php?rest_route=%2Fwp%2Fv2%2Fmedia&parent=6750"}],"wp:term":[{"taxonomy":"brand","embeddable":true,"href":"https:\/\/upominkiok.pl\/index.php?rest_route=%2Fwp%2Fv2%2Fetheme_brands&post=6750"},{"taxonomy":"product_brand","embeddable":true,"href":"https:\/\/upominkiok.pl\/index.php?rest_route=%2Fwp%2Fv2%2Fproduct_brand&post=6750"},{"taxonomy":"product_cat","embeddable":true,"href":"https:\/\/upominkiok.pl\/index.php?rest_route=%2Fwp%2Fv2%2Fproduct_cat&post=6750"},{"taxonomy":"product_tag","embeddable":true,"href":"https:\/\/upominkiok.pl\/index.php?rest_route=%2Fwp%2Fv2%2Fproduct_tag&post=6750"}],"curies":[{"name":"wp","href":"https:\/\/api.w.org\/{rel}","templated":true}]}}