{"id":6791,"date":"2024-09-15T10:06:10","date_gmt":"2024-09-15T08:06:10","guid":{"rendered":"http:\/\/upominkiok.pl\/?post_type=product&#038;p=6791"},"modified":"2024-09-15T10:08:17","modified_gmt":"2024-09-15T08:08:17","slug":"brelok-z-pamiecia-usb-16gb-ciemnopopielaty","status":"publish","type":"product","link":"https:\/\/upominkiok.pl\/?product=brelok-z-pamiecia-usb-16gb-ciemnopopielaty","title":{"rendered":"Brelok z Pami\u0119ci\u0105 USB 16GB Ciemnopopielaty"},"content":{"rendered":"\t\t<div data-elementor-type=\"wp-post\" data-elementor-id=\"6791\" class=\"elementor elementor-6791\" data-elementor-post-type=\"product\">\n\t\t\t\t\t\t<section class=\"elementor-section elementor-top-section elementor-element elementor-element-77c9109 elementor-section-content-top elementor-section-boxed elementor-section-height-default elementor-section-height-default\" data-id=\"77c9109\" data-element_type=\"section\">\n\t\t\t\t\t\t<div class=\"elementor-container elementor-column-gap-custom\">\n\t\t\t\t\t<div class=\"elementor-column elementor-col-50 elementor-top-column elementor-element elementor-element-4e6c717\" data-id=\"4e6c717\" data-element_type=\"column\">\n\t\t\t<div class=\"elementor-widget-wrap elementor-element-populated\">\n\t\t\t\t\t\t<div class=\"elementor-element elementor-element-677f358 elementor-widget elementor-widget-heading\" data-id=\"677f358\" data-element_type=\"widget\" data-widget_type=\"heading.default\">\n\t\t\t\t<div class=\"elementor-widget-container\">\n\t\t\t\t\t<h2 class=\"elementor-heading-title elementor-size-default\">Brelok z Pami\u0119ci\u0105 USB 16GB Ciemnopopielaty<\/h2>\t\t\t\t<\/div>\n\t\t\t\t<\/div>\n\t\t\t\t<div class=\"elementor-element elementor-element-79687b6 elementor-widget__width-initial elementor-widget elementor-widget-text-editor\" data-id=\"79687b6\" data-element_type=\"widget\" data-widget_type=\"text-editor.default\">\n\t\t\t\t<div class=\"elementor-widget-container\">\n\t\t\t\t\t\t\t\t\t<p>Przeno\u015bna pami\u0119\u0107 USB o pojemno\u015bci 16 GB, wykonana w ca\u0142o\u015bci z eleganckiego metalu, \u0142\u0105czy nowoczesny design z funkcjonalno\u015bci\u0105. Smuk\u0142y kszta\u0142t i metalowe wyko\u0144czenie nadaj\u0105 jej elegancki wygl\u0105d, a praktyczny brelok umo\u017cliwia \u0142atwe noszenie.<\/p><p>Dzi\u0119ki g\u0142adkiej powierzchni pami\u0119\u0107 oferuje mo\u017cliwo\u015b\u0107 grawerowania, co sprawia, \u017ce mo\u017ce sta\u0107 si\u0119 wyj\u0105tkowym, spersonalizowanym prezentem lub eleganckim dodatkiem do biura.<\/p><p>Standard USB 2.0 zapewnia odpowiedni\u0105 pr\u0119dko\u015b\u0107 przesy\u0142u danych, a produkt obj\u0119ty jest 5-letni\u0105 gwarancj\u0105 producenta oraz posiada certyfikat CE.<\/p>\t\t\t\t\t\t\t\t<\/div>\n\t\t\t\t<\/div>\n\t\t\t\t\t<\/div>\n\t\t<\/div>\n\t\t\t\t<div class=\"elementor-column elementor-col-50 elementor-top-column elementor-element elementor-element-67ea4a5\" data-id=\"67ea4a5\" data-element_type=\"column\">\n\t\t\t<div class=\"elementor-widget-wrap elementor-element-populated\">\n\t\t\t\t\t\t<div class=\"elementor-element elementor-element-ab1e6aa elementor-widget elementor-widget-image\" data-id=\"ab1e6aa\" data-element_type=\"widget\" data-widget_type=\"image.default\">\n\t\t\t\t<div class=\"elementor-widget-container\">\n\t\t\t\t\t\t\t\t\t\t\t\t\t\t\t<img loading=\"lazy\" loading=\"lazy\" decoding=\"async\" width=\"1024\" height=\"1024\" src=\"https:\/\/upominkiok.pl\/wp-content\/uploads\/2024\/09\/brelok-do-kluczy-pendrive-pamiatka-upominek-od-upominkiok-1-1024x1024.jpg\" class=\"attachment-large size-large wp-image-6792\" alt=\"\" srcset=\"https:\/\/upominkiok.pl\/wp-content\/uploads\/2024\/09\/brelok-do-kluczy-pendrive-pamiatka-upominek-od-upominkiok-1-1024x1024.jpg 1024w, https:\/\/upominkiok.pl\/wp-content\/uploads\/2024\/09\/brelok-do-kluczy-pendrive-pamiatka-upominek-od-upominkiok-1-366x366.jpg 366w, https:\/\/upominkiok.pl\/wp-content\/uploads\/2024\/09\/brelok-do-kluczy-pendrive-pamiatka-upominek-od-upominkiok-1-100x100.jpg 100w, https:\/\/upominkiok.pl\/wp-content\/uploads\/2024\/09\/brelok-do-kluczy-pendrive-pamiatka-upominek-od-upominkiok-1-600x600.jpg 600w, https:\/\/upominkiok.pl\/wp-content\/uploads\/2024\/09\/brelok-do-kluczy-pendrive-pamiatka-upominek-od-upominkiok-1-300x300.jpg 300w, https:\/\/upominkiok.pl\/wp-content\/uploads\/2024\/09\/brelok-do-kluczy-pendrive-pamiatka-upominek-od-upominkiok-1-150x150.jpg 150w, https:\/\/upominkiok.pl\/wp-content\/uploads\/2024\/09\/brelok-do-kluczy-pendrive-pamiatka-upominek-od-upominkiok-1-768x768.jpg 768w, https:\/\/upominkiok.pl\/wp-content\/uploads\/2024\/09\/brelok-do-kluczy-pendrive-pamiatka-upominek-od-upominkiok-1-1x1.jpg 1w, https:\/\/upominkiok.pl\/wp-content\/uploads\/2024\/09\/brelok-do-kluczy-pendrive-pamiatka-upominek-od-upominkiok-1-10x10.jpg 10w, https:\/\/upominkiok.pl\/wp-content\/uploads\/2024\/09\/brelok-do-kluczy-pendrive-pamiatka-upominek-od-upominkiok-1.jpg 1181w\" sizes=\"auto, (max-width: 1024px) 100vw, 1024px\" \/>\t\t\t\t\t\t\t\t\t\t\t\t\t\t\t<\/div>\n\t\t\t\t<\/div>\n\t\t\t\t\t<\/div>\n\t\t<\/div>\n\t\t\t\t\t<\/div>\n\t\t<\/section>\n\t\t\t\t<\/div>\n\t\t","protected":false},"excerpt":{"rendered":"<p>Elegancka i smuk\u0142a metalowa pami\u0119\u0107 USB o pojemno\u015bci 16 GB, wyposa\u017cona w brelok, idealna do przechowywania danych z mo\u017cliwo\u015bci\u0105 personalizacji.<\/p>\n","protected":false},"featured_media":6794,"comment_status":"closed","ping_status":"closed","template":"","meta":[],"etheme_brands":[],"product_brand":[],"product_cat":[77,40],"product_tag":[],"class_list":{"0":"post-6791","1":"product","2":"type-product","3":"status-publish","4":"has-post-thumbnail","6":"product_cat-pendrivey-i-pamiec-usb","7":"product_cat-upominki-firmowe","9":"first","10":"instock","11":"taxable","12":"shipping-taxable","13":"purchasable","14":"product-type-simple"},"_links":{"self":[{"href":"https:\/\/upominkiok.pl\/index.php?rest_route=\/wp\/v2\/product\/6791","targetHints":{"allow":["GET"]}}],"collection":[{"href":"https:\/\/upominkiok.pl\/index.php?rest_route=\/wp\/v2\/product"}],"about":[{"href":"https:\/\/upominkiok.pl\/index.php?rest_route=\/wp\/v2\/types\/product"}],"replies":[{"embeddable":true,"href":"https:\/\/upominkiok.pl\/index.php?rest_route=%2Fwp%2Fv2%2Fcomments&post=6791"}],"version-history":[{"count":4,"href":"https:\/\/upominkiok.pl\/index.php?rest_route=\/wp\/v2\/product\/6791\/revisions"}],"predecessor-version":[{"id":6800,"href":"https:\/\/upominkiok.pl\/index.php?rest_route=\/wp\/v2\/product\/6791\/revisions\/6800"}],"wp:featuredmedia":[{"embeddable":true,"href":"https:\/\/upominkiok.pl\/index.php?rest_route=\/wp\/v2\/media\/6794"}],"wp:attachment":[{"href":"https:\/\/upominkiok.pl\/index.php?rest_route=%2Fwp%2Fv2%2Fmedia&parent=6791"}],"wp:term":[{"taxonomy":"brand","embeddable":true,"href":"https:\/\/upominkiok.pl\/index.php?rest_route=%2Fwp%2Fv2%2Fetheme_brands&post=6791"},{"taxonomy":"product_brand","embeddable":true,"href":"https:\/\/upominkiok.pl\/index.php?rest_route=%2Fwp%2Fv2%2Fproduct_brand&post=6791"},{"taxonomy":"product_cat","embeddable":true,"href":"https:\/\/upominkiok.pl\/index.php?rest_route=%2Fwp%2Fv2%2Fproduct_cat&post=6791"},{"taxonomy":"product_tag","embeddable":true,"href":"https:\/\/upominkiok.pl\/index.php?rest_route=%2Fwp%2Fv2%2Fproduct_tag&post=6791"}],"curies":[{"name":"wp","href":"https:\/\/api.w.org\/{rel}","templated":true}]}}