{"id":6867,"date":"2024-09-20T07:11:40","date_gmt":"2024-09-20T05:11:40","guid":{"rendered":"http:\/\/upominkiok.pl\/?post_type=product&#038;p=6867"},"modified":"2024-09-20T07:13:22","modified_gmt":"2024-09-20T05:13:22","slug":"codzienny-dlugopis-niebieski-zestaw-10szt","status":"publish","type":"product","link":"https:\/\/upominkiok.pl\/?product=codzienny-dlugopis-niebieski-zestaw-10szt","title":{"rendered":"Codzienny D\u0142ugopis Niebieski Zestaw 10szt."},"content":{"rendered":"\t\t<div data-elementor-type=\"wp-post\" data-elementor-id=\"6867\" class=\"elementor elementor-6867\" data-elementor-post-type=\"product\">\n\t\t\t\t\t\t<section class=\"elementor-section elementor-top-section elementor-element elementor-element-77c9109 elementor-section-content-top elementor-section-boxed elementor-section-height-default elementor-section-height-default\" data-id=\"77c9109\" data-element_type=\"section\">\n\t\t\t\t\t\t<div class=\"elementor-container elementor-column-gap-custom\">\n\t\t\t\t\t<div class=\"elementor-column elementor-col-50 elementor-top-column elementor-element elementor-element-4e6c717\" data-id=\"4e6c717\" data-element_type=\"column\">\n\t\t\t<div class=\"elementor-widget-wrap elementor-element-populated\">\n\t\t\t\t\t\t<div class=\"elementor-element elementor-element-677f358 elementor-widget elementor-widget-heading\" data-id=\"677f358\" data-element_type=\"widget\" data-widget_type=\"heading.default\">\n\t\t\t\t<div class=\"elementor-widget-container\">\n\t\t\t\t\t<h2 class=\"elementor-heading-title elementor-size-default\">Codzienny D\u0142ugopis Niebieski Zestaw 10szt.<\/h2>\t\t\t\t<\/div>\n\t\t\t\t<\/div>\n\t\t\t\t<div class=\"elementor-element elementor-element-79687b6 elementor-widget__width-initial elementor-widget elementor-widget-text-editor\" data-id=\"79687b6\" data-element_type=\"widget\" data-widget_type=\"text-editor.default\">\n\t\t\t\t<div class=\"elementor-widget-container\">\n\t\t\t\t\t\t\t\t\t<p>D\u0142ugopis o wymiarach 140 x \u2300 9 mm \u0142\u0105czy elegancj\u0119 z prostot\u0105 dzi\u0119ki smuk\u0142emu aluminiowemu korpusowi pokrytemu przyjemn\u0105 w dotyku gumowan\u0105 pow\u0142ok\u0105.<\/p><p>Automatyczny mechanizm oraz grafitowe wyko\u0144czenia dodaj\u0105 mu nowoczesnego stylu, a niebieski wk\u0142ad zapewnia p\u0142ynne pisanie.<\/p><p>Mo\u017cliwo\u015b\u0107 grawerowania sprawia, \u017ce ten d\u0142ugopis staje si\u0119 idealnym, spersonalizowanym prezentem lub eleganckim gad\u017cetem firmowym.<\/p>\t\t\t\t\t\t\t\t<\/div>\n\t\t\t\t<\/div>\n\t\t\t\t\t<\/div>\n\t\t<\/div>\n\t\t\t\t<div class=\"elementor-column elementor-col-50 elementor-top-column elementor-element elementor-element-67ea4a5\" data-id=\"67ea4a5\" data-element_type=\"column\">\n\t\t\t<div class=\"elementor-widget-wrap elementor-element-populated\">\n\t\t\t\t\t\t<div class=\"elementor-element elementor-element-ab1e6aa elementor-widget elementor-widget-image\" data-id=\"ab1e6aa\" data-element_type=\"widget\" data-widget_type=\"image.default\">\n\t\t\t\t<div class=\"elementor-widget-container\">\n\t\t\t\t\t\t\t\t\t\t\t\t\t\t\t<img loading=\"lazy\" loading=\"lazy\" decoding=\"async\" width=\"1024\" height=\"1024\" src=\"https:\/\/upominkiok.pl\/wp-content\/uploads\/2024\/09\/dlugopis-gumowany-soft-touch-niebieski-z-grawerem-prezent-upominkiok-2-1024x1024.jpg\" class=\"attachment-large size-large wp-image-6868\" alt=\"\" srcset=\"https:\/\/upominkiok.pl\/wp-content\/uploads\/2024\/09\/dlugopis-gumowany-soft-touch-niebieski-z-grawerem-prezent-upominkiok-2-1024x1024.jpg 1024w, https:\/\/upominkiok.pl\/wp-content\/uploads\/2024\/09\/dlugopis-gumowany-soft-touch-niebieski-z-grawerem-prezent-upominkiok-2-366x366.jpg 366w, https:\/\/upominkiok.pl\/wp-content\/uploads\/2024\/09\/dlugopis-gumowany-soft-touch-niebieski-z-grawerem-prezent-upominkiok-2-100x100.jpg 100w, https:\/\/upominkiok.pl\/wp-content\/uploads\/2024\/09\/dlugopis-gumowany-soft-touch-niebieski-z-grawerem-prezent-upominkiok-2-600x600.jpg 600w, https:\/\/upominkiok.pl\/wp-content\/uploads\/2024\/09\/dlugopis-gumowany-soft-touch-niebieski-z-grawerem-prezent-upominkiok-2-300x300.jpg 300w, https:\/\/upominkiok.pl\/wp-content\/uploads\/2024\/09\/dlugopis-gumowany-soft-touch-niebieski-z-grawerem-prezent-upominkiok-2-150x150.jpg 150w, https:\/\/upominkiok.pl\/wp-content\/uploads\/2024\/09\/dlugopis-gumowany-soft-touch-niebieski-z-grawerem-prezent-upominkiok-2-768x768.jpg 768w, https:\/\/upominkiok.pl\/wp-content\/uploads\/2024\/09\/dlugopis-gumowany-soft-touch-niebieski-z-grawerem-prezent-upominkiok-2-1x1.jpg 1w, https:\/\/upominkiok.pl\/wp-content\/uploads\/2024\/09\/dlugopis-gumowany-soft-touch-niebieski-z-grawerem-prezent-upominkiok-2-10x10.jpg 10w, https:\/\/upominkiok.pl\/wp-content\/uploads\/2024\/09\/dlugopis-gumowany-soft-touch-niebieski-z-grawerem-prezent-upominkiok-2.jpg 1181w\" sizes=\"auto, (max-width: 1024px) 100vw, 1024px\" \/>\t\t\t\t\t\t\t\t\t\t\t\t\t\t\t<\/div>\n\t\t\t\t<\/div>\n\t\t\t\t\t<\/div>\n\t\t<\/div>\n\t\t\t\t\t<\/div>\n\t\t<\/section>\n\t\t\t\t<\/div>\n\t\t","protected":false},"excerpt":{"rendered":"<p>Elegancki, automatyczny d\u0142ugopis z aluminiowym, smuk\u0142ym korpusem pokrytym gumowan\u0105 farb\u0105 oraz grafitowymi wyko\u0144czeniami, wyposa\u017cony w niebieski wk\u0142ad dla komfortu pisania.<\/p>\n","protected":false},"featured_media":6870,"comment_status":"closed","ping_status":"closed","template":"","meta":[],"etheme_brands":[],"product_brand":[],"product_cat":[78,40],"product_tag":[],"class_list":{"0":"post-6867","1":"product","2":"type-product","3":"status-publish","4":"has-post-thumbnail","6":"product_cat-artykuly-pismiennicze","7":"product_cat-upominki-firmowe","9":"first","10":"instock","11":"taxable","12":"shipping-taxable","13":"purchasable","14":"product-type-simple"},"_links":{"self":[{"href":"https:\/\/upominkiok.pl\/index.php?rest_route=\/wp\/v2\/product\/6867","targetHints":{"allow":["GET"]}}],"collection":[{"href":"https:\/\/upominkiok.pl\/index.php?rest_route=\/wp\/v2\/product"}],"about":[{"href":"https:\/\/upominkiok.pl\/index.php?rest_route=\/wp\/v2\/types\/product"}],"replies":[{"embeddable":true,"href":"https:\/\/upominkiok.pl\/index.php?rest_route=%2Fwp%2Fv2%2Fcomments&post=6867"}],"version-history":[{"count":4,"href":"https:\/\/upominkiok.pl\/index.php?rest_route=\/wp\/v2\/product\/6867\/revisions"}],"predecessor-version":[{"id":6874,"href":"https:\/\/upominkiok.pl\/index.php?rest_route=\/wp\/v2\/product\/6867\/revisions\/6874"}],"wp:featuredmedia":[{"embeddable":true,"href":"https:\/\/upominkiok.pl\/index.php?rest_route=\/wp\/v2\/media\/6870"}],"wp:attachment":[{"href":"https:\/\/upominkiok.pl\/index.php?rest_route=%2Fwp%2Fv2%2Fmedia&parent=6867"}],"wp:term":[{"taxonomy":"brand","embeddable":true,"href":"https:\/\/upominkiok.pl\/index.php?rest_route=%2Fwp%2Fv2%2Fetheme_brands&post=6867"},{"taxonomy":"product_brand","embeddable":true,"href":"https:\/\/upominkiok.pl\/index.php?rest_route=%2Fwp%2Fv2%2Fproduct_brand&post=6867"},{"taxonomy":"product_cat","embeddable":true,"href":"https:\/\/upominkiok.pl\/index.php?rest_route=%2Fwp%2Fv2%2Fproduct_cat&post=6867"},{"taxonomy":"product_tag","embeddable":true,"href":"https:\/\/upominkiok.pl\/index.php?rest_route=%2Fwp%2Fv2%2Fproduct_tag&post=6867"}],"curies":[{"name":"wp","href":"https:\/\/api.w.org\/{rel}","templated":true}]}}