{"id":6917,"date":"2024-09-24T06:12:52","date_gmt":"2024-09-24T04:12:52","guid":{"rendered":"http:\/\/upominkiok.pl\/?post_type=product&#038;p=6917"},"modified":"2024-09-24T06:16:30","modified_gmt":"2024-09-24T04:16:30","slug":"czarny-dlugopis-ze-srebrna-koncowka-zestaw-10szt","status":"publish","type":"product","link":"https:\/\/upominkiok.pl\/?product=czarny-dlugopis-ze-srebrna-koncowka-zestaw-10szt","title":{"rendered":"Czarny D\u0142ugopis ze Srebrn\u0105 Ko\u0144c\u00f3wk\u0105 Zestaw 10szt."},"content":{"rendered":"\t\t<div data-elementor-type=\"wp-post\" data-elementor-id=\"6917\" class=\"elementor elementor-6917\" data-elementor-post-type=\"product\">\n\t\t\t\t\t\t<section class=\"elementor-section elementor-top-section elementor-element elementor-element-77c9109 elementor-section-content-top elementor-section-boxed elementor-section-height-default elementor-section-height-default\" data-id=\"77c9109\" data-element_type=\"section\">\n\t\t\t\t\t\t<div class=\"elementor-container elementor-column-gap-custom\">\n\t\t\t\t\t<div class=\"elementor-column elementor-col-50 elementor-top-column elementor-element elementor-element-4e6c717\" data-id=\"4e6c717\" data-element_type=\"column\">\n\t\t\t<div class=\"elementor-widget-wrap elementor-element-populated\">\n\t\t\t\t\t\t<div class=\"elementor-element elementor-element-677f358 elementor-widget elementor-widget-heading\" data-id=\"677f358\" data-element_type=\"widget\" data-widget_type=\"heading.default\">\n\t\t\t\t<div class=\"elementor-widget-container\">\n\t\t\t\t\t<h2 class=\"elementor-heading-title elementor-size-default\">Czarny D\u0142ugopis ze Srebrn\u0105 Ko\u0144c\u00f3wk\u0105 Zestaw 10szt.<\/h2>\t\t\t\t<\/div>\n\t\t\t\t<\/div>\n\t\t\t\t<div class=\"elementor-element elementor-element-79687b6 elementor-widget__width-initial elementor-widget elementor-widget-text-editor\" data-id=\"79687b6\" data-element_type=\"widget\" data-widget_type=\"text-editor.default\">\n\t\t\t\t<div class=\"elementor-widget-container\">\n\t\t\t\t\t\t\t\t\t<p>Wyj\u0105tkowy d\u0142ugopis o wymiarach 139 x \u00f8 10 mm z czarnym metalowym korpusem i wyko\u0144czeniami, kt\u00f3ry umo\u017cliwia grawerowanie w dw\u00f3ch kolorach \u2013 w odcieniu zbli\u017conym do ko\u0144c\u00f3wki oraz bia\u0142ym (kolor aluminium).<\/p><p>Automatyczny mechanizm i niebieski wk\u0142ad typu X20 o grubo\u015bci 1.0 mm zapewniaj\u0105 wygod\u0119 pisania, a elegancki design stanowi doskona\u0142e t\u0142o dla spersonalizowanego grawerowania, idealnego na upominek lub gad\u017cet firmowy.<\/p>\t\t\t\t\t\t\t\t<\/div>\n\t\t\t\t<\/div>\n\t\t\t\t\t<\/div>\n\t\t<\/div>\n\t\t\t\t<div class=\"elementor-column elementor-col-50 elementor-top-column elementor-element elementor-element-67ea4a5\" data-id=\"67ea4a5\" data-element_type=\"column\">\n\t\t\t<div class=\"elementor-widget-wrap elementor-element-populated\">\n\t\t\t\t\t\t<div class=\"elementor-element elementor-element-ab1e6aa elementor-widget elementor-widget-image\" data-id=\"ab1e6aa\" data-element_type=\"widget\" data-widget_type=\"image.default\">\n\t\t\t\t<div class=\"elementor-widget-container\">\n\t\t\t\t\t\t\t\t\t\t\t\t\t\t\t<img loading=\"lazy\" loading=\"lazy\" decoding=\"async\" width=\"1024\" height=\"1024\" src=\"https:\/\/upominkiok.pl\/wp-content\/uploads\/2024\/09\/metalowy-dlugopis-z-kolorowa-koncowka-srebrna-grawer-logo-laserem-upominkiok-2-1024x1024.jpg\" class=\"attachment-large size-large wp-image-6920\" alt=\"\" srcset=\"https:\/\/upominkiok.pl\/wp-content\/uploads\/2024\/09\/metalowy-dlugopis-z-kolorowa-koncowka-srebrna-grawer-logo-laserem-upominkiok-2-1024x1024.jpg 1024w, https:\/\/upominkiok.pl\/wp-content\/uploads\/2024\/09\/metalowy-dlugopis-z-kolorowa-koncowka-srebrna-grawer-logo-laserem-upominkiok-2-366x366.jpg 366w, https:\/\/upominkiok.pl\/wp-content\/uploads\/2024\/09\/metalowy-dlugopis-z-kolorowa-koncowka-srebrna-grawer-logo-laserem-upominkiok-2-100x100.jpg 100w, https:\/\/upominkiok.pl\/wp-content\/uploads\/2024\/09\/metalowy-dlugopis-z-kolorowa-koncowka-srebrna-grawer-logo-laserem-upominkiok-2-600x600.jpg 600w, https:\/\/upominkiok.pl\/wp-content\/uploads\/2024\/09\/metalowy-dlugopis-z-kolorowa-koncowka-srebrna-grawer-logo-laserem-upominkiok-2-300x300.jpg 300w, https:\/\/upominkiok.pl\/wp-content\/uploads\/2024\/09\/metalowy-dlugopis-z-kolorowa-koncowka-srebrna-grawer-logo-laserem-upominkiok-2-150x150.jpg 150w, https:\/\/upominkiok.pl\/wp-content\/uploads\/2024\/09\/metalowy-dlugopis-z-kolorowa-koncowka-srebrna-grawer-logo-laserem-upominkiok-2-768x768.jpg 768w, https:\/\/upominkiok.pl\/wp-content\/uploads\/2024\/09\/metalowy-dlugopis-z-kolorowa-koncowka-srebrna-grawer-logo-laserem-upominkiok-2-1x1.jpg 1w, https:\/\/upominkiok.pl\/wp-content\/uploads\/2024\/09\/metalowy-dlugopis-z-kolorowa-koncowka-srebrna-grawer-logo-laserem-upominkiok-2-10x10.jpg 10w, https:\/\/upominkiok.pl\/wp-content\/uploads\/2024\/09\/metalowy-dlugopis-z-kolorowa-koncowka-srebrna-grawer-logo-laserem-upominkiok-2.jpg 1182w\" sizes=\"auto, (max-width: 1024px) 100vw, 1024px\" \/>\t\t\t\t\t\t\t\t\t\t\t\t\t\t\t<\/div>\n\t\t\t\t<\/div>\n\t\t\t\t\t<\/div>\n\t\t<\/div>\n\t\t\t\t\t<\/div>\n\t\t<\/section>\n\t\t\t\t<\/div>\n\t\t","protected":false},"excerpt":{"rendered":"<p>Wyj\u0105tkowy, automatyczny d\u0142ugopis z czarnym metalowym korpusem i wyko\u0144czeniami, umo\u017cliwiaj\u0105cy grawerowanie w dw\u00f3ch kolorach \u2013 zbli\u017conym do ko\u0144c\u00f3wki oraz bia\u0142ym, z niebieskim wk\u0142adem typu X20 o grubo\u015bci 1.0 mm.<\/p>\n","protected":false},"featured_media":6918,"comment_status":"closed","ping_status":"closed","template":"","meta":[],"etheme_brands":[],"product_brand":[],"product_cat":[78,40],"product_tag":[],"class_list":{"0":"post-6917","1":"product","2":"type-product","3":"status-publish","4":"has-post-thumbnail","6":"product_cat-artykuly-pismiennicze","7":"product_cat-upominki-firmowe","9":"first","10":"instock","11":"taxable","12":"shipping-taxable","13":"purchasable","14":"product-type-simple"},"_links":{"self":[{"href":"https:\/\/upominkiok.pl\/index.php?rest_route=\/wp\/v2\/product\/6917","targetHints":{"allow":["GET"]}}],"collection":[{"href":"https:\/\/upominkiok.pl\/index.php?rest_route=\/wp\/v2\/product"}],"about":[{"href":"https:\/\/upominkiok.pl\/index.php?rest_route=\/wp\/v2\/types\/product"}],"replies":[{"embeddable":true,"href":"https:\/\/upominkiok.pl\/index.php?rest_route=%2Fwp%2Fv2%2Fcomments&post=6917"}],"version-history":[{"count":4,"href":"https:\/\/upominkiok.pl\/index.php?rest_route=\/wp\/v2\/product\/6917\/revisions"}],"predecessor-version":[{"id":6924,"href":"https:\/\/upominkiok.pl\/index.php?rest_route=\/wp\/v2\/product\/6917\/revisions\/6924"}],"wp:featuredmedia":[{"embeddable":true,"href":"https:\/\/upominkiok.pl\/index.php?rest_route=\/wp\/v2\/media\/6918"}],"wp:attachment":[{"href":"https:\/\/upominkiok.pl\/index.php?rest_route=%2Fwp%2Fv2%2Fmedia&parent=6917"}],"wp:term":[{"taxonomy":"brand","embeddable":true,"href":"https:\/\/upominkiok.pl\/index.php?rest_route=%2Fwp%2Fv2%2Fetheme_brands&post=6917"},{"taxonomy":"product_brand","embeddable":true,"href":"https:\/\/upominkiok.pl\/index.php?rest_route=%2Fwp%2Fv2%2Fproduct_brand&post=6917"},{"taxonomy":"product_cat","embeddable":true,"href":"https:\/\/upominkiok.pl\/index.php?rest_route=%2Fwp%2Fv2%2Fproduct_cat&post=6917"},{"taxonomy":"product_tag","embeddable":true,"href":"https:\/\/upominkiok.pl\/index.php?rest_route=%2Fwp%2Fv2%2Fproduct_tag&post=6917"}],"curies":[{"name":"wp","href":"https:\/\/api.w.org\/{rel}","templated":true}]}}