{"id":7083,"date":"2024-09-25T15:56:42","date_gmt":"2024-09-25T13:56:42","guid":{"rendered":"http:\/\/upominkiok.pl\/?post_type=product&#038;p=7083"},"modified":"2025-08-20T00:21:26","modified_gmt":"2025-08-19T22:21:26","slug":"aluminiowy-dlugopis-z-miekkim-wykonczeniem-niebieski-zestaw-10szt","status":"publish","type":"product","link":"https:\/\/upominkiok.pl\/?product=aluminiowy-dlugopis-z-miekkim-wykonczeniem-niebieski-zestaw-10szt","title":{"rendered":"Aluminiowy D\u0142ugopis z Mi\u0119kkim Wyko\u0144czeniem Niebieski Zestaw 10szt."},"content":{"rendered":"\t\t<div data-elementor-type=\"wp-post\" data-elementor-id=\"7083\" class=\"elementor elementor-7083\" data-elementor-post-type=\"product\">\n\t\t\t\t\t\t<section class=\"elementor-section elementor-top-section elementor-element elementor-element-77c9109 elementor-section-content-top elementor-section-boxed elementor-section-height-default elementor-section-height-default\" data-id=\"77c9109\" data-element_type=\"section\">\n\t\t\t\t\t\t<div class=\"elementor-container elementor-column-gap-custom\">\n\t\t\t\t\t<div class=\"elementor-column elementor-col-50 elementor-top-column elementor-element elementor-element-4e6c717\" data-id=\"4e6c717\" data-element_type=\"column\">\n\t\t\t<div class=\"elementor-widget-wrap elementor-element-populated\">\n\t\t\t\t\t\t<div class=\"elementor-element elementor-element-677f358 elementor-widget elementor-widget-heading\" data-id=\"677f358\" data-element_type=\"widget\" data-widget_type=\"heading.default\">\n\t\t\t\t<div class=\"elementor-widget-container\">\n\t\t\t\t\t<h2 class=\"elementor-heading-title elementor-size-default\">Aluminiowy D\u0142ugopis z Mi\u0119kkim Wyko\u0144czeniem Niebieski Zestaw 10szt.<\/h2>\t\t\t\t<\/div>\n\t\t\t\t<\/div>\n\t\t\t\t<div class=\"elementor-element elementor-element-79687b6 elementor-widget__width-initial elementor-widget elementor-widget-text-editor\" data-id=\"79687b6\" data-element_type=\"widget\" data-widget_type=\"text-editor.default\">\n\t\t\t\t<div class=\"elementor-widget-container\">\n\t\t\t\t\t\t\t\t\t<p>Aluminiowy d\u0142ugopis o wymiarach 140 x \u2300 10 mm, z przyjemnym w dotyku wyko\u0144czeniem soft touch i eleganckimi metalowymi akcentami, \u0142\u0105czy nowoczesny design z komfortem u\u017cytkowania.<\/p><p>Niebieski wk\u0142ad zapewnia p\u0142ynne pisanie, a mo\u017cliwo\u015b\u0107 grawerowania sprawia, \u017ce d\u0142ugopis staje si\u0119 idealnym, spersonalizowanym upominkiem lub stylowym gad\u017cetem reklamowym.<\/p>\t\t\t\t\t\t\t\t<\/div>\n\t\t\t\t<\/div>\n\t\t\t\t\t<\/div>\n\t\t<\/div>\n\t\t\t\t<div class=\"elementor-column elementor-col-50 elementor-top-column elementor-element elementor-element-67ea4a5\" data-id=\"67ea4a5\" data-element_type=\"column\">\n\t\t\t<div class=\"elementor-widget-wrap elementor-element-populated\">\n\t\t\t\t\t\t<div class=\"elementor-element elementor-element-ab1e6aa elementor-widget elementor-widget-image\" data-id=\"ab1e6aa\" data-element_type=\"widget\" data-widget_type=\"image.default\">\n\t\t\t\t<div class=\"elementor-widget-container\">\n\t\t\t\t\t\t\t\t\t\t\t\t\t\t\t<img loading=\"lazy\" loading=\"lazy\" decoding=\"async\" width=\"1024\" height=\"1024\" src=\"https:\/\/upominkiok.pl\/wp-content\/uploads\/2024\/09\/miekki-w-dotyku-dlugopis-niebieski-z-grawerem-logo-upominkiok-3-1024x1024.jpg\" class=\"attachment-large size-large wp-image-7088\" alt=\"\" srcset=\"https:\/\/upominkiok.pl\/wp-content\/uploads\/2024\/09\/miekki-w-dotyku-dlugopis-niebieski-z-grawerem-logo-upominkiok-3-1024x1024.jpg 1024w, https:\/\/upominkiok.pl\/wp-content\/uploads\/2024\/09\/miekki-w-dotyku-dlugopis-niebieski-z-grawerem-logo-upominkiok-3-366x366.jpg 366w, https:\/\/upominkiok.pl\/wp-content\/uploads\/2024\/09\/miekki-w-dotyku-dlugopis-niebieski-z-grawerem-logo-upominkiok-3-100x100.jpg 100w, https:\/\/upominkiok.pl\/wp-content\/uploads\/2024\/09\/miekki-w-dotyku-dlugopis-niebieski-z-grawerem-logo-upominkiok-3-600x600.jpg 600w, https:\/\/upominkiok.pl\/wp-content\/uploads\/2024\/09\/miekki-w-dotyku-dlugopis-niebieski-z-grawerem-logo-upominkiok-3-300x300.jpg 300w, https:\/\/upominkiok.pl\/wp-content\/uploads\/2024\/09\/miekki-w-dotyku-dlugopis-niebieski-z-grawerem-logo-upominkiok-3-150x150.jpg 150w, https:\/\/upominkiok.pl\/wp-content\/uploads\/2024\/09\/miekki-w-dotyku-dlugopis-niebieski-z-grawerem-logo-upominkiok-3-768x768.jpg 768w, https:\/\/upominkiok.pl\/wp-content\/uploads\/2024\/09\/miekki-w-dotyku-dlugopis-niebieski-z-grawerem-logo-upominkiok-3-1x1.jpg 1w, https:\/\/upominkiok.pl\/wp-content\/uploads\/2024\/09\/miekki-w-dotyku-dlugopis-niebieski-z-grawerem-logo-upominkiok-3-10x10.jpg 10w, https:\/\/upominkiok.pl\/wp-content\/uploads\/2024\/09\/miekki-w-dotyku-dlugopis-niebieski-z-grawerem-logo-upominkiok-3.jpg 1181w\" sizes=\"auto, (max-width: 1024px) 100vw, 1024px\" \/>\t\t\t\t\t\t\t\t\t\t\t\t\t\t\t<\/div>\n\t\t\t\t<\/div>\n\t\t\t\t\t<\/div>\n\t\t<\/div>\n\t\t\t\t\t<\/div>\n\t\t<\/section>\n\t\t\t\t<\/div>\n\t\t","protected":false},"excerpt":{"rendered":"<p>Aluminiowy d\u0142ugopis z mi\u0119kkim w dotyku wyko\u0144czeniem soft touch oraz eleganckimi metalowymi detalami, wyposa\u017cony w niebieski wk\u0142ad, \u0142\u0105cz\u0105cy styl i komfort pisania.<\/p>\n","protected":false},"featured_media":7084,"comment_status":"closed","ping_status":"closed","template":"","meta":[],"etheme_brands":[],"product_brand":[],"product_cat":[78,40],"product_tag":[],"class_list":{"0":"post-7083","1":"product","2":"type-product","3":"status-publish","4":"has-post-thumbnail","6":"product_cat-artykuly-pismiennicze","7":"product_cat-upominki-firmowe","9":"first","10":"instock","11":"taxable","12":"shipping-taxable","13":"purchasable","14":"product-type-simple"},"_links":{"self":[{"href":"https:\/\/upominkiok.pl\/index.php?rest_route=\/wp\/v2\/product\/7083","targetHints":{"allow":["GET"]}}],"collection":[{"href":"https:\/\/upominkiok.pl\/index.php?rest_route=\/wp\/v2\/product"}],"about":[{"href":"https:\/\/upominkiok.pl\/index.php?rest_route=\/wp\/v2\/types\/product"}],"replies":[{"embeddable":true,"href":"https:\/\/upominkiok.pl\/index.php?rest_route=%2Fwp%2Fv2%2Fcomments&post=7083"}],"version-history":[{"count":5,"href":"https:\/\/upominkiok.pl\/index.php?rest_route=\/wp\/v2\/product\/7083\/revisions"}],"predecessor-version":[{"id":7270,"href":"https:\/\/upominkiok.pl\/index.php?rest_route=\/wp\/v2\/product\/7083\/revisions\/7270"}],"wp:featuredmedia":[{"embeddable":true,"href":"https:\/\/upominkiok.pl\/index.php?rest_route=\/wp\/v2\/media\/7084"}],"wp:attachment":[{"href":"https:\/\/upominkiok.pl\/index.php?rest_route=%2Fwp%2Fv2%2Fmedia&parent=7083"}],"wp:term":[{"taxonomy":"brand","embeddable":true,"href":"https:\/\/upominkiok.pl\/index.php?rest_route=%2Fwp%2Fv2%2Fetheme_brands&post=7083"},{"taxonomy":"product_brand","embeddable":true,"href":"https:\/\/upominkiok.pl\/index.php?rest_route=%2Fwp%2Fv2%2Fproduct_brand&post=7083"},{"taxonomy":"product_cat","embeddable":true,"href":"https:\/\/upominkiok.pl\/index.php?rest_route=%2Fwp%2Fv2%2Fproduct_cat&post=7083"},{"taxonomy":"product_tag","embeddable":true,"href":"https:\/\/upominkiok.pl\/index.php?rest_route=%2Fwp%2Fv2%2Fproduct_tag&post=7083"}],"curies":[{"name":"wp","href":"https:\/\/api.w.org\/{rel}","templated":true}]}}